{"id":15458,"date":"2023-09-16T02:48:17","date_gmt":"2023-09-16T02:48:17","guid":{"rendered":"https:\/\/vvvvu.com\/co-bac-co-trach-nhiem\/"},"modified":"2024-07-24T05:54:27","modified_gmt":"2024-07-24T05:54:27","slug":"co-bac-co-trach-nhiem","status":"publish","type":"page","link":"https:\/\/vvvvu.com\/vi\/co-bac-co-trach-nhiem\/","title":{"rendered":"C\u1edd b\u1ea1c c\u00f3 tr\u00e1ch nhi\u1ec7m"},"content":{"rendered":"\n<p>M\u1eb9o c\u1edd b\u1ea1c c\u00f3 tr\u00e1ch nhi\u1ec7m: Trong b\u00e0i \u0111\u0103ng tr\u00ean blog n\u00e0y, ch\u00fang t\u00f4i s\u1ebd th\u1ea3o lu\u1eadn v\u1ec1 c\u00e1c d\u1ea5u hi\u1ec7u c\u00f3 th\u1ec3 c\u00f3 c\u1ee7a v\u1ea5n \u0111\u1ec1 c\u1edd b\u1ea1c, m\u1ed9t s\u1ed1 c\u00e1ch \u0111\u1ec3 \u0111\u1ed1i ph\u00f3 v\u1edbi v\u1ea5n \u0111\u1ec1 c\u1edd b\u1ea1c cho ng\u01b0\u1eddi b\u1ecb \u1ea3nh h\u01b0\u1edfng ho\u1eb7c cho ng\u01b0\u1eddi m\u00e0 ng\u01b0\u1eddi ta bi\u1ebft v\u00e0 chi ti\u1ebft v\u1ec1 c\u00e1c bi\u1ec7n ph\u00e1p t\u1ef1 lo\u1ea1i tr\u1eeb.\nCh\u00fang t\u00f4i c\u0169ng s\u1ebd xem x\u00e9t c\u00e1c gi\u1ea3i ph\u00e1p m\u00e0 c\u00e1c nh\u00e0 c\u00e1i cung c\u1ea5p \u0111\u1ec3 \u0111i\u1ec1u ch\u1ec9nh c\u1edd b\u1ea1c c\u1ee7a b\u1ea1n v\u00e0 m\u1ed9t s\u1ed1 t\u1ed5 ch\u1ee9c c\u00f3 th\u1ec3 h\u1ed7 tr\u1ee3 n\u1ebfu b\u1ea1n g\u1eb7p v\u1ea5n \u0111\u1ec1 v\u1edbi c\u1edd b\u1ea1c. <\/p>\n\n<h2 class=\"wp-block-heading\">\u1ea2nh h\u01b0\u1edfng c\u1ee7a v\u1ea5n \u0111\u1ec1 c\u1edd b\u1ea1c v\u00e0 nh\u1eadn d\u1ea1ng c\u1ee7a n\u00f3<\/h2>\n\n<p>\u0110i\u1ec1u quan tr\u1ecdng c\u1ea7n nh\u1edb l\u00e0 c\u1edd b\u1ea1c l\u00e0 m\u1ed9t ho\u1ea1t \u0111\u1ed9ng th\u00fa v\u1ecb v\u00e0 gi\u1ea3i tr\u00ed; Tuy nhi\u00ean, \u0111i\u1ec1u quan tr\u1ecdng kh\u00f4ng k\u00e9m l\u00e0 x\u00e1c \u0111\u1ecbnh khi n\u00e0o n\u00f3 tr\u1edf th\u00e0nh m\u1ed9t v\u1ea5n \u0111\u1ec1.\nSau \u0111\u00e2y l\u00e0 danh s\u00e1ch m\u1ed9t s\u1ed1 d\u1ea5u hi\u1ec7u v\u00e0 tri\u1ec7u ch\u1ee9ng cho th\u1ea5y b\u1ea1n ho\u1eb7c b\u1ea1n b\u00e8 c\u00f3 th\u1ec3 \u0111ang ph\u00e1t tri\u1ec3n m\u1ed9t v\u1ea5n \u0111\u1ec1 li\u00ean quan \u0111\u1ebfn c\u1edd b\u1ea1c. <\/p>\n\n<p>M\u1ed9t trong nh\u1eefng tri\u1ec7u ch\u1ee9ng th\u01b0\u1eddng g\u1eb7p nh\u1ea5t l\u00e0 s\u1ef1 ph\u00e1t tri\u1ec3n c\u1ee7a m\u1ee9c \u0111\u1ed9 quan t\u00e2m cao \u0111\u1ebfn c\u1edd b\u1ea1c v\u00e0 do \u0111\u00f3, t\u1eeb b\u1ecf c\u00f4ng vi\u1ec7c, c\u00e1c m\u1ed1i quan h\u1ec7 x\u00e3 h\u1ed9i ho\u1eb7c c\u00e1c nhi\u1ec7m v\u1ee5 kh\u00e1c.\nB\u1ea1n c\u00f3 th\u1ec3 c\u00f3 suy ngh\u0129 v\u1ec1 c\u00e1 c\u01b0\u1ee3c ho\u1eb7c \u0111\u1eb7t c\u01b0\u1ee3c ti\u1ebfp theo c\u1ee7a b\u1ea1n th\u01b0\u1eddng xuy\u00ean h\u01a1n kh\u00f4ng, \u0111\u1ebfn m\u1ee9c n\u00f3 c\u00f3 th\u1ec3 \u1ea3nh h\u01b0\u1edfng \u0111\u1ebfn c\u00f4ng vi\u1ec7c, tr\u01b0\u1eddng h\u1ecdc ho\u1eb7c th\u1eadm ch\u00ed gia \u0111\u00ecnh c\u1ee7a b\u1ea1n.\nV\u1ea5n \u0111\u1ec1 t\u00e0i ch\u00ednh l\u00e0 m\u1ed9t d\u1ea5u hi\u1ec7u kh\u00e1c c\u1ee7a m\u1ed9t v\u1ea5n \u0111\u1ec1 &#8211; n\u1ebfu b\u1ea1n \u0111ang \u0111\u00e1nh b\u1ea1c v\u1edbi s\u1ed1 ti\u1ec1n b\u1ea1n kh\u00f4ng c\u00f3, ho\u1eb7c vay ti\u1ec1n ho\u1eb7c c\u1ea7m \u0111\u1ed3 \u0111\u1ec3 ti\u1ebfp t\u1ee5c \u0111\u00e1nh b\u1ea1c, \u0111\u00f3 l\u00e0 d\u1ea5u hi\u1ec7u cho th\u1ea5y b\u1ea1n c\u00f3 th\u1ec3 c\u1ea7n ph\u1ea3i d\u1eebng l\u1ea1i.  <\/p>\n\n<p>N\u1ebfu b\u1ea1n ho\u1eb7c ng\u01b0\u1eddi th\u00e2n c\u1ee7a b\u1ea1n g\u1eb7p b\u1ea5t k\u1ef3 d\u1ea5u hi\u1ec7u n\u00e0o \u0111\u01b0\u1ee3c li\u1ec7t k\u00ea, h\u01a1n n\u1eefa b\u00e0i vi\u1ebft n\u00e0y s\u1ebd cung c\u1ea5p m\u1ed9t s\u1ed1 khuy\u1ebfn ngh\u1ecb v\u1ec1 c\u00e1ch \u0111\u1ed1i ph\u00f3 v\u1edbi v\u1ea5n \u0111\u1ec1 c\u1edd b\u1ea1c \u0111\u00fang c\u00e1ch.\nH\u00e3y nh\u1edb r\u1eb1ng: Nh\u1eadn ra r\u1eb1ng c\u00f3 m\u1ed9t v\u1ea5n \u0111\u1ec1 l\u00e0 c\u1ea5p \u0111\u1ed9 \u0111\u1ea7u ti\u00ean \u0111\u1ec3 nh\u1eadn \u0111\u01b0\u1ee3c s\u1ef1 h\u1ed7 tr\u1ee3 c\u1ea7n thi\u1ebft cho m\u1ed9t m\u1ed1i quan h\u1ec7 l\u00e0nh m\u1ea1nh h\u01a1n v\u1edbi ch\u01a1i game. <\/p>\n\n<h2 class=\"wp-block-heading\">Gi\u00fap b\u1ea3n th\u00e2n \u0111\u1ed1i ph\u00f3 v\u1edbi v\u1ea5n \u0111\u1ec1 c\u1edd b\u1ea1c<\/h2>\n\n<p>\u0110\u1ed1i v\u1edbi b\u1ea5t c\u1ee9 ai \u0111\u00e3 nh\u1eadn ra r\u1eb1ng h\u1ecd c\u00f3 v\u1ea5n \u0111\u1ec1 c\u1edd b\u1ea1c, b\u01b0\u1edbc \u0111\u1ea7u ti\u00ean l\u00e0 \u0111i \u0111\u1ebfn th\u1ecfa thu\u1eadn v\u1edbi n\u00f3.\n\u0110\u00e2y l\u00e0 l\u00fd do t\u1ea1i sao th\u1eadt h\u1eefu \u00edch khi bi\u1ebft r\u1eb1ng b\u1ea1n kh\u00f4ng ph\u1ea3i l\u00e0 ng\u01b0\u1eddi duy nh\u1ea5t tr\u1ea3i qua \u0111i\u1ec1u n\u00e0y v\u00e0 c\u00f3 nhi\u1ec1u c\u00e1ch \u0111\u1ec3 tr\u1edf n\u00ean t\u1ed1t h\u01a1n.\nB\u1ea1n c\u00f3 th\u1ec3 nh\u1eadn \u0111\u01b0\u1ee3c s\u1ef1 gi\u00fap \u0111\u1ee1 t\u1eeb c\u00e1c t\u1ed5 ch\u1ee9c ho\u1eb7c nh\u00f3m h\u1ed7 tr\u1ee3 nghi\u1ec7n c\u1edd b\u1ea1c b\u1eb1ng c\u00e1ch ch\u1ecbu tr\u00e1ch nhi\u1ec7m v\u1ec1 t\u00ecnh hu\u1ed1ng c\u1ee7a b\u1ea1n.  <\/p>\n\n<p>Trong s\u1ed1 c\u00e1c c\u00e1ch ph\u1ed5 bi\u1ebfn \u0111\u1ec3 \u0111\u1ed1i ph\u00f3 v\u1edbi t\u00ecnh hu\u1ed1ng, ng\u01b0\u1eddi ta c\u00f3 th\u1ec3 \u0111\u1ec1 c\u1eadp \u0111\u1ebfn vi\u1ec7c h\u1ea1n ch\u1ebf l\u01b0\u1ee3ng th\u1eddi gian v\u00e0 ti\u1ec1n b\u1ea1c d\u00e0nh cho c\u1edd b\u1ea1c.\n\u0110i\u1ec1u n\u00e0y c\u00f3 th\u1ec3 c\u00f3 ngh\u0129a l\u00e0 \u0111\u01b0a ra m\u1ed9t ng\u00e2n s\u00e1ch c\u1edd b\u1ea1c v\u00e0 tu\u00e2n th\u1ee7 n\u00f3 b\u1eb1ng m\u1ecdi gi\u00e1.\nNgo\u00e0i ra, h\u00e3y c\u1ed1 g\u1eafng x\u00e1c \u0111\u1ecbnh c\u00e1c ho\u1ea1t \u0111\u1ed9ng kh\u00e1c m\u00e0 b\u1ea1n c\u00f3 th\u1ec3 tham gia \u0111\u1ec3 gi\u00fap b\u1ea1n tr\u00e1nh t\u1eadp trung v\u00e0o c\u1edd b\u1ea1c.\nC\u00e1c ho\u1ea1t \u0111\u1ed9ng th\u1ec3 ch\u1ea5t ho\u1eb7c s\u1edf th\u00edch s\u00e1ng t\u1ea1o nh\u01b0 v\u1ebd tranh ho\u1eb7c vi\u1ebft l\u00e1ch c\u00f3 th\u1ec3 r\u1ea5t h\u1eefu \u00edch trong vi\u1ec7c \u0111\u00e1nh l\u1ea1c h\u01b0\u1edbng b\u1ea3n th\u00e2n v\u00e0 gi\u1ea3m c\u0103ng th\u1eb3ng theo c\u00e1ch t\u1ed1t h\u01a1n.   <\/p>\n\n<p>Tuy nhi\u00ean, h\u00e3y t\u00edch c\u1ef1c v\u00ec vi\u1ec7c gi\u1ea3i quy\u1ebft v\u1ea5n \u0111\u1ec1 c\u1edd b\u1ea1c kh\u00f4ng x\u1ea3y ra trong m\u1ed9t s\u1edbm m\u1ed9t chi\u1ec1u.\nY\u00eau c\u1ea7u h\u1ed7 tr\u1ee3, duy tr\u00ec quy\u1ebft t\u00e2m trong qu\u00e1 tr\u00ecnh thay \u0111\u1ed5i v\u00e0 \u0111\u1eebng qu\u00ean nh\u1eefng m\u1ee5c ti\u00eau m\u00e0 ng\u01b0\u1eddi ta \u0111\u00e3 \u0111\u1eb7t ra \u0111\u1ec3 l\u1ea5y l\u1ea1i quy\u1ec1n ki\u1ec3m so\u00e1t cu\u1ed9c s\u1ed1ng c\u1ee7a m\u1ed9t ng\u01b0\u1eddi. <\/p>\n\n<h2 class=\"wp-block-heading\">Gi\u00fap ng\u01b0\u1eddi th\u00e2n \u0111\u1ed1i ph\u00f3 v\u1edbi v\u1ea5n \u0111\u1ec1 c\u1edd b\u1ea1c<\/h2>\n\n<p>Th\u1eadt s\u1ef1 r\u1ea5t \u0111au \u0111\u1edbn v\u00e0 m\u1ec7t m\u1ecfi khi ch\u1ee9ng ki\u1ebfn m\u1ed9t th\u00e0nh vi\u00ean trong gia \u0111\u00ecnh ho\u1eb7c m\u1ed9t ng\u01b0\u1eddi b\u1ea1n tr\u1ea3i qua v\u1ea5n \u0111\u1ec1 c\u1edd b\u1ea1c.\nB\u1ea1n kh\u00f4ng th\u1ec3 thay \u0111\u1ed5i ng\u01b0\u1eddi nghi\u1ec7n r\u01b0\u1ee3u, nh\u01b0ng c\u00f3 nh\u1eefng chi\u1ebfn l\u01b0\u1ee3c c\u00f3 th\u1ec3 \u0111\u01b0\u1ee3c s\u1eed d\u1ee5ng \u0111\u1ec3 h\u1ed7 tr\u1ee3 ng\u01b0\u1eddi nghi\u1ec7n r\u01b0\u1ee3u trong nhi\u1ec7m v\u1ee5 thay \u0111\u1ed5i c\u1ee7a h\u1ecd. <\/p>\n\n<p>N\u00f3 l\u00e0 c\u1ea7n thi\u1ebft \u0111\u1ec3 bi\u1ebft th\u00f4ng tin v\u1ec1 v\u1ea5n \u0111\u1ec1 c\u1edd b\u1ea1c v\u00e0 h\u1eadu qu\u1ea3 c\u1ee7a n\u00f3.\nM\u1ed9t khi b\u1ea1n bi\u1ebft c\u00e1c tri\u1ec7u ch\u1ee9ng, \u00edt nh\u1ea5t b\u1ea1n s\u1ebd c\u00f3 th\u1ec3 x\u00e1c \u0111\u1ecbnh khi n\u00e0o ng\u01b0\u1eddi th\u00e2n c\u1ee7a b\u1ea1n g\u1eb7p nguy hi\u1ec3m ho\u1eb7c c\u1ea7n gi\u00fap \u0111\u1ee1.\n\u0110\u1ea3m b\u1ea3o l\u1eafng nghe h\u1ecd v\u00e0 \u0111\u1ec3 h\u1ecd n\u00f3i v\u1ec1 v\u1ea5n \u0111\u1ec1 c\u1ee7a h\u1ecd m\u00e0 kh\u00f4ng c\u1ea7n chu\u1ea9n b\u1ecb ho\u1eb7c \u0111e d\u1ecda h\u1ecd d\u01b0\u1edbi b\u1ea5t k\u1ef3 h\u00ecnh th\u1ee9c n\u00e0o.  <\/p>\n\n<p>Gi\u00fap ng\u01b0\u1eddi th\u00e2n c\u1ee7a b\u1ea1n tham kh\u1ea3o \u00fd ki\u1ebfn b\u00e1c s\u0129 ho\u1eb7c nh\u00e0 t\u00e2m l\u00fd h\u1ecdc ho\u1eb7c tham gia c\u00e1c nh\u00f3m h\u1ed7 tr\u1ee3 c\u1ee7a nh\u1eefng ng\u01b0\u1eddi c\u00f3 v\u1ea5n \u0111\u1ec1 c\u1edd b\u1ea1c t\u01b0\u01a1ng t\u1ef1.\nB\u1ea1n c\u00f3 th\u1ec3 t\u00ecnh nguy\u1ec7n gi\u00fap t\u00ecm ki\u1ebfm t\u00e0i li\u1ec7u ho\u1eb7c \u0111i h\u1ecdp v\u1edbi h\u1ecd n\u1ebfu h\u1ecd \u1ed5n.\nN\u00f3i v\u1edbi h\u1ecd r\u1eb1ng, kh\u00f4ng c\u00f3 g\u00ec \u0111\u00e1ng x\u1ea5u h\u1ed5 khi y\u00eau c\u1ea7u gi\u00fap \u0111\u1ee1 v\u00ec \u0111\u00f3 th\u1ef1c s\u1ef1 l\u00e0 m\u1ed9t quy\u1ebft \u0111\u1ecbnh m\u1ea1nh m\u1ebd v\u00e0 l\u00e0nh m\u1ea1nh.  <\/p>\n\n<p>H\u00e3y nh\u1edb r\u1eb1ng \u0111\u1ed1i ph\u00f3 v\u1edbi m\u1ed9t v\u1ea5n \u0111\u1ec1 c\u1edd b\u1ea1c l\u00e0 kh\u00f4ng d\u1ec5 d\u00e0ng, v\u00ec v\u1eady \u0111\u1eebng qu\u00ean b\u1ea3n th\u00e2n v\u00e0 nh\u1eefng ng\u01b0\u1eddi c\u00f3 th\u1ec3 gi\u00fap b\u1ea1n, v\u00ed d\u1ee5, b\u1ea1n b\u00e8 ho\u1eb7c c\u00e1c chuy\u00ean gia.\nDo \u0111\u00f3, ch\u00fang ta c\u00f3 th\u1ec3 mang l\u1ea1i s\u1ef1 \u1ea5m \u00e1p v\u00e0 l\u00f2ng tr\u1eafc \u1ea9n c\u1ea7n thi\u1ebft cho vi\u1ec7c ch\u1eefa l\u00e0nh nh\u1eefng ng\u01b0\u1eddi th\u00e2n y\u00eau c\u1ee7a ch\u00fang ta. <\/p>\n\n<h2 class=\"wp-block-heading\">T\u1ef1 lo\u1ea1i tr\u1eeb<\/h2>\n\n<p>T\u00f9y ch\u1ecdn T\u1ef1 lo\u1ea1i tr\u1eeb l\u00e0 m\u1ed9t l\u1ef1a ch\u1ecdn tuy\u1ec7t v\u1eddi cho t\u1ea5t c\u1ea3 nh\u1eefng ai nh\u1eadn ra r\u1eb1ng h\u1ecd c\u00f3 v\u1ea5n \u0111\u1ec1 v\u1ec1 c\u1edd b\u1ea1c.\nN\u00f3 gi\u00fap b\u1ea1n \u0111\u1eb7t gi\u1edbi h\u1ea1n c\u1ee7a m\u00ecnh v\u00e0 l\u00f9i l\u1ea1i kh\u1ecfi c\u00e1c ho\u1ea1t \u0111\u1ed9ng c\u1edd b\u1ea1c v\u00ec b\u1ea1n c\u00f3 quy\u1ec1n t\u1ef1 nguy\u1ec7n l\u00e0m nh\u01b0 v\u1eady. <\/p>\n\n<p>T\u1ef1 lo\u1ea1i tr\u1eeb c\u00f3 th\u1ec3 \u0111\u01b0\u1ee3c \u0111\u1ecbnh ngh\u0129a l\u00e0 m\u1ed9t c\u01a1 ch\u1ebf gi\u00fap h\u1ea1n ch\u1ebf quy\u1ec1n truy c\u1eadp c\u1ee7a m\u1ed9t ng\u01b0\u1eddi v\u00e0o c\u00e1c trang web c\u00e1 c\u01b0\u1ee3c tr\u1ef1c tuy\u1ebfn v\u00e0 \/ ho\u1eb7c c\u00e1c nh\u00e0 khai th\u00e1c c\u00e1 c\u01b0\u1ee3c tr\u00ean \u0111\u1ea5t li\u1ec1n trong m\u1ed9t th\u1eddi gian nh\u1ea5t \u0111\u1ecbnh.\n\u0110i\u1ec1u n\u00e0y s\u1ebd gi\u00fap b\u1ea1n d\u00e0nh th\u1eddi gian ngh\u1ec9 ng\u01a1i, suy ng\u1eabm v\u1ec1 c\u00e1c ho\u1ea1t \u0111\u1ed9ng c\u1edd b\u1ea1c c\u1ee7a b\u1ea1n v\u00e0 c\u00f3 th\u1ec3 xem x\u00e9t li\u1ec7u b\u1ea1n c\u00f3 v\u1ea5n \u0111\u1ec1 hay kh\u00f4ng v\u00e0 n\u1ebfu c\u00f3, \u0111\u1ec3 t\u00ecm ki\u1ebfm s\u1ef1 gi\u00fap \u0111\u1ee1.\nT\u1ef1 lo\u1ea1i tr\u1eeb l\u00e0 m\u1ed9t c\u00e1ch \u0111\u1ec3 b\u1eaft \u0111\u1ea7u qu\u00e1 tr\u00ecnh qu\u1ea3n l\u00fd h\u00e0nh vi c\u1ee7a m\u1ed9t ng\u01b0\u1eddi v\u00e0 b\u1eaft \u0111\u1ea7u qu\u00e1 tr\u00ecnh thay \u0111\u1ed5i theo h\u01b0\u1edbng t\u00edch c\u1ef1c.\n\u0110i\u1ec1u quan tr\u1ecdng c\u1ea7n l\u01b0u \u00fd l\u00e0 b\u1ea1n kh\u00f4ng ph\u1ea3i l\u00e0m \u0111i\u1ec1u n\u00e0y m\u1ed9t m\u00ecnh, c\u00f3 nh\u1eefng c\u00f4ng c\u1ee5 c\u00f3 th\u1ec3 h\u1ed7 tr\u1ee3 b\u1ea1n.    H\u00e3y m\u1ea1nh m\u1ebd!<\/p>\n\n<h2 class=\"wp-block-heading\">L\u00e0m th\u1ebf n\u00e0o \u0111\u1ec3 c\u00e1c nh\u00e0 c\u00e1i ki\u1ec3m so\u00e1t c\u1edd b\u1ea1c?<\/h2>\n\n<p>\u0110\u00e2y l\u00e0 \u0111i\u1ec1u m\u00e0 c\u00e1c nh\u00e0 c\u00e1i ho\u00e0n to\u00e0n \u0111\u00e1nh gi\u00e1 cao v\u00e0 k\u1ebft qu\u1ea3 l\u00e0 h\u1ecd cung c\u1ea5p cho kh\u00e1ch h\u00e0ng c\u1ee7a m\u00ecnh nhi\u1ec1u bi\u1ec7n ph\u00e1p kh\u00e1c nhau c\u00f3 th\u1ec3 \u0111\u01b0\u1ee3c th\u1ef1c hi\u1ec7n \u0111\u1ec3 h\u1ea1n ch\u1ebf c\u1edd b\u1ea1c c\u1ee7a m\u1ed9t ng\u01b0\u1eddi.\nM\u1ed9t trong nh\u1eefng c\u00f4ng c\u1ee5 nh\u01b0 v\u1eady l\u00e0 thi\u1ebft l\u1eadp gi\u1edbi h\u1ea1n ti\u1ec1n g\u1eedi, theo \u0111\u00f3 b\u1ea1n c\u00f3 th\u1ec3 cung c\u1ea5p m\u1ee9c tr\u1ea7n c\u1ee7a s\u1ed1 ti\u1ec1n m\u00e0 b\u1ea1n \u0111\u01b0\u1ee3c ph\u00e9p g\u1eedi trong m\u1ed9t khung th\u1eddi gian \u0111\u00e3 n\u00eau.\n\u0110i\u1ec1u n\u00e0y h\u1ed7 tr\u1ee3 b\u1ea1n trong vi\u1ec7c tu\u00e2n th\u1ee7 ng\u00e2n s\u00e1ch \u0111\u00e3 \u0111\u1eb7t v\u00e0 \/ trong vi\u1ec7c ng\u0103n ng\u1eeba chi ti\u00eau qu\u00e1 m\u1ee9c.  <\/p>\n\n<p>M\u1ed9t t\u00ednh n\u0103ng phong ph\u00fa kh\u00e1c l\u00e0 kh\u1ea3 n\u0103ng \u0111\u1eb7t gi\u1edbi h\u1ea1n c\u00e1 c\u01b0\u1ee3c, c\u00f3 ngh\u0129a l\u00e0 ng\u01b0\u1eddi ch\u01a1i c\u00f3 th\u1ec3 \u0111\u1eb7t c\u00e1c h\u1ea1n ch\u1ebf v\u1ec1 s\u1ed1 ti\u1ec1n t\u1ed1i \u0111a c\u00f3 th\u1ec3 \u0111\u01b0\u1ee3c \u0111\u1eb7t c\u01b0\u1ee3c trong kho\u1ea3ng th\u1eddi gian nh\u1ea5t \u0111\u1ecbnh.\nB\u1eb1ng c\u00e1ch n\u00e0y, kh\u00f4ng c\u00f3 s\u1ef1 li\u1ec1u l\u0129nh ho\u1eb7c chi ti\u00eau qu\u00e1 m\u1ee9c cho c\u00e1c tr\u00f2 ch\u01a1i v\u00ec ti\u1ec1n \u0111\u01b0\u1ee3c chia th\u00e0nh c\u00e1c ph\u1ea7n nh\u1ea5t \u0111\u1ecbnh.\nH\u01a1n n\u1eefa, nhi\u1ec1u nh\u00e0 c\u00e1i cung c\u1ea5p ki\u1ec3m tra th\u1ef1c t\u1ebf l\u00e0 nh\u1eefng tin nh\u1eafn m\u00e0 nh\u00e0 c\u00e1i c\u00e1 c\u01b0\u1ee3c g\u1eedi cho ng\u01b0\u1eddi d\u00f9ng trong kho\u1ea3ng th\u1eddi gian h\u1ecd ch\u1ecdn \u0111\u1ec3 nh\u1eafc nh\u1edf h\u1ecd v\u1ec1 th\u1eddi gian d\u00e0nh cho trang web.\n\u0110\u00e2y l\u00e0 nh\u1eefng t\u00edn hi\u1ec7u t\u1ed1t \u0111\u1ec3 b\u1ea1n suy ng\u1eabm v\u1ec1 c\u00e1ch b\u1ea1n \u0111ang l\u00e0m trong tr\u00f2 ch\u01a1i v\u00e0 n\u1ebfu b\u1ea1n c\u1ea7n t\u1ea1m d\u1eebng tr\u00f2 ch\u01a1i.   <\/p>\n\n<p>V\u00ec v\u1eady, b\u1eb1ng c\u00e1ch s\u1eed d\u1ee5ng c\u00e1c c\u00f4ng c\u1ee5 nh\u01b0 v\u1eady, c\u00e1c nh\u00e0 c\u00e1i c\u1ed1 g\u1eafng gi\u00fap ng\u01b0\u1eddi d\u00f9ng d\u1ecbch v\u1ee5 c\u1ee7a h\u1ecd thi\u1ebft l\u1eadp c\u00e1c gi\u1edbi h\u1ea1n nh\u1ea5t \u0111\u1ecbnh v\u00e0 ki\u1ec3m so\u00e1t m\u1ee9c \u0111\u1ed9 ho\u1ea1t \u0111\u1ed9ng c\u1edd b\u1ea1c.<\/p>\n\n<h2 class=\"wp-block-heading\">L\u00e0m th\u1ebf n\u00e0o \u0111\u1ec3 t\u00ecm ki\u1ebfm s\u1ef1 gi\u00fap \u0111\u1ee1 cho c\u00e1c v\u1ea5n \u0111\u1ec1 c\u1edd b\u1ea1c?<\/h2>\n\n<p>N\u1ebfu b\u1ea1n ho\u1eb7c ai \u0111\u00f3 b\u1ea1n bi\u1ebft c\u00f3 v\u1ea5n \u0111\u1ec1 v\u1ec1 c\u1edd b\u1ea1c, b\u1ea1n n\u00ean bi\u1ebft r\u1eb1ng s\u1ef1 gi\u00fap \u0111\u1ee1 lu\u00f4n s\u1eb5n s\u00e0ng.\nNhi\u1ec1u t\u1ed5 ch\u1ee9c v\u00e0 th\u1eadm ch\u00ed c\u1ea3 t\u1ed5 ch\u1ee9c t\u1eeb thi\u1ec7n t\u1eadp trung v\u00e0o vi\u1ec7c gi\u00fap m\u1ecdi ng\u01b0\u1eddi \u0111\u1ed1i ph\u00f3 v\u1edbi ch\u1ee9ng nghi\u1ec7n c\u1edd b\u1ea1c v\u00e0 nh\u1eadn \u0111\u01b0\u1ee3c s\u1ef1 gi\u00fap \u0111\u1ee1 c\u1ea7n thi\u1ebft. <\/p>\n\n<p>M\u1ed9t t\u1ed5 ch\u1ee9c kh\u00e1c nh\u01b0 v\u1eady l\u00e0 Gamblers Anonymous, m\u1ed9t nh\u00f3m nh\u1eefng ng\u01b0\u1eddi \u0111\u00e0n \u00f4ng v\u00e0 ph\u1ee5 n\u1eef \u0111\u00e3 g\u1eb7p nhau \u0111\u1ec3 gi\u00fap \u0111\u1ee1 l\u1eabn nhau v\u00e0 chia s\u1ebb kinh nghi\u1ec7m, s\u1ee9c m\u1ea1nh v\u00e0 hy v\u1ecdng v\u00e0 t\u00ecm c\u00e1ch ph\u1ee5c h\u1ed3i.\nDo \u0111\u00f3, nh\u1eefng ng\u01b0\u1eddi tham gia c\u00f3 th\u1ec3 nh\u1eadn \u0111\u01b0\u1ee3c s\u1ef1 h\u1ed7 tr\u1ee3 v\u00e0 hi\u1ec3u bi\u1ebft t\u1eeb nh\u1eefng ng\u01b0\u1eddi kh\u00e1c \u0111\u00e3 tr\u1ea3i qua nh\u1eefng v\u1ea5n \u0111\u1ec1 t\u01b0\u01a1ng t\u1ef1. <\/p>\n\n<p>B\u00ean c\u1ea1nh \u0111\u00f3, c\u0169ng c\u00f3 nh\u1eefng \u0111\u01b0\u1eddng d\u00e2y n\u00f3ng m\u00e0 ng\u01b0\u1eddi ta c\u00f3 th\u1ec3 t\u00ecm \u0111\u1ebfn \u0111\u1ec3 \u0111\u01b0\u1ee3c gi\u00fap \u0111\u1ee1 bao g\u1ed3m c\u1ea3 Gamblers Anonymous.\nC\u00e1c \u0111\u01b0\u1eddng d\u00e2y n\u00f3ng n\u00e0y cung c\u1ea5p th\u00f4ng tin, ch\u0103m s\u00f3c v\u00e0 h\u1ed7 tr\u1ee3, v\u00e0 gi\u00fap \u0111\u1ee1 d\u01b0\u1edbi h\u00ecnh th\u1ee9c gi\u1edbi thi\u1ec7u ng\u01b0\u1eddi g\u1ecdi \u0111\u1ebfn m\u1ed9t chuy\u00ean gia \u0111\u1ec3 \u0111i\u1ec1u tr\u1ecb c\u00e1c v\u1ea5n \u0111\u1ec1 c\u1edd b\u1ea1c.\n\u0110i\u1ec1u quan tr\u1ecdng l\u00e0 t\u00ecm ki\u1ebfm s\u1ef1 gi\u00fap \u0111\u1ee1 c\u00e0ng s\u1edbm c\u00e0ng t\u1ed1t n\u1ebfu b\u1ea1n ho\u1eb7c ai \u0111\u00f3 b\u1ea1n bi\u1ebft \u0111ang c\u1ea7n n\u00f3 &#8211; th\u1ef1c t\u1ebf c\u1ee7a v\u1ea5n \u0111\u1ec1 l\u00e0, b\u1ea1n kh\u00f4ng \u0111\u01a1n \u0111\u1ed9c trong cu\u1ed9c chi\u1ebfn ch\u1eefa b\u1ec7nh n\u00e0y.  <\/p>\n\n<h2 class=\"wp-block-heading\">Nh\u00e0 c\u00e1i c\u00e1 c\u01b0\u1ee3c C\u00f4ng c\u1ee5 c\u1edd b\u1ea1c c\u00f3 tr\u00e1ch nhi\u1ec7m<\/h2>\n\n<p>\u0110\u1ec3 h\u1ed7 tr\u1ee3 \u00fd t\u01b0\u1edfng v\u1ec1 c\u1edd b\u1ea1c th\u00edch h\u1ee3p v\u00e0 an to\u00e0n, v\u00e0 \u0111\u1ec3 gi\u00fap ng\u01b0\u1eddi d\u00f9ng ki\u1ec3m so\u00e1t c\u1edd b\u1ea1c c\u1ee7a h\u1ecd, h\u1ea7u h\u1ebft c\u00e1c nh\u00e0 c\u00e1i v\u00e0 trang web c\u00e1 c\u01b0\u1ee3c \u0111\u1ec1u cung c\u1ea5p c\u00e1c ch\u1ee9c n\u0103ng v\u00e0 c\u00f4ng c\u1ee5 nh\u1ea5t \u0111\u1ecbnh.\n\u0110\u00e2y l\u00e0 nh\u1eefng c\u00f4ng c\u1ee5 \u0111\u01b0\u1ee3c s\u1eed d\u1ee5ng \u0111\u1ec3 cho ph\u00e9p c\u00e1 nh\u00e2n h\u1ea1n ch\u1ebf \u0111\u1ecba \u0111i\u1ec3m \u0111\u00e1nh b\u1ea1c c\u1ee7a h\u1ecd v\u00e0 d\u00e0nh th\u1eddi gian ngh\u1ec9 \u0111\u00e1nh b\u1ea1c n\u1ebfu h\u1ecd mu\u1ed1n. <\/p>\n\n<p>M\u1ed9t c\u00f4ng c\u1ee5 nh\u01b0 v\u1eady l\u00e0 t\u00ednh n\u0103ng t\u1ef1 lo\u1ea1i tr\u1eeb. \u0110i\u1ec1u n\u00e0y cho ph\u00e9p ng\u01b0\u1eddi ch\u01a1i t\u1ef1 nguy\u1ec7n lo\u1ea1i tr\u1eeb m\u00ecnh kh\u1ecfi vi\u1ec7c truy c\u1eadp v\u00e0o t\u00e0i kho\u1ea3n c\u1ee7a h\u1ecd trong m\u1ed9t kho\u1ea3ng th\u1eddi gian nh\u1ea5t \u0111\u1ecbnh, t\u1eeb v\u00e0i ng\u00e0y \u0111\u1ebfn v\u00e0i th\u00e1ng ho\u1eb7c th\u1eadm ch\u00ed nhi\u1ec1u n\u0103m. Trong th\u1eddi gian lo\u1ea1i tr\u1eeb n\u00e0y, ng\u01b0\u1eddi ch\u01a1i s\u1ebd kh\u00f4ng th\u1ec3 \u0111\u1eb7t c\u01b0\u1ee3c ho\u1eb7c truy c\u1eadp b\u1ea5t k\u1ef3 d\u1ecbch v\u1ee5 c\u1edd b\u1ea1c n\u00e0o tr\u00ean n\u1ec1n t\u1ea3ng.<\/p>\n\n<p>M\u1ed9t c\u00f4ng c\u1ee5 h\u1eefu \u00edch n\u1eefa l\u00e0 t\u00f9y ch\u1ecdn \u0111\u1eb7t gi\u1edbi h\u1ea1n ti\u1ec1n g\u1eedi.\nB\u1eb1ng c\u00e1ch n\u00e0y, kh\u00e1ch h\u00e0ng \u0111\u01b0\u1ee3c ph\u00e9p quy\u1ebft \u0111\u1ecbnh s\u1ed1 ti\u1ec1n h\u1ecd mu\u1ed1n \u0111\u01b0a v\u00e0o t\u00e0i kho\u1ea3n t\u1ea1i m\u1ed9t kho\u1ea3ng th\u1eddi gian nh\u1ea5t \u0111\u1ecbnh, c\u00f3 th\u1ec3 l\u00e0 h\u00e0ng ng\u00e0y, h\u00e0ng tu\u1ea7n ho\u1eb7c h\u00e0ng th\u00e1ng.\nSau khi \u0111\u1ea1t \u0111\u01b0\u1ee3c gi\u1edbi h\u1ea1n quy \u0111\u1ecbnh, h\u1ecd kh\u00f4ng th\u1ec3 g\u1eedi th\u00eam b\u1ea5t k\u1ef3 kho\u1ea3n ti\u1ec1n n\u00e0o cho \u0111\u1ebfn khi th\u1eddi gian nh\u1ea5t \u0111\u1ecbnh \u0111\u01b0\u1ee3c quan s\u00e1t.  <\/p>\n\n<p>Cu\u1ed1i c\u00f9ng, \u0111i\u1ec1u quan tr\u1ecdng c\u1ea7n bi\u1ebft l\u00e0 danh s\u00e1ch c\u00e1c c\u00f4ng c\u1ee5 c\u1edd b\u1ea1c c\u00f3 tr\u00e1ch nhi\u1ec7m c\u00f3 th\u1ec3 kh\u00e1c nhau \u0111\u1ed1i v\u1edbi m\u1ecdi nh\u00e0 c\u00e1i cung c\u1ea5p d\u1ecbch v\u1ee5 tr\u1ef1c tuy\u1ebfn.\n\u0110\u00e2y l\u00e0 m\u1ed9t s\u1ed1 t\u00f9y ch\u1ecdn m\u00e0 ng\u01b0\u1eddi \u0111\u1eb7t c\u01b0\u1ee3c n\u00ean th\u1eed v\u00e0 h\u1ecdc c\u00e1ch s\u1eed d\u1ee5ng trong c\u00e1 c\u01b0\u1ee3c t\u00f9y thu\u1ed9c v\u00e0o s\u1edf th\u00edch c\u1ee7a h\u1ecd. <\/p>\n","protected":false},"excerpt":{"rendered":"<p>M\u1eb9o c\u1edd b\u1ea1c c\u00f3 tr\u00e1ch nhi\u1ec7m: Trong b\u00e0i \u0111\u0103ng tr\u00ean blog n\u00e0y, ch\u00fang t\u00f4i s\u1ebd th\u1ea3o lu\u1eadn v\u1ec1 c\u00e1c d\u1ea5u hi\u1ec7u c\u00f3 th\u1ec3 c\u00f3 c\u1ee7a v\u1ea5n \u0111\u1ec1 c\u1edd b\u1ea1c, m\u1ed9t s\u1ed1 c\u00e1ch \u0111\u1ec3 \u0111\u1ed1i ph\u00f3 v\u1edbi v\u1ea5n \u0111\u1ec1 c\u1edd b\u1ea1c cho ng\u01b0\u1eddi b\u1ecb \u1ea3nh h\u01b0\u1edfng ho\u1eb7c cho ng\u01b0\u1eddi m\u00e0 ng\u01b0\u1eddi ta bi\u1ebft v\u00e0 chi ti\u1ebft [&hellip;]<\/p>\n","protected":false},"author":1,"featured_media":0,"parent":0,"menu_order":0,"comment_status":"closed","ping_status":"closed","template":"","meta":{"inline_featured_image":false,"_uag_custom_page_level_css":"","site-sidebar-layout":"default","site-content-layout":"","ast-site-content-layout":"default","site-content-style":"default","site-sidebar-style":"default","ast-global-header-display":"","ast-banner-title-visibility":"","ast-main-header-display":"","ast-hfb-above-header-display":"","ast-hfb-below-header-display":"","ast-hfb-mobile-header-display":"","site-post-title":"","ast-breadcrumbs-content":"","ast-featured-img":"","footer-sml-layout":"","ast-disable-related-posts":"","theme-transparent-header-meta":"","adv-header-id-meta":"","stick-header-meta":"","header-above-stick-meta":"","header-main-stick-meta":"","header-below-stick-meta":"","astra-migrate-meta-layouts":"default","ast-page-background-enabled":"default","ast-page-background-meta":{"desktop":{"background-color":"var(--ast-global-color-4)","background-image":"","background-repeat":"repeat","background-position":"center center","background-size":"auto","background-attachment":"scroll","background-type":"","background-media":"","overlay-type":"","overlay-color":"","overlay-opacity":"","overlay-gradient":""},"tablet":{"background-color":"","background-image":"","background-repeat":"repeat","background-position":"center center","background-size":"auto","background-attachment":"scroll","background-type":"","background-media":"","overlay-type":"","overlay-color":"","overlay-opacity":"","overlay-gradient":""},"mobile":{"background-color":"","background-image":"","background-repeat":"repeat","background-position":"center center","background-size":"auto","background-attachment":"scroll","background-type":"","background-media":"","overlay-type":"","overlay-color":"","overlay-opacity":"","overlay-gradient":""}},"ast-content-background-meta":{"desktop":{"background-color":"var(--ast-global-color-5)","background-image":"","background-repeat":"repeat","background-position":"center center","background-size":"auto","background-attachment":"scroll","background-type":"","background-media":"","overlay-type":"","overlay-color":"","overlay-opacity":"","overlay-gradient":""},"tablet":{"background-color":"var(--ast-global-color-5)","background-image":"","background-repeat":"repeat","background-position":"center center","background-size":"auto","background-attachment":"scroll","background-type":"","background-media":"","overlay-type":"","overlay-color":"","overlay-opacity":"","overlay-gradient":""},"mobile":{"background-color":"var(--ast-global-color-5)","background-image":"","background-repeat":"repeat","background-position":"center center","background-size":"auto","background-attachment":"scroll","background-type":"","background-media":"","overlay-type":"","overlay-color":"","overlay-opacity":"","overlay-gradient":""}},"footnotes":""},"class_list":["post-15458","page","type-page","status-publish","hentry"],"aioseo_notices":[],"acf":[],"uagb_featured_image_src":{"full":false,"thumbnail":false,"medium":false,"medium_large":false,"large":false,"1536x1536":false,"2048x2048":false},"uagb_author_info":{"display_name":"\u545c\u545c\u545c","author_link":"https:\/\/vvvvu.com\/vi\/author\/vvvvu\/"},"uagb_comment_info":0,"uagb_excerpt":"M\u1eb9o c\u1edd b\u1ea1c c\u00f3 tr\u00e1ch nhi\u1ec7m: Trong b\u00e0i \u0111\u0103ng tr\u00ean blog n\u00e0y, ch\u00fang t\u00f4i s\u1ebd th\u1ea3o lu\u1eadn v\u1ec1 c\u00e1c d\u1ea5u hi\u1ec7u c\u00f3 th\u1ec3 c\u00f3 c\u1ee7a v\u1ea5n \u0111\u1ec1 c\u1edd b\u1ea1c, m\u1ed9t s\u1ed1 c\u00e1ch \u0111\u1ec3 \u0111\u1ed1i ph\u00f3 v\u1edbi v\u1ea5n \u0111\u1ec1 c\u1edd b\u1ea1c cho ng\u01b0\u1eddi b\u1ecb \u1ea3nh h\u01b0\u1edfng ho\u1eb7c cho ng\u01b0\u1eddi m\u00e0 ng\u01b0\u1eddi ta bi\u1ebft v\u00e0 chi ti\u1ebft&hellip;","_links":{"self":[{"href":"https:\/\/vvvvu.com\/vi\/wp-json\/wp\/v2\/pages\/15458","targetHints":{"allow":["GET"]}}],"collection":[{"href":"https:\/\/vvvvu.com\/vi\/wp-json\/wp\/v2\/pages"}],"about":[{"href":"https:\/\/vvvvu.com\/vi\/wp-json\/wp\/v2\/types\/page"}],"author":[{"embeddable":true,"href":"https:\/\/vvvvu.com\/vi\/wp-json\/wp\/v2\/users\/1"}],"replies":[{"embeddable":true,"href":"https:\/\/vvvvu.com\/vi\/wp-json\/wp\/v2\/comments?post=15458"}],"version-history":[{"count":2,"href":"https:\/\/vvvvu.com\/vi\/wp-json\/wp\/v2\/pages\/15458\/revisions"}],"predecessor-version":[{"id":111704,"href":"https:\/\/vvvvu.com\/vi\/wp-json\/wp\/v2\/pages\/15458\/revisions\/111704"}],"wp:attachment":[{"href":"https:\/\/vvvvu.com\/vi\/wp-json\/wp\/v2\/media?parent=15458"}],"curies":[{"name":"wp","href":"https:\/\/api.w.org\/{rel}","templated":true}]}}