{"id":15354,"date":"2023-09-15T01:38:28","date_gmt":"2023-09-15T01:38:28","guid":{"rendered":"https:\/\/vvvvu.com\/lien-he-chung-toi\/"},"modified":"2024-07-24T03:37:06","modified_gmt":"2024-07-24T03:37:06","slug":"lien-he-chung-toi","status":"publish","type":"page","link":"https:\/\/vvvvu.com\/vi\/lien-he-chung-toi\/","title":{"rendered":"Li\u00ean h\u1ec7 ch\u00fang t\u00f4i"},"content":{"rendered":"\n<p>Trong trang web n\u00e0y, ch\u00fang t\u00f4i s\u1ebd gi\u00fap b\u1ea1n t\u1eadn d\u1ee5ng t\u1ed1i \u0111a c\u00e1c ho\u1ea1t \u0111\u1ed9ng c\u00e1 c\u01b0\u1ee3c c\u1ee7a m\u00ecnh cho d\u00f9 b\u1ea1n l\u00e0 ng\u01b0\u1eddi m\u1edbi tham gia c\u00e1 c\u01b0\u1ee3c th\u1ec3 thao tr\u1ef1c tuy\u1ebfn hay b\u1ea1n \u0111\u00e3 l\u00e0m \u0111i\u1ec1u \u0111\u00f3 kh\u00e1 l\u00e2u.\n\u0110\u1ec3 bi\u1ebft th\u00eam \u00fd ki\u1ebfn ho\u1eb7c b\u1ea5t k\u1ef3 c\u00e2u h\u1ecfi n\u00e0o li\u00ean quan \u0111\u1ebfn s\u00e1ch h\u01b0\u1edbng d\u1eabn n\u00e0y, vui l\u00f2ng g\u1eedi e-mail cho support@vvvvu.  Com.<\/p>\n\n<p>B\u1ea1n s\u1ebd nh\u1eadn ra r\u1eb1ng c\u00e1c nh\u00e0 c\u00e1i v\u00e0 c\u00e1c trang web c\u00e1 c\u01b0\u1ee3c kh\u00f4ng d\u1ec5 ki\u1ebfm v\u00e0 \u0111\u00e2y l\u00e0 l\u00fd do t\u1ea1i sao ch\u00fang t\u00f4i c\u1ed1 g\u1eafng \u0111\u1ea3m b\u1ea3o r\u1eb1ng th\u00f4ng tin m\u00e0 ch\u00fang t\u00f4i cung c\u1ea5p cho c\u00f4ng ch\u00fang \u0111\u00f2i h\u1ecfi nhi\u1ec1u lo\u1ea1i c\u01b0\u1ee3c v\u00e0 t\u1ef7 l\u1ec7 c\u01b0\u1ee3c c\u0169ng nh\u01b0 s\u00f2ng b\u1ea1c.\nB\u1ea1n s\u1ebd d\u1ec5 d\u00e0ng c\u00f3 th\u1ec3 x\u00e1c \u0111\u1ecbnh nh\u00e0 c\u00e1i c\u00e1 c\u01b0\u1ee3c ho\u1eb7c trang web c\u00e1 c\u01b0\u1ee3c t\u1ed1t nh\u1ea5t th\u00f4ng qua \u0111\u00e1nh gi\u00e1 c\u1ee7a ch\u00fang t\u00f4i. <\/p>\n\n<p>Ch\u00fang t\u00f4i \u0111\u00e1nh gi\u00e1 cao \u00fd ki\u1ebfn c\u1ee7a b\u1ea1n v\u00e0 r\u1ea5t mu\u1ed1n nghe t\u1eeb b\u1ea1n, \u0111\u1ed9c gi\u1ea3 c\u1ee7a ch\u00fang t\u00f4i!\nCh\u00fang t\u00f4i r\u1ea5t vui khi nh\u1eadn \u0111\u01b0\u1ee3c \u00fd ki\u1ebfn ho\u1eb7c th\u1eafc m\u1eafc c\u1ee7a b\u1ea1n v\u1ec1 c\u00e1c m\u1eb9o c\u00e1 c\u01b0\u1ee3c c\u1ee7a ch\u00fang t\u00f4i trong trang web n\u00e0y.\n\u0110\u00f3 l\u00e0 l\u00fd do t\u1ea1i sao d\u1ecbch v\u1ee5 kh\u00e1ch h\u00e0ng c\u1ee7a ch\u00fang t\u00f4i lu\u00f4n s\u1eb5n s\u00e0ng gi\u00fap b\u1ea1n l\u1ef1a ch\u1ecdn nh\u1eefng c\u00e1ch hi\u1ec7u qu\u1ea3 nh\u1ea5t \u0111\u1ec3 \u0111\u1eb7t c\u01b0\u1ee3c th\u1ec3 thao c\u1ee7a b\u1ea1n.\nCh\u00e0o m\u1eebng b\u1ea1n \u0111\u1ebfn v\u1edbi vvvvu, ch\u00fang t\u00f4i r\u1ea5t vui khi c\u00f3 b\u1ea1n \u1edf \u0111\u00e2y v\u1edbi ch\u00fang t\u00f4i.\ncom h\u01b0\u1edbng d\u1eabn c\u00e1 c\u01b0\u1ee3c!    <\/p>\n\n<p>N\u1ebfu b\u1ea1n l\u00e0 m\u1ed9t nh\u00e0 c\u00e1i c\u00e1 c\u01b0\u1ee3c ho\u1eb7c m\u1ed9t trang web c\u00e1 c\u01b0\u1ee3c v\u00e0 b\u1ea1n quan t\u00e2m \u0111\u1ebfn vi\u1ec7c li\u00ean h\u1ec7 v\u1edbi ch\u00fang t\u00f4i, b\u1ea1n c\u00f3 th\u1ec3 s\u1eed d\u1ee5ng \u0111\u1ecba ch\u1ec9 e-mail sau: K\u00ednh g\u1eedi [support@vvvvv. com].\nXin vui l\u00f2ng ch\u1edd \u0111\u1ee3i ph\u1ea3n h\u1ed3i c\u1ee7a ch\u00fang t\u00f4i. <\/p>\n\n<p>V\u00ec l\u00fd do n\u00e0y, ch\u00fang t\u00f4i li\u00ean t\u1ee5c t\u00ecm c\u00e1ch l\u00e0m th\u1ebf n\u00e0o ch\u00fang t\u00f4i c\u00f3 th\u1ec3 l\u00e0m cho h\u01b0\u1edbng d\u1eabn c\u1ee7a ch\u00fang t\u00f4i th\u1eadm ch\u00ed c\u00f2n t\u1ed1t h\u01a1n cho b\u1ea1n.\n\u0110\u1ed1i v\u1edbi b\u1ea5t k\u1ef3 c\u00e2u h\u1ecfi n\u00e0o kh\u00e1c ho\u1eb7c n\u1ebfu b\u1ea1n mu\u1ed1n \u0111\u1ec1 xu\u1ea5t \u0111i\u1ec1u g\u00ec \u0111\u00f3 th\u00ec b\u1ea1n c\u00f3 th\u1ec3 li\u00ean h\u1ec7 v\u1edbi ch\u00fang t\u00f4i qua email c\u1ee7a ch\u00fang t\u00f4i.  Ch\u00fang t\u00f4i \u0111\u00e1nh gi\u00e1 cao ph\u1ea3n h\u1ed3i c\u1ee7a b\u1ea1n!<\/p>\n\n<p>K\u00ednh g\u1eedi Qu\u00fd kh\u00e1ch h\u00e0ng, c\u1ea3m \u01a1n Qu\u00fd kh\u00e1ch h\u00e0ng \u0111\u00e3 l\u1ef1a ch\u1ecdn  <a href=\"https:\/\/vvvvu.com\/vi\/\" title=\"VVVVU. Com\"><\/a><a href=\"https:\/\/vvvvu.com\/vi\/\">VVVVU.<\/a> Com  Nh\u00e0 c\u00e1i c\u00e1 c\u01b0\u1ee3c trang web!<\/p>\n\n<div class=\"wp-block-uagb-forms uagb-forms__outer-wrap uagb-block-c9f82a45 uagb-forms__medium-btn\"><form class=\"uagb-forms-main-form\" method=\"post\" autocomplete=\"on\" name=\"uagb-form-c9f82a45\">\n<div class=\"wp-block-uagb-forms-name uagb-forms-name-wrap uagb-forms-field-set uagb-block-6bab554d\"><div class=\"uagb-forms-name-label required uagb-forms-input-label\" id=\"6bab554d\">T\u00ean th\u00e1nh<\/div><input type=\"text\" placeholder=\"Jack\" required=\"\" class=\"uagb-forms-name-input uagb-forms-input\" name=\"6bab554d\" autocomplete=\"given-name\"><\/div>\n\n\n\n<div class=\"wp-block-uagb-forms-name uagb-forms-name-wrap uagb-forms-field-set uagb-block-8e2685f4\"><div class=\"uagb-forms-name-label required uagb-forms-input-label\" id=\"8e2685f4\">H\u1ecd<\/div><input type=\"text\" placeholder=\"Smith\" required=\"\" class=\"uagb-forms-name-input uagb-forms-input\" name=\"8e2685f4\" autocomplete=\"family-name\"><\/div>\n\n\n\n<div class=\"wp-block-uagb-forms-email uagb-forms-email-wrap uagb-forms-field-set uagb-block-f87989c2\"><div class=\"uagb-forms-email-label uagb-forms-input-label\" id=\"f87989c2\">Email<\/div><input type=\"email\" class=\"uagb-forms-email-input uagb-forms-input\" placeholder=\"example@mail.com\" name=\"f87989c2\" autocomplete=\"email\"><\/div>\n\n\n\n<div class=\"wp-block-uagb-forms-textarea uagb-forms-textarea-wrap uagb-forms-field-set uagb-block-4bcf3afe\"><div class=\"uagb-forms-textarea-label required uagb-forms-input-label\" id=\"4bcf3afe\">Th\u00f4ng \u0111i\u1ec7p<\/div><textarea required=\"\" class=\"uagb-forms-textarea-input uagb-forms-input\" rows=\"4\" placeholder=\"Nh\u1eadp tin nh\u1eafn c\u1ee7a b\u1ea1n\" name=\"4bcf3afe\" autocomplete=\"off\"><\/textarea><\/div>\n<div class=\"uagb-forms-form-hidden-data\"><input type=\"hidden\" class=\"uagb_forms_form_label\" value=\"Spectra Form\"\/><input type=\"hidden\" class=\"uagb_forms_form_id\" value=\"uagb-form-c9f82a45\"\/><\/div><div class=\"uagb-form-reacaptcha-error-c9f82a45\"><\/div><div class=\"uagb-forms-main-submit-button-wrap wp-block-button\"><button class=\"uagb-forms-main-submit-button wp-block-button__link\"><div class=\"uagb-forms-main-submit-button-text\">Tr\u00ecnh<\/div><\/button><\/div><\/form><div class=\"uagb-forms-success-message-c9f82a45 uagb-forms-submit-message-hide\"><span>Submission has been successful!<\/span><\/div><div class=\"uagb-forms-failed-message-c9f82a45 uagb-forms-submit-message-hide\"><span>There has been some error while submitting the form. Please verify all form fields again.<\/span><\/div><\/div>\n","protected":false},"excerpt":{"rendered":"<p>Trong trang web n\u00e0y, ch\u00fang t\u00f4i s\u1ebd gi\u00fap b\u1ea1n t\u1eadn d\u1ee5ng t\u1ed1i \u0111a c\u00e1c ho\u1ea1t \u0111\u1ed9ng c\u00e1 c\u01b0\u1ee3c c\u1ee7a m\u00ecnh cho d\u00f9 b\u1ea1n l\u00e0 ng\u01b0\u1eddi m\u1edbi tham gia c\u00e1 c\u01b0\u1ee3c th\u1ec3 thao tr\u1ef1c tuy\u1ebfn hay b\u1ea1n \u0111\u00e3 l\u00e0m \u0111i\u1ec1u \u0111\u00f3 kh\u00e1 l\u00e2u. \u0110\u1ec3 bi\u1ebft th\u00eam \u00fd ki\u1ebfn ho\u1eb7c b\u1ea5t k\u1ef3 c\u00e2u h\u1ecfi n\u00e0o li\u00ean quan [&hellip;]<\/p>\n","protected":false},"author":1,"featured_media":0,"parent":0,"menu_order":0,"comment_status":"closed","ping_status":"closed","template":"","meta":{"inline_featured_image":false,"_uag_custom_page_level_css":"","site-sidebar-layout":"default","site-content-layout":"","ast-site-content-layout":"default","site-content-style":"default","site-sidebar-style":"default","ast-global-header-display":"","ast-banner-title-visibility":"","ast-main-header-display":"","ast-hfb-above-header-display":"","ast-hfb-below-header-display":"","ast-hfb-mobile-header-display":"","site-post-title":"","ast-breadcrumbs-content":"","ast-featured-img":"","footer-sml-layout":"","ast-disable-related-posts":"","theme-transparent-header-meta":"","adv-header-id-meta":"","stick-header-meta":"","header-above-stick-meta":"","header-main-stick-meta":"","header-below-stick-meta":"","astra-migrate-meta-layouts":"default","ast-page-background-enabled":"default","ast-page-background-meta":{"desktop":{"background-color":"var(--ast-global-color-4)","background-image":"","background-repeat":"repeat","background-position":"center center","background-size":"auto","background-attachment":"scroll","background-type":"","background-media":"","overlay-type":"","overlay-color":"","overlay-opacity":"","overlay-gradient":""},"tablet":{"background-color":"","background-image":"","background-repeat":"repeat","background-position":"center center","background-size":"auto","background-attachment":"scroll","background-type":"","background-media":"","overlay-type":"","overlay-color":"","overlay-opacity":"","overlay-gradient":""},"mobile":{"background-color":"","background-image":"","background-repeat":"repeat","background-position":"center center","background-size":"auto","background-attachment":"scroll","background-type":"","background-media":"","overlay-type":"","overlay-color":"","overlay-opacity":"","overlay-gradient":""}},"ast-content-background-meta":{"desktop":{"background-color":"var(--ast-global-color-5)","background-image":"","background-repeat":"repeat","background-position":"center center","background-size":"auto","background-attachment":"scroll","background-type":"","background-media":"","overlay-type":"","overlay-color":"","overlay-opacity":"","overlay-gradient":""},"tablet":{"background-color":"var(--ast-global-color-5)","background-image":"","background-repeat":"repeat","background-position":"center center","background-size":"auto","background-attachment":"scroll","background-type":"","background-media":"","overlay-type":"","overlay-color":"","overlay-opacity":"","overlay-gradient":""},"mobile":{"background-color":"var(--ast-global-color-5)","background-image":"","background-repeat":"repeat","background-position":"center center","background-size":"auto","background-attachment":"scroll","background-type":"","background-media":"","overlay-type":"","overlay-color":"","overlay-opacity":"","overlay-gradient":""}},"footnotes":""},"class_list":["post-15354","page","type-page","status-publish","hentry"],"aioseo_notices":[],"acf":[],"uagb_featured_image_src":{"full":false,"thumbnail":false,"medium":false,"medium_large":false,"large":false,"1536x1536":false,"2048x2048":false},"uagb_author_info":{"display_name":"\u545c\u545c\u545c","author_link":"https:\/\/vvvvu.com\/vi\/author\/vvvvu\/"},"uagb_comment_info":0,"uagb_excerpt":"Trong trang web n\u00e0y, ch\u00fang t\u00f4i s\u1ebd gi\u00fap b\u1ea1n t\u1eadn d\u1ee5ng t\u1ed1i \u0111a c\u00e1c ho\u1ea1t \u0111\u1ed9ng c\u00e1 c\u01b0\u1ee3c c\u1ee7a m\u00ecnh cho d\u00f9 b\u1ea1n l\u00e0 ng\u01b0\u1eddi m\u1edbi tham gia c\u00e1 c\u01b0\u1ee3c th\u1ec3 thao tr\u1ef1c tuy\u1ebfn hay b\u1ea1n \u0111\u00e3 l\u00e0m \u0111i\u1ec1u \u0111\u00f3 kh\u00e1 l\u00e2u. \u0110\u1ec3 bi\u1ebft th\u00eam \u00fd ki\u1ebfn ho\u1eb7c b\u1ea5t k\u1ef3 c\u00e2u h\u1ecfi n\u00e0o li\u00ean quan&hellip;","_links":{"self":[{"href":"https:\/\/vvvvu.com\/vi\/wp-json\/wp\/v2\/pages\/15354","targetHints":{"allow":["GET"]}}],"collection":[{"href":"https:\/\/vvvvu.com\/vi\/wp-json\/wp\/v2\/pages"}],"about":[{"href":"https:\/\/vvvvu.com\/vi\/wp-json\/wp\/v2\/types\/page"}],"author":[{"embeddable":true,"href":"https:\/\/vvvvu.com\/vi\/wp-json\/wp\/v2\/users\/1"}],"replies":[{"embeddable":true,"href":"https:\/\/vvvvu.com\/vi\/wp-json\/wp\/v2\/comments?post=15354"}],"version-history":[{"count":2,"href":"https:\/\/vvvvu.com\/vi\/wp-json\/wp\/v2\/pages\/15354\/revisions"}],"predecessor-version":[{"id":111345,"href":"https:\/\/vvvvu.com\/vi\/wp-json\/wp\/v2\/pages\/15354\/revisions\/111345"}],"wp:attachment":[{"href":"https:\/\/vvvvu.com\/vi\/wp-json\/wp\/v2\/media?parent=15354"}],"curies":[{"name":"wp","href":"https:\/\/api.w.org\/{rel}","templated":true}]}}