{"id":14499,"date":"2023-07-13T13:30:48","date_gmt":"2023-07-13T13:30:48","guid":{"rendered":"https:\/\/vvvvu.com\/ve-chung-toi\/"},"modified":"2024-07-24T01:54:47","modified_gmt":"2024-07-24T01:54:47","slug":"ve-chung-toi","status":"publish","type":"page","link":"https:\/\/vvvvu.com\/vi\/ve-chung-toi\/","title":{"rendered":"V\u1ec1 ch\u00fang t\u00f4i"},"content":{"rendered":"\n<h2 class=\"wp-block-heading\">Ch\u00e0o m\u1eebng b\u1ea1n \u0111\u1ebfn v\u1edbi trang web c\u00e1 c\u01b0\u1ee3c th\u1ec3 thao t\u1ed1t nh\u1ea5t.<\/h2>\n\n<p>\u0110\u00e2y l\u00e0 ngu\u1ed3n th\u00f4ng tin s\u1ed1 m\u1ed9t c\u1ee7a b\u1ea1n v\u1ec1 t\u1ea5t c\u1ea3 m\u1ecdi th\u1ee9 c\u00e1 c\u01b0\u1ee3c. Ch\u00fang t\u00f4i cam k\u1ebft cung c\u1ea5p cho b\u1ea1n nh\u1eefng g\u00ec t\u1ed1t nh\u1ea5t [gaming site], t\u1eadp trung v\u00e0o [booking company betting offers], [best online casino]v\u00e0 [gaming site bonuses].<\/p>\n\n<p>Trang web c\u00e1 c\u01b0\u1ee3c th\u1ec3 thao t\u1ed1t nh\u1ea5t \u0111\u01b0\u1ee3c th\u00e0nh l\u1eadp b\u1edfi vvvvu.com, v\u00e0 n\u00f3 \u0111\u00e3 \u0111i m\u1ed9t ch\u1eb7ng \u0111\u01b0\u1eddng d\u00e0i k\u1ec3 t\u1eeb \u0111\u00f3 [European betting company]. Khi c\u1edd b\u1ea1c ch\u00e2u \u00c2u l\u1ea7n \u0111\u1ea7u ti\u00ean b\u1eaft \u0111\u1ea7u, s\u1ef1 nhi\u1ec7t t\u00ecnh c\u1ee7a ch\u00fang t\u00f4i \u0111\u1ed1i v\u1edbi th\u00f4ng tin th\u01b0\u01a1ng hi\u1ec7u c\u00e1 c\u01b0\u1ee3c &#8211; ch\u1eb3ng h\u1ea1n nh\u01b0 c\u00e1c trang web c\u00e1 c\u01b0\u1ee3c. C\u00f4ng vi\u1ec7c h\u00e0ng ng\u00e0y c\u1ee7a ti\u1ec1n th\u01b0\u1edfng c\u00e1 c\u01b0\u1ee3c, r\u1ea5t nhi\u1ec1u nghi\u00ean c\u1ee9u, v.v., \u0111\u1ec3 c\u00e1c trang web c\u00e1 c\u01b0\u1ee3c th\u1ec3 thao t\u1ed1t nh\u1ea5t c\u00f3 th\u1ec3 cung c\u1ea5p cho b\u1ea1n l\u1ee3i th\u1ebf c\u1ea1nh tranh &#8211; r\u1ea5t nhi\u1ec1u ti\u1ec1n th\u01b0\u1edfng \u0111\u0103ng k\u00fd kh\u00e1ch h\u00e0ng m\u1edbi. B\u00e2y gi\u1edd ch\u00fang t\u00f4i ph\u1ee5c v\u1ee5 kh\u00e1ch h\u00e0ng c\u1ee7a s\u00f2ng b\u1ea1c th\u1ec3 thao v\u00e0 r\u1ea5t h\u1ea1nh ph\u00fac. Ch\u00fang t\u00f4i c\u00f3 th\u1ec3 chuy\u1ec3n s\u1ef1 nhi\u1ec7t t\u00ecnh c\u1ee7a ch\u00fang t\u00f4i. C\u1ed1 g\u1eafng ph\u1ee5c v\u1ee5 nh\u1eefng ng\u01b0\u1eddi \u0111am m\u00ea c\u00e1 c\u01b0\u1ee3c to\u00e0n c\u1ea7u.<\/p>\n\n<p>N\u1ebfu b\u1ea1n mu\u1ed1n th\u00f4ng tin s\u1ea3n ph\u1ea9m c\u1ee7a ch\u00fang t\u00f4i, gi\u1ed1ng nh\u01b0 b\u1ea1n mu\u1ed1n cung c\u1ea5p cho h\u1ecd. N\u1ebfu b\u1ea1n c\u00f3 b\u1ea5t k\u1ef3 c\u00e2u h\u1ecfi ho\u1eb7c \u00fd ki\u1ebfn, xin vui l\u00f2ng li\u00ean h\u1ec7<\/p>\n\n<h2 class=\"wp-block-heading\">Tr\u00e2n tr\u1ecdng<\/h2>\n\n<p>H\u00e3y \u1ee7ng h\u1ed9 v\u00e0 y\u00eau th\u01b0\u01a1ng, c\u1ea3m \u01a1n b\u1ea1n \u0111\u00e3 gh\u00e9 th\u0103m trang web c\u1ee7a ch\u00fang t\u00f4i<\/p>\n","protected":false},"excerpt":{"rendered":"<p>Ch\u00e0o m\u1eebng b\u1ea1n \u0111\u1ebfn v\u1edbi trang web c\u00e1 c\u01b0\u1ee3c th\u1ec3 thao t\u1ed1t nh\u1ea5t. \u0110\u00e2y l\u00e0 ngu\u1ed3n th\u00f4ng tin s\u1ed1 m\u1ed9t c\u1ee7a b\u1ea1n v\u1ec1 t\u1ea5t c\u1ea3 m\u1ecdi th\u1ee9 c\u00e1 c\u01b0\u1ee3c. Ch\u00fang t\u00f4i cam k\u1ebft cung c\u1ea5p cho b\u1ea1n nh\u1eefng g\u00ec t\u1ed1t nh\u1ea5t [gaming site], t\u1eadp trung v\u00e0o [booking company betting offers], [best online casino]v\u00e0 [gaming site [&hellip;]<\/p>\n","protected":false},"author":1,"featured_media":0,"parent":0,"menu_order":0,"comment_status":"closed","ping_status":"open","template":"","meta":{"inline_featured_image":false,"_uag_custom_page_level_css":"","site-sidebar-layout":"default","site-content-layout":"","ast-site-content-layout":"default","site-content-style":"default","site-sidebar-style":"default","ast-global-header-display":"","ast-banner-title-visibility":"","ast-main-header-display":"","ast-hfb-above-header-display":"","ast-hfb-below-header-display":"","ast-hfb-mobile-header-display":"","site-post-title":"","ast-breadcrumbs-content":"","ast-featured-img":"","footer-sml-layout":"","ast-disable-related-posts":"","theme-transparent-header-meta":"","adv-header-id-meta":"","stick-header-meta":"","header-above-stick-meta":"","header-main-stick-meta":"","header-below-stick-meta":"","astra-migrate-meta-layouts":"default","ast-page-background-enabled":"default","ast-page-background-meta":{"desktop":{"background-color":"var(--ast-global-color-4)","background-image":"","background-repeat":"repeat","background-position":"center center","background-size":"auto","background-attachment":"scroll","background-type":"","background-media":"","overlay-type":"","overlay-color":"","overlay-opacity":"","overlay-gradient":""},"tablet":{"background-color":"","background-image":"","background-repeat":"repeat","background-position":"center center","background-size":"auto","background-attachment":"scroll","background-type":"","background-media":"","overlay-type":"","overlay-color":"","overlay-opacity":"","overlay-gradient":""},"mobile":{"background-color":"","background-image":"","background-repeat":"repeat","background-position":"center center","background-size":"auto","background-attachment":"scroll","background-type":"","background-media":"","overlay-type":"","overlay-color":"","overlay-opacity":"","overlay-gradient":""}},"ast-content-background-meta":{"desktop":{"background-color":"var(--ast-global-color-5)","background-image":"","background-repeat":"repeat","background-position":"center center","background-size":"auto","background-attachment":"scroll","background-type":"","background-media":"","overlay-type":"","overlay-color":"","overlay-opacity":"","overlay-gradient":""},"tablet":{"background-color":"var(--ast-global-color-5)","background-image":"","background-repeat":"repeat","background-position":"center center","background-size":"auto","background-attachment":"scroll","background-type":"","background-media":"","overlay-type":"","overlay-color":"","overlay-opacity":"","overlay-gradient":""},"mobile":{"background-color":"var(--ast-global-color-5)","background-image":"","background-repeat":"repeat","background-position":"center center","background-size":"auto","background-attachment":"scroll","background-type":"","background-media":"","overlay-type":"","overlay-color":"","overlay-opacity":"","overlay-gradient":""}},"footnotes":""},"class_list":["post-14499","page","type-page","status-publish","hentry"],"aioseo_notices":[],"acf":[],"uagb_featured_image_src":{"full":false,"thumbnail":false,"medium":false,"medium_large":false,"large":false,"1536x1536":false,"2048x2048":false},"uagb_author_info":{"display_name":"\u545c\u545c\u545c","author_link":"https:\/\/vvvvu.com\/vi\/author\/vvvvu\/"},"uagb_comment_info":3,"uagb_excerpt":"Ch\u00e0o m\u1eebng b\u1ea1n \u0111\u1ebfn v\u1edbi trang web c\u00e1 c\u01b0\u1ee3c th\u1ec3 thao t\u1ed1t nh\u1ea5t. \u0110\u00e2y l\u00e0 ngu\u1ed3n th\u00f4ng tin s\u1ed1 m\u1ed9t c\u1ee7a b\u1ea1n v\u1ec1 t\u1ea5t c\u1ea3 m\u1ecdi th\u1ee9 c\u00e1 c\u01b0\u1ee3c. Ch\u00fang t\u00f4i cam k\u1ebft cung c\u1ea5p cho b\u1ea1n nh\u1eefng g\u00ec t\u1ed1t nh\u1ea5t [gaming site], t\u1eadp trung v\u00e0o [booking company betting offers], [best online casino]v\u00e0 [gaming site&hellip;","_links":{"self":[{"href":"https:\/\/vvvvu.com\/vi\/wp-json\/wp\/v2\/pages\/14499","targetHints":{"allow":["GET"]}}],"collection":[{"href":"https:\/\/vvvvu.com\/vi\/wp-json\/wp\/v2\/pages"}],"about":[{"href":"https:\/\/vvvvu.com\/vi\/wp-json\/wp\/v2\/types\/page"}],"author":[{"embeddable":true,"href":"https:\/\/vvvvu.com\/vi\/wp-json\/wp\/v2\/users\/1"}],"replies":[{"embeddable":true,"href":"https:\/\/vvvvu.com\/vi\/wp-json\/wp\/v2\/comments?post=14499"}],"version-history":[{"count":3,"href":"https:\/\/vvvvu.com\/vi\/wp-json\/wp\/v2\/pages\/14499\/revisions"}],"predecessor-version":[{"id":111052,"href":"https:\/\/vvvvu.com\/vi\/wp-json\/wp\/v2\/pages\/14499\/revisions\/111052"}],"wp:attachment":[{"href":"https:\/\/vvvvu.com\/vi\/wp-json\/wp\/v2\/media?parent=14499"}],"curies":[{"name":"wp","href":"https:\/\/api.w.org\/{rel}","templated":true}]}}