{"id":14462,"date":"2023-07-13T13:30:48","date_gmt":"2023-07-13T13:30:48","guid":{"rendered":"https:\/\/vvvvu.com\/tu-choi-trach-nhiem\/"},"modified":"2024-07-24T03:42:14","modified_gmt":"2024-07-24T03:42:14","slug":"tu-choi-trach-nhiem","status":"publish","type":"page","link":"https:\/\/vvvvu.com\/vi\/tu-choi-trach-nhiem\/","title":{"rendered":"t\u1eeb ch\u1ed1i tr\u00e1ch nhi\u1ec7m"},"content":{"rendered":"\n<h2 class=\"wp-block-heading\">Gi\u1ea3i th\u00edch<\/h2>\n\n<p>Gi\u1ea3i th\u00edch v\u1ec1 c\u00e1c t\u1eeb m\u00e0 ch\u1eef c\u00e1i \u0111\u1ea7u ti\u00ean \u0111\u01b0\u1ee3c vi\u1ebft hoa \u0111\u01b0\u1ee3c cung c\u1ea5p theo c\u00e1c \u0111i\u1ec1u ki\u1ec7n sau:<\/p>\n\n<p>C\u00e1c thu\u1eadt ng\u1eef sau \u0111\u00e2y s\u1ebd c\u00f3 c\u00f9ng \u00fd ngh\u0129a khi \u0111\u01b0\u1ee3c s\u1eed d\u1ee5ng trong c\u00f4ng c\u1ee5 n\u00e0y, cho d\u00f9 \u0111\u01b0\u1ee3c s\u1eed d\u1ee5ng \u1edf s\u1ed1 \u00edt hay s\u1ed1 nhi\u1ec1u.<\/p>\n\n<h2 class=\"wp-block-heading\">\u0110\u1ecbnh ngh\u0129a<\/h2>\n\n<p>V\u00ec m\u1ee5c \u0111\u00edch c\u1ee7a Tuy\u00ean b\u1ed1 t\u1eeb ch\u1ed1i tr\u00e1ch nhi\u1ec7m n\u00e0y:<\/p>\n\n<p>C\u00e1c c\u1ee5m t\u1eeb &#8216;C\u00f4ng ty&#8217;, &#8216;Ch\u00fang t\u00f4i&#8217;, &#8216;Ch\u00fang t\u00f4i&#8217; ho\u1eb7c &#8216;C\u1ee7a ch\u00fang t\u00f4i&#8217; \u0111\u01b0\u1ee3c s\u1eed d\u1ee5ng trong Tuy\u00ean b\u1ed1 t\u1eeb ch\u1ed1i tr\u00e1ch nhi\u1ec7m n\u00e0y c\u00f3 ngh\u0129a l\u00e0 Trang web c\u00e1 c\u01b0\u1ee3c th\u1ec3 thao t\u1ed1t nh\u1ea5t.<\/p>\n\n<p>D\u1ecbch v\u1ee5 c\u00f3 ngh\u0129a l\u00e0 Trang web v\u00e0\/ho\u1eb7c \u1ee9ng d\u1ee5ng di \u0111\u1ed9ng.<\/p>\n\n<p>B\u1ea1n c\u00f3 ngh\u0129a l\u00e0 th\u1ec3 nh\u00e2n \u0111\u00f3, ng\u01b0\u1eddi s\u1eed d\u1ee5ng lao \u0111\u1ed9ng c\u1ee7a th\u1ec3 nh\u00e2n ho\u1eb7c t\u1ed5 ch\u1ee9c kh\u00e1c m\u00e0 th\u1ec3 nh\u00e2n \u0111\u00f3 h\u00e0nh \u0111\u1ed9ng v\u00e0 c\u00f3 li\u00ean quan \u0111\u1ebfn vi\u1ec7c s\u1eed d\u1ee5ng D\u1ecbch v\u1ee5.<\/p>\n\n<p>Trang web \u0111\u1ec1 c\u1eadp \u0111\u1ebfn Trang web c\u00e1 c\u01b0\u1ee3c th\u1ec3 thao t\u1ed1t nh\u1ea5t, c\u00f3 th\u1ec3 truy c\u1eadp t\u1eeb https: Tuy nhi\u00ean, nh\u1eefng \u0111i\u1ec1u sau \u0111\u00e2y \u0111\u01b0\u1ee3c vi\u1ebft: com<\/p>\n\n<h2 class=\"wp-block-heading\">t\u1eeb ch\u1ed1i tr\u00e1ch nhi\u1ec7m<\/h2>\n\n<p>T\u1ea5t c\u1ea3 th\u00f4ng tin \u0111\u01b0\u1ee3c cung c\u1ea5p tr\u00ean D\u1ecbch v\u1ee5 ch\u1ec9 d\u00e0nh cho th\u00f4ng tin c\u1ee7a b\u1ea1n v\u00e0 kh\u00f4ng nh\u1eb1m m\u1ee5c \u0111\u00edch t\u01b0 v\u1ea5n ph\u00e1p l\u00fd.<\/p>\n\n<p>C\u00f4ng ty s\u1ebd kh\u00f4ng ch\u1ecbu tr\u00e1ch nhi\u1ec7m v\u1ec1 b\u1ea5t k\u1ef3 s\u1ef1 kh\u00f4ng ch\u00ednh x\u00e1c n\u00e0o c\u1ee7a th\u00f4ng tin \u0111\u01b0\u1ee3c hi\u1ec3n th\u1ecb tr\u00ean D\u1ecbch v\u1ee5.<\/p>\n\n<p>C\u00f4ng ty kh\u00f4ng \u0111\u1ea3m b\u1ea3o ho\u1eb7c tuy\u00ean b\u1ed1 r\u1eb1ng D\u1ecbch v\u1ee5 v\u00e0 c\u00e1c t\u00e0i li\u1ec7u ho\u1eb7c s\u1ea3n ph\u1ea9m \u0111\u01b0\u1ee3c m\u00f4 t\u1ea3 trong D\u1ecbch v\u1ee5 s\u1ebd \u0111\u00e1p \u1ee9ng c\u00e1c y\u00eau c\u1ea7u c\u1ee7a ng\u01b0\u1eddi d\u00f9ng, kh\u00f4ng b\u1ecb gi\u00e1n \u0111o\u1ea1n, k\u1ecbp th\u1eddi, an to\u00e0n ho\u1eb7c kh\u00f4ng c\u00f3 l\u1ed7i, r\u1eb1ng b\u1ea5t k\u1ef3 l\u1ed7i n\u00e0o s\u1ebd \u0111\u01b0\u1ee3c s\u1eeda ch\u1eefa ho\u1eb7c D\u1ecbch v\u1ee5 n\u00e0y ho\u1eb7c m\u00e1y ch\u1ee7 cung c\u1ea5p kh\u00f4ng c\u00f3 vi-r\u00fat ho\u1eb7c c\u00e1c th\u00e0nh ph\u1ea7n c\u00f3 h\u1ea1i kh\u00e1c.\nC\u00f4ng ty c\u00f3 th\u1ec3 <\/p>\n\n<p>C\u00f4ng ty kh\u00f4ng ch\u1ecbu tr\u00e1ch nhi\u1ec7m v\u1ec1 c\u00e1c l\u1ed7i ho\u1eb7c thi\u1ebfu s\u00f3t trong n\u1ed9i dung c\u1ee7a D\u1ecbch v\u1ee5.<\/p>\n\n<h2 class=\"wp-block-heading\">Li\u00ean k\u1ebft ngo\u00e0i Tuy\u00ean b\u1ed1 t\u1eeb ch\u1ed1i tr\u00e1ch nhi\u1ec7m<\/h2>\n\n<p>M\u1ed9t s\u1ed1 li\u00ean k\u1ebft \u0111\u01b0\u1ee3c bao g\u1ed3m trong D\u1ecbch v\u1ee5 c\u00f3 th\u1ec3 d\u1eabn \u0111\u1ebfn c\u00e1c trang web kh\u00e1c tr\u00ean World Wide Web m\u00e0 C\u00f4ng ty kh\u00f4ng ch\u1ecbu tr\u00e1ch nhi\u1ec7m.<\/p>\n\n<p>Li\u00ean quan \u0111\u1ebfn th\u00f4ng tin \u0111\u01b0\u1ee3c \u0111\u0103ng tr\u00ean c\u00e1c trang web b\u00ean ngo\u00e0i \u0111\u00f3, C\u00f4ng ty kh\u00f4ng ch\u1ecbu b\u1ea5t k\u1ef3 tr\u00e1ch nhi\u1ec7m n\u00e0o v\u1ec1 t\u00ednh ch\u00ednh x\u00e1c, th\u1ef1c t\u1ebf ho\u1eb7c \u0111\u1ea7y \u0111\u1ee7 c\u1ee7a th\u00f4ng tin \u0111\u01b0\u1ee3c \u0111\u0103ng \u1edf \u0111\u00f3.<\/p>\n\n<h2 class=\"wp-block-heading\">Tuy\u00ean b\u1ed1 t\u1eeb ch\u1ed1i tr\u00e1ch nhi\u1ec7m v\u1ec1 l\u1ed7i v\u00e0 thi\u1ebfu s\u00f3t<\/h2>\n\n<p>Tuy nhi\u00ean, nh\u1eefng \u0111i\u1ec1u tr\u00ean kh\u00f4ng gi\u1edbi h\u1ea1n t\u00ednh t\u1ed5ng qu\u00e1t c\u1ee7a nh\u1eefng \u0111i\u1ec1u \u0111\u00e3 n\u00f3i \u1edf tr\u00ean li\u00ean quan \u0111\u1ebfn th\u00f4ng tin \u0111\u01b0\u1ee3c cung c\u1ea5p b\u1edfi D\u1ecbch v\u1ee5 li\u00ean quan \u0111\u1ebfn c\u00e1c v\u1ea5n \u0111\u1ec1 \u0111\u01b0\u1ee3c x\u1eed l\u00fd trong Trang web n\u00e0y.\nC\u00f4ng ty s\u1ebd l\u00e0m t\u1ea5t c\u1ea3 nh\u1eefng g\u00ec c\u00f3 th\u1ec3 \u0111\u1ec3 \u0111\u1ea3m b\u1ea3o r\u1eb1ng th\u00f4ng tin \u0111\u01b0\u1ee3c cung c\u1ea5p th\u00f4ng qua D\u1ecbch v\u1ee5 l\u00e0 g\u1ea7n \u0111\u00e2y v\u00e0 ch\u00ednh x\u00e1c, nh\u01b0ng \u0111i\u1ec1u n\u00e0y kh\u00f4ng \u0111\u1ea3m b\u1ea3o r\u1eb1ng \u0111\u00e2y l\u00e0 tr\u01b0\u1eddng h\u1ee3p.\nNgo\u00e0i ra, t\u1ea5t c\u1ea3 th\u00f4ng tin \u0111\u01b0\u1ee3c cung c\u1ea5p th\u00f4ng qua D\u1ecbch v\u1ee5 \u0111\u01b0\u1ee3c cung c\u1ea5p &#8216;nguy\u00ean tr\u1ea1ng&#8217; v\u00e0 C\u00f4ng ty s\u1ebd kh\u00f4ng ch\u1ecbu tr\u00e1ch nhi\u1ec7m v\u1ec1 t\u00ednh ch\u00ednh x\u00e1c, \u0111\u1ed9 tin c\u1eady ho\u1eb7c \u0111\u1ea7y \u0111\u1ee7 c\u1ee7a th\u00f4ng tin.  <\/p>\n\n<p>N\u00f3 \u0111\u01b0\u1ee3c cung c\u1ea5p &#8216;nguy\u00ean tr\u1ea1ng&#8217; m\u00e0 kh\u00f4ng c\u00f3 b\u1ea3o h\u00e0nh d\u01b0\u1edbi b\u1ea5t k\u1ef3 h\u00ecnh th\u1ee9c n\u00e0o, r\u00f5 r\u00e0ng hay ng\u1ee5 \u00fd bao g\u1ed3m nh\u01b0ng kh\u00f4ng gi\u1edbi h\u1ea1n \u1edf c\u00e1c b\u1ea3o \u0111\u1ea3m ng\u1ee5 \u00fd v\u1ec1 s\u1ef1 ph\u00f9 h\u1ee3p cho m\u1ee5c \u0111\u00edch ho\u1eb7c n\u00f3 ph\u00f9 h\u1ee3p v\u1edbi m\u1ee5c \u0111\u00edch d\u1ef1 \u0111\u1ecbnh.<\/p>\n\n<h2 class=\"wp-block-heading\">Tuy\u00ean b\u1ed1 t\u1eeb ch\u1ed1i tr\u00e1ch nhi\u1ec7m s\u1eed d\u1ee5ng h\u1ee3p l\u00fd<\/h2>\n\n<p>M\u1ed9t s\u1ed1 th\u00f4ng tin m\u00e0 C\u00f4ng ty s\u1eed d\u1ee5ng c\u00f3 th\u1ec3 c\u00f3 b\u1ea3n quy\u1ec1n v\u00e0 C\u00f4ng ty c\u00f3 th\u1ec3 kh\u00f4ng c\u00f3 gi\u1ea5y ph\u00e9p th\u00edch h\u1ee3p cho th\u00f4ng tin \u0111\u00f3.\nC\u00f4ng ty \u0111ang cung c\u1ea5p t\u00e0i li\u1ec7u \u0111\u00f3 \u0111\u1ec3 s\u1eed d\u1ee5ng c\u00e1c ph\u00ea b\u00ecnh, b\u00ecnh lu\u1eadn, b\u00e1o c\u00e1o c\u00e1c s\u1ef1 ki\u1ec7n tin t\u1ee9c, gi\u1ea3ng d\u1ea1y v\u00e0 nghi\u00ean c\u1ee9u h\u1ecdc thu\u1eadt. <\/p>\n\n<p>C\u00f4ng ty \u0111\u00e3 k\u1ebft lu\u1eadn r\u1eb1ng \u0111i\u1ec1u n\u00e0y l\u00e0 h\u1ee3p ph\u00e1p d\u1ef1a tr\u00ean c\u00e1c quy \u0111\u1ecbnh c\u1ee7a \u0111\u1ea1o lu\u1eadt b\u1ea3n quy\u1ec1n, \u0111\u1eb7c bi\u1ec7t l\u00e0 M\u1ee5c 107 c\u1ee7a \u0110\u1ea1o lu\u1eadt B\u1ea3n quy\u1ec1n c\u1ee7a Hoa K\u1ef3.<\/p>\n\n<p>N\u1ebfu b\u1ea1n mu\u1ed1n s\u1eed d\u1ee5ng t\u00e0i li\u1ec7u c\u00f3 b\u1ea3n quy\u1ec1n c\u1ee7a D\u1ecbch v\u1ee5 cho c\u00e1c m\u1ee5c \u0111\u00edch kh\u00f4ng \u0111\u01b0\u1ee3c li\u1ec7t k\u00ea \u1edf tr\u00ean, c\u1ea7n c\u00f3 s\u1ef1 cho ph\u00e9p c\u1ee7a Ch\u1ee7 s\u1edf h\u1eefu b\u1ea3n quy\u1ec1n.<\/p>\n\n<h2 class=\"wp-block-heading\">Quan \u0111i\u1ec3m th\u1ec3 hi\u1ec7n tuy\u00ean b\u1ed1 t\u1eeb ch\u1ed1i tr\u00e1ch nhi\u1ec7m<\/h2>\n\n<p>Th\u00f4ng tin \u0111\u01b0\u1ee3c cung c\u1ea5p tr\u00ean D\u1ecbch v\u1ee5 c\u00f3 th\u1ec3 ch\u1ee9a \u00fd ki\u1ebfn c\u00e1 nh\u00e2n c\u1ee7a b\u00ean th\u1ee9 ba, ng\u01b0\u1eddi tham gia v\u00e0 nh\u1eefng ng\u01b0\u1eddi d\u00f9ng kh\u00e1c v\u00e0 kh\u00f4ng ph\u1ea3n \u00e1nh \u00fd ki\u1ebfn c\u1ee7a C\u00f4ng ty.<\/p>\n\n<p>Do \u0111\u00f3, b\u1ea5t k\u1ef3 b\u00ecnh lu\u1eadn n\u00e0o c\u1ee7a ng\u01b0\u1eddi d\u00f9ng \u0111\u01b0\u1ee3c \u0111\u0103ng l\u00e0 tr\u00e1ch nhi\u1ec7m duy nh\u1ea5t c\u1ee7a ng\u01b0\u1eddi d\u00f9ng v\u00e0 ng\u01b0\u1eddi d\u00f9ng s\u1ebd ho\u00e0n to\u00e0n ch\u1ecbu tr\u00e1ch nhi\u1ec7m, ch\u1ecbu tr\u00e1ch nhi\u1ec7m v\u00e0 \/ ho\u1eb7c ch\u1ecbu tr\u00e1ch nhi\u1ec7m v\u1ec1 b\u1ea5t k\u1ef3 h\u00e0nh vi ph\u1ec9 b\u00e1ng ho\u1eb7c th\u1ee7 t\u1ee5c ph\u00e1p l\u00fd n\u00e0o xu\u1ea5t ph\u00e1t t\u1eeb ho\u1eb7c tr\u1ef1c ti\u1ebfp g\u00e2y ra b\u1edfi b\u1ea5t k\u1ef3 nh\u1eadn x\u00e9t n\u00e0o c\u1ee7a ng\u01b0\u1eddi d\u00f9ng.\nC\u00f4ng ty kh\u00f4ng ch\u1ecbu tr\u00e1ch nhi\u1ec7m d\u01b0\u1edbi b\u1ea5t k\u1ef3 h\u00ecnh th\u1ee9c n\u00e0o \u0111\u1ed1i v\u1edbi b\u1ea5t k\u1ef3 nh\u1eadn x\u00e9t n\u00e0o c\u1ee7a b\u1ea5t k\u1ef3 ng\u01b0\u1eddi d\u00f9ng n\u00e0o v\u00e0 c\u00f3 to\u00e0n quy\u1ec1n x\u00f3a b\u1ea5t k\u1ef3 nh\u1eadn x\u00e9t n\u00e0o \u0111\u01b0\u1ee3c \u0111\u01b0a ra m\u00e0 kh\u00f4ng c\u1ea7n th\u00f4ng b\u00e1o tr\u01b0\u1edbc. <\/p>\n\n<h2 class=\"wp-block-heading\">Kh\u00f4ng c\u00f3 tr\u00e1ch nhi\u1ec7m t\u1eeb ch\u1ed1i tr\u00e1ch nhi\u1ec7m<\/h2>\n\n<p>\u0110\u00e2y l\u00e0 nh\u1eefng th\u00f4ng tin chung v\u00e0 C\u00f4ng ty s\u1ebd kh\u00f4ng ch\u1ecbu tr\u00e1ch nhi\u1ec7m v\u1ec1 b\u1ea5t k\u1ef3 l\u1eddi khuy\u00ean ph\u00e1p l\u00fd, thu\u1ebf ho\u1eb7c b\u1ea5t k\u1ef3 l\u1eddi khuy\u00ean n\u00e0o kh\u00e1c c\u00f3 th\u1ec3 \u0111\u01b0\u1ee3c \u0111\u01b0a ra trong th\u00f4ng tin \u0111\u00f3.\nDo \u0111\u00f3, n\u00f3 kh\u00f4ng n\u00ean \u0111\u01b0\u1ee3c s\u1eed d\u1ee5ng l\u00e0m c\u01a1 s\u1edf \u0111\u1ec3 \u0111\u01b0a ra b\u1ea5t k\u1ef3 quy\u1ebft \u0111\u1ecbnh k\u1ebf to\u00e1n, thu\u1ebf, ph\u00e1p l\u00fd ho\u1eb7c chuy\u00ean m\u00f4n n\u00e0o kh\u00e1c. <\/p>\n\n<p>Tr\u00e1ch nhi\u1ec7m c\u1ee7a C\u00f4ng ty ho\u1eb7c nh\u00e0 cung c\u1ea5p c\u1ee7a C\u00f4ng ty \u0111\u1ed1i v\u1edbi c\u00e1c thi\u1ec7t h\u1ea1i theo Th\u1ecfa thu\u1eadn n\u00e0y s\u1ebd \u0111\u01b0\u1ee3c gi\u1edbi h\u1ea1n \u1edf s\u1ed1 ti\u1ec1n b\u1ea1n \u0111\u00e3 thanh to\u00e1n cho D\u1ecbch v\u1ee5 trong m\u01b0\u1eddi hai (12) th\u00e1ng tr\u01b0\u1edbc s\u1ef1 ki\u1ec7n \u0111\u1ea7u ti\u00ean l\u00e0m ph\u00e1t sinh khi\u1ebfu n\u1ea1i.\nC\u00f4ng ty ho\u1eb7c c\u00e1c nh\u00e0 cung c\u1ea5p c\u1ee7a C\u00f4ng ty s\u1ebd kh\u00f4ng ch\u1ecbu tr\u00e1ch nhi\u1ec7m v\u1ec1 b\u1ea5t k\u1ef3 thi\u1ec7t h\u1ea1i \u0111\u1eb7c bi\u1ec7t, ng\u1eabu nhi\u00ean, gi\u00e1n ti\u1ebfp ho\u1eb7c do h\u1eadu qu\u1ea3 n\u00e0o d\u01b0\u1edbi b\u1ea5t k\u1ef3 h\u00ecnh th\u1ee9c n\u00e0o (bao g\u1ed3m, nh\u01b0ng kh\u00f4ng gi\u1edbi h\u1ea1n, ph\u00ed lu\u1eadt s\u01b0) theo b\u1ea5t k\u1ef3 c\u00e1ch n\u00e0o li\u00ean quan \u0111\u1ebfn vi\u1ec7c b\u1ea1n s\u1eed d\u1ee5ng D\u1ecbch v\u1ee5. <\/p>\n\n<h2 class=\"wp-block-heading\">\u0110i\u1ec1u n\u00e0y d\u1eabn \u0111\u1ebfn tuy\u00ean b\u1ed1 t\u1eeb ch\u1ed1i tr\u00e1ch nhi\u1ec7m th\u01b0\u1eddng \u0111\u01b0\u1ee3c tr\u00ecnh b\u00e0y l\u00e0: &#8220;Kh\u00f4ng b\u1ea3o h\u00e0nh. &#8220;<\/h2>\n\n<p>B\u1ea5t k\u1ef3 v\u00e0 t\u1ea5t c\u1ea3 th\u00f4ng tin c\u00f3 tr\u00ean D\u1ecbch v\u1ee5 n\u00e0y \u0111\u01b0\u1ee3c cung c\u1ea5p cho ng\u01b0\u1eddi d\u00f9ng tr\u00ean c\u01a1 s\u1edf &#8220;nguy\u00ean tr\u1ea1ng&#8221; m\u00e0 kh\u00f4ng c\u00f3 b\u1ea3o \u0111\u1ea3m d\u01b0\u1edbi b\u1ea5t k\u1ef3 h\u00ecnh th\u1ee9c n\u00e0o, r\u00f5 r\u00e0ng hay ng\u1ee5 \u00fd, bao g\u1ed3m nh\u01b0ng kh\u00f4ng gi\u1edbi h\u1ea1n \u1edf b\u1ea3o \u0111\u1ea3m v\u1ec1 t\u00ednh \u0111\u1ea7y \u0111\u1ee7, ch\u00ednh x\u00e1c v\u00e0 t\u01b0\u01a1ng t\u1ef1, b\u1ea3o \u0111\u1ea3m v\u1ec1 kh\u1ea3 n\u0103ng b\u00e1n \u0111\u01b0\u1ee3c, s\u1ef1 ph\u00f9 h\u1ee3p cho m\u1ed9t m\u1ee5c \u0111\u00edch c\u1ee5 th\u1ec3 ho\u1eb7c kh\u00f4ng vi ph\u1ea1m quy\u1ec1n c\u1ee7a b\u00ean th\u1ee9 ba.<\/p>\n\n<p>C\u00f4ng ty s\u1ebd kh\u00f4ng ch\u1ecbu tr\u00e1ch nhi\u1ec7m v\u1edbi B\u1ea1n ho\u1eb7c b\u1ea5t k\u1ef3 ai kh\u00e1c v\u1ec1 b\u1ea5t k\u1ef3 quy\u1ebft \u0111\u1ecbnh ho\u1eb7c h\u00e0nh \u0111\u1ed9ng n\u00e0o \u0111\u01b0\u1ee3c th\u1ef1c hi\u1ec7n d\u1ef1a tr\u00ean th\u00f4ng tin do D\u1ecbch v\u1ee5 cung c\u1ea5p ho\u1eb7c cho b\u1ea5t k\u1ef3 thi\u1ec7t h\u1ea1i do h\u1eadu qu\u1ea3, \u0111\u1eb7c bi\u1ec7t ho\u1eb7c t\u01b0\u01a1ng t\u1ef1 n\u00e0o, ngay c\u1ea3 khi \u0111\u01b0\u1ee3c th\u00f4ng b\u00e1o v\u1ec1 kh\u1ea3 n\u0103ng x\u1ea3y ra nh\u1eefng thi\u1ec7t h\u1ea1i \u0111\u00f3.<\/p>\n\n<h2 class=\"wp-block-heading\">Li\u00ean h\u1ec7 ch\u00fang t\u00f4i<\/h2>\n\n<p>N\u1ebfu b\u1ea1n c\u00f3 b\u1ea5t k\u1ef3 c\u00e2u h\u1ecfi n\u00e0o v\u1ec1 Tuy\u00ean b\u1ed1 t\u1eeb ch\u1ed1i tr\u00e1ch nhi\u1ec7m n\u00e0y, B\u1ea1n c\u00f3 th\u1ec3 li\u00ean h\u1ec7 v\u1edbi Ch\u00fang t\u00f4i:<\/p>\n\n<ul class=\"wp-block-list\">\n<li><strong>B\u1eb1ng c\u00e1ch truy c\u1eadp trang n\u00e0y tr\u00ean trang web c\u1ee7a ch\u00fang t\u00f4i:<\/strong> Sau \u0111\u00e2y l\u00e0 li\u00ean k\u1ebft \u0111\u1ebfn ngu\u1ed3n g\u1ed1c: <a href=\"https:\/\/vvvvu.%20com\/privacy-policy\/\" target=\"_blank\" rel=\"noopener nofollow\" title=\"\">https:\/\/vvvvu. com\/privacy-policy\/<\/a><\/li>\n<\/ul>\n","protected":false},"excerpt":{"rendered":"<p>Gi\u1ea3i th\u00edch Gi\u1ea3i th\u00edch v\u1ec1 c\u00e1c t\u1eeb m\u00e0 ch\u1eef c\u00e1i \u0111\u1ea7u ti\u00ean \u0111\u01b0\u1ee3c vi\u1ebft hoa \u0111\u01b0\u1ee3c cung c\u1ea5p theo c\u00e1c \u0111i\u1ec1u ki\u1ec7n sau: C\u00e1c thu\u1eadt ng\u1eef sau \u0111\u00e2y s\u1ebd c\u00f3 c\u00f9ng \u00fd ngh\u0129a khi \u0111\u01b0\u1ee3c s\u1eed d\u1ee5ng trong c\u00f4ng c\u1ee5 n\u00e0y, cho d\u00f9 \u0111\u01b0\u1ee3c s\u1eed d\u1ee5ng \u1edf s\u1ed1 \u00edt hay s\u1ed1 nhi\u1ec1u. \u0110\u1ecbnh ngh\u0129a V\u00ec [&hellip;]<\/p>\n","protected":false},"author":1,"featured_media":0,"parent":0,"menu_order":0,"comment_status":"closed","ping_status":"open","template":"","meta":{"inline_featured_image":false,"_uag_custom_page_level_css":"","site-sidebar-layout":"default","site-content-layout":"","ast-site-content-layout":"default","site-content-style":"default","site-sidebar-style":"default","ast-global-header-display":"","ast-banner-title-visibility":"","ast-main-header-display":"","ast-hfb-above-header-display":"","ast-hfb-below-header-display":"","ast-hfb-mobile-header-display":"","site-post-title":"","ast-breadcrumbs-content":"","ast-featured-img":"","footer-sml-layout":"","ast-disable-related-posts":"","theme-transparent-header-meta":"","adv-header-id-meta":"","stick-header-meta":"","header-above-stick-meta":"","header-main-stick-meta":"","header-below-stick-meta":"","astra-migrate-meta-layouts":"default","ast-page-background-enabled":"default","ast-page-background-meta":{"desktop":{"background-color":"var(--ast-global-color-4)","background-image":"","background-repeat":"repeat","background-position":"center center","background-size":"auto","background-attachment":"scroll","background-type":"","background-media":"","overlay-type":"","overlay-color":"","overlay-opacity":"","overlay-gradient":""},"tablet":{"background-color":"","background-image":"","background-repeat":"repeat","background-position":"center center","background-size":"auto","background-attachment":"scroll","background-type":"","background-media":"","overlay-type":"","overlay-color":"","overlay-opacity":"","overlay-gradient":""},"mobile":{"background-color":"","background-image":"","background-repeat":"repeat","background-position":"center center","background-size":"auto","background-attachment":"scroll","background-type":"","background-media":"","overlay-type":"","overlay-color":"","overlay-opacity":"","overlay-gradient":""}},"ast-content-background-meta":{"desktop":{"background-color":"var(--ast-global-color-5)","background-image":"","background-repeat":"repeat","background-position":"center center","background-size":"auto","background-attachment":"scroll","background-type":"","background-media":"","overlay-type":"","overlay-color":"","overlay-opacity":"","overlay-gradient":""},"tablet":{"background-color":"var(--ast-global-color-5)","background-image":"","background-repeat":"repeat","background-position":"center center","background-size":"auto","background-attachment":"scroll","background-type":"","background-media":"","overlay-type":"","overlay-color":"","overlay-opacity":"","overlay-gradient":""},"mobile":{"background-color":"var(--ast-global-color-5)","background-image":"","background-repeat":"repeat","background-position":"center center","background-size":"auto","background-attachment":"scroll","background-type":"","background-media":"","overlay-type":"","overlay-color":"","overlay-opacity":"","overlay-gradient":""}},"footnotes":""},"class_list":["post-14462","page","type-page","status-publish","hentry"],"aioseo_notices":[],"acf":[],"uagb_featured_image_src":{"full":false,"thumbnail":false,"medium":false,"medium_large":false,"large":false,"1536x1536":false,"2048x2048":false},"uagb_author_info":{"display_name":"\u545c\u545c\u545c","author_link":"https:\/\/vvvvu.com\/vi\/author\/vvvvu\/"},"uagb_comment_info":0,"uagb_excerpt":"Gi\u1ea3i th\u00edch Gi\u1ea3i th\u00edch v\u1ec1 c\u00e1c t\u1eeb m\u00e0 ch\u1eef c\u00e1i \u0111\u1ea7u ti\u00ean \u0111\u01b0\u1ee3c vi\u1ebft hoa \u0111\u01b0\u1ee3c cung c\u1ea5p theo c\u00e1c \u0111i\u1ec1u ki\u1ec7n sau: C\u00e1c thu\u1eadt ng\u1eef sau \u0111\u00e2y s\u1ebd c\u00f3 c\u00f9ng \u00fd ngh\u0129a khi \u0111\u01b0\u1ee3c s\u1eed d\u1ee5ng trong c\u00f4ng c\u1ee5 n\u00e0y, cho d\u00f9 \u0111\u01b0\u1ee3c s\u1eed d\u1ee5ng \u1edf s\u1ed1 \u00edt hay s\u1ed1 nhi\u1ec1u. \u0110\u1ecbnh ngh\u0129a V\u00ec&hellip;","_links":{"self":[{"href":"https:\/\/vvvvu.com\/vi\/wp-json\/wp\/v2\/pages\/14462","targetHints":{"allow":["GET"]}}],"collection":[{"href":"https:\/\/vvvvu.com\/vi\/wp-json\/wp\/v2\/pages"}],"about":[{"href":"https:\/\/vvvvu.com\/vi\/wp-json\/wp\/v2\/types\/page"}],"author":[{"embeddable":true,"href":"https:\/\/vvvvu.com\/vi\/wp-json\/wp\/v2\/users\/1"}],"replies":[{"embeddable":true,"href":"https:\/\/vvvvu.com\/vi\/wp-json\/wp\/v2\/comments?post=14462"}],"version-history":[{"count":3,"href":"https:\/\/vvvvu.com\/vi\/wp-json\/wp\/v2\/pages\/14462\/revisions"}],"predecessor-version":[{"id":111364,"href":"https:\/\/vvvvu.com\/vi\/wp-json\/wp\/v2\/pages\/14462\/revisions\/111364"}],"wp:attachment":[{"href":"https:\/\/vvvvu.com\/vi\/wp-json\/wp\/v2\/media?parent=14462"}],"curies":[{"name":"wp","href":"https:\/\/api.w.org\/{rel}","templated":true}]}}