{"id":14419,"date":"2023-07-10T03:31:05","date_gmt":"2023-07-10T03:31:05","guid":{"rendered":"https:\/\/vvvvu.com\/chinh-sach-bao-mat\/"},"modified":"2024-07-24T05:50:49","modified_gmt":"2024-07-24T05:50:49","slug":"chinh-sach-bao-mat","status":"publish","type":"page","link":"https:\/\/vvvvu.com\/vi\/chinh-sach-bao-mat\/","title":{"rendered":"Ch\u00ednh s\u00e1ch b\u1ea3o m\u1eadt"},"content":{"rendered":"\n<h2 class=\"wp-block-heading\">Danh t\u00ednh c\u1ee7a ch\u00fang t\u00f4i<\/h2>\n\n<p>T\u00ecm ch\u00fang t\u00f4i tr\u1ef1c tuy\u1ebfn t\u1ea1i: <a href=\"https:\/\/vvvvu.com\/vi\/\" target=\"_blank\" rel=\"noopener nofollow\" title=\"nh&#xE0; c&#xE1;i\">https:\/\/vvvvu.com<\/a>.<\/p>\n\n<h2 class=\"wp-block-heading\">Ph\u1ea7n b\u00ecnh lu\u1eadn<\/h2>\n\n<p>D\u1eef li\u1ec7u c\u1ee7a kh\u00e1ch h\u00e0ng \u0111\u01b0\u1ee3c cung c\u1ea5p b\u1edfi nh\u1eefng ng\u01b0\u1eddi \u0111\u1ec3 l\u1ea1i nh\u1eadn x\u00e9t tr\u00ean trang c\u1ee7a ch\u00fang t\u00f4i, h\u1ecd l\u00e0m \u0111i\u1ec1u \u0111\u00f3 b\u1eb1ng c\u00e1ch nh\u1eadp d\u1eef li\u1ec7u c\u1ea7n thi\u1ebft d\u01b0\u1edbi d\u1ea1ng nh\u1eadn x\u00e9t.\n\u0110i\u1ec1u n\u00e0y, c\u00f9ng v\u1edbi \u0111\u1ecba ch\u1ec9 IP v\u00e0 th\u00f4ng tin tr\u00ecnh duy\u1ec7t c\u1ee7a h\u1ecd cung c\u1ea5p cho ch\u00fang t\u00f4i c\u00e1c bi\u1ec7n ph\u00e1p b\u1ea3o v\u1ec7 kh\u1ecfi spam. <\/p>\n\n<p>\u0110\u1ecba ch\u1ec9 email m\u00e0 b\u1ea1n c\u00f3 th\u1ec3 c\u00f3 c\u00e1ch \u0111\u1ec3 \u1ea9n danh v\u00ec Gravatar c\u00f3 th\u1ec3 x\u00e1c minh vi\u1ec7c s\u1eed d\u1ee5ng n\u00f3 b\u1eb1ng c\u00e1ch bi\u1ebfn th\u00e0nh m\u1ed9t chu\u1ed7i \u1ea9n danh, h\u00e0m b\u0103m. Ch\u00ednh s\u00e1ch b\u1ea3o m\u1eadt c\u1ee7a Gravatar c\u00f3 t\u1ea1i \u0111\u00e2y: <a href=\"https:\/\/vvvvu.com\/vi\/chinh-sach-bao-mat\/\" target=\"_blank\" rel=\"noopener nofollow\" title=\"Ch&#xED;nh s&#xE1;ch b&#x1EA3;o m&#x1EAD;t\/\">https:\/\/vvvvu.com\/privacy-policy\/<\/a>.\n\u1ea2nh h\u1ed3 s\u01a1 c\u1ee7a b\u1ea1n hi\u1ec7n hi\u1ec3n th\u1ecb c\u00f4ng khai trong ng\u1eef c\u1ea3nh sau khi nh\u1eadn x\u00e9t c\u1ee7a b\u1ea1n \u0111\u01b0\u1ee3c ph\u00ea duy\u1ec7t. <\/p>\n\n<h2 class=\"wp-block-heading\">T\u1ea3i l\u00ean h\u00ecnh \u1ea3nh<\/h2>\n\n<p>T\u1ea3i l\u00ean h\u00ecnh \u1ea3nh?\nH\u00e3y nh\u1eadn bi\u1ebft.\nN\u1ebfu \u0111\u00f3 l\u00e0 tr\u01b0\u1eddng h\u1ee3p d\u1eef li\u1ec7u v\u1ecb tr\u00ed n\u1eb1m trong \u0111\u00f3 (EXIF GPS), kh\u00e1ch truy c\u1eadp c\u1ee7a trang web c\u00f3 th\u1ec3 t\u1ea3i xu\u1ed1ng v\u00e0 tr\u00edch xu\u1ea5t n\u00f3.  <\/p>\n\n<h2 class=\"wp-block-heading\">Th\u00f4ng tin cookie<\/h2>\n\n<p>\u0110\u1ec3 l\u1ea1i m\u1ed9t b\u00ecnh lu\u1eadn?\nNgo\u00e0i ra, c\u00f3 m\u1ed9t cookie _ \u0111\u1ec3 name_, email v\u00e0 trang web c\u1ee7a b\u1ea1n c\u00f3 th\u1ec3 \u0111\u01b0\u1ee3c l\u01b0u.\n\u0110\u00e2y l\u00e0 m\u1ed9t s\u1ef1 ti\u1ec7n l\u1ee3i m\u1ed9t n\u0103m kh\u00f4n ngoan \u0111\u1ec3 b\u1ea3o v\u1ec7 b\u1ea1n kh\u1ecfi vi\u1ec7c nh\u1eadp l\u1ea1i d\u1eef li\u1ec7u.  <\/p>\n\n<p>Khi \u0111\u0103ng nh\u1eadp v\u00e0o trang web c\u1ee7a ch\u00fang t\u00f4i, c\u00f3 m\u1ed9t cookie t\u1ea1m th\u1eddi quy\u1ebft \u0111\u1ecbnh xem tr\u00ecnh duy\u1ec7t c\u1ee7a b\u1ea1n c\u00f3 t\u01b0\u01a1ng th\u00edch v\u1edbi cookie hay kh\u00f4ng.\nM\u1ed9t cookie kh\u00f4ng d\u1eef li\u1ec7u nh\u01b0 v\u1eady v\u1eabn c\u00f2n sau khi tr\u00ecnh duy\u1ec7t b\u1ecb \u0111\u00f3ng. <\/p>\n\n<p>\u0110\u0103ng nh\u1eadp?\nCookie \u0111\u01b0\u1ee3c t\u1ea1o ra \u0111\u1ec3 ghi nh\u1edb, gi\u1eef t\u00f9y ch\u1ecdn hi\u1ec3n th\u1ecb v\u00e0 chi ti\u1ebft \u0111\u0103ng nh\u1eadp c\u1ee7a b\u1ea1n.\nCookie \u0111\u0103ng nh\u1eadp l\u00e0 b\u1ed9 h\u1eb9n gi\u1edd hai ng\u00e0y nh\u01b0ng t\u00f9y ch\u1ecdn m\u00e0n h\u00ecnh l\u01b0u tr\u1eef trong m\u1ed9t n\u0103m.\nH\u00e3y nh\u1edb r\u1eb1ng Ta s\u1ebd nh\u1edb \u0111\u1ebfn c\u00e1c con trong hai tu\u1ea7n.\nKhi m\u1ed9t ng\u01b0\u1eddi \u0111\u0103ng xu\u1ea5t; Sau \u0111\u00f3, cookie \u0111\u0103ng nh\u1eadp s\u1ebd b\u1ecb x\u00f3a.    <\/p>\n\n<p>Khi chuy\u1ec3n \u0111\u1ed5i ho\u1eb7c t\u1ea3i l\u00ean b\u00e0i vi\u1ebft, b\u1ea1n s\u1ebd th\u1ea5y r\u1eb1ng c\u00f3 m\u1ed9t cookie m\u1edbi m\u00e0 tr\u00ecnh duy\u1ec7t c\u1ee7a b\u1ea1n l\u01b0u tr\u1eef.\n\u0110\u00e2y kh\u00f4ng ph\u1ea3i l\u00e0 th\u00f4ng tin c\u00e1 nh\u00e2n gi\u1eef cookie.\nN\u00f3 ch\u1ec9 \u0111\u00e1nh d\u1ea5u ID b\u00e0i \u0111\u0103ng c\u1ee7a n\u00f3, ID cu\u1ed1i c\u00f9ng \u0111\u01b0\u1ee3c c\u1eadp nh\u1eadt M\u1ed9t ng\u00e0y sau khi cookie n\u00e0y bi\u1ebfn m\u1ea5t.  <\/p>\n\n<h2 class=\"wp-block-heading\">N\u1ed9i dung bao g\u1ed3m t\u1eeb c\u00e1c trang web kh\u00e1c nhau<\/h2>\n\n<p>C\u00e1c b\u00e0i vi\u1ebft tr\u00ean trang web n\u00e0y c\u00f3 th\u1ec3 c\u00f3 n\u1ed9i dung kh\u00f4ng bao g\u1ed3m, v\u00ed d\u1ee5: video, h\u00ecnh \u1ea3nh, trang ph\u1ee5c v\u00e0 c\u00e1c n\u1ed9i dung kh\u00e1c.\nC\u0169ng bao g\u1ed3m n\u1ed9i dung t\u1eeb c\u00e1c trang web kh\u00e1c ho\u1ea1t \u0111\u1ed9ng h\u1ea7u nh\u01b0 gi\u1ed1ng nh\u01b0 khi b\u1ea1n truy c\u1eadp trang web kh\u00e1c. <\/p>\n\n<p>C\u00e1c trang web nh\u01b0 v\u1eady c\u00f3 th\u1ec3 thu th\u1eadp th\u00f4ng tin v\u1ec1 b\u1ea1n, s\u1eed d\u1ee5ng cookie, \u0111o l\u01b0\u1eddng nhi\u1ec1u b\u00ean th\u1ee9 ba h\u01a1n v\u00e0 theo d\u00f5i s\u1ef1 tham gia c\u1ee7a b\u1ea1n v\u1edbi t\u00e0i li\u1ec7u \u0111\u01b0\u1ee3c bao g\u1ed3m.\nC\u00e1c t\u01b0\u01a1ng t\u00e1c nh\u01b0 v\u1eady bao g\u1ed3m theo d\u00f5i c\u00e1c t\u01b0\u01a1ng t\u00e1c c\u1ee7a b\u1ea1n v\u1edbi t\u00e0i li\u1ec7u \u0111\u01b0\u1ee3c cung c\u1ea5p, n\u1ebfu b\u1ea1n \u0111\u0103ng nh\u1eadp v\u00e0o trang web \u0111\u01b0\u1ee3c \u0111\u1ec1 c\u1eadp. <\/p>\n\n<h2 class=\"wp-block-heading\">Chia s\u1ebb d\u1eef li\u1ec7u<\/h2>\n\n<p>Ch\u1ec9 \u0111\u1ecba ch\u1ec9 IP c\u1ee7a b\u1ea1n s\u1ebd \u0111\u01b0\u1ee3c nh\u00fang trong th\u00f4ng b\u00e1o \u0111\u1eb7t l\u1ea1i.<\/p>\n\n<h2 class=\"wp-block-heading\">L\u01b0u gi\u1eef d\u1eef li\u1ec7u c\u1ee7a b\u1ea1n<\/h2>\n\n<p>N\u1ebfu b\u1ea1n nh\u1eadn x\u00e9t, nh\u1eadn x\u00e9t v\u00e0 d\u1eef li\u1ec7u t\u01b0\u01a1ng quan c\u1ee7a n\u00f3 \u0111\u01b0\u1ee3c duy tr\u00ec v\u00f4 th\u1eddi h\u1ea1n.\n\u0110i\u1ec1u n\u00e0y cho ph\u00e9p ch\u00fang t\u00f4i x\u00e1c \u0111\u1ecbnh v\u00e0 x\u1eed ph\u1ea1t b\u00e0i \u0111\u0103ng c\u1ee7a b\u1ea1n s\u1edbm h\u01a1n l\u00e0 \u0111\u1ec3 h\u1ecd treo \u1edf \u0111\u00f3 trong b\u1ea5t k\u1ef3 h\u00e0ng \u0111\u1ee3i n\u00e0o-. <\/p>\n\n<p>Th\u00f4ng tin c\u00e1 nh\u00e2n m\u00e0 c\u00e1c th\u00e0nh vi\u00ean worbsite c\u1ee7a ch\u00fang t\u00f4i (n\u1ebfu c\u00f3) cung c\u1ea5p trong h\u1ed3 s\u01a1 c\u1ee7a h\u1ecd \u0111\u01b0\u1ee3c l\u01b0u tr\u1eef.\nB\u1ea5t k\u1ef3 ng\u01b0\u1eddi d\u00f9ng n\u00e0o c\u0169ng c\u00f3 th\u1ec3 xem, s\u1eeda \u0111\u1ed5i ho\u1eb7c x\u00f3a th\u00f4ng tin c\u00e1 nh\u00e2n c\u1ee7a m\u00ecnh b\u1ea5t c\u1ee9 l\u00fac n\u00e0o (ngo\u1ea1i tr\u1eeb t\u00ean ng\u01b0\u1eddi d\u00f9ng).\nQu\u1ea3n tr\u1ecb vi\u00ean trang web c\u0169ng c\u00f3 th\u1ec3 l\u00e0m nh\u01b0 v\u1eady.  <\/p>\n\n<h2 class=\"wp-block-heading\">B\u1ea1n c\u00f3 nh\u1eefng quy\u1ec1n g\u00ec \u0111\u1ed1i v\u1edbi d\u1eef li\u1ec7u c\u1ee7a m\u00ecnh<\/h2>\n\n<p>N\u1ebfu b\u1ea1n c\u00f3 t\u00e0i kho\u1ea3n ho\u1eb7c \u0111\u00e3 \u0111\u1ec3 l\u1ea1i nh\u1eadn x\u00e9t tr\u00ean trang web n\u00e0y, b\u1ea1n c\u00f3 th\u1ec3 y\u00eau c\u1ea7u t\u1ec7p xu\u1ea5t d\u1eef li\u1ec7u c\u00e1 nh\u00e2n c\u1ee7a b\u1ea1n m\u00e0 ch\u00fang t\u00f4i n\u1eafm gi\u1eef bao g\u1ed3m d\u1eef li\u1ec7u b\u1ea1n \u0111\u00e3 cung c\u1ea5p cho ch\u00fang t\u00f4i.\nB\u1ea1n c\u0169ng c\u00f3 th\u1ec3 y\u00eau c\u1ea7u ch\u00fang t\u00f4i x\u00f3a b\u1ea5t k\u1ef3 th\u00f4ng tin c\u00e1 nh\u00e2n n\u00e0o v\u1ec1 b\u1ea1n m\u00e0 ch\u00fang t\u00f4i c\u00f3.\nTuy nhi\u00ean, \u0111i\u1ec1u n\u00e0y kh\u00f4ng \u00e1p d\u1ee5ng b\u1ea5t k\u1ef3 th\u00f4ng tin n\u00e0o ch\u00fang t\u00f4i n\u00ean gi\u1eef v\u00ec l\u00fd do ho\u1ea1t \u0111\u1ed9ng, lu\u1eadt \u0111\u1ecbnh ho\u1eb7c b\u1ea3o m\u1eadt.  <\/p>\n","protected":false},"excerpt":{"rendered":"<p>Danh t\u00ednh c\u1ee7a ch\u00fang t\u00f4i T\u00ecm ch\u00fang t\u00f4i tr\u1ef1c tuy\u1ebfn t\u1ea1i: https:\/\/vvvvu.com. Ph\u1ea7n b\u00ecnh lu\u1eadn D\u1eef li\u1ec7u c\u1ee7a kh\u00e1ch h\u00e0ng \u0111\u01b0\u1ee3c cung c\u1ea5p b\u1edfi nh\u1eefng ng\u01b0\u1eddi \u0111\u1ec3 l\u1ea1i nh\u1eadn x\u00e9t tr\u00ean trang c\u1ee7a ch\u00fang t\u00f4i, h\u1ecd l\u00e0m \u0111i\u1ec1u \u0111\u00f3 b\u1eb1ng c\u00e1ch nh\u1eadp d\u1eef li\u1ec7u c\u1ea7n thi\u1ebft d\u01b0\u1edbi d\u1ea1ng nh\u1eadn x\u00e9t. \u0110i\u1ec1u n\u00e0y, c\u00f9ng v\u1edbi \u0111\u1ecba [&hellip;]<\/p>\n","protected":false},"author":1,"featured_media":0,"parent":0,"menu_order":0,"comment_status":"closed","ping_status":"closed","template":"","meta":{"inline_featured_image":false,"_uag_custom_page_level_css":"","site-sidebar-layout":"default","site-content-layout":"","ast-site-content-layout":"default","site-content-style":"default","site-sidebar-style":"default","ast-global-header-display":"","ast-banner-title-visibility":"","ast-main-header-display":"","ast-hfb-above-header-display":"","ast-hfb-below-header-display":"","ast-hfb-mobile-header-display":"","site-post-title":"","ast-breadcrumbs-content":"","ast-featured-img":"","footer-sml-layout":"","ast-disable-related-posts":"","theme-transparent-header-meta":"","adv-header-id-meta":"","stick-header-meta":"","header-above-stick-meta":"","header-main-stick-meta":"","header-below-stick-meta":"","astra-migrate-meta-layouts":"default","ast-page-background-enabled":"default","ast-page-background-meta":{"desktop":{"background-color":"var(--ast-global-color-4)","background-image":"","background-repeat":"repeat","background-position":"center center","background-size":"auto","background-attachment":"scroll","background-type":"","background-media":"","overlay-type":"","overlay-color":"","overlay-opacity":"","overlay-gradient":""},"tablet":{"background-color":"","background-image":"","background-repeat":"repeat","background-position":"center center","background-size":"auto","background-attachment":"scroll","background-type":"","background-media":"","overlay-type":"","overlay-color":"","overlay-opacity":"","overlay-gradient":""},"mobile":{"background-color":"","background-image":"","background-repeat":"repeat","background-position":"center center","background-size":"auto","background-attachment":"scroll","background-type":"","background-media":"","overlay-type":"","overlay-color":"","overlay-opacity":"","overlay-gradient":""}},"ast-content-background-meta":{"desktop":{"background-color":"var(--ast-global-color-5)","background-image":"","background-repeat":"repeat","background-position":"center center","background-size":"auto","background-attachment":"scroll","background-type":"","background-media":"","overlay-type":"","overlay-color":"","overlay-opacity":"","overlay-gradient":""},"tablet":{"background-color":"var(--ast-global-color-5)","background-image":"","background-repeat":"repeat","background-position":"center center","background-size":"auto","background-attachment":"scroll","background-type":"","background-media":"","overlay-type":"","overlay-color":"","overlay-opacity":"","overlay-gradient":""},"mobile":{"background-color":"var(--ast-global-color-5)","background-image":"","background-repeat":"repeat","background-position":"center center","background-size":"auto","background-attachment":"scroll","background-type":"","background-media":"","overlay-type":"","overlay-color":"","overlay-opacity":"","overlay-gradient":""}},"footnotes":""},"class_list":["post-14419","page","type-page","status-publish","hentry"],"aioseo_notices":[],"acf":[],"uagb_featured_image_src":{"full":false,"thumbnail":false,"medium":false,"medium_large":false,"large":false,"1536x1536":false,"2048x2048":false},"uagb_author_info":{"display_name":"\u545c\u545c\u545c","author_link":"https:\/\/vvvvu.com\/vi\/author\/vvvvu\/"},"uagb_comment_info":0,"uagb_excerpt":"Danh t\u00ednh c\u1ee7a ch\u00fang t\u00f4i T\u00ecm ch\u00fang t\u00f4i tr\u1ef1c tuy\u1ebfn t\u1ea1i: https:\/\/vvvvu.com. Ph\u1ea7n b\u00ecnh lu\u1eadn D\u1eef li\u1ec7u c\u1ee7a kh\u00e1ch h\u00e0ng \u0111\u01b0\u1ee3c cung c\u1ea5p b\u1edfi nh\u1eefng ng\u01b0\u1eddi \u0111\u1ec3 l\u1ea1i nh\u1eadn x\u00e9t tr\u00ean trang c\u1ee7a ch\u00fang t\u00f4i, h\u1ecd l\u00e0m \u0111i\u1ec1u \u0111\u00f3 b\u1eb1ng c\u00e1ch nh\u1eadp d\u1eef li\u1ec7u c\u1ea7n thi\u1ebft d\u01b0\u1edbi d\u1ea1ng nh\u1eadn x\u00e9t. \u0110i\u1ec1u n\u00e0y, c\u00f9ng v\u1edbi \u0111\u1ecba&hellip;","_links":{"self":[{"href":"https:\/\/vvvvu.com\/vi\/wp-json\/wp\/v2\/pages\/14419","targetHints":{"allow":["GET"]}}],"collection":[{"href":"https:\/\/vvvvu.com\/vi\/wp-json\/wp\/v2\/pages"}],"about":[{"href":"https:\/\/vvvvu.com\/vi\/wp-json\/wp\/v2\/types\/page"}],"author":[{"embeddable":true,"href":"https:\/\/vvvvu.com\/vi\/wp-json\/wp\/v2\/users\/1"}],"replies":[{"embeddable":true,"href":"https:\/\/vvvvu.com\/vi\/wp-json\/wp\/v2\/comments?post=14419"}],"version-history":[{"count":3,"href":"https:\/\/vvvvu.com\/vi\/wp-json\/wp\/v2\/pages\/14419\/revisions"}],"predecessor-version":[{"id":111688,"href":"https:\/\/vvvvu.com\/vi\/wp-json\/wp\/v2\/pages\/14419\/revisions\/111688"}],"wp:attachment":[{"href":"https:\/\/vvvvu.com\/vi\/wp-json\/wp\/v2\/media?parent=14419"}],"curies":[{"name":"wp","href":"https:\/\/api.w.org\/{rel}","templated":true}]}}