{"id":14308,"date":"2023-07-13T13:30:44","date_gmt":"2023-07-13T13:30:44","guid":{"rendered":"https:\/\/vvvvu.com\/nha-cai-ca-cuoc-blog\/"},"modified":"2024-07-24T03:27:45","modified_gmt":"2024-07-24T03:27:45","slug":"nha-cai-ca-cuoc-blog","status":"publish","type":"page","link":"https:\/\/vvvvu.com\/vi\/nha-cai-ca-cuoc-blog\/","title":{"rendered":"Blog c\u00e1 c\u01b0\u1ee3c"},"content":{"rendered":"\n<div class=\"wp-block-uagb-container uagb-block-acec1f0b default uagb-is-root-container\">\n<div class=\"wp-block-uagb-container uagb-block-4f34f401\">\n<p class=\"has-text-align-center\">Th\u1ec3 thao v\u00e0 c\u1edd b\u1ea1c l\u00e0 nh\u1eefng l\u0129nh v\u1ef1c ki\u1ebfn th\u1ee9c r\u1ed9ng l\u1edbn trong kho c\u1ee7a ch\u00fang t\u00f4i.\nB\u1ea5t k\u1ec3 b\u1ea1n l\u00e0 chuy\u00ean gia hay ch\u1ec9 m\u1edbi b\u1eaft \u0111\u1ea7u, blog c\u00e1 <a href=\"https:\/\/vvvvu.com\/vi\/\" target=\"_blank\" rel=\"noopener\" title=\"nh&#xE0; c&#xE1;i\">c\u01b0\u1ee3c<\/a> ch\u1ee9a c\u00e1c g\u1ee3i \u00fd v\u00e0 h\u01b0\u1edbng d\u1eabn cho t\u1ea5t c\u1ea3 c\u00e1c tr\u00f2 ch\u01a1i \u01b0a th\u00edch c\u1ee7a b\u1ea1n c\u00f3 th\u1ec3 l\u00e0 b\u00f3ng \u0111\u00e1, ng\u1ef1a b\u1ea3nh bao, cricket, b\u00f3ng ch\u00e0y, b\u00f3ng v\u00e0 qu\u1ea7n v\u1ee3t.\nCh\u00fang t\u00f4i c\u0169ng c\u00f3 th\u00f4ng tin chi ti\u1ebft v\u1ec1 c\u00e1c tr\u00f2 ch\u01a1i s\u00f2ng b\u1ea1c nh\u01b0 blackjack, m\u00e1y \u0111\u00e1nh b\u1ea1c, poker son roulette v\u00e0 baccarat.\nV\u00e0 h\u00e3y cho ch\u00fang t\u00f4i bi\u1ebft v\u1ec1 c\u00e1c \u01b0u \u0111\u00e3i ti\u1ec1n th\u01b0\u1edfng nh\u01b0 \u0111\u1eb7t c\u01b0\u1ee3c mi\u1ec5n ph\u00ed ho\u1eb7c <a href=\"https:\/\/bookiessite.com\/\" target=\"_blank\" rel=\"noopener\" title=\"Ti&#x1EC1;n th&#x1B0;&#x1EDF;ng ch&#xE0;o m&#x1EEB;ng\">ti\u1ec1n th\u01b0\u1edfng ch\u00e0o m\u1eebng<\/a> c\u1ee7a b\u1ea1n.\nB\u1ea1n c\u00f3 th\u1ec3 thanh to\u00e1n b\u1eb1ng th\u1ebb t\u00edn d\u1ee5ng \/ th\u1ebb ghi n\u1ee3 ho\u1eb7c s\u1eed d\u1ee5ng v\u00ed k\u1ef9 thu\u1eadt s\u1ed1, s\u1ef1 l\u1ef1a ch\u1ecdn kh\u00e1c nhau r\u1ea5t nhi\u1ec1u.\nT\u00ecm th\u00eam c\u00e1c c\u00e2u chuy\u1ec7n c\u00e1 c\u01b0\u1ee3c th\u1ec3 thao v\u1edbi ch\u00fang t\u00f4i.     <\/p>\n<\/div>\n\n\n\n<div class=\"wp-block-uagb-container uagb-block-7a308bc6\">\n<div class=\"wp-block-uagb-image uagb-block-29b5c1f0 wp-block-uagb-image--layout-default wp-block-uagb-image--effect-zoomin wp-block-uagb-image--align-none\"><figure class=\"wp-block-uagb-image__figure\"><img decoding=\"async\" srcset=\"https:\/\/vvvvu.com\/wp-content\/uploads\/2023\/09\/076-feedback.svg ,https:\/\/vvvvu.com\/wp-content\/uploads\/2023\/09\/076-feedback.svg 780w, https:\/\/vvvvu.com\/wp-content\/uploads\/2023\/09\/076-feedback.svg 360w\" sizes=\"auto, (max-width: 480px) 150px\" src=\"https:\/\/vvvvu.com\/wp-content\/uploads\/2023\/09\/076-feedback.svg\" alt=\"Bookmakers Blog\" class=\"uag-image-14249\" width=\"1024\" height=\"1024\" loading=\"lazy\"\/><\/figure><\/div>\n<\/div>\n<\/div>\n<div class=\"pt-cv-wrapper\"><div class=\"pt-cv-view pt-cv-grid pt-cv-colsys pt-cv-nolf pt-cv-post-border pt-cv-pgregular\" id=\"pt-cv-view-bfa1fdeh76\"><div data-id=\"pt-cv-page-1\" class=\"pt-cv-page cv-npf\" data-cvc=\"1\"><div class=\"col-md-12 col-sm-12 col-xs-12 pt-cv-content-item pt-cv-2-col\"  data-pid=\"0\"><div class='pt-cv-ifield'><div class=\"pt-cv-no-post\">No posts found.<\/div><\/div><\/div><\/div><\/div><\/div>\t\t\t<style type=\"text\/css\" id=\"pt-cv-inline-style-8bf9e63j1o\">#pt-cv-view-bfa1fdeh76 .pt-cv-ifield { padding-top: 5px !important; padding-right: 5px !important; padding-bottom: 5px !important; padding-left: 5px !important; }\n#pt-cv-view-bfa1fdeh76  .pt-cv-ifield   { background-color: #dff1ff !important; }\n#pt-cv-view-bfa1fdeh76.pt-cv-post-border { margin: 0; border-top-width: 1px; border-left-width: 1px }\n#pt-cv-view-bfa1fdeh76.pt-cv-post-border { margin: 0; border-top-style: solid; border-left-style: solid }\n#pt-cv-view-bfa1fdeh76.pt-cv-post-border { margin: 0; border-top-color: #d2d2d2; border-left-color: #d2d2d2 }\n#pt-cv-view-bfa1fdeh76.pt-cv-post-border .pt-cv-content-item   { border-right-width: 1px; border-bottom-width: 1px; border-right-style: solid; border-bottom-style: solid; border-right-color: #d2d2d2; border-bottom-color: #d2d2d2; }\n#pt-cv-view-bfa1fdeh76 .pt-cv-href-thumbnail  { margin-left: auto !important; margin-right: auto !important; display: block !important; text-align: center !important; clear: both !important; }\n#pt-cv-view-bfa1fdeh76 .pt-cv-title a, #pt-cv-view-bfa1fdeh76  .panel-title { font-size: 15px !important; line-height: 1.3 !important; color: #cb1010 !important; background-color: #dff1ff !important; font-weight: 600 !important; display: block !important; text-align: left !important; clear: both !important; }\n#pt-cv-view-bfa1fdeh76  .pt-cv-title a:hover, #pt-cv-view-bfa1fdeh76  .panel-title:hover   { color: #8f13a5 !important; background-color: #dff1ff !important; }\n#pt-cv-view-bfa1fdeh76 .pt-cv-readmore  { color: #cb1010 !important; }\n#pt-cv-view-bfa1fdeh76 .pt-cv-readmore:hover  { color: #8f13a5 !important; background-color: #dff1ff !important; }\n#pt-cv-view-bfa1fdeh76  + .pt-cv-pagination-wrapper .pt-cv-more-inactive , #pt-cv-view-bfa1fdeh76  + .pt-cv-pagination-wrapper .pagination a, .pt-cv-pagination[data-sid='bfa1fdeh76'] a { color: #cb1010 !important; }\n#pt-cv-view-bfa1fdeh76  + .pt-cv-pagination-wrapper .pt-cv-more , #pt-cv-view-bfa1fdeh76  + .pt-cv-pagination-wrapper .pagination .active a, .pt-cv-pagination[data-sid='bfa1fdeh76'] .active a { color: #cb1010 !important; }\n#pt-cv-view-bfa1fdeh76 .img-rounded, #pt-cv-view-bfa1fdeh76 .pt-cv-hover-wrapper { -webkit-border-radius: 6px !important; -moz-border-radius: 6px !important; border-radius: 6px !important; }\n#pt-cv-view-bfa1fdeh76 .pt-cv-cap-w-img { border-bottom-left-radius: 6px !important; border-bottom-right-radius: 6px !important; }<\/style>\r\n\t\t\t\n","protected":false},"excerpt":{"rendered":"<p>Th\u1ec3 thao v\u00e0 c\u1edd b\u1ea1c l\u00e0 nh\u1eefng l\u0129nh v\u1ef1c ki\u1ebfn th\u1ee9c r\u1ed9ng l\u1edbn trong kho c\u1ee7a ch\u00fang t\u00f4i. B\u1ea5t k\u1ec3 b\u1ea1n l\u00e0 chuy\u00ean gia hay ch\u1ec9 m\u1edbi b\u1eaft \u0111\u1ea7u, blog c\u00e1 c\u01b0\u1ee3c ch\u1ee9a c\u00e1c g\u1ee3i \u00fd v\u00e0 h\u01b0\u1edbng d\u1eabn cho t\u1ea5t c\u1ea3 c\u00e1c tr\u00f2 ch\u01a1i \u01b0a th\u00edch c\u1ee7a b\u1ea1n c\u00f3 th\u1ec3 l\u00e0 b\u00f3ng \u0111\u00e1, ng\u1ef1a [&hellip;]<\/p>\n","protected":false},"author":1,"featured_media":14248,"parent":0,"menu_order":0,"comment_status":"closed","ping_status":"open","template":"","meta":{"inline_featured_image":false,"_uag_custom_page_level_css":"","site-sidebar-layout":"default","site-content-layout":"","ast-site-content-layout":"default","site-content-style":"default","site-sidebar-style":"default","ast-global-header-display":"","ast-banner-title-visibility":"","ast-main-header-display":"","ast-hfb-above-header-display":"","ast-hfb-below-header-display":"","ast-hfb-mobile-header-display":"","site-post-title":"","ast-breadcrumbs-content":"","ast-featured-img":"disabled","footer-sml-layout":"","ast-disable-related-posts":"","theme-transparent-header-meta":"","adv-header-id-meta":"","stick-header-meta":"","header-above-stick-meta":"","header-main-stick-meta":"","header-below-stick-meta":"","astra-migrate-meta-layouts":"set","ast-page-background-enabled":"default","ast-page-background-meta":{"desktop":{"background-color":"var(--ast-global-color-4)","background-image":"","background-repeat":"repeat","background-position":"center center","background-size":"auto","background-attachment":"scroll","background-type":"","background-media":"","overlay-type":"","overlay-color":"","overlay-opacity":"","overlay-gradient":""},"tablet":{"background-color":"","background-image":"","background-repeat":"repeat","background-position":"center center","background-size":"auto","background-attachment":"scroll","background-type":"","background-media":"","overlay-type":"","overlay-color":"","overlay-opacity":"","overlay-gradient":""},"mobile":{"background-color":"","background-image":"","background-repeat":"repeat","background-position":"center center","background-size":"auto","background-attachment":"scroll","background-type":"","background-media":"","overlay-type":"","overlay-color":"","overlay-opacity":"","overlay-gradient":""}},"ast-content-background-meta":{"desktop":{"background-color":"var(--ast-global-color-5)","background-image":"","background-repeat":"repeat","background-position":"center center","background-size":"auto","background-attachment":"scroll","background-type":"","background-media":"","overlay-type":"","overlay-color":"","overlay-opacity":"","overlay-gradient":""},"tablet":{"background-color":"var(--ast-global-color-5)","background-image":"","background-repeat":"repeat","background-position":"center center","background-size":"auto","background-attachment":"scroll","background-type":"","background-media":"","overlay-type":"","overlay-color":"","overlay-opacity":"","overlay-gradient":""},"mobile":{"background-color":"var(--ast-global-color-5)","background-image":"","background-repeat":"repeat","background-position":"center center","background-size":"auto","background-attachment":"scroll","background-type":"","background-media":"","overlay-type":"","overlay-color":"","overlay-opacity":"","overlay-gradient":""}},"footnotes":""},"class_list":["post-14308","page","type-page","status-publish","has-post-thumbnail","hentry"],"aioseo_notices":[],"acf":[],"uagb_featured_image_src":{"full":["https:\/\/vvvvu.com\/wp-content\/uploads\/2023\/09\/009-marketing.svg",512,512,false],"thumbnail":["https:\/\/vvvvu.com\/wp-content\/uploads\/2023\/09\/009-marketing.svg",150,150,true],"medium":["https:\/\/vvvvu.com\/wp-content\/uploads\/2023\/09\/009-marketing.svg",300,300,true],"medium_large":["https:\/\/vvvvu.com\/wp-content\/uploads\/2023\/09\/009-marketing.svg",768,768,true],"large":["https:\/\/vvvvu.com\/wp-content\/uploads\/2023\/09\/009-marketing.svg",1024,1024,true],"1536x1536":["https:\/\/vvvvu.com\/wp-content\/uploads\/2023\/09\/009-marketing.svg",512,512,true],"2048x2048":["https:\/\/vvvvu.com\/wp-content\/uploads\/2023\/09\/009-marketing.svg",512,512,true]},"uagb_author_info":{"display_name":"\u545c\u545c\u545c","author_link":"https:\/\/vvvvu.com\/vi\/author\/vvvvu\/"},"uagb_comment_info":12,"uagb_excerpt":"Th\u1ec3 thao v\u00e0 c\u1edd b\u1ea1c l\u00e0 nh\u1eefng l\u0129nh v\u1ef1c ki\u1ebfn th\u1ee9c r\u1ed9ng l\u1edbn trong kho c\u1ee7a ch\u00fang t\u00f4i. B\u1ea5t k\u1ec3 b\u1ea1n l\u00e0 chuy\u00ean gia hay ch\u1ec9 m\u1edbi b\u1eaft \u0111\u1ea7u, blog c\u00e1 c\u01b0\u1ee3c ch\u1ee9a c\u00e1c g\u1ee3i \u00fd v\u00e0 h\u01b0\u1edbng d\u1eabn cho t\u1ea5t c\u1ea3 c\u00e1c tr\u00f2 ch\u01a1i \u01b0a th\u00edch c\u1ee7a b\u1ea1n c\u00f3 th\u1ec3 l\u00e0 b\u00f3ng \u0111\u00e1, ng\u1ef1a&hellip;","_links":{"self":[{"href":"https:\/\/vvvvu.com\/vi\/wp-json\/wp\/v2\/pages\/14308","targetHints":{"allow":["GET"]}}],"collection":[{"href":"https:\/\/vvvvu.com\/vi\/wp-json\/wp\/v2\/pages"}],"about":[{"href":"https:\/\/vvvvu.com\/vi\/wp-json\/wp\/v2\/types\/page"}],"author":[{"embeddable":true,"href":"https:\/\/vvvvu.com\/vi\/wp-json\/wp\/v2\/users\/1"}],"replies":[{"embeddable":true,"href":"https:\/\/vvvvu.com\/vi\/wp-json\/wp\/v2\/comments?post=14308"}],"version-history":[{"count":3,"href":"https:\/\/vvvvu.com\/vi\/wp-json\/wp\/v2\/pages\/14308\/revisions"}],"predecessor-version":[{"id":111297,"href":"https:\/\/vvvvu.com\/vi\/wp-json\/wp\/v2\/pages\/14308\/revisions\/111297"}],"wp:featuredmedia":[{"embeddable":true,"href":"https:\/\/vvvvu.com\/vi\/wp-json\/wp\/v2\/media\/14248"}],"wp:attachment":[{"href":"https:\/\/vvvvu.com\/vi\/wp-json\/wp\/v2\/media?parent=14308"}],"curies":[{"name":"wp","href":"https:\/\/api.w.org\/{rel}","templated":true}]}}