{"id":15448,"date":"2023-09-16T02:48:17","date_gmt":"2023-09-16T02:48:17","guid":{"rendered":"https:\/\/vvvvu.com\/jogo-responsavel\/"},"modified":"2024-07-24T05:53:51","modified_gmt":"2024-07-24T05:53:51","slug":"jogo-responsavel","status":"publish","type":"page","link":"https:\/\/vvvvu.com\/pt-pt\/jogo-responsavel\/","title":{"rendered":"Jogo Respons\u00e1vel"},"content":{"rendered":"\n<p>Dicas de Jogo Respons\u00e1vel: Nesta postagem do blog, discutiremos os poss\u00edveis ind\u00edcios de problemas de jogo, algumas maneiras de lidar com problemas de jogo para a pessoa afetada ou para algu\u00e9m que se conhece, e detalhes sobre medidas de autoexclus\u00e3o.\nTamb\u00e9m analisaremos as solu\u00e7\u00f5es que as casas de apostas fornecem para regular o seu jogo e algumas organiza\u00e7\u00f5es que podem ajudar se voc\u00ea tiver problemas com o jogo. <\/p>\n\n<h2 class=\"wp-block-heading\">Os efeitos do jogo problem\u00e1tico e a sua identifica\u00e7\u00e3o<\/h2>\n\n<p>\u00c9 crucial lembrar que o jogo \u00e9 uma atividade divertida e divertida; no entanto, \u00e9 igualmente crucial identificar quando \u00e9 que se est\u00e1 a tornar um problema.\nSegue-se a lista de alguns dos sinais e sintomas que mostram que voc\u00ea ou um amigo podem estar a desenvolver um problema relacionado com o jogo. <\/p>\n\n<p>Um dos sintomas mais frequentes \u00e9 o desenvolvimento de um elevado n\u00edvel de interesse pelo jogo e, consequentemente, o abandono do trabalho, das rela\u00e7\u00f5es sociais ou de outros deveres.\nVoc\u00ea pode ter pensamentos sobre apostas ou sua pr\u00f3xima aposta com mais frequ\u00eancia do que n\u00e3o, a ponto de isso afetar seu trabalho, escola ou at\u00e9 mesmo sua fam\u00edlia.\nOs problemas financeiros s\u00e3o outro indicador de um problema \u2013 se est\u00e1 a jogar com dinheiro que n\u00e3o tem, ou a contrair empr\u00e9stimos ou penhorar pertences para continuar a jogar, \u00e9 sinal de que pode ter de parar.  <\/p>\n\n<p>Se voc\u00ea ou sua pessoa pr\u00f3xima se encontrou com qualquer um dos sinais listados, al\u00e9m disso, este artigo fornecer\u00e1 algumas recomenda\u00e7\u00f5es sobre como lidar com problemas de jogo corretamente.\nLembre-se: Perceber que h\u00e1 um problema \u00e9 o primeiro n\u00edvel de obter a assist\u00eancia necess\u00e1ria para uma rela\u00e7\u00e3o mais saud\u00e1vel com os jogos. <\/p>\n\n<h2 class=\"wp-block-heading\">Ajudando-se a lidar com problemas de jogo<\/h2>\n\n<p>Para quem j\u00e1 percebeu que tem um problema de jogo, o primeiro passo \u00e9 chegar a um acordo.\n\u00c9 por isso que \u00e9 \u00fatil saber que voc\u00ea n\u00e3o \u00e9 o \u00fanico a passar por isso e que h\u00e1 maneiras de melhorar.\nVoc\u00ea pode obter ajuda de organiza\u00e7\u00f5es ou grupos de apoio ao v\u00edcio do jogo, tomando conta da sua situa\u00e7\u00e3o.  <\/p>\n\n<p>Entre as formas comuns de lidar com a situa\u00e7\u00e3o, pode-se mencionar a restri\u00e7\u00e3o da quantidade de tempo e dinheiro gasto em jogos de azar.\nIsso pode significar criar um or\u00e7amento para jogos de azar e cumpri-lo a todo custo.\nAl\u00e9m disso, tente identificar outras atividades em que voc\u00ea pode se envolver para ajud\u00e1-lo a evitar o foco no jogo.\nTais atividades f\u00edsicas ou hobbies criativos, como pintar ou escrever, podem ser muito \u00fateis para distrair a si mesmo e aliviar o estresse de uma maneira melhor.   <\/p>\n\n<p>No entanto, mantenha-se positivo, pois a resolu\u00e7\u00e3o do problema do jogo n\u00e3o acontece de um dia para o outro.\nPe\u00e7a apoio, mantenha-se determinado no processo de mudan\u00e7a e n\u00e3o se esque\u00e7a dos objetivos que se estabeleceu para retomar o controle sobre a pr\u00f3pria vida. <\/p>\n\n<h2 class=\"wp-block-heading\">Ajudar um ente querido a lidar com problemas de jogo<\/h2>\n\n<p>\u00c9 realmente muito doloroso e exaustivo testemunhar um membro da fam\u00edlia ou um amigo passar pelo problema do jogo.\nVoc\u00ea n\u00e3o pode mudar o alco\u00f3latra, mas existem estrat\u00e9gias que podem ser empregadas para ajudar o alco\u00f3lico em sua busca pela mudan\u00e7a. <\/p>\n\n<p>\u00c9 necess\u00e1rio conhecer a informa\u00e7\u00e3o sobre o problema do jogo a dinheiro e as suas consequ\u00eancias.\nUma vez que voc\u00ea conhece os sintomas, voc\u00ea ser\u00e1 pelo menos capaz de identificar quando seu ente querido est\u00e1 em perigo ou precisa de ajuda.\nCertifique-se de ouvi-los e deix\u00e1-los falar sobre seus problemas sem prepend\u00ea-los ou amea\u00e7\u00e1-los de qualquer forma.  <\/p>\n\n<p>Ajude o seu ente querido a consultar um m\u00e9dico ou psic\u00f3logo ou junte-se a grupos de apoio de pessoas com problemas semelhantes de jogo.\nVoc\u00ea pode se voluntariar para ajudar na busca de materiais ou ir a reuni\u00f5es com eles, se estiver tudo bem com eles.\nDiga-lhes que, n\u00e3o \u00e9 vergonhoso pedir ajuda, pois \u00e9 realmente uma decis\u00e3o poderosa e saud\u00e1vel.  <\/p>\n\n<p>Lembre-se que lidar com um problema de jogo n\u00e3o \u00e9 f\u00e1cil, por isso n\u00e3o se esque\u00e7a de si e daqueles que podem ajud\u00e1-lo, por exemplo, amigos ou profissionais.\nAssim, somos capazes de dar o calor e a compaix\u00e3o necess\u00e1rios para a cura de nossos entes queridos. <\/p>\n\n<h2 class=\"wp-block-heading\">Autoexclus\u00e3o<\/h2>\n\n<p>A op\u00e7\u00e3o de Autoexclus\u00e3o \u00e9 uma \u00f3tima op\u00e7\u00e3o para todos que percebem que t\u00eam um problema de jogo.\nAjuda-o a definir os seus limites e a afastar-se das atividades de jogo, uma vez que tem o poder de o fazer voluntariamente. <\/p>\n\n<p>A autoexclus\u00e3o pode ser definida como um mecanismo que ajuda a limitar o acesso de uma pessoa a sites de apostas online e\/ou operadores de apostas terrestres durante um determinado per\u00edodo.\nIsso ir\u00e1 ajud\u00e1-lo a tirar algum tempo de folga, refletir sobre suas atividades de jogo e talvez considerar se voc\u00ea tem um problema ou n\u00e3o e, se tiver, procurar ajuda.\nA autoexclus\u00e3o \u00e9 uma forma de iniciar o processo de gest\u00e3o do comportamento e iniciar o processo de mudan\u00e7a de uma forma positiva.\n\u00c9 importante notar que voc\u00ea n\u00e3o precisa fazer isso sozinho, existem ferramentas que podem ajud\u00e1-lo.    Mantenha-se forte!<\/p>\n\n<h2 class=\"wp-block-heading\">Como \u00e9 que as casas de apostas controlam o jogo?<\/h2>\n\n<p>Isto \u00e9 algo que as casas de apostas apreciam plenamente e, como resultado, fornecem aos seus clientes v\u00e1rias medidas que podem ser tomadas para limitar o jogo.\nUma dessas ferramentas \u00e9 a defini\u00e7\u00e3o de limites de dep\u00f3sito, atrav\u00e9s da qual voc\u00ea \u00e9 capaz de fornecer um teto da quantia que voc\u00ea est\u00e1 autorizado a depositar dentro de um per\u00edodo de tempo determinado.\nIsto ajuda-o no cumprimento do or\u00e7amento definido e\/ou na preven\u00e7\u00e3o de despesas excessivas.  <\/p>\n\n<p>Outra caracter\u00edstica rica \u00e9 a possibilidade de definir os limites das apostas, o que significa que o jogador pode colocar as restri\u00e7\u00f5es sobre a quantidade m\u00e1xima de dinheiro que pode ser apostada dentro de um determinado per\u00edodo de tempo.\nDesta forma, n\u00e3o h\u00e1 gastos imprudentes ou excessivos com os jogos, uma vez que o dinheiro \u00e9 dividido em determinadas parcelas.\nAl\u00e9m disso, in\u00fameras casas de apostas oferecem verifica\u00e7\u00f5es de realidade, que s\u00e3o mensagens que a casa de apostas envia ao usu\u00e1rio nos intervalos de sua escolha para lembr\u00e1-lo do tempo gasto no site.\nEstas s\u00e3o boas dicas para voc\u00ea refletir sobre como voc\u00ea est\u00e1 se saindo no jogo e se voc\u00ea precisa pausar o jogo.   <\/p>\n\n<p>Assim, ao usar essas ferramentas, as casas de apostas tentam ajudar os usu\u00e1rios de seus servi\u00e7os a estabelecer certos limites e controlar o n\u00edvel de atividades de jogo.<\/p>\n\n<h2 class=\"wp-block-heading\">Como procurar ajuda para problemas de jogo?<\/h2>\n\n<p>Se voc\u00ea ou algu\u00e9m que voc\u00ea conhece tem um problema de jogo, voc\u00ea deve saber que a ajuda est\u00e1 l\u00e1 fora.\nMuitas organiza\u00e7\u00f5es e at\u00e9 mesmo institui\u00e7\u00f5es de caridade se concentram em ajudar as pessoas a lidar com o v\u00edcio do jogo e obter a ajuda necess\u00e1ria. <\/p>\n\n<p>Outra dessas organiza\u00e7\u00f5es \u00e9 a Gamblers Anonymous, que \u00e9 uma irmandade de homens e mulheres que se reuniram para ajudar uns aos outros e compartilhar experi\u00eancias, for\u00e7a e esperan\u00e7a e encontrar um caminho para a recupera\u00e7\u00e3o.\nAssim, os participantes s\u00e3o capazes de obter o apoio e a compreens\u00e3o de outras pessoas que passaram pelos mesmos problemas. <\/p>\n\n<p>Al\u00e9m disso, tamb\u00e9m existem linhas diretas \u00e0s quais se pode recorrer para obter ajuda, incluindo os Jogadores An\u00f4nimos.\nEstas linhas diretas fornecem informa\u00e7\u00f5es, cuidados e assist\u00eancia, e ajudam na forma de encaminhar o chamador para um profissional para tratamento de problemas de jogo.\n\u00c9 importante procurar ajuda o mais r\u00e1pido poss\u00edvel se voc\u00ea ou algu\u00e9m que voc\u00ea conhece est\u00e1 precisando dela \u2013 o fato \u00e9 que voc\u00ea n\u00e3o est\u00e1 sozinho nessa luta pela cura.  <\/p>\n\n<h2 class=\"wp-block-heading\">Ferramentas de Jogo Respons\u00e1vel da Casa de Apostas<\/h2>\n\n<p>A fim de apoiar a ideia de jogo adequado e seguro, e para ajudar os usu\u00e1rios a controlar seus jogos de azar, a maioria das casas de apostas e sites de apostas fornecem certas fun\u00e7\u00f5es e ferramentas.\nTrata-se de instrumentos que s\u00e3o utilizados para permitir que o indiv\u00edduo imponha restri\u00e7\u00f5es ao seu jogo e se afaste do jogo, se assim o desejar. <\/p>\n\n<p>Uma dessas ferramentas \u00e9 o recurso de autoexclus\u00e3o. Isso permite que os jogadores se excluam voluntariamente do acesso \u00e0s suas contas por um per\u00edodo de tempo especificado, variando de dias a meses ou at\u00e9 anos. Durante este per\u00edodo de exclus\u00e3o, os jogadores n\u00e3o poder\u00e3o fazer apostas ou aceder a quaisquer servi\u00e7os de jogo na plataforma.<\/p>\n\n<p>Mais um instrumento \u00fatil \u00e9 a op\u00e7\u00e3o de definir os limites de dep\u00f3sito.\nDesta forma, os clientes podem decidir quanto dinheiro gostariam de colocar na conta em um determinado per\u00edodo, pode ser di\u00e1rio, semanal ou mensal.\nDepois de atingido o limite estipulado, n\u00e3o podem depositar mais dinheiro at\u00e9 que o tempo determinado tenha sido observado.  <\/p>\n\n<p>Por fim, \u00e9 crucial saber que a lista de ferramentas de jogo respons\u00e1vel pode ser diferente para cada casa de apostas que presta os seus servi\u00e7os online.\nEstas s\u00e3o algumas das op\u00e7\u00f5es que os apostadores devem experimentar e aprender a usar nas suas apostas dependendo da sua prefer\u00eancia. <\/p>\n","protected":false},"excerpt":{"rendered":"<p>Dicas de Jogo Respons\u00e1vel: Nesta postagem do blog, discutiremos os poss\u00edveis ind\u00edcios de problemas de jogo, algumas maneiras de lidar com problemas de jogo para a pessoa afetada ou para algu\u00e9m que se conhece, e detalhes sobre medidas de autoexclus\u00e3o. Tamb\u00e9m analisaremos as solu\u00e7\u00f5es que as casas de apostas fornecem para regular o seu jogo [&hellip;]<\/p>\n","protected":false},"author":1,"featured_media":0,"parent":0,"menu_order":0,"comment_status":"closed","ping_status":"closed","template":"","meta":{"inline_featured_image":false,"_uag_custom_page_level_css":"","site-sidebar-layout":"default","site-content-layout":"","ast-site-content-layout":"default","site-content-style":"default","site-sidebar-style":"default","ast-global-header-display":"","ast-banner-title-visibility":"","ast-main-header-display":"","ast-hfb-above-header-display":"","ast-hfb-below-header-display":"","ast-hfb-mobile-header-display":"","site-post-title":"","ast-breadcrumbs-content":"","ast-featured-img":"","footer-sml-layout":"","ast-disable-related-posts":"","theme-transparent-header-meta":"","adv-header-id-meta":"","stick-header-meta":"","header-above-stick-meta":"","header-main-stick-meta":"","header-below-stick-meta":"","astra-migrate-meta-layouts":"default","ast-page-background-enabled":"default","ast-page-background-meta":{"desktop":{"background-color":"var(--ast-global-color-4)","background-image":"","background-repeat":"repeat","background-position":"center center","background-size":"auto","background-attachment":"scroll","background-type":"","background-media":"","overlay-type":"","overlay-color":"","overlay-opacity":"","overlay-gradient":""},"tablet":{"background-color":"","background-image":"","background-repeat":"repeat","background-position":"center center","background-size":"auto","background-attachment":"scroll","background-type":"","background-media":"","overlay-type":"","overlay-color":"","overlay-opacity":"","overlay-gradient":""},"mobile":{"background-color":"","background-image":"","background-repeat":"repeat","background-position":"center center","background-size":"auto","background-attachment":"scroll","background-type":"","background-media":"","overlay-type":"","overlay-color":"","overlay-opacity":"","overlay-gradient":""}},"ast-content-background-meta":{"desktop":{"background-color":"var(--ast-global-color-5)","background-image":"","background-repeat":"repeat","background-position":"center center","background-size":"auto","background-attachment":"scroll","background-type":"","background-media":"","overlay-type":"","overlay-color":"","overlay-opacity":"","overlay-gradient":""},"tablet":{"background-color":"var(--ast-global-color-5)","background-image":"","background-repeat":"repeat","background-position":"center center","background-size":"auto","background-attachment":"scroll","background-type":"","background-media":"","overlay-type":"","overlay-color":"","overlay-opacity":"","overlay-gradient":""},"mobile":{"background-color":"var(--ast-global-color-5)","background-image":"","background-repeat":"repeat","background-position":"center center","background-size":"auto","background-attachment":"scroll","background-type":"","background-media":"","overlay-type":"","overlay-color":"","overlay-opacity":"","overlay-gradient":""}},"footnotes":""},"class_list":["post-15448","page","type-page","status-publish","hentry"],"aioseo_notices":[],"acf":[],"uagb_featured_image_src":{"full":false,"thumbnail":false,"medium":false,"medium_large":false,"large":false,"1536x1536":false,"2048x2048":false},"uagb_author_info":{"display_name":"\u545c\u545c\u545c","author_link":"https:\/\/vvvvu.com\/pt-pt\/author\/vvvvu\/"},"uagb_comment_info":0,"uagb_excerpt":"Dicas de Jogo Respons\u00e1vel: Nesta postagem do blog, discutiremos os poss\u00edveis ind\u00edcios de problemas de jogo, algumas maneiras de lidar com problemas de jogo para a pessoa afetada ou para algu\u00e9m que se conhece, e detalhes sobre medidas de autoexclus\u00e3o. Tamb\u00e9m analisaremos as solu\u00e7\u00f5es que as casas de apostas fornecem para regular o seu jogo&hellip;","_links":{"self":[{"href":"https:\/\/vvvvu.com\/pt-pt\/wp-json\/wp\/v2\/pages\/15448","targetHints":{"allow":["GET"]}}],"collection":[{"href":"https:\/\/vvvvu.com\/pt-pt\/wp-json\/wp\/v2\/pages"}],"about":[{"href":"https:\/\/vvvvu.com\/pt-pt\/wp-json\/wp\/v2\/types\/page"}],"author":[{"embeddable":true,"href":"https:\/\/vvvvu.com\/pt-pt\/wp-json\/wp\/v2\/users\/1"}],"replies":[{"embeddable":true,"href":"https:\/\/vvvvu.com\/pt-pt\/wp-json\/wp\/v2\/comments?post=15448"}],"version-history":[{"count":2,"href":"https:\/\/vvvvu.com\/pt-pt\/wp-json\/wp\/v2\/pages\/15448\/revisions"}],"predecessor-version":[{"id":111700,"href":"https:\/\/vvvvu.com\/pt-pt\/wp-json\/wp\/v2\/pages\/15448\/revisions\/111700"}],"wp:attachment":[{"href":"https:\/\/vvvvu.com\/pt-pt\/wp-json\/wp\/v2\/media?parent=15448"}],"curies":[{"name":"wp","href":"https:\/\/api.w.org\/{rel}","templated":true}]}}