{"id":15362,"date":"2023-09-15T01:38:28","date_gmt":"2023-09-15T01:38:28","guid":{"rendered":"https:\/\/vvvvu.com\/contacte-nos\/"},"modified":"2024-07-24T03:36:14","modified_gmt":"2024-07-24T03:36:14","slug":"contacte-nos","status":"publish","type":"page","link":"https:\/\/vvvvu.com\/pt-pt\/contacte-nos\/","title":{"rendered":"Contacte-nos"},"content":{"rendered":"\n<p>Neste site, vamos ajud\u00e1-lo a tirar o m\u00e1ximo proveito das suas atividades de apostas, quer seja novo nas apostas desportivas online ou j\u00e1 o tenha feito h\u00e1 algum tempo.\nPara mais coment\u00e1rios ou quaisquer perguntas sobre este manual, por favor, envie um e-mail para support@vvvvu.\ncom.  <\/p>\n\n<p>Voc\u00ea vai perceber que as casas de apostas e sites de apostas n\u00e3o s\u00e3o f\u00e1ceis de encontrar e \u00e9 por isso que nos esfor\u00e7amos para garantir que a informa\u00e7\u00e3o que fornecemos ao p\u00fablico envolve v\u00e1rios tipos de apostas e probabilidades, bem como casinos.\nVoc\u00ea ser\u00e1 facilmente capaz de identificar a melhor casa de apostas ou site de apostas atrav\u00e9s da nossa an\u00e1lise. <\/p>\n\n<p>Valorizamos as suas opini\u00f5es e gostar\u00edamos muito de ouvir a sua opini\u00e3o, os nossos leitores!\n\u00c9 com prazer que recebemos os seus coment\u00e1rios ou perguntas sobre as nossas dicas de apostas neste site.\n\u00c9 por isso que o nosso servi\u00e7o de apoio ao cliente est\u00e1 sempre preparado para o ajudar a escolher as formas mais eficientes de fazer as suas apostas desportivas.\nBem-vindo ao vvvvu, estamos felizes em t\u00ea-lo aqui conosco.\ncom guia de apostas!    <\/p>\n\n<p>Se \u00e9 uma casa de apostas ou um site de apostas e est\u00e1 interessado em contactar-nos, pode usar o seguinte endere\u00e7o de e-mail: Caro [support@vvvvv. com].\nPor favor, aguarde a nossa resposta. <\/p>\n\n<p>Por esta raz\u00e3o, estamos constantemente \u00e0 procura de uma maneira de como podemos tornar o nosso guia ainda melhor para voc\u00ea.\nPara quaisquer outras perguntas ou se voc\u00ea gostaria de sugerir algo, ent\u00e3o voc\u00ea est\u00e1 muito bem-vindo para entrar em contato conosco atrav\u00e9s do nosso e-mail.  Agradecemos o seu feedback!<\/p>\n\n<p>Caro estimado cliente, obrigado por escolher  <a href=\"https:\/\/vvvvu.com\/pt-pt\/\" title=\"VVVVU. com\"><g id=\"gid_0\">VVVVU.<\/g> <\/a>  sites de apostas de casas de apostas!<\/p>\n\n<div class=\"wp-block-uagb-forms uagb-forms__outer-wrap uagb-block-c9f82a45 uagb-forms__medium-btn\"><form class=\"uagb-forms-main-form\" method=\"post\" autocomplete=\"on\" name=\"uagb-form-c9f82a45\">\n<div class=\"wp-block-uagb-forms-name uagb-forms-name-wrap uagb-forms-field-set uagb-block-6bab554d\"><div class=\"uagb-forms-name-label required uagb-forms-input-label\" id=\"6bab554d\">Nome pr\u00f3prio<\/div><input type=\"text\" placeholder=\"Sylvio\" required=\"\" class=\"uagb-forms-name-input uagb-forms-input\" name=\"6bab554d\" autocomplete=\"given-name\"><\/div>\n\n\n\n<div class=\"wp-block-uagb-forms-name uagb-forms-name-wrap uagb-forms-field-set uagb-block-8e2685f4\"><div class=\"uagb-forms-name-label required uagb-forms-input-label\" id=\"8e2685f4\">Apelido<\/div><input type=\"text\" placeholder=\"Soares\" required=\"\" class=\"uagb-forms-name-input uagb-forms-input\" name=\"8e2685f4\" autocomplete=\"family-name\"><\/div>\n\n\n\n<div class=\"wp-block-uagb-forms-email uagb-forms-email-wrap uagb-forms-field-set uagb-block-f87989c2\"><div class=\"uagb-forms-email-label uagb-forms-input-label\" id=\"f87989c2\">Email<\/div><input type=\"email\" class=\"uagb-forms-email-input uagb-forms-input\" placeholder=\"example@mail.com\" name=\"f87989c2\" autocomplete=\"email\"><\/div>\n\n\n\n<div class=\"wp-block-uagb-forms-textarea uagb-forms-textarea-wrap uagb-forms-field-set uagb-block-4bcf3afe\"><div class=\"uagb-forms-textarea-label required uagb-forms-input-label\" id=\"4bcf3afe\">Mensagem<\/div><textarea required=\"\" class=\"uagb-forms-textarea-input uagb-forms-input\" rows=\"4\" placeholder=\"Introduza a sua mensagem\" name=\"4bcf3afe\" autocomplete=\"off\"><\/textarea><\/div>\n<div class=\"uagb-forms-form-hidden-data\"><input type=\"hidden\" class=\"uagb_forms_form_label\" value=\"Spectra Form\"\/><input type=\"hidden\" class=\"uagb_forms_form_id\" value=\"uagb-form-c9f82a45\"\/><\/div><div class=\"uagb-form-reacaptcha-error-c9f82a45\"><\/div><div class=\"uagb-forms-main-submit-button-wrap wp-block-button\"><button class=\"uagb-forms-main-submit-button wp-block-button__link\"><div class=\"uagb-forms-main-submit-button-text\">Enviar<\/div><\/button><\/div><\/form><div class=\"uagb-forms-success-message-c9f82a45 uagb-forms-submit-message-hide\"><span>Submission has been successful!<\/span><\/div><div class=\"uagb-forms-failed-message-c9f82a45 uagb-forms-submit-message-hide\"><span>There has been some error while submitting the form. Please verify all form fields again.<\/span><\/div><\/div>\n","protected":false},"excerpt":{"rendered":"<p>Neste site, vamos ajud\u00e1-lo a tirar o m\u00e1ximo proveito das suas atividades de apostas, quer seja novo nas apostas desportivas online ou j\u00e1 o tenha feito h\u00e1 algum tempo. Para mais coment\u00e1rios ou quaisquer perguntas sobre este manual, por favor, envie um e-mail para support@vvvvu. com. Voc\u00ea vai perceber que as casas de apostas e [&hellip;]<\/p>\n","protected":false},"author":1,"featured_media":0,"parent":0,"menu_order":0,"comment_status":"closed","ping_status":"closed","template":"","meta":{"inline_featured_image":false,"_uag_custom_page_level_css":"","site-sidebar-layout":"default","site-content-layout":"","ast-site-content-layout":"default","site-content-style":"default","site-sidebar-style":"default","ast-global-header-display":"","ast-banner-title-visibility":"","ast-main-header-display":"","ast-hfb-above-header-display":"","ast-hfb-below-header-display":"","ast-hfb-mobile-header-display":"","site-post-title":"","ast-breadcrumbs-content":"","ast-featured-img":"","footer-sml-layout":"","ast-disable-related-posts":"","theme-transparent-header-meta":"","adv-header-id-meta":"","stick-header-meta":"","header-above-stick-meta":"","header-main-stick-meta":"","header-below-stick-meta":"","astra-migrate-meta-layouts":"default","ast-page-background-enabled":"default","ast-page-background-meta":{"desktop":{"background-color":"var(--ast-global-color-4)","background-image":"","background-repeat":"repeat","background-position":"center center","background-size":"auto","background-attachment":"scroll","background-type":"","background-media":"","overlay-type":"","overlay-color":"","overlay-opacity":"","overlay-gradient":""},"tablet":{"background-color":"","background-image":"","background-repeat":"repeat","background-position":"center center","background-size":"auto","background-attachment":"scroll","background-type":"","background-media":"","overlay-type":"","overlay-color":"","overlay-opacity":"","overlay-gradient":""},"mobile":{"background-color":"","background-image":"","background-repeat":"repeat","background-position":"center center","background-size":"auto","background-attachment":"scroll","background-type":"","background-media":"","overlay-type":"","overlay-color":"","overlay-opacity":"","overlay-gradient":""}},"ast-content-background-meta":{"desktop":{"background-color":"var(--ast-global-color-5)","background-image":"","background-repeat":"repeat","background-position":"center center","background-size":"auto","background-attachment":"scroll","background-type":"","background-media":"","overlay-type":"","overlay-color":"","overlay-opacity":"","overlay-gradient":""},"tablet":{"background-color":"var(--ast-global-color-5)","background-image":"","background-repeat":"repeat","background-position":"center center","background-size":"auto","background-attachment":"scroll","background-type":"","background-media":"","overlay-type":"","overlay-color":"","overlay-opacity":"","overlay-gradient":""},"mobile":{"background-color":"var(--ast-global-color-5)","background-image":"","background-repeat":"repeat","background-position":"center center","background-size":"auto","background-attachment":"scroll","background-type":"","background-media":"","overlay-type":"","overlay-color":"","overlay-opacity":"","overlay-gradient":""}},"footnotes":""},"class_list":["post-15362","page","type-page","status-publish","hentry"],"aioseo_notices":[],"acf":[],"uagb_featured_image_src":{"full":false,"thumbnail":false,"medium":false,"medium_large":false,"large":false,"1536x1536":false,"2048x2048":false},"uagb_author_info":{"display_name":"\u545c\u545c\u545c","author_link":"https:\/\/vvvvu.com\/pt-pt\/author\/vvvvu\/"},"uagb_comment_info":0,"uagb_excerpt":"Neste site, vamos ajud\u00e1-lo a tirar o m\u00e1ximo proveito das suas atividades de apostas, quer seja novo nas apostas desportivas online ou j\u00e1 o tenha feito h\u00e1 algum tempo. Para mais coment\u00e1rios ou quaisquer perguntas sobre este manual, por favor, envie um e-mail para support@vvvvu. com. Voc\u00ea vai perceber que as casas de apostas e&hellip;","_links":{"self":[{"href":"https:\/\/vvvvu.com\/pt-pt\/wp-json\/wp\/v2\/pages\/15362","targetHints":{"allow":["GET"]}}],"collection":[{"href":"https:\/\/vvvvu.com\/pt-pt\/wp-json\/wp\/v2\/pages"}],"about":[{"href":"https:\/\/vvvvu.com\/pt-pt\/wp-json\/wp\/v2\/types\/page"}],"author":[{"embeddable":true,"href":"https:\/\/vvvvu.com\/pt-pt\/wp-json\/wp\/v2\/users\/1"}],"replies":[{"embeddable":true,"href":"https:\/\/vvvvu.com\/pt-pt\/wp-json\/wp\/v2\/comments?post=15362"}],"version-history":[{"count":2,"href":"https:\/\/vvvvu.com\/pt-pt\/wp-json\/wp\/v2\/pages\/15362\/revisions"}],"predecessor-version":[{"id":111336,"href":"https:\/\/vvvvu.com\/pt-pt\/wp-json\/wp\/v2\/pages\/15362\/revisions\/111336"}],"wp:attachment":[{"href":"https:\/\/vvvvu.com\/pt-pt\/wp-json\/wp\/v2\/media?parent=15362"}],"curies":[{"name":"wp","href":"https:\/\/api.w.org\/{rel}","templated":true}]}}