{"id":14508,"date":"2023-07-13T13:30:48","date_gmt":"2023-07-13T13:30:48","guid":{"rendered":"https:\/\/vvvvu.com\/sobre-nos\/"},"modified":"2024-07-24T01:54:04","modified_gmt":"2024-07-24T01:54:04","slug":"sobre-nos","status":"publish","type":"page","link":"https:\/\/vvvvu.com\/pt-pt\/sobre-nos\/","title":{"rendered":"Quem somos"},"content":{"rendered":"\n<h2 class=\"wp-block-heading\">Bem-vindo ao melhor site de apostas desportivas.<\/h2>\n\n<p>Esta \u00e9 a sua fonte n\u00famero um de informa\u00e7\u00e3o sobre todas as coisas de apostas. Estamos empenhados em fornecer-lhe o melhor [gaming site], concentrando-se em [booking company betting offers], [best online casino]e [gaming site bonuses].<\/p>\n\n<p>O melhor site de apostas esportivas foi fundado por vvvvu.com, e percorreu um longo caminho desde ent\u00e3o [European betting company]. Quando o jogo na Europa come\u00e7ou, o nosso entusiasmo pelas informa\u00e7\u00f5es da marca de apostas, como os sites de apostas. O trabalho di\u00e1rio de b\u00f4nus de apostas, muita pesquisa, etc., para que os melhores sites de apostas esportivas possam lhe fornecer uma vantagem competitiva &#8211; muitos b\u00f4nus de registro de novos clientes. N\u00f3s agora servimos os clientes de casinos desportivos e estamos muito felizes. Somos capazes de transmitir o nosso entusiasmo. Esforce-se para servir os entusiastas de apostas globais.<\/p>\n\n<p>Se voc\u00ea quiser nossas informa\u00e7\u00f5es sobre produtos, assim como voc\u00ea gosta de fornec\u00ea-los. Se voc\u00ea tiver alguma d\u00favida ou coment\u00e1rio, n\u00e3o hesite em entrar em contato<\/p>\n\n<h2 class=\"wp-block-heading\">Atenciosamente,<\/h2>\n\n<p>D\u00ea apoio e amor, obrigado por visitar o nosso site<\/p>\n","protected":false},"excerpt":{"rendered":"<p>Bem-vindo ao melhor site de apostas desportivas. Esta \u00e9 a sua fonte n\u00famero um de informa\u00e7\u00e3o sobre todas as coisas de apostas. Estamos empenhados em fornecer-lhe o melhor [gaming site], concentrando-se em [booking company betting offers], [best online casino]e [gaming site bonuses]. O melhor site de apostas esportivas foi fundado por vvvvu.com, e percorreu um [&hellip;]<\/p>\n","protected":false},"author":1,"featured_media":0,"parent":0,"menu_order":0,"comment_status":"closed","ping_status":"open","template":"","meta":{"inline_featured_image":false,"_uag_custom_page_level_css":"","site-sidebar-layout":"default","site-content-layout":"","ast-site-content-layout":"default","site-content-style":"default","site-sidebar-style":"default","ast-global-header-display":"","ast-banner-title-visibility":"","ast-main-header-display":"","ast-hfb-above-header-display":"","ast-hfb-below-header-display":"","ast-hfb-mobile-header-display":"","site-post-title":"","ast-breadcrumbs-content":"","ast-featured-img":"","footer-sml-layout":"","ast-disable-related-posts":"","theme-transparent-header-meta":"","adv-header-id-meta":"","stick-header-meta":"","header-above-stick-meta":"","header-main-stick-meta":"","header-below-stick-meta":"","astra-migrate-meta-layouts":"default","ast-page-background-enabled":"default","ast-page-background-meta":{"desktop":{"background-color":"var(--ast-global-color-4)","background-image":"","background-repeat":"repeat","background-position":"center center","background-size":"auto","background-attachment":"scroll","background-type":"","background-media":"","overlay-type":"","overlay-color":"","overlay-opacity":"","overlay-gradient":""},"tablet":{"background-color":"","background-image":"","background-repeat":"repeat","background-position":"center center","background-size":"auto","background-attachment":"scroll","background-type":"","background-media":"","overlay-type":"","overlay-color":"","overlay-opacity":"","overlay-gradient":""},"mobile":{"background-color":"","background-image":"","background-repeat":"repeat","background-position":"center center","background-size":"auto","background-attachment":"scroll","background-type":"","background-media":"","overlay-type":"","overlay-color":"","overlay-opacity":"","overlay-gradient":""}},"ast-content-background-meta":{"desktop":{"background-color":"var(--ast-global-color-5)","background-image":"","background-repeat":"repeat","background-position":"center center","background-size":"auto","background-attachment":"scroll","background-type":"","background-media":"","overlay-type":"","overlay-color":"","overlay-opacity":"","overlay-gradient":""},"tablet":{"background-color":"var(--ast-global-color-5)","background-image":"","background-repeat":"repeat","background-position":"center center","background-size":"auto","background-attachment":"scroll","background-type":"","background-media":"","overlay-type":"","overlay-color":"","overlay-opacity":"","overlay-gradient":""},"mobile":{"background-color":"var(--ast-global-color-5)","background-image":"","background-repeat":"repeat","background-position":"center center","background-size":"auto","background-attachment":"scroll","background-type":"","background-media":"","overlay-type":"","overlay-color":"","overlay-opacity":"","overlay-gradient":""}},"footnotes":""},"class_list":["post-14508","page","type-page","status-publish","hentry"],"aioseo_notices":[],"acf":[],"uagb_featured_image_src":{"full":false,"thumbnail":false,"medium":false,"medium_large":false,"large":false,"1536x1536":false,"2048x2048":false},"uagb_author_info":{"display_name":"\u545c\u545c\u545c","author_link":"https:\/\/vvvvu.com\/pt-pt\/author\/vvvvu\/"},"uagb_comment_info":4,"uagb_excerpt":"Bem-vindo ao melhor site de apostas desportivas. Esta \u00e9 a sua fonte n\u00famero um de informa\u00e7\u00e3o sobre todas as coisas de apostas. Estamos empenhados em fornecer-lhe o melhor [gaming site], concentrando-se em [booking company betting offers], [best online casino]e [gaming site bonuses]. O melhor site de apostas esportivas foi fundado por vvvvu.com, e percorreu um&hellip;","_links":{"self":[{"href":"https:\/\/vvvvu.com\/pt-pt\/wp-json\/wp\/v2\/pages\/14508","targetHints":{"allow":["GET"]}}],"collection":[{"href":"https:\/\/vvvvu.com\/pt-pt\/wp-json\/wp\/v2\/pages"}],"about":[{"href":"https:\/\/vvvvu.com\/pt-pt\/wp-json\/wp\/v2\/types\/page"}],"author":[{"embeddable":true,"href":"https:\/\/vvvvu.com\/pt-pt\/wp-json\/wp\/v2\/users\/1"}],"replies":[{"embeddable":true,"href":"https:\/\/vvvvu.com\/pt-pt\/wp-json\/wp\/v2\/comments?post=14508"}],"version-history":[{"count":3,"href":"https:\/\/vvvvu.com\/pt-pt\/wp-json\/wp\/v2\/pages\/14508\/revisions"}],"predecessor-version":[{"id":111050,"href":"https:\/\/vvvvu.com\/pt-pt\/wp-json\/wp\/v2\/pages\/14508\/revisions\/111050"}],"wp:attachment":[{"href":"https:\/\/vvvvu.com\/pt-pt\/wp-json\/wp\/v2\/media?parent=14508"}],"curies":[{"name":"wp","href":"https:\/\/api.w.org\/{rel}","templated":true}]}}