{"id":14470,"date":"2023-07-13T13:30:48","date_gmt":"2023-07-13T13:30:48","guid":{"rendered":"https:\/\/vvvvu.com\/termos-e-condicoes\/"},"modified":"2024-07-24T07:48:23","modified_gmt":"2024-07-24T07:48:23","slug":"termos-e-condicoes","status":"publish","type":"page","link":"https:\/\/vvvvu.com\/pt-pt\/termos-e-condicoes\/","title":{"rendered":"Termos e Condi\u00e7\u00f5es"},"content":{"rendered":"\n<p>Bem-vindo ao Melhor Site de Apostas Desportivas!<\/p>\n\n<p>Estes termos e condi\u00e7\u00f5es descrevem as regras e regulamentos para a utiliza\u00e7\u00e3o do Website do VVVVU.COM &#8211; Best Sports Betting Site, localizado em https:\/\/www.vvvvu.com\/.<\/p>\n\n<p>Ao aceder a este website assumimos que aceita estes termos e condi\u00e7\u00f5es. N\u00e3o continue a utilizar o Melhor Site de Apostas Desportivas se n\u00e3o concordar em aceitar todos os termos e condi\u00e7\u00f5es indicados nesta p\u00e1gina.<\/p>\n\n<p>A seguinte terminologia aplica-se a estes Termos e Condi\u00e7\u00f5es, Declara\u00e7\u00e3o de Privacidade e Aviso de Isen\u00e7\u00e3o de Responsabilidade e a todos os Acordos: &#8220;Cliente&#8221;, &#8220;Voc\u00ea&#8221; e &#8220;Seu&#8221; refere-se a voc\u00ea, a pessoa que faz login neste site e est\u00e1 em conformidade com os termos e condi\u00e7\u00f5es da Empresa. &#8220;A Empresa&#8221;, &#8220;N\u00f3s Mesmos&#8221;, &#8220;N\u00f3s&#8221;, &#8220;Nosso&#8221; e &#8220;N\u00f3s&#8221;, refere-se \u00e0 nossa Empresa. &#8220;Parte&#8221;, &#8220;Partes&#8221; ou &#8220;N\u00f3s&#8221;, refere-se tanto ao Cliente como a n\u00f3s mesmos. Todos os termos referem-se \u00e0 oferta, aceita\u00e7\u00e3o e considera\u00e7\u00e3o do pagamento necess\u00e1rio para realizar o processo de nossa assist\u00eancia ao Cliente da maneira mais apropriada para o prop\u00f3sito expresso de atender \u00e0s necessidades do Cliente em rela\u00e7\u00e3o \u00e0 presta\u00e7\u00e3o dos servi\u00e7os declarados da Empresa, de acordo com e sujeito \u00e0 lei vigente da Holanda. Qualquer uso da terminologia acima ou outras palavras no singular, plural, mai\u00fasculas e\/ou ele\/ela ou elas, s\u00e3o tidos como intercambi\u00e1veis e, portanto, como referindo-se ao mesmo.<\/p>\n\n<h3 class=\"wp-block-heading\">\n          <strong>Biscoitos<\/strong>\n        <\/h3>\n\n<p>Empregamos o uso de cookies. Ao aceder ao site Best Sports Betting (Melhor Site de Apostas Desportivas), concorda em utilizar cookies de acordo com a Pol\u00edtica de Privacidade do VVVVU.COM &#8211; Best Sports Betting Site.<\/p>\n\n<p>A maioria dos sites interativos usa cookies para nos permitir recuperar os detalhes do usu\u00e1rio para cada visita. Os cookies s\u00e3o utilizados pelo nosso website para permitir a funcionalidade de determinadas \u00e1reas para facilitar a vida das pessoas que visitam o nosso website. Alguns dos nossos parceiros afiliados\/publicit\u00e1rios tamb\u00e9m podem utilizar cookies.<\/p>\n\n<h3 class=\"wp-block-heading\">\n          <strong>Licen\u00e7a<\/strong>\n        <\/h3>\n\n<p>Salvo indica\u00e7\u00e3o em contr\u00e1rio, a VVVVU.COM &#8211; Best Sports Betting Site e\/ou os seus licenciantes det\u00eam os direitos de propriedade intelectual de todo o material do Best Sports Betting Site. Todos os direitos de propriedade intelectual s\u00e3o reservados. Pode aceder a este site a partir do Melhor Site de Apostas Desportivas para seu uso pessoal, sujeito \u00e0s restri\u00e7\u00f5es definidas nestes termos e condi\u00e7\u00f5es.<\/p>\n\n<p>N\u00e3o deve:<\/p>\n\n<ul class=\"wp-block-list\">\n<li>Republique material do Melhor Site de Apostas Desportivas<\/li>\n\n\n\n<li>Vender, alugar ou sublicenciar material do Melhor Site de Apostas Desportivas<\/li>\n\n\n\n<li>Reproduzir, duplicar ou copiar material do Melhor Site de Apostas Desportivas<\/li>\n\n\n\n<li>Redistribuir conte\u00fado do Melhor Site de Apostas Desportivas<\/li>\n<\/ul>\n\n<p>O presente Acordo tem in\u00edcio na data do presente Acordo.<\/p>\n\n<p>Partes deste site oferecem uma oportunidade para os usu\u00e1rios postarem e trocarem opini\u00f5es e informa\u00e7\u00f5es em determinadas \u00e1reas do site. VVVVU.COM &#8211; O Melhor Site de Apostas Desportivas n\u00e3o filtra, edita, publica ou rev\u00ea Coment\u00e1rios antes da sua presen\u00e7a no website.\nOs coment\u00e1rios n\u00e3o refletem os pontos de vista e opini\u00f5es da VVVVU.COM &#8211; Best Sports Betting Site, dos seus agentes e\/ou afiliados.  Os coment\u00e1rios refletem os pontos de vista e opini\u00f5es da pessoa que publica os seus pontos de vista e opini\u00f5es. Na medida do permitido pelas leis aplic\u00e1veis, a VVVVU.COM &#8211; Best Sports Betting Site n\u00e3o ser\u00e1 respons\u00e1vel pelos Coment\u00e1rios ou por qualquer responsabilidade, danos ou despesas causados e\/ou sofridos como resultado de qualquer uso e\/ou publica\u00e7\u00e3o e\/ou aparecimento dos Coment\u00e1rios neste site.<\/p>\n\n<p>VVVVU.COM &#8211; O Melhor Site de Apostas Desportivas reserva-se o direito de monitorizar todos os Coment\u00e1rios e remover quaisquer Coment\u00e1rios que possam ser considerados inadequados, ofensivos ou que provoquem viola\u00e7\u00e3o destes Termos e Condi\u00e7\u00f5es.<\/p>\n\n<p>Voc\u00ea garante e declara que:<\/p>\n\n<ul class=\"wp-block-list\">\n<li>Voc\u00ea tem o direito de publicar os Coment\u00e1rios em nosso site e tem todas as licen\u00e7as e consentimentos necess\u00e1rios para faz\u00ea-lo;<\/li>\n\n\n\n<li>Os Coment\u00e1rios n\u00e3o invadem nenhum direito de propriedade intelectual, incluindo, sem limita\u00e7\u00e3o, direitos autorais, patentes ou marcas registradas de terceiros;<\/li>\n\n\n\n<li>Os Coment\u00e1rios n\u00e3o cont\u00eam qualquer material difamat\u00f3rio, calunioso, ofensivo, indecente ou ilegal que seja uma invas\u00e3o de privacidade<\/li>\n\n\n\n<li>Os Coment\u00e1rios n\u00e3o ser\u00e3o usados para solicitar ou promover neg\u00f3cios ou costumes ou apresentar atividades comerciais ou atividades ilegais.<\/li>\n<\/ul>\n\n<p>Pelo presente, concede ao VVVVU.COM &#8211; Melhor Site de Apostas Desportivas uma licen\u00e7a n\u00e3o exclusiva para utilizar, reproduzir, editar e autorizar terceiros a utilizar, reproduzir e editar qualquer um dos seus Coment\u00e1rios em todas e quaisquer formas, formatos ou meios.<\/p>\n\n<h3 class=\"wp-block-heading\">\n          <strong>Hiperliga\u00e7\u00e3o para o nosso Conte\u00fado<\/strong>\n        <\/h3>\n\n<p>As seguintes organiza\u00e7\u00f5es podem criar links para o nosso site sem aprova\u00e7\u00e3o pr\u00e9via por escrito:<\/p>\n\n<ul class=\"wp-block-list\">\n<li>Ag\u00eancias governamentais;<\/li>\n\n\n\n<li>Motores de busca;<\/li>\n\n\n\n<li>Organiza\u00e7\u00f5es noticiosas;<\/li>\n\n\n\n<li>Os distribuidores de diret\u00f3rios online podem estabelecer liga\u00e7\u00f5es para o nosso Website da mesma forma que hiperligam para os S\u00edtios Web de outras empresas listadas; e ainda<\/li>\n\n\n\n<li>Empresas Credenciadas em todo o sistema, exceto solicitando organiza\u00e7\u00f5es sem fins lucrativos, shopping centers de caridade e grupos de arrecada\u00e7\u00e3o de fundos de caridade que n\u00e3o podem usar hiperlink para nosso site.<\/li>\n<\/ul>\n\n<p>Estas organiza\u00e7\u00f5es podem criar links para a nossa p\u00e1gina inicial, para publica\u00e7\u00f5es ou para outras informa\u00e7\u00f5es do site, desde que o link: a) N\u00e3o seja de modo algum enganosa; (b) n\u00e3o implique falsamente patroc\u00ednio, endosso ou aprova\u00e7\u00e3o da parte vinculante e seus produtos e\/ou servi\u00e7os; e ainda (c) se enquadre no contexto do s\u00edtio da parte que estabelece a liga\u00e7\u00e3o.<\/p>\n\n<p>Podemos considerar e aprovar outras solicita\u00e7\u00f5es de link dos seguintes tipos de organiza\u00e7\u00f5es:<\/p>\n\n<ul class=\"wp-block-list\">\n<li>fontes de informa\u00e7\u00e3o dos consumidores e\/ou das empresas comummente conhecidas;<\/li>\n\n\n\n<li>dot.com sites comunit\u00e1rios;<\/li>\n\n\n\n<li>associa\u00e7\u00f5es ou outros grupos representativos de institui\u00e7\u00f5es de benefic\u00eancia;<\/li>\n\n\n\n<li>distribuidores de listas em linha;<\/li>\n\n\n\n<li>portais da Internet;<\/li>\n\n\n\n<li>sociedades de contabilidade, advocacia e consultoria; e ainda<\/li>\n\n\n\n<li>institui\u00e7\u00f5es de ensino e associa\u00e7\u00f5es comerciais.<\/li>\n<\/ul>\n\n<p>Aprovaremos solicita\u00e7\u00f5es de links dessas organiza\u00e7\u00f5es se decidirmos que:\n(a) o link n\u00e3o nos faria olhar desfavoravelmente para n\u00f3s mesmos ou para nossos neg\u00f3cios credenciados;\n(b) a organiza\u00e7\u00e3o n\u00e3o tem quaisquer registos negativos connosco;\n(c) o benef\u00edcio para n\u00f3s da visibilidade do hiperlink compensa a aus\u00eancia de VVVVU.COM &#8211; Melhor Site de Apostas Desportivas; e ainda\nd) A liga\u00e7\u00e3o situa-se no contexto de informa\u00e7\u00f5es gerais sobre recursos.    <\/p>\n\n<p>Estas organiza\u00e7\u00f5es podem ter um link para a nossa p\u00e1gina inicial, desde que o link: a) N\u00e3o seja de modo algum enganosa; (b) n\u00e3o implique falsamente patroc\u00ednio, endosso ou aprova\u00e7\u00e3o da parte vinculante e seus produtos ou servi\u00e7os; e ainda (c) se enquadre no contexto do s\u00edtio da parte que estabelece a liga\u00e7\u00e3o.<\/p>\n\n<p>Se voc\u00ea \u00e9 uma das organiza\u00e7\u00f5es listadas no par\u00e1grafo 2 acima e est\u00e1 interessado em vincular ao nosso site, voc\u00ea deve nos informar enviando um e-mail para VVVVU.COM &#8211; Melhor Site de Apostas Esportivas.\nPor favor, inclua o seu nome, o nome da sua organiza\u00e7\u00e3o, informa\u00e7\u00f5es de contato, bem como o URL do seu site, uma lista de quaisquer URLs a partir dos quais voc\u00ea pretende vincular ao nosso site, e uma lista dos URLs em nosso site para os quais voc\u00ea gostaria de vincular.\nAguarde 2-3 semanas para obter uma resposta.  <\/p>\n\n<p>As organiza\u00e7\u00f5es aprovadas podem criar hiperliga\u00e7\u00f5es para o nosso Website da seguinte forma:<\/p>\n\n<ul class=\"wp-block-list\">\n<li>Pelo uso da nossa raz\u00e3o social; quer<\/li>\n\n\n\n<li>Atrav\u00e9s da utiliza\u00e7\u00e3o do localizador uniforme de recursos a que est\u00e1 ligado; quer<\/li>\n\n\n\n<li>O uso de qualquer outra descri\u00e7\u00e3o do nosso site est\u00e1 sendo vinculado a isso faz sentido dentro do contexto e formato do conte\u00fado no site da parte vinculante.<\/li>\n<\/ul>\n\n<p>N\u00e3o ser\u00e1 permitida a utiliza\u00e7\u00e3o do log\u00f3tipo ou outra arte do VVVVU.COM &#8211; Best Sports Betting Site para liga\u00e7\u00e3o na aus\u00eancia de um contrato de licen\u00e7a de marca comercial.<\/p>\n\n<h3 class=\"wp-block-heading\">\n          <strong>iFrames<\/strong>\n        <\/h3>\n\n<p>Sem aprova\u00e7\u00e3o pr\u00e9via e permiss\u00e3o por escrito, voc\u00ea n\u00e3o pode criar quadros em torno de nossas p\u00e1ginas da Web que alterem de qualquer forma a apresenta\u00e7\u00e3o visual ou apar\u00eancia de nosso site.<\/p>\n\n<h3 class=\"wp-block-heading\">\n          <strong>Responsabilidade pelo conte\u00fado<\/strong>\n        <\/h3>\n\n<p>N\u00e3o seremos respons\u00e1veis por qualquer conte\u00fado que apare\u00e7a no seu Website. Concorda em proteger-nos e defender-nos contra todas as reclama\u00e7\u00f5es que estejam a surgir no seu Website. Nenhum link (s) deve aparecer em qualquer site que possa ser interpretado como difamat\u00f3rio, obsceno ou criminoso, ou que infrinja, viole ou defenda a viola\u00e7\u00e3o ou outra viola\u00e7\u00e3o de quaisquer direitos de terceiros.<\/p>\n\n<h3 class=\"wp-block-heading\">\n          <strong>A sua privacidade<\/strong>\n        <\/h3>\n\n<p>Por favor, leia a Pol\u00edtica de Privacidade<\/p>\n\n<h3 class=\"wp-block-heading\">\n          <strong>Reserva de Direitos<\/strong>\n        <\/h3>\n\n<p>Reservamo-nos o direito de solicitar que remova todos os links ou qualquer link espec\u00edfico para o nosso site. Voc\u00ea concorda em remover imediatamente todos os links para o nosso site mediante solicita\u00e7\u00e3o. Tamb\u00e9m nos reservamos o direito de alterar estes termos e condi\u00e7\u00f5es e sua pol\u00edtica de vincula\u00e7\u00e3o a qualquer momento. Ao ligar continuamente ao nosso Website, concorda em vincular-se e seguir estes termos e condi\u00e7\u00f5es de liga\u00e7\u00e3o.<\/p>\n\n<h3 class=\"wp-block-heading\">\n          <strong>Remo\u00e7\u00e3o de links do nosso site<\/strong>\n        <\/h3>\n\n<p>Se voc\u00ea encontrar algum link em nosso site que seja ofensivo por qualquer motivo, voc\u00ea \u00e9 livre para entrar em contato e nos informar a qualquer momento. Consideraremos solicita\u00e7\u00f5es para remover links, mas n\u00e3o somos obrigados a responder diretamente a voc\u00ea.<\/p>\n\n<p>N\u00e3o garantimos que as informa\u00e7\u00f5es contidas neste site estejam corretas, n\u00e3o garantimos a sua integridade ou exatid\u00e3o; Tamb\u00e9m n\u00e3o prometemos garantir que o site permane\u00e7a dispon\u00edvel ou que o material no site seja mantido atualizado.<\/p>\n\n<h3 class=\"wp-block-heading\">\n          <strong>Declara\u00e7\u00e3o de exonera\u00e7\u00e3o de responsabilidade<\/strong>\n        <\/h3>\n\n<p>Na extens\u00e3o m\u00e1xima permitida pela lei aplic\u00e1vel, exclu\u00edmos todas as representa\u00e7\u00f5es, garantias e condi\u00e7\u00f5es relacionadas ao nosso site e ao uso deste site. Nada nesta declara\u00e7\u00e3o de exonera\u00e7\u00e3o de responsabilidade:<\/p>\n\n<ul class=\"wp-block-list\">\n<li>limitar ou excluir a nossa ou a sua responsabilidade por morte ou danos pessoais;<\/li>\n\n\n\n<li>limitar ou excluir a nossa ou a sua responsabilidade por fraude ou deturpa\u00e7\u00e3o fraudulenta;<\/li>\n\n\n\n<li>limitar qualquer uma das nossas ou das suas responsabilidades de qualquer forma que n\u00e3o seja permitida pela lei aplic\u00e1vel; quer<\/li>\n\n\n\n<li>excluir qualquer uma das nossas responsabilidades ou das suas responsabilidades que n\u00e3o possam ser exclu\u00eddas ao abrigo da lei aplic\u00e1vel.<\/li>\n<\/ul>\n\n<p>As limita\u00e7\u00f5es e proibi\u00e7\u00f5es de responsabilidade estabelecidas nesta Sec\u00e7\u00e3o e noutras partes desta declara\u00e7\u00e3o de exonera\u00e7\u00e3o de responsabilidade: a) Estejam sujeitos ao disposto no n\u00famero anterior; e ainda (b) regem todas as responsabilidades decorrentes da declara\u00e7\u00e3o de exonera\u00e7\u00e3o de responsabilidade, incluindo as responsabilidades decorrentes de contrato, de responsabilidade civil e por viola\u00e7\u00e3o de deveres legais.<\/p>\n\n<p>Desde que o site e as informa\u00e7\u00f5es e servi\u00e7os no site sejam fornecidos gratuitamente, n\u00e3o seremos respons\u00e1veis por qualquer perda ou dano de qualquer natureza.<\/p>\n","protected":false},"excerpt":{"rendered":"<p>Bem-vindo ao Melhor Site de Apostas Desportivas! Estes termos e condi\u00e7\u00f5es descrevem as regras e regulamentos para a utiliza\u00e7\u00e3o do Website do VVVVU.COM &#8211; Best Sports Betting Site, localizado em https:\/\/www.vvvvu.com\/. Ao aceder a este website assumimos que aceita estes termos e condi\u00e7\u00f5es. N\u00e3o continue a utilizar o Melhor Site de Apostas Desportivas se n\u00e3o [&hellip;]<\/p>\n","protected":false},"author":1,"featured_media":0,"parent":0,"menu_order":0,"comment_status":"closed","ping_status":"open","template":"","meta":{"inline_featured_image":false,"_uag_custom_page_level_css":"","site-sidebar-layout":"default","site-content-layout":"","ast-site-content-layout":"default","site-content-style":"default","site-sidebar-style":"default","ast-global-header-display":"","ast-banner-title-visibility":"","ast-main-header-display":"","ast-hfb-above-header-display":"","ast-hfb-below-header-display":"","ast-hfb-mobile-header-display":"","site-post-title":"","ast-breadcrumbs-content":"","ast-featured-img":"","footer-sml-layout":"","ast-disable-related-posts":"","theme-transparent-header-meta":"","adv-header-id-meta":"","stick-header-meta":"","header-above-stick-meta":"","header-main-stick-meta":"","header-below-stick-meta":"","astra-migrate-meta-layouts":"default","ast-page-background-enabled":"default","ast-page-background-meta":{"desktop":{"background-color":"var(--ast-global-color-4)","background-image":"","background-repeat":"repeat","background-position":"center center","background-size":"auto","background-attachment":"scroll","background-type":"","background-media":"","overlay-type":"","overlay-color":"","overlay-opacity":"","overlay-gradient":""},"tablet":{"background-color":"","background-image":"","background-repeat":"repeat","background-position":"center center","background-size":"auto","background-attachment":"scroll","background-type":"","background-media":"","overlay-type":"","overlay-color":"","overlay-opacity":"","overlay-gradient":""},"mobile":{"background-color":"","background-image":"","background-repeat":"repeat","background-position":"center center","background-size":"auto","background-attachment":"scroll","background-type":"","background-media":"","overlay-type":"","overlay-color":"","overlay-opacity":"","overlay-gradient":""}},"ast-content-background-meta":{"desktop":{"background-color":"var(--ast-global-color-5)","background-image":"","background-repeat":"repeat","background-position":"center center","background-size":"auto","background-attachment":"scroll","background-type":"","background-media":"","overlay-type":"","overlay-color":"","overlay-opacity":"","overlay-gradient":""},"tablet":{"background-color":"var(--ast-global-color-5)","background-image":"","background-repeat":"repeat","background-position":"center center","background-size":"auto","background-attachment":"scroll","background-type":"","background-media":"","overlay-type":"","overlay-color":"","overlay-opacity":"","overlay-gradient":""},"mobile":{"background-color":"var(--ast-global-color-5)","background-image":"","background-repeat":"repeat","background-position":"center center","background-size":"auto","background-attachment":"scroll","background-type":"","background-media":"","overlay-type":"","overlay-color":"","overlay-opacity":"","overlay-gradient":""}},"footnotes":""},"class_list":["post-14470","page","type-page","status-publish","hentry"],"aioseo_notices":[],"acf":[],"uagb_featured_image_src":{"full":false,"thumbnail":false,"medium":false,"medium_large":false,"large":false,"1536x1536":false,"2048x2048":false},"uagb_author_info":{"display_name":"\u545c\u545c\u545c","author_link":"https:\/\/vvvvu.com\/pt-pt\/author\/vvvvu\/"},"uagb_comment_info":0,"uagb_excerpt":"Bem-vindo ao Melhor Site de Apostas Desportivas! Estes termos e condi\u00e7\u00f5es descrevem as regras e regulamentos para a utiliza\u00e7\u00e3o do Website do VVVVU.COM &#8211; Best Sports Betting Site, localizado em https:\/\/www.vvvvu.com\/. Ao aceder a este website assumimos que aceita estes termos e condi\u00e7\u00f5es. N\u00e3o continue a utilizar o Melhor Site de Apostas Desportivas se n\u00e3o&hellip;","_links":{"self":[{"href":"https:\/\/vvvvu.com\/pt-pt\/wp-json\/wp\/v2\/pages\/14470","targetHints":{"allow":["GET"]}}],"collection":[{"href":"https:\/\/vvvvu.com\/pt-pt\/wp-json\/wp\/v2\/pages"}],"about":[{"href":"https:\/\/vvvvu.com\/pt-pt\/wp-json\/wp\/v2\/types\/page"}],"author":[{"embeddable":true,"href":"https:\/\/vvvvu.com\/pt-pt\/wp-json\/wp\/v2\/users\/1"}],"replies":[{"embeddable":true,"href":"https:\/\/vvvvu.com\/pt-pt\/wp-json\/wp\/v2\/comments?post=14470"}],"version-history":[{"count":4,"href":"https:\/\/vvvvu.com\/pt-pt\/wp-json\/wp\/v2\/pages\/14470\/revisions"}],"predecessor-version":[{"id":111941,"href":"https:\/\/vvvvu.com\/pt-pt\/wp-json\/wp\/v2\/pages\/14470\/revisions\/111941"}],"wp:attachment":[{"href":"https:\/\/vvvvu.com\/pt-pt\/wp-json\/wp\/v2\/media?parent=14470"}],"curies":[{"name":"wp","href":"https:\/\/api.w.org\/{rel}","templated":true}]}}