{"id":14418,"date":"2023-07-10T03:31:05","date_gmt":"2023-07-10T03:31:05","guid":{"rendered":"https:\/\/vvvvu.com\/politica-de-privacidade\/"},"modified":"2024-07-24T05:50:22","modified_gmt":"2024-07-24T05:50:22","slug":"politica-de-privacidade","status":"publish","type":"page","link":"https:\/\/vvvvu.com\/pt-pt\/politica-de-privacidade\/","title":{"rendered":"Pol\u00edtica de Privacidade"},"content":{"rendered":"\n<h2 class=\"wp-block-heading\">A Nossa Identidade<\/h2>\n\n<p>Encontre-nos online em: <a href=\"https:\/\/vvvvu.com\/pt-pt\/\" target=\"_blank\" rel=\"noopener nofollow\" title=\"Casas de apostas\">https:\/\/vvvvu.com<\/a>.<\/p>\n\n<h2 class=\"wp-block-heading\">Sec\u00e7\u00e3o de coment\u00e1rios<\/h2>\n\n<p>Os dados dos clientes s\u00e3o fornecidos por aqueles que deixam coment\u00e1rios em nossa p\u00e1gina, eles fazem isso inserindo os dados necess\u00e1rios na forma do coment\u00e1rio.\nIsto, juntamente com o seu endere\u00e7o IP e informa\u00e7\u00f5es do navegador d\u00e1-nos medidas de prote\u00e7\u00e3o contra spamming. <\/p>\n\n<p>O endere\u00e7o de e-mail que voc\u00ea tem pode ter uma maneira de se tornar an\u00f4nimo, uma vez que o Gravatar pode verificar seu uso transformando-se em uma string an\u00f4nima, hash. A Pol\u00edtica de Privacidade do Gravatar est\u00e1 aqui: <a href=\"https:\/\/vvvvu.com\/pt-pt\/politica-de-privacidade\/\" target=\"_blank\" rel=\"noopener nofollow\" title=\"Pol&#xED;tica de Privacidade\/\">https:\/\/vvvvu.com\/privacy-policy\/<\/a>.\nSua foto de perfil agora \u00e9 vis\u00edvel publicamente dentro de seu contexto depois que seu coment\u00e1rio \u00e9 aprovado. <\/p>\n\n<h2 class=\"wp-block-heading\">Upload de imagens<\/h2>\n\n<p>Carregando imagens?\nEsteja atento.\nSe for o caso de dados de localiza\u00e7\u00e3o neles (GPS EXIF), os visitantes do site podem baix\u00e1-los e extra\u00ed-los.  <\/p>\n\n<h2 class=\"wp-block-heading\">Informa\u00e7\u00f5es sobre cookies<\/h2>\n\n<p>Deixando um coment\u00e1rio?\nComo alternativa, h\u00e1 um cookie _ para que seu name_, e-mail e site possam ser salvos.\nEste \u00e9 um ano de conveni\u00eancia s\u00e1bio que protege voc\u00ea de inserir dados novamente.  <\/p>\n\n<p>Ao iniciar sess\u00e3o no nosso site, existe um cookie tempor\u00e1rio que decide se o seu navegador \u00e9 ou n\u00e3o compat\u00edvel com cookies.\nEsse cookie sem dados permanece depois que o navegador \u00e9 fechado. <\/p>\n\n<p>Est\u00e1 a iniciar sess\u00e3o?\nOs cookies s\u00e3o feitos para lembrar suas prefer\u00eancias de exibi\u00e7\u00e3o e detalhes de login.\nOs cookies de login s\u00e3o temporizadores de dois dias, mas as op\u00e7\u00f5es de tela s\u00e3o armazenadas por um ano.\nLembre-se de mim vai se lembrar de voc\u00ea por duas semanas.\nQuando se faz logout; Em seguida, o cookie de login \u00e9 exclu\u00eddo.    <\/p>\n\n<p>Ao mudar ou carregar o artigo, ver\u00e1 que existe um novo cookie que o seu navegador armazena.\nEste n\u00e3o \u00e9 um cookie de reten\u00e7\u00e3o de informa\u00e7\u00f5es pessoais.\nMarca apenas o seu ID de publica\u00e7\u00e3o, o \u00faltimo atualizado Um dia ap\u00f3s este cookie desaparecer.  <\/p>\n\n<h2 class=\"wp-block-heading\">Conte\u00fado inclu\u00eddo de diferentes sites<\/h2>\n\n<p>Os artigos neste site podem ter conte\u00fado n\u00e3o inclu\u00eddo, por exemplo, v\u00eddeos, fotos, vestu\u00e1rio e outros.\nTamb\u00e9m incluiu conte\u00fado de outros sites que agem praticamente da mesma forma como se voc\u00ea visitasse o outro site. <\/p>\n\n<p>Esses sites podem coletar informa\u00e7\u00f5es sobre voc\u00ea, usar cookies, medir mais terceiros e rastrear seu envolvimento com o material inclu\u00eddo.\nTais intera\u00e7\u00f5es incluem seguir suas intera\u00e7\u00f5es com o material fornecido, se voc\u00ea estiver conectado ao site em quest\u00e3o. <\/p>\n\n<h2 class=\"wp-block-heading\">Partilha de dados<\/h2>\n\n<p>Apenas o seu endere\u00e7o IP ser\u00e1 incorporado na mensagem de redefini\u00e7\u00e3o.<\/p>\n\n<h2 class=\"wp-block-heading\">Reten\u00e7\u00e3o dos seus dados<\/h2>\n\n<p>Se voc\u00ea comentar, o coment\u00e1rio e seus dados correlacionados ser\u00e3o mantidos indefinidamente.\nIsso nos permite identificar e sancionar seu p\u00f3s-coment\u00e1rio logo em vez de t\u00ea-los pendurados l\u00e1 em qualquer fila de espera. <\/p>\n\n<p>As informa\u00e7\u00f5es pessoais que nossos membros worbsite (se houver) forneceram em seus perfis s\u00e3o armazenadas.\nQualquer usu\u00e1rio pode visualizar, modificar ou excluir suas informa\u00e7\u00f5es pessoais a qualquer momento (exceto o nome de usu\u00e1rio).\nOs administradores do site tamb\u00e9m podem faz\u00ea-lo.  <\/p>\n\n<h2 class=\"wp-block-heading\">Que direitos tem sobre os seus dados<\/h2>\n\n<p>Se tiver uma conta ou tiver deixado coment\u00e1rios neste site, pode solicitar um ficheiro exportado dos seus dados pessoais que mantemos, incluindo os dados que nos forneceu.\nTamb\u00e9m pode solicitar-nos que apaguemos quaisquer informa\u00e7\u00f5es pessoais que tenhamos sobre si.\nNo entanto, isso n\u00e3o se aplica a qualquer informa\u00e7\u00e3o que devamos manter por raz\u00f5es operacionais, estatut\u00e1rias ou de seguran\u00e7a.  <\/p>\n","protected":false},"excerpt":{"rendered":"<p>A Nossa Identidade Encontre-nos online em: https:\/\/vvvvu.com. Sec\u00e7\u00e3o de coment\u00e1rios Os dados dos clientes s\u00e3o fornecidos por aqueles que deixam coment\u00e1rios em nossa p\u00e1gina, eles fazem isso inserindo os dados necess\u00e1rios na forma do coment\u00e1rio. Isto, juntamente com o seu endere\u00e7o IP e informa\u00e7\u00f5es do navegador d\u00e1-nos medidas de prote\u00e7\u00e3o contra spamming. O endere\u00e7o de [&hellip;]<\/p>\n","protected":false},"author":1,"featured_media":0,"parent":0,"menu_order":0,"comment_status":"closed","ping_status":"closed","template":"","meta":{"inline_featured_image":false,"_uag_custom_page_level_css":"","site-sidebar-layout":"default","site-content-layout":"","ast-site-content-layout":"default","site-content-style":"default","site-sidebar-style":"default","ast-global-header-display":"","ast-banner-title-visibility":"","ast-main-header-display":"","ast-hfb-above-header-display":"","ast-hfb-below-header-display":"","ast-hfb-mobile-header-display":"","site-post-title":"","ast-breadcrumbs-content":"","ast-featured-img":"","footer-sml-layout":"","ast-disable-related-posts":"","theme-transparent-header-meta":"","adv-header-id-meta":"","stick-header-meta":"","header-above-stick-meta":"","header-main-stick-meta":"","header-below-stick-meta":"","astra-migrate-meta-layouts":"default","ast-page-background-enabled":"default","ast-page-background-meta":{"desktop":{"background-color":"var(--ast-global-color-4)","background-image":"","background-repeat":"repeat","background-position":"center center","background-size":"auto","background-attachment":"scroll","background-type":"","background-media":"","overlay-type":"","overlay-color":"","overlay-opacity":"","overlay-gradient":""},"tablet":{"background-color":"","background-image":"","background-repeat":"repeat","background-position":"center center","background-size":"auto","background-attachment":"scroll","background-type":"","background-media":"","overlay-type":"","overlay-color":"","overlay-opacity":"","overlay-gradient":""},"mobile":{"background-color":"","background-image":"","background-repeat":"repeat","background-position":"center center","background-size":"auto","background-attachment":"scroll","background-type":"","background-media":"","overlay-type":"","overlay-color":"","overlay-opacity":"","overlay-gradient":""}},"ast-content-background-meta":{"desktop":{"background-color":"var(--ast-global-color-5)","background-image":"","background-repeat":"repeat","background-position":"center center","background-size":"auto","background-attachment":"scroll","background-type":"","background-media":"","overlay-type":"","overlay-color":"","overlay-opacity":"","overlay-gradient":""},"tablet":{"background-color":"var(--ast-global-color-5)","background-image":"","background-repeat":"repeat","background-position":"center center","background-size":"auto","background-attachment":"scroll","background-type":"","background-media":"","overlay-type":"","overlay-color":"","overlay-opacity":"","overlay-gradient":""},"mobile":{"background-color":"var(--ast-global-color-5)","background-image":"","background-repeat":"repeat","background-position":"center center","background-size":"auto","background-attachment":"scroll","background-type":"","background-media":"","overlay-type":"","overlay-color":"","overlay-opacity":"","overlay-gradient":""}},"footnotes":""},"class_list":["post-14418","page","type-page","status-publish","hentry"],"aioseo_notices":[],"acf":[],"uagb_featured_image_src":{"full":false,"thumbnail":false,"medium":false,"medium_large":false,"large":false,"1536x1536":false,"2048x2048":false},"uagb_author_info":{"display_name":"\u545c\u545c\u545c","author_link":"https:\/\/vvvvu.com\/pt-pt\/author\/vvvvu\/"},"uagb_comment_info":0,"uagb_excerpt":"A Nossa Identidade Encontre-nos online em: https:\/\/vvvvu.com. Sec\u00e7\u00e3o de coment\u00e1rios Os dados dos clientes s\u00e3o fornecidos por aqueles que deixam coment\u00e1rios em nossa p\u00e1gina, eles fazem isso inserindo os dados necess\u00e1rios na forma do coment\u00e1rio. Isto, juntamente com o seu endere\u00e7o IP e informa\u00e7\u00f5es do navegador d\u00e1-nos medidas de prote\u00e7\u00e3o contra spamming. O endere\u00e7o de&hellip;","_links":{"self":[{"href":"https:\/\/vvvvu.com\/pt-pt\/wp-json\/wp\/v2\/pages\/14418","targetHints":{"allow":["GET"]}}],"collection":[{"href":"https:\/\/vvvvu.com\/pt-pt\/wp-json\/wp\/v2\/pages"}],"about":[{"href":"https:\/\/vvvvu.com\/pt-pt\/wp-json\/wp\/v2\/types\/page"}],"author":[{"embeddable":true,"href":"https:\/\/vvvvu.com\/pt-pt\/wp-json\/wp\/v2\/users\/1"}],"replies":[{"embeddable":true,"href":"https:\/\/vvvvu.com\/pt-pt\/wp-json\/wp\/v2\/comments?post=14418"}],"version-history":[{"count":3,"href":"https:\/\/vvvvu.com\/pt-pt\/wp-json\/wp\/v2\/pages\/14418\/revisions"}],"predecessor-version":[{"id":111684,"href":"https:\/\/vvvvu.com\/pt-pt\/wp-json\/wp\/v2\/pages\/14418\/revisions\/111684"}],"wp:attachment":[{"href":"https:\/\/vvvvu.com\/pt-pt\/wp-json\/wp\/v2\/media?parent=14418"}],"curies":[{"name":"wp","href":"https:\/\/api.w.org\/{rel}","templated":true}]}}