{"id":15444,"date":"2023-09-16T02:48:17","date_gmt":"2023-09-16T02:48:17","guid":{"rendered":"https:\/\/vvvvu.com\/jogo-responsavel\/"},"modified":"2024-07-24T05:53:40","modified_gmt":"2024-07-24T05:53:40","slug":"jogo-responsavel","status":"publish","type":"page","link":"https:\/\/vvvvu.com\/pt-br\/jogo-responsavel\/","title":{"rendered":"Jogo Respons\u00e1vel"},"content":{"rendered":"\n<p>Dicas de jogo respons\u00e1vel: Nesta postagem do blog, discutiremos as poss\u00edveis indica\u00e7\u00f5es de problemas com jogos de azar, algumas maneiras de lidar com problemas de jogo para a pessoa afetada ou para algu\u00e9m que se conhece e detalhes sobre medidas de autoexclus\u00e3o.\nTamb\u00e9m revisaremos as solu\u00e7\u00f5es que as casas de apostas fornecem para regular seu jogo e algumas organiza\u00e7\u00f5es que podem ajudar se voc\u00ea tiver problemas com jogos de azar. <\/p>\n\n<h2 class=\"wp-block-heading\">Os efeitos do jogo problem\u00e1tico e sua identifica\u00e7\u00e3o<\/h2>\n\n<p>\u00c9 crucial lembrar que o jogo \u00e9 uma atividade divertida e divertida; no entanto, \u00e9 igualmente crucial identificar quando isso est\u00e1 se tornando um problema.\nA seguir est\u00e1 a lista de alguns dos sinais e sintomas que mostram que voc\u00ea ou um amigo pode estar desenvolvendo um problema relacionado ao jogo. <\/p>\n\n<p>Um dos sintomas mais frequentes \u00e9 o desenvolvimento de um alto n\u00edvel de interesse pelo jogo e, consequentemente, o abandono do trabalho, das rela\u00e7\u00f5es sociais ou de outras fun\u00e7\u00f5es.\nVoc\u00ea pode ter pensamentos sobre apostas ou sua pr\u00f3xima aposta com mais frequ\u00eancia, a ponto de afetar seu trabalho, escola ou at\u00e9 mesmo fam\u00edlia.\nProblemas financeiros s\u00e3o outro indicador de um problema \u2013 se voc\u00ea est\u00e1 jogando com dinheiro que n\u00e3o tem, ou fazendo empr\u00e9stimos ou penhorando pertences para continuar jogando, \u00e9 um sinal de que voc\u00ea pode precisar parar.  <\/p>\n\n<p>Se voc\u00ea ou sua pessoa pr\u00f3xima se deparou com algum dos sinais listados, este artigo fornecer\u00e1 algumas recomenda\u00e7\u00f5es sobre como lidar com problemas de jogo de maneira adequada.\nLembre-se: perceber que h\u00e1 um problema \u00e9 o primeiro n\u00edvel de obter a assist\u00eancia necess\u00e1ria para um relacionamento mais saud\u00e1vel com os jogos. <\/p>\n\n<h2 class=\"wp-block-heading\">Ajudando-se a lidar com problemas com jogos de azar<\/h2>\n\n<p>Para quem percebeu que tem um problema com o jogo, o primeiro passo \u00e9 chegar a um acordo com ele.\n\u00c9 por isso que \u00e9 \u00fatil saber que voc\u00ea n\u00e3o \u00e9 o \u00fanico a passar por isso e que existem maneiras de melhorar.\nVoc\u00ea pode obter ajuda de organiza\u00e7\u00f5es ou grupos de apoio ao v\u00edcio em jogos de azar assumindo o controle de sua situa\u00e7\u00e3o.  <\/p>\n\n<p>Entre as formas comuns de lidar com a situa\u00e7\u00e3o, pode-se citar a restri\u00e7\u00e3o da quantidade de tempo e dinheiro gastos com jogos de azar.\nIsso pode significar criar um or\u00e7amento de jogo e cumpri-lo a todo custo.\nAl\u00e9m disso, tente identificar outras atividades nas quais voc\u00ea pode se envolver para ajud\u00e1-lo a evitar o foco no jogo.\nEssas atividades f\u00edsicas ou hobbies criativos, como pintar ou escrever, podem ser muito \u00fateis para se distrair e aliviar o estresse de uma maneira melhor.   <\/p>\n\n<p>Mantenha-se positivo, por\u00e9m, pois resolver o problema do jogo problem\u00e1tico n\u00e3o acontece da noite para o dia.\nPe\u00e7a apoio, permane\u00e7a determinado no processo de mudan\u00e7a e n\u00e3o se esque\u00e7a dos objetivos que se estabeleceu para retomar o controle sobre a pr\u00f3pria vida. <\/p>\n\n<h2 class=\"wp-block-heading\">Ajudando um ente querido a lidar com problemas com jogos de azar<\/h2>\n\n<p>\u00c9 realmente muito doloroso e exaustivo testemunhar um membro da fam\u00edlia ou um amigo passar pelo problema do jogo.\nVoc\u00ea n\u00e3o pode mudar o alco\u00f3latra, mas existem estrat\u00e9gias que podem ser empregadas para ajudar o alco\u00f3latra em sua busca pela mudan\u00e7a. <\/p>\n\n<p>\u00c9 necess\u00e1rio conhecer as informa\u00e7\u00f5es sobre problemas com jogos de azar e suas consequ\u00eancias.\nDepois de conhecer os sintomas, voc\u00ea pelo menos ser\u00e1 capaz de identificar quando seu ente querido est\u00e1 em perigo ou precisa de ajuda.\nCertifique-se de ouvi-los e deix\u00e1-los falar sobre seus problemas sem prend\u00ea-los ou amea\u00e7\u00e1-los de qualquer forma.  <\/p>\n\n<p>Ajude seu ente querido a consultar um m\u00e9dico ou psic\u00f3logo ou junte-se a grupos de apoio de pessoas com problemas semelhantes de jogos de azar.\nVoc\u00ea pode se voluntariar para ajudar na busca de materiais ou ir a reuni\u00f5es com eles, se estiver tudo bem para eles.\nDiga-lhes que, n\u00e3o \u00e9 vergonhoso pedir ajuda, pois na verdade \u00e9 uma decis\u00e3o poderosa e saud\u00e1vel.  <\/p>\n\n<p>Lembre-se de que lidar com um problema com o jogo n\u00e3o \u00e9 f\u00e1cil, ent\u00e3o n\u00e3o se esque\u00e7a de voc\u00ea e daqueles que podem ajud\u00e1-lo, por exemplo, amigos ou profissionais.\nAssim, somos capazes de dar o calor e a compaix\u00e3o necess\u00e1rios para a cura de nossos entes queridos. <\/p>\n\n<h2 class=\"wp-block-heading\">Auto-Exclus\u00e3o<\/h2>\n\n<p>A op\u00e7\u00e3o de autoexclus\u00e3o \u00e9 uma \u00f3tima op\u00e7\u00e3o para todos que percebem que t\u00eam um problema de jogo.\nEle ajuda voc\u00ea a definir seus limites e se afastar das atividades de jogo, pois voc\u00ea tem o poder de faz\u00ea-lo voluntariamente. <\/p>\n\n<p>A autoexclus\u00e3o pode ser definida como um mecanismo que ajuda a limitar o acesso a sites de apostas online e\/ou operadores de apostas terrestres por um determinado per\u00edodo.\nIsso ajudar\u00e1 voc\u00ea a tirar uma folga, refletir sobre suas atividades de jogo e talvez considerar se voc\u00ea tem um problema ou n\u00e3o e, se tiver, procurar ajuda.\nA autoexclus\u00e3o \u00e9 uma maneira de iniciar o processo de gerenciamento do comportamento e iniciar o processo de mudan\u00e7a de maneira positiva.\n\u00c9 importante observar que voc\u00ea n\u00e3o precisa fazer isso sozinho, existem ferramentas que podem ajud\u00e1-lo.    Mantenha-se forte!<\/p>\n\n<h2 class=\"wp-block-heading\">Como as casas de apostas controlam o jogo?<\/h2>\n\n<p>Isso \u00e9 algo que as casas de apostas apreciam plenamente e, como resultado, fornecem aos seus clientes v\u00e1rias medidas que podem ser tomadas para limitar o jogo.\nUma dessas ferramentas \u00e9 a defini\u00e7\u00e3o de limites de dep\u00f3sito, por meio dos quais voc\u00ea pode fornecer um teto do valor que pode depositar dentro de um prazo determinado.\nIsso ajuda voc\u00ea a cumprir o or\u00e7amento definido e\/ou na preven\u00e7\u00e3o de gastos excessivos.  <\/p>\n\n<p>Outra caracter\u00edstica rica \u00e9 a possibilidade de definir os limites de apostas, o que significa que o jogador pode colocar as restri\u00e7\u00f5es na quantia m\u00e1xima de dinheiro que pode ser apostada dentro de um determinado per\u00edodo de tempo.\nDessa forma, n\u00e3o h\u00e1 gastos imprudentes ou excessivos nos jogos, pois o dinheiro \u00e9 dividido em certas partes.\nAl\u00e9m disso, in\u00fameras casas de apostas oferecem verifica\u00e7\u00f5es de realidade, que s\u00e3o mensagens que a casa de apostas envia ao usu\u00e1rio nos intervalos de sua escolha para lembr\u00e1-lo do tempo gasto no site.\nEssas s\u00e3o boas dicas para voc\u00ea refletir sobre como est\u00e1 se saindo no jogo e se precisa pausar o jogo.   <\/p>\n\n<p>Assim, ao utilizar tais ferramentas, as casas de apostas tentam ajudar os usu\u00e1rios de seus servi\u00e7os a estabelecer certos limites e controlar o n\u00edvel das atividades de jogo.<\/p>\n\n<h2 class=\"wp-block-heading\">Como procurar ajuda para problemas de jogo?<\/h2>\n\n<p>Se voc\u00ea ou algu\u00e9m que voc\u00ea conhece tem um problema com jogos de azar, saiba que a ajuda est\u00e1 dispon\u00edvel.\nMuitas organiza\u00e7\u00f5es e at\u00e9 institui\u00e7\u00f5es de caridade se concentram em ajudar as pessoas a lidar com o v\u00edcio em jogos de azar e obter a ajuda necess\u00e1ria. <\/p>\n\n<p>Outra organiza\u00e7\u00e3o desse tipo \u00e9 a Jogadores An\u00f4nimos, que \u00e9 uma irmandade de homens e mulheres que se reuniram para ajudar uns aos outros e compartilhar experi\u00eancias, for\u00e7a e esperan\u00e7a e encontrar um caminho para a recupera\u00e7\u00e3o.\nAssim, os participantes conseguem obter o apoio e a compreens\u00e3o de outras pessoas que passaram pelos mesmos problemas. <\/p>\n\n<p>Al\u00e9m disso, tamb\u00e9m existem linhas diretas \u00e0s quais se pode recorrer para obter ajuda, incluindo os Jogadores An\u00f4nimos.\nEssas linhas diretas fornecem informa\u00e7\u00f5es, cuidados e assist\u00eancia, e ajudam na forma de encaminhar o chamador a um profissional para tratamento de problemas de jogo.\n\u00c9 importante procurar ajuda o mais r\u00e1pido poss\u00edvel se voc\u00ea ou algu\u00e9m que voc\u00ea conhece precisar dela \u2013 o fato \u00e9 que voc\u00ea n\u00e3o est\u00e1 sozinho nessa luta pela cura.  <\/p>\n\n<h2 class=\"wp-block-heading\">Ferramentas de Jogo Respons\u00e1vel da Casa de Apostas<\/h2>\n\n<p>Para apoiar a ideia de jogo adequado e seguro e ajudar os usu\u00e1rios a controlar seus jogos de azar, a maioria das casas de apostas e sites de apostas oferece certas fun\u00e7\u00f5es e ferramentas.\nEstes s\u00e3o instrumentos que s\u00e3o usados para permitir que o indiv\u00edduo coloque restri\u00e7\u00f5es ao seu jogo e tire uma folga do jogo, se desejar. <\/p>\n\n<p>Uma dessas ferramentas \u00e9 o recurso de autoexclus\u00e3o. Isso permite que os jogadores se excluam voluntariamente do acesso \u00e0s suas contas por um per\u00edodo de tempo especificado, variando de dias a meses ou at\u00e9 anos. Durante este per\u00edodo de exclus\u00e3o, os jogadores n\u00e3o poder\u00e3o fazer apostas ou aceder a quaisquer servi\u00e7os de jogo na plataforma.<\/p>\n\n<p>Mais um instrumento \u00fatil \u00e9 a op\u00e7\u00e3o de definir os limites de dep\u00f3sito.\nDessa forma, os clientes podem decidir quanto dinheiro gostariam de colocar na conta em um determinado per\u00edodo, pode ser di\u00e1rio, semanal ou mensal.\nDepois que o limite estipulado for atingido, eles n\u00e3o poder\u00e3o depositar mais dinheiro at\u00e9 que o tempo determinado seja observado.  <\/p>\n\n<p>Por fim, \u00e9 fundamental saber que a lista de ferramentas de jogo respons\u00e1vel pode ser diferente para cada casa de apostas que presta seus servi\u00e7os online.\nEstas s\u00e3o algumas das op\u00e7\u00f5es que os apostadores devem experimentar e aprender a usar em suas apostas, dependendo de sua prefer\u00eancia. <\/p>\n","protected":false},"excerpt":{"rendered":"<p>Dicas de jogo respons\u00e1vel: Nesta postagem do blog, discutiremos as poss\u00edveis indica\u00e7\u00f5es de problemas com jogos de azar, algumas maneiras de lidar com problemas de jogo para a pessoa afetada ou para algu\u00e9m que se conhece e detalhes sobre medidas de autoexclus\u00e3o. Tamb\u00e9m revisaremos as solu\u00e7\u00f5es que as casas de apostas fornecem para regular seu [&hellip;]<\/p>\n","protected":false},"author":1,"featured_media":0,"parent":0,"menu_order":0,"comment_status":"closed","ping_status":"closed","template":"","meta":{"inline_featured_image":false,"_uag_custom_page_level_css":"","site-sidebar-layout":"default","site-content-layout":"","ast-site-content-layout":"default","site-content-style":"default","site-sidebar-style":"default","ast-global-header-display":"","ast-banner-title-visibility":"","ast-main-header-display":"","ast-hfb-above-header-display":"","ast-hfb-below-header-display":"","ast-hfb-mobile-header-display":"","site-post-title":"","ast-breadcrumbs-content":"","ast-featured-img":"","footer-sml-layout":"","ast-disable-related-posts":"","theme-transparent-header-meta":"","adv-header-id-meta":"","stick-header-meta":"","header-above-stick-meta":"","header-main-stick-meta":"","header-below-stick-meta":"","astra-migrate-meta-layouts":"default","ast-page-background-enabled":"default","ast-page-background-meta":{"desktop":{"background-color":"var(--ast-global-color-4)","background-image":"","background-repeat":"repeat","background-position":"center center","background-size":"auto","background-attachment":"scroll","background-type":"","background-media":"","overlay-type":"","overlay-color":"","overlay-opacity":"","overlay-gradient":""},"tablet":{"background-color":"","background-image":"","background-repeat":"repeat","background-position":"center center","background-size":"auto","background-attachment":"scroll","background-type":"","background-media":"","overlay-type":"","overlay-color":"","overlay-opacity":"","overlay-gradient":""},"mobile":{"background-color":"","background-image":"","background-repeat":"repeat","background-position":"center center","background-size":"auto","background-attachment":"scroll","background-type":"","background-media":"","overlay-type":"","overlay-color":"","overlay-opacity":"","overlay-gradient":""}},"ast-content-background-meta":{"desktop":{"background-color":"var(--ast-global-color-5)","background-image":"","background-repeat":"repeat","background-position":"center center","background-size":"auto","background-attachment":"scroll","background-type":"","background-media":"","overlay-type":"","overlay-color":"","overlay-opacity":"","overlay-gradient":""},"tablet":{"background-color":"var(--ast-global-color-5)","background-image":"","background-repeat":"repeat","background-position":"center center","background-size":"auto","background-attachment":"scroll","background-type":"","background-media":"","overlay-type":"","overlay-color":"","overlay-opacity":"","overlay-gradient":""},"mobile":{"background-color":"var(--ast-global-color-5)","background-image":"","background-repeat":"repeat","background-position":"center center","background-size":"auto","background-attachment":"scroll","background-type":"","background-media":"","overlay-type":"","overlay-color":"","overlay-opacity":"","overlay-gradient":""}},"footnotes":""},"class_list":["post-15444","page","type-page","status-publish","hentry"],"aioseo_notices":[],"acf":[],"uagb_featured_image_src":{"full":false,"thumbnail":false,"medium":false,"medium_large":false,"large":false,"1536x1536":false,"2048x2048":false},"uagb_author_info":{"display_name":"\u545c\u545c\u545c","author_link":"https:\/\/vvvvu.com\/pt-br\/author\/vvvvu\/"},"uagb_comment_info":0,"uagb_excerpt":"Dicas de jogo respons\u00e1vel: Nesta postagem do blog, discutiremos as poss\u00edveis indica\u00e7\u00f5es de problemas com jogos de azar, algumas maneiras de lidar com problemas de jogo para a pessoa afetada ou para algu\u00e9m que se conhece e detalhes sobre medidas de autoexclus\u00e3o. Tamb\u00e9m revisaremos as solu\u00e7\u00f5es que as casas de apostas fornecem para regular seu&hellip;","_links":{"self":[{"href":"https:\/\/vvvvu.com\/pt-br\/wp-json\/wp\/v2\/pages\/15444","targetHints":{"allow":["GET"]}}],"collection":[{"href":"https:\/\/vvvvu.com\/pt-br\/wp-json\/wp\/v2\/pages"}],"about":[{"href":"https:\/\/vvvvu.com\/pt-br\/wp-json\/wp\/v2\/types\/page"}],"author":[{"embeddable":true,"href":"https:\/\/vvvvu.com\/pt-br\/wp-json\/wp\/v2\/users\/1"}],"replies":[{"embeddable":true,"href":"https:\/\/vvvvu.com\/pt-br\/wp-json\/wp\/v2\/comments?post=15444"}],"version-history":[{"count":2,"href":"https:\/\/vvvvu.com\/pt-br\/wp-json\/wp\/v2\/pages\/15444\/revisions"}],"predecessor-version":[{"id":111699,"href":"https:\/\/vvvvu.com\/pt-br\/wp-json\/wp\/v2\/pages\/15444\/revisions\/111699"}],"wp:attachment":[{"href":"https:\/\/vvvvu.com\/pt-br\/wp-json\/wp\/v2\/media?parent=15444"}],"curies":[{"name":"wp","href":"https:\/\/api.w.org\/{rel}","templated":true}]}}