{"id":15360,"date":"2023-09-15T01:38:28","date_gmt":"2023-09-15T01:38:28","guid":{"rendered":"https:\/\/vvvvu.com\/contacte-nos\/"},"modified":"2024-07-24T03:36:14","modified_gmt":"2024-07-24T03:36:14","slug":"contacte-nos","status":"publish","type":"page","link":"https:\/\/vvvvu.com\/pt-br\/contacte-nos\/","title":{"rendered":"Contacte-nos"},"content":{"rendered":"\n<p>Neste site, ajudaremos voc\u00ea a aproveitar ao m\u00e1ximo suas atividades de apostas, seja voc\u00ea novo nas apostas esportivas online ou j\u00e1 o fa\u00e7a h\u00e1 algum tempo.\nPara mais coment\u00e1rios ou quaisquer d\u00favidas sobre este manual, envie um e-mail para support@vvvvu.  com.<\/p>\n\n<p>Voc\u00ea perceber\u00e1 que as casas de apostas e os sites de apostas n\u00e3o s\u00e3o f\u00e1ceis de encontrar e \u00e9 por isso que nos esfor\u00e7amos para garantir que as informa\u00e7\u00f5es que fornecemos ao p\u00fablico envolvam v\u00e1rios tipos de apostas e probabilidades, bem como cassinos.\nVoc\u00ea poder\u00e1 identificar facilmente a melhor casa de apostas ou site de apostas por meio de nossa an\u00e1lise. <\/p>\n\n<p>Valorizamos suas opini\u00f5es e adorar\u00edamos ouvir de voc\u00eas, nossos leitores!\n\u00c9 um prazer receber seus coment\u00e1rios ou perguntas sobre nossas dicas de apostas neste site.\n\u00c9 por isso que nosso atendimento ao cliente est\u00e1 sempre preparado para ajud\u00e1-lo a escolher as formas mais eficientes de fazer suas apostas esportivas.\nBem-vindo ao vvvvu, estamos felizes em t\u00ea-lo aqui conosco.\ncom!    <\/p>\n\n<p>Se voc\u00ea \u00e9 uma casa de apostas ou um site de apostas e est\u00e1 interessado em entrar em contato conosco, pode usar o seguinte endere\u00e7o de e-mail: Prezado [support@vvvvv. com].\nPor favor, aguarde nossa resposta. <\/p>\n\n<p>Por esse motivo, estamos constantemente \u00e0 procura de uma maneira de tornar nosso guia ainda melhor para voc\u00ea.\nPara mais perguntas ou se voc\u00ea gostaria de sugerir algo, entre em contato conosco atrav\u00e9s do nosso e-mail.  Agradecemos o seu feedback!<\/p>\n\n<p>Prezado cliente, obrigado por escolher  <a href=\"https:\/\/vvvvu.com\/pt-br\/\" title=\"vvvvu. com\"><\/a><a href=\"https:\/\/vvvvu.com\/pt-br\/\">vvvvu.<\/a> com  Sites de apostas de casas de apostas!<\/p>\n\n<div class=\"wp-block-uagb-forms uagb-forms__outer-wrap uagb-block-c9f82a45 uagb-forms__medium-btn\"><form class=\"uagb-forms-main-form\" method=\"post\" autocomplete=\"on\" name=\"uagb-form-c9f82a45\">\n<div class=\"wp-block-uagb-forms-name uagb-forms-name-wrap uagb-forms-field-set uagb-block-6bab554d\"><div class=\"uagb-forms-name-label required uagb-forms-input-label\" id=\"6bab554d\">Nome pr\u00f3prio<\/div><input type=\"text\" placeholder=\"Valete\" required=\"\" class=\"uagb-forms-name-input uagb-forms-input\" name=\"6bab554d\" autocomplete=\"given-name\"><\/div>\n\n\n\n<div class=\"wp-block-uagb-forms-name uagb-forms-name-wrap uagb-forms-field-set uagb-block-8e2685f4\"><div class=\"uagb-forms-name-label required uagb-forms-input-label\" id=\"8e2685f4\">Apelido<\/div><input type=\"text\" placeholder=\"Smith\" required=\"\" class=\"uagb-forms-name-input uagb-forms-input\" name=\"8e2685f4\" autocomplete=\"family-name\"><\/div>\n\n\n\n<div class=\"wp-block-uagb-forms-email uagb-forms-email-wrap uagb-forms-field-set uagb-block-f87989c2\"><div class=\"uagb-forms-email-label uagb-forms-input-label\" id=\"f87989c2\">Correio eletr\u00f3nico<\/div><input type=\"email\" class=\"uagb-forms-email-input uagb-forms-input\" placeholder=\"example@mail.com\" name=\"f87989c2\" autocomplete=\"email\"><\/div>\n\n\n\n<div class=\"wp-block-uagb-forms-textarea uagb-forms-textarea-wrap uagb-forms-field-set uagb-block-4bcf3afe\"><div class=\"uagb-forms-textarea-label required uagb-forms-input-label\" id=\"4bcf3afe\">Mensagem<\/div><textarea required=\"\" class=\"uagb-forms-textarea-input uagb-forms-input\" rows=\"4\" placeholder=\"Introduza a sua mensagem\" name=\"4bcf3afe\" autocomplete=\"off\"><\/textarea><\/div>\n<div class=\"uagb-forms-form-hidden-data\"><input type=\"hidden\" class=\"uagb_forms_form_label\" value=\"Spectra Form\"\/><input type=\"hidden\" class=\"uagb_forms_form_id\" value=\"uagb-form-c9f82a45\"\/><\/div><div class=\"uagb-form-reacaptcha-error-c9f82a45\"><\/div><div class=\"uagb-forms-main-submit-button-wrap wp-block-button\"><button class=\"uagb-forms-main-submit-button wp-block-button__link\"><div class=\"uagb-forms-main-submit-button-text\">Enviar<\/div><\/button><\/div><\/form><div class=\"uagb-forms-success-message-c9f82a45 uagb-forms-submit-message-hide\"><span>Submission has been successful!<\/span><\/div><div class=\"uagb-forms-failed-message-c9f82a45 uagb-forms-submit-message-hide\"><span>There has been some error while submitting the form. Please verify all form fields again.<\/span><\/div><\/div>\n","protected":false},"excerpt":{"rendered":"<p>Neste site, ajudaremos voc\u00ea a aproveitar ao m\u00e1ximo suas atividades de apostas, seja voc\u00ea novo nas apostas esportivas online ou j\u00e1 o fa\u00e7a h\u00e1 algum tempo. Para mais coment\u00e1rios ou quaisquer d\u00favidas sobre este manual, envie um e-mail para support@vvvvu. com. Voc\u00ea perceber\u00e1 que as casas de apostas e os sites de apostas n\u00e3o s\u00e3o [&hellip;]<\/p>\n","protected":false},"author":1,"featured_media":0,"parent":0,"menu_order":0,"comment_status":"closed","ping_status":"closed","template":"","meta":{"inline_featured_image":false,"_uag_custom_page_level_css":"","site-sidebar-layout":"default","site-content-layout":"","ast-site-content-layout":"default","site-content-style":"default","site-sidebar-style":"default","ast-global-header-display":"","ast-banner-title-visibility":"","ast-main-header-display":"","ast-hfb-above-header-display":"","ast-hfb-below-header-display":"","ast-hfb-mobile-header-display":"","site-post-title":"","ast-breadcrumbs-content":"","ast-featured-img":"","footer-sml-layout":"","ast-disable-related-posts":"","theme-transparent-header-meta":"","adv-header-id-meta":"","stick-header-meta":"","header-above-stick-meta":"","header-main-stick-meta":"","header-below-stick-meta":"","astra-migrate-meta-layouts":"default","ast-page-background-enabled":"default","ast-page-background-meta":{"desktop":{"background-color":"var(--ast-global-color-4)","background-image":"","background-repeat":"repeat","background-position":"center center","background-size":"auto","background-attachment":"scroll","background-type":"","background-media":"","overlay-type":"","overlay-color":"","overlay-opacity":"","overlay-gradient":""},"tablet":{"background-color":"","background-image":"","background-repeat":"repeat","background-position":"center center","background-size":"auto","background-attachment":"scroll","background-type":"","background-media":"","overlay-type":"","overlay-color":"","overlay-opacity":"","overlay-gradient":""},"mobile":{"background-color":"","background-image":"","background-repeat":"repeat","background-position":"center center","background-size":"auto","background-attachment":"scroll","background-type":"","background-media":"","overlay-type":"","overlay-color":"","overlay-opacity":"","overlay-gradient":""}},"ast-content-background-meta":{"desktop":{"background-color":"var(--ast-global-color-5)","background-image":"","background-repeat":"repeat","background-position":"center center","background-size":"auto","background-attachment":"scroll","background-type":"","background-media":"","overlay-type":"","overlay-color":"","overlay-opacity":"","overlay-gradient":""},"tablet":{"background-color":"var(--ast-global-color-5)","background-image":"","background-repeat":"repeat","background-position":"center center","background-size":"auto","background-attachment":"scroll","background-type":"","background-media":"","overlay-type":"","overlay-color":"","overlay-opacity":"","overlay-gradient":""},"mobile":{"background-color":"var(--ast-global-color-5)","background-image":"","background-repeat":"repeat","background-position":"center center","background-size":"auto","background-attachment":"scroll","background-type":"","background-media":"","overlay-type":"","overlay-color":"","overlay-opacity":"","overlay-gradient":""}},"footnotes":""},"class_list":["post-15360","page","type-page","status-publish","hentry"],"aioseo_notices":[],"acf":[],"uagb_featured_image_src":{"full":false,"thumbnail":false,"medium":false,"medium_large":false,"large":false,"1536x1536":false,"2048x2048":false},"uagb_author_info":{"display_name":"\u545c\u545c\u545c","author_link":"https:\/\/vvvvu.com\/pt-br\/author\/vvvvu\/"},"uagb_comment_info":0,"uagb_excerpt":"Neste site, ajudaremos voc\u00ea a aproveitar ao m\u00e1ximo suas atividades de apostas, seja voc\u00ea novo nas apostas esportivas online ou j\u00e1 o fa\u00e7a h\u00e1 algum tempo. Para mais coment\u00e1rios ou quaisquer d\u00favidas sobre este manual, envie um e-mail para support@vvvvu. com. Voc\u00ea perceber\u00e1 que as casas de apostas e os sites de apostas n\u00e3o s\u00e3o&hellip;","_links":{"self":[{"href":"https:\/\/vvvvu.com\/pt-br\/wp-json\/wp\/v2\/pages\/15360","targetHints":{"allow":["GET"]}}],"collection":[{"href":"https:\/\/vvvvu.com\/pt-br\/wp-json\/wp\/v2\/pages"}],"about":[{"href":"https:\/\/vvvvu.com\/pt-br\/wp-json\/wp\/v2\/types\/page"}],"author":[{"embeddable":true,"href":"https:\/\/vvvvu.com\/pt-br\/wp-json\/wp\/v2\/users\/1"}],"replies":[{"embeddable":true,"href":"https:\/\/vvvvu.com\/pt-br\/wp-json\/wp\/v2\/comments?post=15360"}],"version-history":[{"count":2,"href":"https:\/\/vvvvu.com\/pt-br\/wp-json\/wp\/v2\/pages\/15360\/revisions"}],"predecessor-version":[{"id":111338,"href":"https:\/\/vvvvu.com\/pt-br\/wp-json\/wp\/v2\/pages\/15360\/revisions\/111338"}],"wp:attachment":[{"href":"https:\/\/vvvvu.com\/pt-br\/wp-json\/wp\/v2\/media?parent=15360"}],"curies":[{"name":"wp","href":"https:\/\/api.w.org\/{rel}","templated":true}]}}