{"id":14467,"date":"2023-07-13T13:30:48","date_gmt":"2023-07-13T13:30:48","guid":{"rendered":"https:\/\/vvvvu.com\/renuncia-de-responsabilidade\/"},"modified":"2024-07-24T03:40:52","modified_gmt":"2024-07-24T03:40:52","slug":"renuncia-de-responsabilidade","status":"publish","type":"page","link":"https:\/\/vvvvu.com\/pt-br\/renuncia-de-responsabilidade\/","title":{"rendered":"Ren\u00fancia de responsabilidade"},"content":{"rendered":"\n<h2 class=\"wp-block-heading\">Interpreta\u00e7\u00e3o<\/h2>\n\n<p>As explica\u00e7\u00f5es das palavras cuja letra inicial \u00e9 mai\u00fascula s\u00e3o fornecidas nas seguintes condi\u00e7\u00f5es:<\/p>\n\n<p>Os termos a seguir ter\u00e3o o mesmo significado quando usados neste instrumento, sejam usados no singular ou no plural.<\/p>\n\n<h2 class=\"wp-block-heading\">Defini\u00e7\u00f5es<\/h2>\n\n<p>Para os fins deste Aviso Legal:<\/p>\n\n<p>As express\u00f5es &#8216;Empresa&#8217;, &#8216;N\u00f3s&#8217;, &#8216;Nos&#8217; ou &#8216;Nosso&#8217; usadas nesta Isen\u00e7\u00e3o de Responsabilidade significam Melhor Site de Apostas Esportivas.<\/p>\n\n<p>Servi\u00e7o significa o Site e\/ou o aplicativo m\u00f3vel.<\/p>\n\n<p>Voc\u00ea significa a pessoa f\u00edsica, o empregador da pessoa f\u00edsica ou outra organiza\u00e7\u00e3o para a qual a pessoa f\u00edsica atua e que est\u00e1 associada ao uso do Servi\u00e7o.<\/p>\n\n<p>Site refere-se a Melhor Site de Apostas Esportivas, acess\u00edvel a partir de https:No entanto, o seguinte est\u00e1 escrito: com<\/p>\n\n<h2 class=\"wp-block-heading\">Ren\u00fancia de responsabilidade<\/h2>\n\n<p>Todas as informa\u00e7\u00f5es fornecidas no Servi\u00e7o s\u00e3o apenas para sua informa\u00e7\u00e3o e n\u00e3o se destinam a ser aconselhamento jur\u00eddico.<\/p>\n\n<p>A Empresa n\u00e3o ser\u00e1 responsabilizada por qualquer imprecis\u00e3o das informa\u00e7\u00f5es exibidas no Servi\u00e7o.<\/p>\n\n<p>A Empresa n\u00e3o garante ou declara que o Servi\u00e7o e os materiais ou produtos descritos no Servi\u00e7o atender\u00e3o aos requisitos do usu\u00e1rio, ser\u00e3o ininterruptos, oportunos, seguros ou livres de erros, que quaisquer defeitos ser\u00e3o corrigidos ou que este Servi\u00e7o ou o servidor que o disponibiliza est\u00e1 livre de v\u00edrus ou outros componentes prejudiciais.\nA Empresa pode <\/p>\n\n<p>A Empresa n\u00e3o assume qualquer responsabilidade por erros ou omiss\u00f5es no conte\u00fado do Servi\u00e7o.<\/p>\n\n<h2 class=\"wp-block-heading\">Isen\u00e7\u00e3o de responsabilidade de links externos<\/h2>\n\n<p>Alguns dos links inclu\u00eddos no Servi\u00e7o podem levar a outros sites na World Wide Web pelos quais a Empresa n\u00e3o \u00e9 respons\u00e1vel.<\/p>\n\n<p>Em rela\u00e7\u00e3o \u00e0s informa\u00e7\u00f5es postadas nesses sites externos, a Empresa n\u00e3o se responsabiliza pela precis\u00e3o, atualidade ou sufici\u00eancia das informa\u00e7\u00f5es postadas l\u00e1.<\/p>\n\n<h2 class=\"wp-block-heading\">Isen\u00e7\u00e3o de Responsabilidade de Erros e Omiss\u00f5es<\/h2>\n\n<p>No entanto, o acima exposto n\u00e3o limita de forma alguma a generalidade do exposto no que diz respeito \u00e0s informa\u00e7\u00f5es disponibilizadas pelo Servi\u00e7o sobre os assuntos tratados neste Site.\nA Empresa far\u00e1 todo o poss\u00edvel para garantir que as informa\u00e7\u00f5es fornecidas por meio do Servi\u00e7o sejam recentes e precisas, mas isso n\u00e3o garante que seja esse o caso.\nAl\u00e9m disso, todas as informa\u00e7\u00f5es fornecidas por meio do Servi\u00e7o s\u00e3o fornecidas &#8220;no estado em que se encontram&#8221; e a Empresa n\u00e3o ser\u00e1 respons\u00e1vel pela precis\u00e3o, confiabilidade ou integridade das informa\u00e7\u00f5es.  <\/p>\n\n<p>\u00c9 fornecido &#8216;no estado em que se encontra&#8217;, sem garantia de qualquer tipo, expressa ou impl\u00edcita, incluindo, mas n\u00e3o se limitando \u00e0s garantias impl\u00edcitas de adequa\u00e7\u00e3o \u00e0 finalidade ou de que \u00e9 adequado para a finalidade pretendida.<\/p>\n\n<h2 class=\"wp-block-heading\">Isen\u00e7\u00e3o de responsabilidade de uso justo<\/h2>\n\n<p>Certas informa\u00e7\u00f5es que a Empresa usa podem estar protegidas por direitos autorais e a Empresa pode n\u00e3o ter uma licen\u00e7a adequada para elas.\nA empresa est\u00e1 fornecendo esse material para uso de cr\u00edticas, coment\u00e1rios, relatos de eventos de not\u00edcias, ensino e pesquisa acad\u00eamica. <\/p>\n\n<p>A Empresa concluiu que isso \u00e9 legal com base nas disposi\u00e7\u00f5es do estatuto de direitos autorais, especialmente a Se\u00e7\u00e3o 107 da Lei de Direitos Autorais dos Estados Unidos.<\/p>\n\n<p>Se voc\u00ea quiser usar material protegido por direitos autorais do Servi\u00e7o para fins que n\u00e3o est\u00e3o listados acima, a permiss\u00e3o do propriet\u00e1rio dos direitos autorais deve ser obtida.<\/p>\n\n<h2 class=\"wp-block-heading\">Opini\u00f5es expressas Isen\u00e7\u00e3o de responsabilidade<\/h2>\n\n<p>As informa\u00e7\u00f5es fornecidas no Servi\u00e7o podem conter a opini\u00e3o pessoal de terceiros, participantes e outros usu\u00e1rios e n\u00e3o refletem a opini\u00e3o da Empresa.<\/p>\n\n<p>Consequentemente, qualquer coment\u00e1rio do usu\u00e1rio postado \u00e9 de responsabilidade exclusiva do usu\u00e1rio e o usu\u00e1rio ser\u00e1 totalmente respons\u00e1vel por qualquer difama\u00e7\u00e3o ou processo legal que resulte ou seja diretamente causado por qualquer coment\u00e1rio feito pelo usu\u00e1rio.\nA Empresa n\u00e3o \u00e9 de forma alguma respons\u00e1vel por qualquer coment\u00e1rio feito por qualquer usu\u00e1rio e tem todo o direito de excluir qualquer coment\u00e1rio feito sem aviso pr\u00e9vio. <\/p>\n\n<h2 class=\"wp-block-heading\">Sem Isen\u00e7\u00e3o de Responsabilidade<\/h2>\n\n<p>Estes s\u00e3o para informa\u00e7\u00e3o geral e a Empresa n\u00e3o ser\u00e1 respons\u00e1vel por qualquer conselho legal, fiscal ou qualquer outro que possa ser dado em tais informa\u00e7\u00f5es.\nPortanto, n\u00e3o deve ser usado como base para a tomada de decis\u00f5es cont\u00e1beis, fiscais, legais ou outras decis\u00f5es profissionais. <\/p>\n\n<p>A responsabilidade da Empresa ou de seus fornecedores por danos sob este Contrato ser\u00e1 limitada ao valor pago por voc\u00ea pelo Servi\u00e7o nos doze (12) meses anteriores ao primeiro evento que deu origem \u00e0 reclama\u00e7\u00e3o.\nA Empresa ou seus fornecedores n\u00e3o ser\u00e3o respons\u00e1veis por quaisquer danos especiais, incidentais, indiretos ou conseq\u00fcenciais de qualquer tipo (incluindo, sem limita\u00e7\u00e3o, honor\u00e1rios advocat\u00edcios) de qualquer forma relacionados ao seu uso do Servi\u00e7o. <\/p>\n\n<h2 class=\"wp-block-heading\">Isso leva a um aviso de isen\u00e7\u00e3o de responsabilidade que geralmente \u00e9 apresentado como: &#8220;Sem garantia. &#8220;<\/h2>\n\n<p>Toda e qualquer informa\u00e7\u00e3o contida neste Servi\u00e7o \u00e9 fornecida aos usu\u00e1rios &#8220;no estado em que se encontra&#8221;, sem garantias de qualquer tipo, expressas ou impl\u00edcitas, incluindo, mas n\u00e3o se limitando a, garantias de integridade, precis\u00e3o e similares, garantias de comercializa\u00e7\u00e3o, adequa\u00e7\u00e3o a uma finalidade espec\u00edfica ou n\u00e3o viola\u00e7\u00e3o de direitos de terceiros.<\/p>\n\n<p>A Empresa n\u00e3o ser\u00e1 respons\u00e1vel perante Voc\u00ea ou qualquer outra pessoa por qualquer decis\u00e3o tomada ou a\u00e7\u00e3o tomada com base nas informa\u00e7\u00f5es fornecidas pelo Servi\u00e7o ou por quaisquer danos consequenciais, especiais ou similares, mesmo se avisada da possibilidade de tais danos.<\/p>\n\n<h2 class=\"wp-block-heading\">Contacte-nos<\/h2>\n\n<p>Se voc\u00ea tiver alguma d\u00favida sobre este Aviso Legal, Voc\u00ea pode entrar em contato conosco:<\/p>\n\n<ul class=\"wp-block-list\">\n<li><strong>Ao visitar esta p\u00e1gina em nosso site:<\/strong> A seguir est\u00e1 o link para a fonte original: <a href=\"https:\/\/vvvvu.%20com\/privacy-policy\/\" target=\"_blank\" rel=\"noopener nofollow\" title=\"\">https:\/\/vvvvu. com\/privacy-policy\/<\/a><\/li>\n<\/ul>\n","protected":false},"excerpt":{"rendered":"<p>Interpreta\u00e7\u00e3o As explica\u00e7\u00f5es das palavras cuja letra inicial \u00e9 mai\u00fascula s\u00e3o fornecidas nas seguintes condi\u00e7\u00f5es: Os termos a seguir ter\u00e3o o mesmo significado quando usados neste instrumento, sejam usados no singular ou no plural. Defini\u00e7\u00f5es Para os fins deste Aviso Legal: As express\u00f5es &#8216;Empresa&#8217;, &#8216;N\u00f3s&#8217;, &#8216;Nos&#8217; ou &#8216;Nosso&#8217; usadas nesta Isen\u00e7\u00e3o de Responsabilidade significam Melhor [&hellip;]<\/p>\n","protected":false},"author":1,"featured_media":0,"parent":0,"menu_order":0,"comment_status":"closed","ping_status":"open","template":"","meta":{"inline_featured_image":false,"_uag_custom_page_level_css":"","site-sidebar-layout":"default","site-content-layout":"","ast-site-content-layout":"default","site-content-style":"default","site-sidebar-style":"default","ast-global-header-display":"","ast-banner-title-visibility":"","ast-main-header-display":"","ast-hfb-above-header-display":"","ast-hfb-below-header-display":"","ast-hfb-mobile-header-display":"","site-post-title":"","ast-breadcrumbs-content":"","ast-featured-img":"","footer-sml-layout":"","ast-disable-related-posts":"","theme-transparent-header-meta":"","adv-header-id-meta":"","stick-header-meta":"","header-above-stick-meta":"","header-main-stick-meta":"","header-below-stick-meta":"","astra-migrate-meta-layouts":"default","ast-page-background-enabled":"default","ast-page-background-meta":{"desktop":{"background-color":"var(--ast-global-color-4)","background-image":"","background-repeat":"repeat","background-position":"center center","background-size":"auto","background-attachment":"scroll","background-type":"","background-media":"","overlay-type":"","overlay-color":"","overlay-opacity":"","overlay-gradient":""},"tablet":{"background-color":"","background-image":"","background-repeat":"repeat","background-position":"center center","background-size":"auto","background-attachment":"scroll","background-type":"","background-media":"","overlay-type":"","overlay-color":"","overlay-opacity":"","overlay-gradient":""},"mobile":{"background-color":"","background-image":"","background-repeat":"repeat","background-position":"center center","background-size":"auto","background-attachment":"scroll","background-type":"","background-media":"","overlay-type":"","overlay-color":"","overlay-opacity":"","overlay-gradient":""}},"ast-content-background-meta":{"desktop":{"background-color":"var(--ast-global-color-5)","background-image":"","background-repeat":"repeat","background-position":"center center","background-size":"auto","background-attachment":"scroll","background-type":"","background-media":"","overlay-type":"","overlay-color":"","overlay-opacity":"","overlay-gradient":""},"tablet":{"background-color":"var(--ast-global-color-5)","background-image":"","background-repeat":"repeat","background-position":"center center","background-size":"auto","background-attachment":"scroll","background-type":"","background-media":"","overlay-type":"","overlay-color":"","overlay-opacity":"","overlay-gradient":""},"mobile":{"background-color":"var(--ast-global-color-5)","background-image":"","background-repeat":"repeat","background-position":"center center","background-size":"auto","background-attachment":"scroll","background-type":"","background-media":"","overlay-type":"","overlay-color":"","overlay-opacity":"","overlay-gradient":""}},"footnotes":""},"class_list":["post-14467","page","type-page","status-publish","hentry"],"aioseo_notices":[],"acf":[],"uagb_featured_image_src":{"full":false,"thumbnail":false,"medium":false,"medium_large":false,"large":false,"1536x1536":false,"2048x2048":false},"uagb_author_info":{"display_name":"\u545c\u545c\u545c","author_link":"https:\/\/vvvvu.com\/pt-br\/author\/vvvvu\/"},"uagb_comment_info":30,"uagb_excerpt":"Interpreta\u00e7\u00e3o As explica\u00e7\u00f5es das palavras cuja letra inicial \u00e9 mai\u00fascula s\u00e3o fornecidas nas seguintes condi\u00e7\u00f5es: Os termos a seguir ter\u00e3o o mesmo significado quando usados neste instrumento, sejam usados no singular ou no plural. Defini\u00e7\u00f5es Para os fins deste Aviso Legal: As express\u00f5es &#8216;Empresa&#8217;, &#8216;N\u00f3s&#8217;, &#8216;Nos&#8217; ou &#8216;Nosso&#8217; usadas nesta Isen\u00e7\u00e3o de Responsabilidade significam Melhor&hellip;","_links":{"self":[{"href":"https:\/\/vvvvu.com\/pt-br\/wp-json\/wp\/v2\/pages\/14467","targetHints":{"allow":["GET"]}}],"collection":[{"href":"https:\/\/vvvvu.com\/pt-br\/wp-json\/wp\/v2\/pages"}],"about":[{"href":"https:\/\/vvvvu.com\/pt-br\/wp-json\/wp\/v2\/types\/page"}],"author":[{"embeddable":true,"href":"https:\/\/vvvvu.com\/pt-br\/wp-json\/wp\/v2\/users\/1"}],"replies":[{"embeddable":true,"href":"https:\/\/vvvvu.com\/pt-br\/wp-json\/wp\/v2\/comments?post=14467"}],"version-history":[{"count":3,"href":"https:\/\/vvvvu.com\/pt-br\/wp-json\/wp\/v2\/pages\/14467\/revisions"}],"predecessor-version":[{"id":111359,"href":"https:\/\/vvvvu.com\/pt-br\/wp-json\/wp\/v2\/pages\/14467\/revisions\/111359"}],"wp:attachment":[{"href":"https:\/\/vvvvu.com\/pt-br\/wp-json\/wp\/v2\/media?parent=14467"}],"curies":[{"name":"wp","href":"https:\/\/api.w.org\/{rel}","templated":true}]}}