{"id":14414,"date":"2023-07-10T03:31:05","date_gmt":"2023-07-10T03:31:05","guid":{"rendered":"https:\/\/vvvvu.com\/politica-de-privacidade\/"},"modified":"2024-07-24T05:50:16","modified_gmt":"2024-07-24T05:50:16","slug":"politica-de-privacidade","status":"publish","type":"page","link":"https:\/\/vvvvu.com\/pt-br\/politica-de-privacidade\/","title":{"rendered":"Pol\u00edtica de Privacidade"},"content":{"rendered":"\n<h2 class=\"wp-block-heading\">Nossa identidade<\/h2>\n\n<p>Encontre-nos online em: <a href=\"https:\/\/vvvvu.com\/pt-br\/\" target=\"_blank\" rel=\"noopener nofollow\" title=\"Livreiros\">https:\/\/vvvvu.com<\/a>.<\/p>\n\n<h2 class=\"wp-block-heading\">Se\u00e7\u00e3o de coment\u00e1rios<\/h2>\n\n<p>Os dados dos clientes s\u00e3o fornecidos por aqueles que deixam coment\u00e1rios em nossa p\u00e1gina, eles fazem isso inserindo os dados necess\u00e1rios na forma do coment\u00e1rio.\nIsso, juntamente com o endere\u00e7o IP e as informa\u00e7\u00f5es do navegador, nos d\u00e1 medidas de prote\u00e7\u00e3o contra spam. <\/p>\n\n<p>O endere\u00e7o de e-mail que voc\u00ea possui pode ter uma maneira de se tornar an\u00f4nimo, pois o Gravatar pode verificar seu uso transformando-se em uma string an\u00f4nima, hash. A Pol\u00edtica de Privacidade do Gravatar est\u00e1 aqui: <a href=\"https:\/\/vvvvu.com\/pt-br\/politica-de-privacidade\/\" target=\"_blank\" rel=\"noopener nofollow\" title=\"pol&#xED;tica de privacidade\/\">https:\/\/vvvvu.com\/privacy-policy\/<\/a>.\nSua foto de perfil agora fica vis\u00edvel publicamente em seu contexto depois que seu coment\u00e1rio \u00e9 aprovado. <\/p>\n\n<h2 class=\"wp-block-heading\">Uploads de imagens<\/h2>\n\n<p>Carregando imagens?\nEsteja ciente.\nCaso os dados de localiza\u00e7\u00e3o estejam neles (EXIF GPS), os visitantes do site podem baix\u00e1-los e extra\u00ed-los.  <\/p>\n\n<h2 class=\"wp-block-heading\">Informa\u00e7\u00f5es sobre cookies<\/h2>\n\n<p>Deixando um coment\u00e1rio?\nComo alternativa, h\u00e1 um cookie _ para que seu name_, e-mail e site possam ser salvos.\nEste \u00e9 um ano de conveni\u00eancia que protege voc\u00ea de inserir dados novamente.  <\/p>\n\n<p>Ao fazer login em nosso site, h\u00e1 um cookie tempor\u00e1rio que decide se o seu navegador \u00e9 ou n\u00e3o compat\u00edvel com cookies.\nEsse cookie sem dados permanece depois que o navegador \u00e9 fechado. <\/p>\n\n<p>Fazendo login?\nOs cookies s\u00e3o feitos para lembrar de manter suas prefer\u00eancias de exibi\u00e7\u00e3o e detalhes de login.\nOs cookies de login s\u00e3o temporizadores de dois dias, mas as op\u00e7\u00f5es de tela s\u00e3o armazenadas por um ano.\nLembre-se de mim se lembrar\u00e1 de voc\u00ea por duas semanas.\nQuando algu\u00e9m se desconecta; Em seguida, o cookie de login \u00e9 exclu\u00eddo.    <\/p>\n\n<p>Ao trocar ou fazer o upload do artigo, voc\u00ea ver\u00e1 que h\u00e1 um novo cookie que seu navegador armazena.\nEste n\u00e3o \u00e9 um cookie de reten\u00e7\u00e3o de informa\u00e7\u00f5es pessoais.\nEle marca apenas seu ID de postagem, o \u00faltimo atualizado Um dia ap\u00f3s o desaparecimento deste cookie.  <\/p>\n\n<h2 class=\"wp-block-heading\">Conte\u00fado inclu\u00eddo de diferentes sites<\/h2>\n\n<p>Os artigos deste site podem ter conte\u00fado n\u00e3o inclu\u00eddo, por exemplo, v\u00eddeos, fotos, roupas e outros.\nTamb\u00e9m inclui conte\u00fado de outros sites que agem praticamente da mesma forma como se voc\u00ea visitasse o outro site. <\/p>\n\n<p>Esses sites podem coletar informa\u00e7\u00f5es sobre voc\u00ea, usar cookies, medir mais terceiros e rastrear seu envolvimento com o material inclu\u00eddo.\nTais intera\u00e7\u00f5es incluem seguir suas intera\u00e7\u00f5es com o material fornecido, se voc\u00ea estiver conectado ao site em quest\u00e3o. <\/p>\n\n<h2 class=\"wp-block-heading\">Compartilhamento de dados<\/h2>\n\n<p>Somente seu endere\u00e7o IP ser\u00e1 incorporado na mensagem de redefini\u00e7\u00e3o.<\/p>\n\n<h2 class=\"wp-block-heading\">Reten\u00e7\u00e3o de seus dados<\/h2>\n\n<p>Se voc\u00ea comentar, o coment\u00e1rio e seus dados correlacionados ser\u00e3o mantidos indefinidamente.\nIsso nos permite identificar e sancionar seus coment\u00e1rios de postagem em breve do que t\u00ea-los pendurados l\u00e1 em qualquer fila de espera. <\/p>\n\n<p>As informa\u00e7\u00f5es pessoais que nossos membros do site (se houver) forneceram em seus perfis s\u00e3o armazenadas.\nQualquer usu\u00e1rio pode visualizar, modificar ou excluir suas informa\u00e7\u00f5es pessoais a qualquer momento (exceto o nome de usu\u00e1rio).\nOs administradores do site tamb\u00e9m podem fazer isso.  <\/p>\n\n<h2 class=\"wp-block-heading\">Quais os seus direitos sobre seus dados<\/h2>\n\n<p>Se voc\u00ea tem uma conta ou deixou coment\u00e1rios neste site, pode solicitar um arquivo exportado de seus dados pessoais que mantemos, incluindo os dados que voc\u00ea nos forneceu.\nVoc\u00ea tamb\u00e9m pode solicitar que apaguemos qualquer informa\u00e7\u00e3o pessoal que tenhamos sobre voc\u00ea.\nNo entanto, isso n\u00e3o se aplica a nenhuma informa\u00e7\u00e3o que devamos manter por motivos operacionais, estatut\u00e1rios ou de seguran\u00e7a.  <\/p>\n","protected":false},"excerpt":{"rendered":"<p>Nossa identidade Encontre-nos online em: https:\/\/vvvvu.com. Se\u00e7\u00e3o de coment\u00e1rios Os dados dos clientes s\u00e3o fornecidos por aqueles que deixam coment\u00e1rios em nossa p\u00e1gina, eles fazem isso inserindo os dados necess\u00e1rios na forma do coment\u00e1rio. Isso, juntamente com o endere\u00e7o IP e as informa\u00e7\u00f5es do navegador, nos d\u00e1 medidas de prote\u00e7\u00e3o contra spam. O endere\u00e7o de [&hellip;]<\/p>\n","protected":false},"author":1,"featured_media":0,"parent":0,"menu_order":0,"comment_status":"closed","ping_status":"closed","template":"","meta":{"inline_featured_image":false,"_uag_custom_page_level_css":"","site-sidebar-layout":"default","site-content-layout":"","ast-site-content-layout":"default","site-content-style":"default","site-sidebar-style":"default","ast-global-header-display":"","ast-banner-title-visibility":"","ast-main-header-display":"","ast-hfb-above-header-display":"","ast-hfb-below-header-display":"","ast-hfb-mobile-header-display":"","site-post-title":"","ast-breadcrumbs-content":"","ast-featured-img":"","footer-sml-layout":"","ast-disable-related-posts":"","theme-transparent-header-meta":"","adv-header-id-meta":"","stick-header-meta":"","header-above-stick-meta":"","header-main-stick-meta":"","header-below-stick-meta":"","astra-migrate-meta-layouts":"default","ast-page-background-enabled":"default","ast-page-background-meta":{"desktop":{"background-color":"var(--ast-global-color-4)","background-image":"","background-repeat":"repeat","background-position":"center center","background-size":"auto","background-attachment":"scroll","background-type":"","background-media":"","overlay-type":"","overlay-color":"","overlay-opacity":"","overlay-gradient":""},"tablet":{"background-color":"","background-image":"","background-repeat":"repeat","background-position":"center center","background-size":"auto","background-attachment":"scroll","background-type":"","background-media":"","overlay-type":"","overlay-color":"","overlay-opacity":"","overlay-gradient":""},"mobile":{"background-color":"","background-image":"","background-repeat":"repeat","background-position":"center center","background-size":"auto","background-attachment":"scroll","background-type":"","background-media":"","overlay-type":"","overlay-color":"","overlay-opacity":"","overlay-gradient":""}},"ast-content-background-meta":{"desktop":{"background-color":"var(--ast-global-color-5)","background-image":"","background-repeat":"repeat","background-position":"center center","background-size":"auto","background-attachment":"scroll","background-type":"","background-media":"","overlay-type":"","overlay-color":"","overlay-opacity":"","overlay-gradient":""},"tablet":{"background-color":"var(--ast-global-color-5)","background-image":"","background-repeat":"repeat","background-position":"center center","background-size":"auto","background-attachment":"scroll","background-type":"","background-media":"","overlay-type":"","overlay-color":"","overlay-opacity":"","overlay-gradient":""},"mobile":{"background-color":"var(--ast-global-color-5)","background-image":"","background-repeat":"repeat","background-position":"center center","background-size":"auto","background-attachment":"scroll","background-type":"","background-media":"","overlay-type":"","overlay-color":"","overlay-opacity":"","overlay-gradient":""}},"footnotes":""},"class_list":["post-14414","page","type-page","status-publish","hentry"],"aioseo_notices":[],"acf":[],"uagb_featured_image_src":{"full":false,"thumbnail":false,"medium":false,"medium_large":false,"large":false,"1536x1536":false,"2048x2048":false},"uagb_author_info":{"display_name":"\u545c\u545c\u545c","author_link":"https:\/\/vvvvu.com\/pt-br\/author\/vvvvu\/"},"uagb_comment_info":0,"uagb_excerpt":"Nossa identidade Encontre-nos online em: https:\/\/vvvvu.com. Se\u00e7\u00e3o de coment\u00e1rios Os dados dos clientes s\u00e3o fornecidos por aqueles que deixam coment\u00e1rios em nossa p\u00e1gina, eles fazem isso inserindo os dados necess\u00e1rios na forma do coment\u00e1rio. Isso, juntamente com o endere\u00e7o IP e as informa\u00e7\u00f5es do navegador, nos d\u00e1 medidas de prote\u00e7\u00e3o contra spam. O endere\u00e7o de&hellip;","_links":{"self":[{"href":"https:\/\/vvvvu.com\/pt-br\/wp-json\/wp\/v2\/pages\/14414","targetHints":{"allow":["GET"]}}],"collection":[{"href":"https:\/\/vvvvu.com\/pt-br\/wp-json\/wp\/v2\/pages"}],"about":[{"href":"https:\/\/vvvvu.com\/pt-br\/wp-json\/wp\/v2\/types\/page"}],"author":[{"embeddable":true,"href":"https:\/\/vvvvu.com\/pt-br\/wp-json\/wp\/v2\/users\/1"}],"replies":[{"embeddable":true,"href":"https:\/\/vvvvu.com\/pt-br\/wp-json\/wp\/v2\/comments?post=14414"}],"version-history":[{"count":3,"href":"https:\/\/vvvvu.com\/pt-br\/wp-json\/wp\/v2\/pages\/14414\/revisions"}],"predecessor-version":[{"id":111683,"href":"https:\/\/vvvvu.com\/pt-br\/wp-json\/wp\/v2\/pages\/14414\/revisions\/111683"}],"wp:attachment":[{"href":"https:\/\/vvvvu.com\/pt-br\/wp-json\/wp\/v2\/media?parent=14414"}],"curies":[{"name":"wp","href":"https:\/\/api.w.org\/{rel}","templated":true}]}}