{"id":15440,"date":"2023-09-16T02:48:17","date_gmt":"2023-09-16T02:48:17","guid":{"rendered":"https:\/\/vvvvu.com\/gioco-dazzardo-responsabile\/"},"modified":"2024-07-24T05:52:55","modified_gmt":"2024-07-24T05:52:55","slug":"gioco-dazzardo-responsabile","status":"publish","type":"page","link":"https:\/\/vvvvu.com\/it\/gioco-dazzardo-responsabile\/","title":{"rendered":"Gioco d&#8217;azzardo responsabile"},"content":{"rendered":"\n<p>Suggerimenti per il gioco responsabile: In questo post del blog, discuteremo le possibili indicazioni del gioco d&#8217;azzardo problematico, alcuni modi per affrontare il gioco d&#8217;azzardo problematico per la persona interessata o per qualcuno che si conosce e i dettagli sulle misure di autoesclusione.\nEsamineremo anche le soluzioni fornite dai bookmaker per regolamentare il tuo gioco d&#8217;azzardo e alcune organizzazioni che possono aiutarti in caso di problemi con il gioco d&#8217;azzardo. <\/p>\n\n<h2 class=\"wp-block-heading\">Gli effetti del gioco d&#8217;azzardo problematico e la sua identificazione<\/h2>\n\n<p>\u00c8 fondamentale ricordare che il gioco d&#8217;azzardo \u00e8 un&#8217;attivit\u00e0 divertente e divertente; Tuttavia, \u00e8 altrettanto fondamentale identificare quando sta diventando un problema.\nDi seguito sono elencati alcuni dei segni e dei sintomi che mostrano che tu o un amico potreste sviluppare un problema legato al gioco d&#8217;azzardo. <\/p>\n\n<p>Uno dei sintomi pi\u00f9 frequenti \u00e8 lo sviluppo di un alto livello di interesse per il gioco d&#8217;azzardo e, di conseguenza, l&#8217;abbandono del lavoro, delle relazioni sociali o di altre funzioni.\nPotresti avere pensieri sulle scommesse o sulla tua prossima scommessa il pi\u00f9 delle volte, in misura tale da influenzare il tuo lavoro, la scuola o persino la tua famiglia.\nI problemi finanziari sono un altro indicatore di un problema: se stai giocando d&#8217;azzardo con soldi che non hai, o stai prendendo prestiti o impegnando beni per continuare a giocare, \u00e8 un segno che potresti aver bisogno di smettere.  <\/p>\n\n<p>Se tu o la tua persona pi\u00f9 cara avete incontrato uno dei segni elencati, questo articolo fornir\u00e0 alcune raccomandazioni su come affrontare correttamente il problema del gioco d&#8217;azzardo.\nRicorda: rendersi conto che c&#8217;\u00e8 un problema \u00e8 il primo livello per ottenere l&#8217;assistenza necessaria per un rapporto pi\u00f9 sano con il gioco. <\/p>\n\n<h2 class=\"wp-block-heading\">Aiutare se stessi a far fronte al problema del gioco d&#8217;azzardo<\/h2>\n\n<p>Per chiunque si sia reso conto di avere un problema con il gioco d&#8217;azzardo, il primo passo \u00e8 venire a patti con esso.\nQuesto \u00e8 il motivo per cui \u00e8 utile sapere che non sei l&#8217;unico ad attraversare questo e che ci sono modi per migliorare.\nPuoi ottenere aiuto da organizzazioni o gruppi di supporto per la dipendenza dal gioco d&#8217;azzardo prendendo in mano la tua situazione.  <\/p>\n\n<p>Tra i modi comuni di affrontare la situazione, si pu\u00f2 citare la restrizione della quantit\u00e0 di tempo e denaro spesi per il gioco d&#8217;azzardo.\nCi\u00f2 potrebbe significare elaborare un budget per il gioco d&#8217;azzardo e rispettarlo a tutti i costi.\nInoltre, cerca di identificare altre attivit\u00e0 che puoi svolgere per evitare di concentrarti sul gioco d&#8217;azzardo.\nTali attivit\u00e0 fisiche o hobby creativi come la pittura o la scrittura possono essere molto utili per distrarsi e alleviare lo stress in un modo migliore.   <\/p>\n\n<p>Rimani positivo, per\u00f2, poich\u00e9 la risoluzione del problema del gioco d&#8217;azzardo non avviene da un giorno all&#8217;altro.\nChiedere supporto, rimanere determinati sul processo di cambiamento e non dimenticare gli obiettivi che ci si \u00e8 posti per riprendere il controllo della propria vita. <\/p>\n\n<h2 class=\"wp-block-heading\">Aiutare una persona cara ad affrontare il problema del gioco d&#8217;azzardo<\/h2>\n\n<p>\u00c8 davvero molto doloroso ed estenuante assistere a un membro della famiglia o a un amico affrontare il problema del gioco d&#8217;azzardo.\nNon si pu\u00f2 cambiare l&#8217;alcolista, ma ci sono strategie che possono essere impiegate per aiutare l&#8217;alcolista nella sua ricerca di cambiamento. <\/p>\n\n<p>\u00c8 necessario conoscere le informazioni sul gioco d&#8217;azzardo problematico e le conseguenze di esso.\nUna volta che conosci i sintomi, sarai almeno in grado di identificare quando la persona amata \u00e8 in pericolo o ha bisogno di aiuto.\nAssicurati di ascoltarli e lasciali parlare dei loro problemi senza anticiparli o minacciarli in alcun modo.  <\/p>\n\n<p>Aiuta la persona amata a consultare un medico o uno psicologo o unisciti a gruppi di supporto di persone con problemi simili di gioco d&#8217;azzardo.\nPuoi offrirti volontario per aiutare nella ricerca di materiali o andare alle riunioni con loro se va bene per loro.\nDi&#8217; loro che non \u00e8 vergognoso chiedere aiuto poich\u00e9 in realt\u00e0 \u00e8 una decisione potente e salutare.  <\/p>\n\n<p>Ricorda che affrontare un problema di gioco d&#8217;azzardo non \u00e8 facile, quindi non dimenticare te stesso e chi pu\u00f2 aiutarti, ad esempio amici o professionisti.\nIn questo modo, siamo in grado di dare il calore e la compassione necessari per la guarigione dei nostri cari. <\/p>\n\n<h2 class=\"wp-block-heading\">Autoesclusione<\/h2>\n\n<p>L&#8217;opzione di autoesclusione \u00e8 un&#8217;ottima opzione per tutti coloro che si rendono conto di avere un problema con il gioco d&#8217;azzardo.\nTi aiuta a stabilire i tuoi limiti e a fare un passo indietro dalle attivit\u00e0 di gioco d&#8217;azzardo poich\u00e9 hai il potere di farlo volontariamente. <\/p>\n\n<p>L&#8217;autoesclusione pu\u00f2 essere definita come un meccanismo che aiuta a limitare il proprio accesso ai siti di scommesse online e\/o agli operatori di scommesse terrestri per un certo periodo.\nQuesto ti aiuter\u00e0 a prenderti un po&#8217; di tempo libero, a riflettere sulle tue attivit\u00e0 di gioco d&#8217;azzardo e forse a considerare se hai un problema o meno e, se lo fai, a cercare aiuto.\nL&#8217;autoesclusione \u00e8 un modo per iniziare il processo di gestione del proprio comportamento e avviare il processo di cambiamento in modo positivo.\n\u00c8 importante notare che non devi farlo da solo, ci sono strumenti che possono aiutarti.    Resta forte!<\/p>\n\n<h2 class=\"wp-block-heading\">In che modo i bookmaker controllano il gioco d&#8217;azzardo?<\/h2>\n\n<p>Questo \u00e8 qualcosa che i bookmaker apprezzano pienamente e di conseguenza forniscono ai loro clienti varie misure che possono essere prese per limitare il proprio gioco d&#8217;azzardo.\nUno di questi strumenti \u00e8 l&#8217;impostazione di limiti di deposito in base ai quali sei in grado di fornire un tetto dell&#8217;importo che ti \u00e8 permesso depositare entro un determinato periodo di tempo.\nQuesto vi aiuta a rispettare il budget stabilito e\/o a prevenire spese eccessive.  <\/p>\n\n<p>Un&#8217;altra caratteristica ricca \u00e8 la possibilit\u00e0 di impostare i limiti sulle scommesse, il che significa che il giocatore pu\u00f2 porre delle restrizioni sull&#8217;importo massimo di denaro che pu\u00f2 essere puntato entro un certo periodo di tempo.\nIn questo modo non ci sono spese sconsiderate o eccessive per i giochi poich\u00e9 il denaro \u00e8 diviso in determinate porzioni.\nInoltre, numerosi bookmaker offrono reality check, ovvero messaggi che il bookmaker invia all&#8217;utente a intervalli di sua scelta per ricordargli il tempo trascorso sul sito web.\nQuesti sono buoni spunti per riflettere su come stai andando nel gioco e se hai bisogno di mettere in pausa il gioco.   <\/p>\n\n<p>Quindi, utilizzando tali strumenti, i bookmaker cercano di aiutare gli utenti dei loro servizi a stabilire determinati limiti e controllare il livello delle attivit\u00e0 di gioco d&#8217;azzardo.<\/p>\n\n<h2 class=\"wp-block-heading\">Come cercare aiuto per problemi con il gioco d&#8217;azzardo?<\/h2>\n\n<p>Se tu o qualcuno che conosci ha un problema con il gioco d&#8217;azzardo, dovresti sapere che l&#8217;aiuto \u00e8 l\u00e0 fuori.\nMolte organizzazioni e persino enti di beneficenza si concentrano sull&#8217;aiutare le persone ad affrontare la dipendenza dal gioco d&#8217;azzardo e ottenere l&#8217;aiuto necessario. <\/p>\n\n<p>Un&#8217;altra organizzazione di questo tipo \u00e8 il Gamblers Anonymous, che \u00e8 una compagnia di uomini e donne che si sono incontrati per aiutarsi a vicenda e condividere esperienze, forza e speranza e per trovare un modo per il recupero.\nIn questo modo, i partecipanti sono in grado di ottenere il supporto e la comprensione di altre persone che hanno affrontato gli stessi problemi. <\/p>\n\n<p>Inoltre, ci sono anche linee telefoniche a cui ci si pu\u00f2 rivolgere per chiedere aiuto, tra cui i Giocatori Anonimi.\nQueste hotline forniscono informazioni, cura e assistenza e aiuto sotto forma di indirizzamento del chiamante a un professionista per il trattamento dei problemi di gioco d&#8217;azzardo.\n\u00c8 importante cercare aiuto il prima possibile se tu o qualcuno che conosci ne ha bisogno: il fatto \u00e8 che non sei solo in questa lotta per la guarigione.  <\/p>\n\n<h2 class=\"wp-block-heading\">Strumenti di gioco responsabile del bookmaker<\/h2>\n\n<p>Al fine di supportare l&#8217;idea di un gioco d&#8217;azzardo corretto e sicuro e per aiutare gli utenti a controllare il proprio gioco d&#8217;azzardo, la maggior parte dei bookmaker e dei siti di scommesse fornisce determinate funzioni e strumenti.\nSi tratta di strumenti che vengono utilizzati per consentire all&#8217;individuo di porre restrizioni sul proprio gioco d&#8217;azzardo e di prendersi una pausa dal gioco d&#8217;azzardo, se lo desidera. <\/p>\n\n<p>Uno di questi strumenti \u00e8 la funzione di autoesclusione. Ci\u00f2 consente ai giocatori di escludersi volontariamente dall&#8217;accesso ai propri account per un determinato periodo di tempo, che va da giorni a mesi o addirittura anni. Durante questo periodo di esclusione, i giocatori non saranno in grado di piazzare scommesse o accedere a servizi di gioco d&#8217;azzardo sulla piattaforma.<\/p>\n\n<p>Un altro strumento utile \u00e8 l&#8217;opzione per impostare i limiti di deposito.\nIn questo modo, i clienti possono decidere quanti soldi desiderano mettere sul conto in un determinato periodo, che possa essere giornaliero, settimanale o mensile.\nDopo che il limite stabilito \u00e8 stato raggiunto, non possono depositare altro denaro fino a quando non \u00e8 stato rispettato il tempo stabilito.  <\/p>\n\n<p>Infine, \u00e8 fondamentale sapere che l&#8217;elenco degli strumenti di gioco responsabile pu\u00f2 essere diverso per ogni bookmaker che fornisce i suoi servizi online.\nQueste sono alcune delle opzioni che gli scommettitori dovrebbero provare e imparare a utilizzare nelle loro scommesse a seconda delle loro preferenze. <\/p>\n","protected":false},"excerpt":{"rendered":"<p>Suggerimenti per il gioco responsabile: In questo post del blog, discuteremo le possibili indicazioni del gioco d&#8217;azzardo problematico, alcuni modi per affrontare il gioco d&#8217;azzardo problematico per la persona interessata o per qualcuno che si conosce e i dettagli sulle misure di autoesclusione. Esamineremo anche le soluzioni fornite dai bookmaker per regolamentare il tuo gioco [&hellip;]<\/p>\n","protected":false},"author":1,"featured_media":0,"parent":0,"menu_order":0,"comment_status":"closed","ping_status":"closed","template":"","meta":{"inline_featured_image":false,"_uag_custom_page_level_css":"","site-sidebar-layout":"default","site-content-layout":"","ast-site-content-layout":"default","site-content-style":"default","site-sidebar-style":"default","ast-global-header-display":"","ast-banner-title-visibility":"","ast-main-header-display":"","ast-hfb-above-header-display":"","ast-hfb-below-header-display":"","ast-hfb-mobile-header-display":"","site-post-title":"","ast-breadcrumbs-content":"","ast-featured-img":"","footer-sml-layout":"","ast-disable-related-posts":"","theme-transparent-header-meta":"","adv-header-id-meta":"","stick-header-meta":"","header-above-stick-meta":"","header-main-stick-meta":"","header-below-stick-meta":"","astra-migrate-meta-layouts":"default","ast-page-background-enabled":"default","ast-page-background-meta":{"desktop":{"background-color":"var(--ast-global-color-4)","background-image":"","background-repeat":"repeat","background-position":"center center","background-size":"auto","background-attachment":"scroll","background-type":"","background-media":"","overlay-type":"","overlay-color":"","overlay-opacity":"","overlay-gradient":""},"tablet":{"background-color":"","background-image":"","background-repeat":"repeat","background-position":"center center","background-size":"auto","background-attachment":"scroll","background-type":"","background-media":"","overlay-type":"","overlay-color":"","overlay-opacity":"","overlay-gradient":""},"mobile":{"background-color":"","background-image":"","background-repeat":"repeat","background-position":"center center","background-size":"auto","background-attachment":"scroll","background-type":"","background-media":"","overlay-type":"","overlay-color":"","overlay-opacity":"","overlay-gradient":""}},"ast-content-background-meta":{"desktop":{"background-color":"var(--ast-global-color-5)","background-image":"","background-repeat":"repeat","background-position":"center center","background-size":"auto","background-attachment":"scroll","background-type":"","background-media":"","overlay-type":"","overlay-color":"","overlay-opacity":"","overlay-gradient":""},"tablet":{"background-color":"var(--ast-global-color-5)","background-image":"","background-repeat":"repeat","background-position":"center center","background-size":"auto","background-attachment":"scroll","background-type":"","background-media":"","overlay-type":"","overlay-color":"","overlay-opacity":"","overlay-gradient":""},"mobile":{"background-color":"var(--ast-global-color-5)","background-image":"","background-repeat":"repeat","background-position":"center center","background-size":"auto","background-attachment":"scroll","background-type":"","background-media":"","overlay-type":"","overlay-color":"","overlay-opacity":"","overlay-gradient":""}},"footnotes":""},"class_list":["post-15440","page","type-page","status-publish","hentry"],"aioseo_notices":[],"acf":[],"uagb_featured_image_src":{"full":false,"thumbnail":false,"medium":false,"medium_large":false,"large":false,"1536x1536":false,"2048x2048":false},"uagb_author_info":{"display_name":"\u545c\u545c\u545c","author_link":"https:\/\/vvvvu.com\/it\/author\/vvvvu\/"},"uagb_comment_info":0,"uagb_excerpt":"Suggerimenti per il gioco responsabile: In questo post del blog, discuteremo le possibili indicazioni del gioco d&#8217;azzardo problematico, alcuni modi per affrontare il gioco d&#8217;azzardo problematico per la persona interessata o per qualcuno che si conosce e i dettagli sulle misure di autoesclusione. Esamineremo anche le soluzioni fornite dai bookmaker per regolamentare il tuo gioco&hellip;","_links":{"self":[{"href":"https:\/\/vvvvu.com\/it\/wp-json\/wp\/v2\/pages\/15440","targetHints":{"allow":["GET"]}}],"collection":[{"href":"https:\/\/vvvvu.com\/it\/wp-json\/wp\/v2\/pages"}],"about":[{"href":"https:\/\/vvvvu.com\/it\/wp-json\/wp\/v2\/types\/page"}],"author":[{"embeddable":true,"href":"https:\/\/vvvvu.com\/it\/wp-json\/wp\/v2\/users\/1"}],"replies":[{"embeddable":true,"href":"https:\/\/vvvvu.com\/it\/wp-json\/wp\/v2\/comments?post=15440"}],"version-history":[{"count":2,"href":"https:\/\/vvvvu.com\/it\/wp-json\/wp\/v2\/pages\/15440\/revisions"}],"predecessor-version":[{"id":111695,"href":"https:\/\/vvvvu.com\/it\/wp-json\/wp\/v2\/pages\/15440\/revisions\/111695"}],"wp:attachment":[{"href":"https:\/\/vvvvu.com\/it\/wp-json\/wp\/v2\/media?parent=15440"}],"curies":[{"name":"wp","href":"https:\/\/api.w.org\/{rel}","templated":true}]}}