{"id":15378,"date":"2023-09-15T01:38:28","date_gmt":"2023-09-15T01:38:28","guid":{"rendered":"https:\/\/vvvvu.com\/contatto\/"},"modified":"2024-07-24T03:36:12","modified_gmt":"2024-07-24T03:36:12","slug":"contatto","status":"publish","type":"page","link":"https:\/\/vvvvu.com\/it\/contatto\/","title":{"rendered":"Contatto"},"content":{"rendered":"\n<p>In questo sito web, ti aiuteremo a ottenere il massimo dalle tue attivit\u00e0 di scommesse, sia che tu sia nuovo alle scommesse sportive online o che lo faccia da un po&#8217; di tempo.\nPer ulteriori commenti o domande relative a questo manuale, si prega di inviare un&#8217;e-mail a support@vvvvu.  Com.<\/p>\n\n<p>Ti renderai conto che i bookmaker e i siti di scommesse non sono facili da trovare ed \u00e8 per questo che ci sforziamo di garantire che le informazioni che forniamo al pubblico comportino vari tipi di scommesse e quote, nonch\u00e9 casin\u00f2.\nSarai facilmente in grado di identificare il miglior bookmaker o sito di scommesse attraverso la nostra recensione. <\/p>\n\n<p>Apprezziamo le vostre opinioni e ci piacerebbe sentire la vostra opinione, i nostri lettori!\n\u00c8 nostro piacere ricevere i vostri commenti o richieste sui nostri consigli per le scommesse in questo sito web.\nEcco perch\u00e9 il nostro servizio clienti \u00e8 sempre pronto ad aiutarti a scegliere i modi pi\u00f9 efficienti per piazzare le tue scommesse sportive.\nBenvenuto su vvvvu, siamo lieti di averti qui con noi.\ncom guida alle scommesse!    <\/p>\n\n<p>Se sei un bookmaker o un sito di scommesse e sei interessato a contattarci, puoi utilizzare il seguente indirizzo e-mail: Gentile [support@vvvvv. com].\nVi preghiamo di aspettarvi la nostra risposta. <\/p>\n\n<p>Per questo motivo siamo costantemente alla ricerca di un modo per rendere la nostra guida ancora migliore per te.\nPer ulteriori domande o se desideri suggerire qualcosa, non esitare a contattarci tramite la nostra e-mail.  Apprezziamo il tuo feedback!<\/p>\n\n<p>Gentile cliente, grazie per aver scelto  <a href=\"https:\/\/vvvvu.com\/it\/\" title=\"vvvvu. Com\"><\/a><a href=\"https:\/\/vvvvu.com\/it\/\">vvvvu.<\/a> Com  Siti di scommesse sui bookmaker!<\/p>\n\n<div class=\"wp-block-uagb-forms uagb-forms__outer-wrap uagb-block-c9f82a45 uagb-forms__medium-btn\"><form class=\"uagb-forms-main-form\" method=\"post\" autocomplete=\"on\" name=\"uagb-form-c9f82a45\">\n<div class=\"wp-block-uagb-forms-name uagb-forms-name-wrap uagb-forms-field-set uagb-block-6bab554d\"><div class=\"uagb-forms-name-label required uagb-forms-input-label\" id=\"6bab554d\">Nome<\/div><input type=\"text\" placeholder=\"Cricco\" required=\"\" class=\"uagb-forms-name-input uagb-forms-input\" name=\"6bab554d\" autocomplete=\"given-name\"><\/div>\n\n\n\n<div class=\"wp-block-uagb-forms-name uagb-forms-name-wrap uagb-forms-field-set uagb-block-8e2685f4\"><div class=\"uagb-forms-name-label required uagb-forms-input-label\" id=\"8e2685f4\">Cognome<\/div><input type=\"text\" placeholder=\"Smith\" required=\"\" class=\"uagb-forms-name-input uagb-forms-input\" name=\"8e2685f4\" autocomplete=\"family-name\"><\/div>\n\n\n\n<div class=\"wp-block-uagb-forms-email uagb-forms-email-wrap uagb-forms-field-set uagb-block-f87989c2\"><div class=\"uagb-forms-email-label uagb-forms-input-label\" id=\"f87989c2\">Email<\/div><input type=\"email\" class=\"uagb-forms-email-input uagb-forms-input\" placeholder=\"example@mail.com\" name=\"f87989c2\" autocomplete=\"email\"><\/div>\n\n\n\n<div class=\"wp-block-uagb-forms-textarea uagb-forms-textarea-wrap uagb-forms-field-set uagb-block-4bcf3afe\"><div class=\"uagb-forms-textarea-label required uagb-forms-input-label\" id=\"4bcf3afe\">Messaggio<\/div><textarea required=\"\" class=\"uagb-forms-textarea-input uagb-forms-input\" rows=\"4\" placeholder=\"Inserisci il tuo messaggio\" name=\"4bcf3afe\" autocomplete=\"off\"><\/textarea><\/div>\n<div class=\"uagb-forms-form-hidden-data\"><input type=\"hidden\" class=\"uagb_forms_form_label\" value=\"Spectra Form\"\/><input type=\"hidden\" class=\"uagb_forms_form_id\" value=\"uagb-form-c9f82a45\"\/><\/div><div class=\"uagb-form-reacaptcha-error-c9f82a45\"><\/div><div class=\"uagb-forms-main-submit-button-wrap wp-block-button\"><button class=\"uagb-forms-main-submit-button wp-block-button__link\"><div class=\"uagb-forms-main-submit-button-text\">Invia<\/div><\/button><\/div><\/form><div class=\"uagb-forms-success-message-c9f82a45 uagb-forms-submit-message-hide\"><span>Submission has been successful!<\/span><\/div><div class=\"uagb-forms-failed-message-c9f82a45 uagb-forms-submit-message-hide\"><span>There has been some error while submitting the form. Please verify all form fields again.<\/span><\/div><\/div>\n","protected":false},"excerpt":{"rendered":"<p>In questo sito web, ti aiuteremo a ottenere il massimo dalle tue attivit\u00e0 di scommesse, sia che tu sia nuovo alle scommesse sportive online o che lo faccia da un po&#8217; di tempo. Per ulteriori commenti o domande relative a questo manuale, si prega di inviare un&#8217;e-mail a support@vvvvu. Com. Ti renderai conto che i [&hellip;]<\/p>\n","protected":false},"author":1,"featured_media":0,"parent":0,"menu_order":0,"comment_status":"closed","ping_status":"closed","template":"","meta":{"inline_featured_image":false,"_uag_custom_page_level_css":"","site-sidebar-layout":"default","site-content-layout":"","ast-site-content-layout":"default","site-content-style":"default","site-sidebar-style":"default","ast-global-header-display":"","ast-banner-title-visibility":"","ast-main-header-display":"","ast-hfb-above-header-display":"","ast-hfb-below-header-display":"","ast-hfb-mobile-header-display":"","site-post-title":"","ast-breadcrumbs-content":"","ast-featured-img":"","footer-sml-layout":"","ast-disable-related-posts":"","theme-transparent-header-meta":"","adv-header-id-meta":"","stick-header-meta":"","header-above-stick-meta":"","header-main-stick-meta":"","header-below-stick-meta":"","astra-migrate-meta-layouts":"default","ast-page-background-enabled":"default","ast-page-background-meta":{"desktop":{"background-color":"var(--ast-global-color-4)","background-image":"","background-repeat":"repeat","background-position":"center center","background-size":"auto","background-attachment":"scroll","background-type":"","background-media":"","overlay-type":"","overlay-color":"","overlay-opacity":"","overlay-gradient":""},"tablet":{"background-color":"","background-image":"","background-repeat":"repeat","background-position":"center center","background-size":"auto","background-attachment":"scroll","background-type":"","background-media":"","overlay-type":"","overlay-color":"","overlay-opacity":"","overlay-gradient":""},"mobile":{"background-color":"","background-image":"","background-repeat":"repeat","background-position":"center center","background-size":"auto","background-attachment":"scroll","background-type":"","background-media":"","overlay-type":"","overlay-color":"","overlay-opacity":"","overlay-gradient":""}},"ast-content-background-meta":{"desktop":{"background-color":"var(--ast-global-color-5)","background-image":"","background-repeat":"repeat","background-position":"center center","background-size":"auto","background-attachment":"scroll","background-type":"","background-media":"","overlay-type":"","overlay-color":"","overlay-opacity":"","overlay-gradient":""},"tablet":{"background-color":"var(--ast-global-color-5)","background-image":"","background-repeat":"repeat","background-position":"center center","background-size":"auto","background-attachment":"scroll","background-type":"","background-media":"","overlay-type":"","overlay-color":"","overlay-opacity":"","overlay-gradient":""},"mobile":{"background-color":"var(--ast-global-color-5)","background-image":"","background-repeat":"repeat","background-position":"center center","background-size":"auto","background-attachment":"scroll","background-type":"","background-media":"","overlay-type":"","overlay-color":"","overlay-opacity":"","overlay-gradient":""}},"footnotes":""},"class_list":["post-15378","page","type-page","status-publish","hentry"],"aioseo_notices":[],"acf":[],"uagb_featured_image_src":{"full":false,"thumbnail":false,"medium":false,"medium_large":false,"large":false,"1536x1536":false,"2048x2048":false},"uagb_author_info":{"display_name":"\u545c\u545c\u545c","author_link":"https:\/\/vvvvu.com\/it\/author\/vvvvu\/"},"uagb_comment_info":0,"uagb_excerpt":"In questo sito web, ti aiuteremo a ottenere il massimo dalle tue attivit\u00e0 di scommesse, sia che tu sia nuovo alle scommesse sportive online o che lo faccia da un po&#8217; di tempo. Per ulteriori commenti o domande relative a questo manuale, si prega di inviare un&#8217;e-mail a support@vvvvu. Com. Ti renderai conto che i&hellip;","_links":{"self":[{"href":"https:\/\/vvvvu.com\/it\/wp-json\/wp\/v2\/pages\/15378","targetHints":{"allow":["GET"]}}],"collection":[{"href":"https:\/\/vvvvu.com\/it\/wp-json\/wp\/v2\/pages"}],"about":[{"href":"https:\/\/vvvvu.com\/it\/wp-json\/wp\/v2\/types\/page"}],"author":[{"embeddable":true,"href":"https:\/\/vvvvu.com\/it\/wp-json\/wp\/v2\/users\/1"}],"replies":[{"embeddable":true,"href":"https:\/\/vvvvu.com\/it\/wp-json\/wp\/v2\/comments?post=15378"}],"version-history":[{"count":2,"href":"https:\/\/vvvvu.com\/it\/wp-json\/wp\/v2\/pages\/15378\/revisions"}],"predecessor-version":[{"id":111337,"href":"https:\/\/vvvvu.com\/it\/wp-json\/wp\/v2\/pages\/15378\/revisions\/111337"}],"wp:attachment":[{"href":"https:\/\/vvvvu.com\/it\/wp-json\/wp\/v2\/media?parent=15378"}],"curies":[{"name":"wp","href":"https:\/\/api.w.org\/{rel}","templated":true}]}}