{"id":14471,"date":"2023-07-13T13:30:48","date_gmt":"2023-07-13T13:30:48","guid":{"rendered":"https:\/\/vvvvu.com\/disclaimer\/"},"modified":"2024-07-24T03:40:17","modified_gmt":"2024-07-24T03:40:17","slug":"dichiarazione-di-non-responsabilita","status":"publish","type":"page","link":"https:\/\/vvvvu.com\/it\/dichiarazione-di-non-responsabilita\/","title":{"rendered":"Dichiarazione di non responsabilit\u00e0"},"content":{"rendered":"\n<h2 class=\"wp-block-heading\">Interpretazione<\/h2>\n\n<p>Le spiegazioni delle parole la cui lettera iniziale \u00e8 maiuscola sono fornite alle seguenti condizioni:<\/p>\n\n<p>I seguenti termini avranno lo stesso significato quando utilizzati in questo strumento, sia al singolare che al plurale.<\/p>\n\n<h2 class=\"wp-block-heading\">Definizioni<\/h2>\n\n<p>Ai fini della presente Dichiarazione di non responsabilit\u00e0:<\/p>\n\n<p>Le espressioni &#8220;Societ\u00e0&#8221;, &#8220;Noi&#8221;, &#8220;Ci&#8221; o &#8220;Nostro&#8221; utilizzate nel presente Disclaimer si riferiscono al Miglior Sito di Scommesse Sportive.<\/p>\n\n<p>Per Servizio si intende il Sito Web e\/o l&#8217;applicazione mobile.<\/p>\n\n<p>Per Lei si intende la persona fisica, il datore di lavoro della persona fisica o un&#8217;altra organizzazione per la quale la persona fisica agisce e che \u00e8 associata all&#8217;uso del Servizio.<\/p>\n\n<p>Il sito web si riferisce al miglior sito di scommesse sportive, accessibile da https:Tuttavia, \u00e8 scritto quanto segue: com<\/p>\n\n<h2 class=\"wp-block-heading\">Dichiarazione di non responsabilit\u00e0<\/h2>\n\n<p>Tutte le informazioni fornite sul Servizio sono solo a scopo informativo e non sono intese come consulenza legale.<\/p>\n\n<p>La Societ\u00e0 non sar\u00e0 ritenuta responsabile per eventuali inesattezze delle informazioni visualizzate sul Servizio.<\/p>\n\n<p>La Societ\u00e0 non garantisce n\u00e9 dichiara che il Servizio e i materiali o i prodotti descritti nel Servizio soddisferanno i requisiti dell&#8217;utente, saranno ininterrotti, tempestivi, sicuri o privi di errori, che eventuali difetti saranno corretti o che questo Servizio o il server che lo rende disponibile sia privo di virus o altri componenti dannosi.\nLa Societ\u00e0 pu\u00f2 <\/p>\n\n<p>La Societ\u00e0 non si assume alcuna responsabilit\u00e0 per errori od omissioni nei contenuti del Servizio.<\/p>\n\n<h2 class=\"wp-block-heading\">Collegamenti esterni Disclaimer<\/h2>\n\n<p>Alcuni dei link inclusi nel Servizio possono portare ad altri siti sul World Wide Web per i quali la Societ\u00e0 non \u00e8 responsabile.<\/p>\n\n<p>Per quanto riguarda le informazioni pubblicate su tali siti Web esterni, la Societ\u00e0 non si assume alcuna responsabilit\u00e0 sull&#8217;accuratezza, l&#8217;attualit\u00e0 o la sufficienza delle informazioni ivi pubblicate.<\/p>\n\n<h2 class=\"wp-block-heading\">Esclusione di responsabilit\u00e0 per errori e omissioni<\/h2>\n\n<p>Tuttavia, quanto sopra non limita in alcun modo la generalit\u00e0 di quanto precede per quanto riguarda le informazioni messe a disposizione dal Servizio in merito alle materie trattate in questo Sito.\nLa Societ\u00e0 far\u00e0 tutto il possibile per garantire che le informazioni fornite attraverso il Servizio siano recenti e accurate, ma ci\u00f2 non garantisce che sia cos\u00ec.\nInoltre, tutte le informazioni fornite attraverso il Servizio sono fornite &#8220;cos\u00ec come sono&#8221; e la Societ\u00e0 non sar\u00e0 responsabile per l&#8217;accuratezza, l&#8217;affidabilit\u00e0 o la completezza delle informazioni.  <\/p>\n\n<p>Viene fornito &#8220;cos\u00ec com&#8217;\u00e8&#8221; senza garanzie di alcun tipo, esplicite o implicite, incluse, a titolo esemplificativo ma non esaustivo, le garanzie implicite di idoneit\u00e0 allo scopo o che sia adatto allo scopo previsto.<\/p>\n\n<h2 class=\"wp-block-heading\">Fair Use Disclaimer<\/h2>\n\n<p>Alcune informazioni utilizzate dalla Societ\u00e0 potrebbero essere protette da copyright e la Societ\u00e0 potrebbe non disporre di una licenza adeguata per esse.\nLa Societ\u00e0 fornisce tale materiale per l&#8217;uso di critiche, commenti, segnalazione di eventi di cronaca, insegnamento e ricerca accademica. <\/p>\n\n<p>La Societ\u00e0 ha concluso che ci\u00f2 \u00e8 lecito in base alle disposizioni dello statuto sul copyright, in particolare della Sezione 107 del Copyright Act degli Stati Uniti.<\/p>\n\n<p>Se si desidera utilizzare materiale protetto da copyright del Servizio per scopi non elencati sopra, \u00e8 necessario ottenere l&#8217;autorizzazione del proprietario del copyright.<\/p>\n\n<h2 class=\"wp-block-heading\">Opinioni espresse Disclaimer<\/h2>\n\n<p>Le informazioni fornite sul Servizio possono contenere l&#8217;opinione personale di terzi, partecipanti e altri utenti e non riflettono l&#8217;opinione della Societ\u00e0.<\/p>\n\n<p>Di conseguenza, qualsiasi commento dell&#8217;utente pubblicato \u00e8 di esclusiva responsabilit\u00e0 dell&#8217;utente e l&#8217;utente sar\u00e0 interamente responsabile, responsabile e\/o responsabile per qualsiasi diffamazione o procedimento legale che derivi da o sia direttamente causato da qualsiasi commento fatto dall&#8217;utente.\nLa Societ\u00e0 non \u00e8 in alcun modo responsabile per qualsiasi commento fatto da qualsiasi utente e ha il pieno diritto di eliminare qualsiasi commento fatto senza alcun preavviso. <\/p>\n\n<h2 class=\"wp-block-heading\">Esclusione di responsabilit\u00e0<\/h2>\n\n<p>Questi sono a scopo informativo generale e la Societ\u00e0 non sar\u00e0 responsabile per eventuali consigli legali, fiscali o di altro tipo che potrebbero essere forniti in tali informazioni.\nPertanto, non dovrebbe essere utilizzato come base per prendere decisioni contabili, fiscali, legali o di altro tipo. <\/p>\n\n<p>La responsabilit\u00e0 della Societ\u00e0 o dei suoi fornitori per danni ai sensi del presente Contratto sar\u00e0 limitata all&#8217;importo pagato dall&#8217;utente per il Servizio nei dodici (12) mesi precedenti il primo evento che ha dato origine al reclamo.\nLa Societ\u00e0 o i suoi fornitori non saranno responsabili per eventuali danni speciali, incidentali, indiretti o consequenziali di qualsiasi tipo (incluse, a titolo esemplificativo, le spese legali) in qualsiasi modo relative all&#8217;utilizzo del Servizio da parte dell&#8217;utente. <\/p>\n\n<h2 class=\"wp-block-heading\">Questo porta a un disclaimer che di solito viene presentato come: &#8220;Nessuna garanzia&#8221;.<\/h2>\n\n<p>Tutte le informazioni contenute in questo Servizio sono fornite agli utenti &#8220;cos\u00ec come sono&#8221; senza garanzie di alcun tipo, esplicite o implicite, incluse, a titolo esemplificativo ma non esaustivo, garanzie di completezza, accuratezza e simili, garanzie di commerciabilit\u00e0, idoneit\u00e0 per uno scopo particolare o non violazione dei diritti di terzi.<\/p>\n\n<p>La Societ\u00e0 non sar\u00e0 responsabile nei confronti dell&#8217;utente o di chiunque altro per qualsiasi decisione presa o azione intrapresa facendo affidamento sulle informazioni fornite dal Servizio o per eventuali danni consequenziali, speciali o simili, anche se avvisati della possibilit\u00e0 di tali danni.<\/p>\n\n<h2 class=\"wp-block-heading\">Contatto<\/h2>\n\n<p>In caso di domande su questo Disclaimer, \u00e8 possibile contattarci:<\/p>\n\n<ul class=\"wp-block-list\">\n<li><strong>Visitando questa pagina del nostro sito web:<\/strong> Di seguito \u00e8 riportato il link alla fonte originale: <a href=\"https:\/\/vvvvu.%20com\/privacy-policy\/\" target=\"_blank\" rel=\"noopener nofollow\" title=\"\">https:\/\/vvvvu. com\/privacy-policy\/<\/a><\/li>\n<\/ul>\n","protected":false},"excerpt":{"rendered":"<p>Interpretazione Le spiegazioni delle parole la cui lettera iniziale \u00e8 maiuscola sono fornite alle seguenti condizioni: I seguenti termini avranno lo stesso significato quando utilizzati in questo strumento, sia al singolare che al plurale. Definizioni Ai fini della presente Dichiarazione di non responsabilit\u00e0: Le espressioni &#8220;Societ\u00e0&#8221;, &#8220;Noi&#8221;, &#8220;Ci&#8221; o &#8220;Nostro&#8221; utilizzate nel presente Disclaimer si [&hellip;]<\/p>\n","protected":false},"author":1,"featured_media":0,"parent":0,"menu_order":0,"comment_status":"closed","ping_status":"open","template":"","meta":{"inline_featured_image":false,"_uag_custom_page_level_css":"","site-sidebar-layout":"default","site-content-layout":"","ast-site-content-layout":"default","site-content-style":"default","site-sidebar-style":"default","ast-global-header-display":"","ast-banner-title-visibility":"","ast-main-header-display":"","ast-hfb-above-header-display":"","ast-hfb-below-header-display":"","ast-hfb-mobile-header-display":"","site-post-title":"","ast-breadcrumbs-content":"","ast-featured-img":"","footer-sml-layout":"","ast-disable-related-posts":"","theme-transparent-header-meta":"","adv-header-id-meta":"","stick-header-meta":"","header-above-stick-meta":"","header-main-stick-meta":"","header-below-stick-meta":"","astra-migrate-meta-layouts":"default","ast-page-background-enabled":"default","ast-page-background-meta":{"desktop":{"background-color":"var(--ast-global-color-4)","background-image":"","background-repeat":"repeat","background-position":"center center","background-size":"auto","background-attachment":"scroll","background-type":"","background-media":"","overlay-type":"","overlay-color":"","overlay-opacity":"","overlay-gradient":""},"tablet":{"background-color":"","background-image":"","background-repeat":"repeat","background-position":"center center","background-size":"auto","background-attachment":"scroll","background-type":"","background-media":"","overlay-type":"","overlay-color":"","overlay-opacity":"","overlay-gradient":""},"mobile":{"background-color":"","background-image":"","background-repeat":"repeat","background-position":"center center","background-size":"auto","background-attachment":"scroll","background-type":"","background-media":"","overlay-type":"","overlay-color":"","overlay-opacity":"","overlay-gradient":""}},"ast-content-background-meta":{"desktop":{"background-color":"var(--ast-global-color-5)","background-image":"","background-repeat":"repeat","background-position":"center center","background-size":"auto","background-attachment":"scroll","background-type":"","background-media":"","overlay-type":"","overlay-color":"","overlay-opacity":"","overlay-gradient":""},"tablet":{"background-color":"var(--ast-global-color-5)","background-image":"","background-repeat":"repeat","background-position":"center center","background-size":"auto","background-attachment":"scroll","background-type":"","background-media":"","overlay-type":"","overlay-color":"","overlay-opacity":"","overlay-gradient":""},"mobile":{"background-color":"var(--ast-global-color-5)","background-image":"","background-repeat":"repeat","background-position":"center center","background-size":"auto","background-attachment":"scroll","background-type":"","background-media":"","overlay-type":"","overlay-color":"","overlay-opacity":"","overlay-gradient":""}},"footnotes":""},"class_list":["post-14471","page","type-page","status-publish","hentry"],"aioseo_notices":[],"acf":[],"uagb_featured_image_src":{"full":false,"thumbnail":false,"medium":false,"medium_large":false,"large":false,"1536x1536":false,"2048x2048":false},"uagb_author_info":{"display_name":"\u545c\u545c\u545c","author_link":"https:\/\/vvvvu.com\/it\/author\/vvvvu\/"},"uagb_comment_info":0,"uagb_excerpt":"Interpretazione Le spiegazioni delle parole la cui lettera iniziale \u00e8 maiuscola sono fornite alle seguenti condizioni: I seguenti termini avranno lo stesso significato quando utilizzati in questo strumento, sia al singolare che al plurale. Definizioni Ai fini della presente Dichiarazione di non responsabilit\u00e0: Le espressioni &#8220;Societ\u00e0&#8221;, &#8220;Noi&#8221;, &#8220;Ci&#8221; o &#8220;Nostro&#8221; utilizzate nel presente Disclaimer si&hellip;","_links":{"self":[{"href":"https:\/\/vvvvu.com\/it\/wp-json\/wp\/v2\/pages\/14471","targetHints":{"allow":["GET"]}}],"collection":[{"href":"https:\/\/vvvvu.com\/it\/wp-json\/wp\/v2\/pages"}],"about":[{"href":"https:\/\/vvvvu.com\/it\/wp-json\/wp\/v2\/types\/page"}],"author":[{"embeddable":true,"href":"https:\/\/vvvvu.com\/it\/wp-json\/wp\/v2\/users\/1"}],"replies":[{"embeddable":true,"href":"https:\/\/vvvvu.com\/it\/wp-json\/wp\/v2\/comments?post=14471"}],"version-history":[{"count":3,"href":"https:\/\/vvvvu.com\/it\/wp-json\/wp\/v2\/pages\/14471\/revisions"}],"predecessor-version":[{"id":111357,"href":"https:\/\/vvvvu.com\/it\/wp-json\/wp\/v2\/pages\/14471\/revisions\/111357"}],"wp:attachment":[{"href":"https:\/\/vvvvu.com\/it\/wp-json\/wp\/v2\/media?parent=14471"}],"curies":[{"name":"wp","href":"https:\/\/api.w.org\/{rel}","templated":true}]}}