{"id":14459,"date":"2023-07-13T13:30:48","date_gmt":"2023-07-13T13:30:48","guid":{"rendered":"https:\/\/vvvvu.com\/termini-e-condizioni\/"},"modified":"2024-07-24T07:48:23","modified_gmt":"2024-07-24T07:48:23","slug":"termini-e-condizioni","status":"publish","type":"page","link":"https:\/\/vvvvu.com\/it\/termini-e-condizioni\/","title":{"rendered":"Termini e condizioni"},"content":{"rendered":"\n<p>Benvenuti nel miglior sito di scommesse sportive!<\/p>\n\n<p>Questi termini e condizioni delineano le regole e i regolamenti per l&#8217;utilizzo di VVVVU.COM &#8211; Sito Web del miglior sito di scommesse sportive, situato a https:\/\/www.vvvvu.com\/.<\/p>\n\n<p>L&#8217;accesso a questo sito web presuppone l&#8217;accettazione di questi termini e condizioni. Non continuare a utilizzare Best Sports Betting Site se non accetti di accettare tutti i termini e le condizioni indicati in questa pagina.<\/p>\n\n<p>La seguente terminologia si applica ai presenti Termini e condizioni, alla Dichiarazione sulla privacy e all&#8217;Avviso di esclusione di responsabilit\u00e0 e a tutti gli accordi: &#8220;Cliente&#8221;, &#8220;Lei&#8221; e &#8220;Suo&#8221; si riferiscono a Lei, la persona che accede a questo sito web e che \u00e8 conforme ai termini e alle condizioni della Societ\u00e0. &#8220;La Societ\u00e0&#8221;, &#8220;Noi&#8221;, &#8220;Noi&#8221;, &#8220;Nostro&#8221; e &#8220;Noi&#8221; si riferiscono alla nostra Societ\u00e0. &#8220;Parte&#8221;, &#8220;Parti&#8221; o &#8220;Noi&#8221; si riferiscono sia al Cliente che a noi. Tutti i termini si riferiscono all&#8217;offerta, all&#8217;accettazione e al corrispettivo del pagamento necessario per intraprendere il processo di assistenza da parte nostra al Cliente nel modo pi\u00f9 appropriato allo scopo esplicito di soddisfare le esigenze del Cliente in relazione alla fornitura dei servizi dichiarati dalla Societ\u00e0, in conformit\u00e0 e nel rispetto della legge vigente nei Paesi Bassi. L&#8217;uso della terminologia di cui sopra o di altre parole al singolare, al plurale, la capitalizzazione e\/o lui\/lei o loro, sono considerati intercambiabili e quindi riferiti allo stesso.<\/p>\n\n<h3 class=\"wp-block-heading\">\n          <strong>Biscotti<\/strong>\n        <\/h3>\n\n<p>Utilizziamo i cookie. Accedendo a Best Sports Betting Site, l&#8217;utente accetta di utilizzare i cookie in accordo con l&#8217;Informativa sulla privacy di VVVVU.COM &#8211; Best Sports Betting Site.<\/p>\n\n<p>La maggior parte dei siti web interattivi utilizza i cookie per recuperare i dati dell&#8217;utente a ogni visita. I cookie sono utilizzati dal nostro sito web per consentire la funzionalit\u00e0 di alcune aree e facilitare le visite al nostro sito. Anche alcuni dei nostri partner affiliati\/pubblicitari possono utilizzare i cookie.<\/p>\n\n<h3 class=\"wp-block-heading\">\n          <strong>Licenza<\/strong>\n        <\/h3>\n\n<p>Salvo diversa indicazione, VVVVU.COM &#8211; Best Sports Betting Site e\/o i suoi licenziatari possiedono i diritti di propriet\u00e0 intellettuale per tutto il materiale su Best Sports Betting Site. Tutti i diritti di propriet\u00e0 intellettuale sono riservati. \u00c8 possibile accedervi da Best Sports Betting Site per uso personale soggetto alle restrizioni stabilite in questi termini e condizioni.<\/p>\n\n<p>Non dovete:<\/p>\n\n<ul class=\"wp-block-list\">\n<li>Ripubblicare materiale dal miglior sito di scommesse sportive<\/li>\n\n\n\n<li>Vendere, noleggiare o concedere in sublicenza materiale da Best Sports Betting Site<\/li>\n\n\n\n<li>Riprodurre, duplicare o copiare materiale dal miglior sito di scommesse sportive<\/li>\n\n\n\n<li>Ridistribuire i contenuti dal miglior sito di scommesse sportive<\/li>\n<\/ul>\n\n<p>Il presente Accordo decorre dalla data del presente documento.<\/p>\n\n<p>Alcune parti di questo sito web offrono agli utenti la possibilit\u00e0 di pubblicare e scambiare opinioni e informazioni in determinate aree del sito. VVVVU.COM &#8211; Best Sports Betting Site non filtra, modifica, pubblica o esamina i commenti prima della loro presenza sul sito web.\nI commenti non riflettono i punti di vista e le opinioni di VVVVU.COM &#8211; Best Sports Betting Site, dei suoi agenti e\/o affiliati.  I commenti riflettono i punti di vista e le opinioni della persona che li ha pubblicati. Nella misura consentita dalle leggi applicabili, VVVVU.COM &#8211; Best Sports Betting Site non sar\u00e0 responsabile per i Commenti o per qualsiasi responsabilit\u00e0, danno o spesa causati e \/ o subiti a seguito di qualsiasi uso e \/ o pubblicazione e \/ o aspetto dei Commenti su questo sito web.<\/p>\n\n<p>VVVVU.COM &#8211; Best Sports Betting Site si riserva il diritto di monitorare tutti i commenti e di rimuovere qualsiasi commento che possa essere considerato inappropriato, offensivo o causi la violazione di questi Termini e Condizioni.<\/p>\n\n<p>L&#8217;utente garantisce e dichiara che:<\/p>\n\n<ul class=\"wp-block-list\">\n<li>Siete autorizzati a pubblicare i Commenti sul nostro sito web e disponete di tutte le licenze e i consensi necessari per farlo;<\/li>\n\n\n\n<li>I Commenti non violano alcun diritto di propriet\u00e0 intellettuale, inclusi, a titolo esemplificativo, diritti d&#8217;autore, brevetti o marchi di terzi;<\/li>\n\n\n\n<li>I Commenti non contengono materiale diffamatorio, calunnioso, offensivo, indecente o comunque illegale che costituisca una violazione della privacy.<\/li>\n\n\n\n<li>I Commenti non saranno utilizzati per sollecitare o promuovere affari o consuetudini o presentare attivit\u00e0 commerciali o attivit\u00e0 illegali.<\/li>\n<\/ul>\n\n<p>Con la presente concedi a VVVVU.COM &#8211; Best Sports Betting Site una licenza non esclusiva per utilizzare, riprodurre, modificare e autorizzare altri a utilizzare, riprodurre e modificare qualsiasi tuo commento in qualsiasi forma, formato o media.<\/p>\n\n<h3 class=\"wp-block-heading\">\n          <strong>Collegamento ipertestuale ai nostri contenuti<\/strong>\n        <\/h3>\n\n<p>Le seguenti organizzazioni possono collegarsi al nostro sito web senza previa approvazione scritta:<\/p>\n\n<ul class=\"wp-block-list\">\n<li>Agenzie governative;<\/li>\n\n\n\n<li>Motori di ricerca;<\/li>\n\n\n\n<li>Organizzazioni giornalistiche;<\/li>\n\n\n\n<li>I distributori di elenchi online possono collegarsi al nostro sito web nello stesso modo in cui si collegano ai siti web di altre aziende elencate; e<\/li>\n\n\n\n<li>Le aziende accreditate a livello di sistema, ad eccezione delle organizzazioni no-profit, dei centri commerciali di beneficenza e dei gruppi di raccolta fondi di beneficenza che non possono collegarsi al nostro sito Web.<\/li>\n<\/ul>\n\n<p>Queste organizzazioni possono collegarsi alla nostra home page, alle pubblicazioni o ad altre informazioni del sito web, a condizione che il collegamento sia effettuato: (a) non \u00e8 in alcun modo ingannevole; (b) non implica falsamente la sponsorizzazione, l&#8217;avallo o l&#8217;approvazione del linkante e dei suoi prodotti e\/o servizi; e (c) si inserisce nel contesto del sito del linkante.<\/p>\n\n<p>Possiamo prendere in considerazione e approvare altre richieste di collegamento da parte dei seguenti tipi di organizzazioni:<\/p>\n\n<ul class=\"wp-block-list\">\n<li>fonti di informazione comunemente note per i consumatori e\/o le imprese;<\/li>\n\n\n\n<li>dot.com siti della comunit\u00e0;<\/li>\n\n\n\n<li>associazioni o altri gruppi che rappresentano enti di beneficenza;<\/li>\n\n\n\n<li>distributori di elenchi online;<\/li>\n\n\n\n<li>portali internet;<\/li>\n\n\n\n<li>studi contabili, legali e di consulenza; e<\/li>\n\n\n\n<li>istituzioni educative e associazioni di categoria.<\/li>\n<\/ul>\n\n<p>Approveremo le richieste di collegamento da parte di queste organizzazioni se decidiamo che:\n(a) il collegamento non ci farebbe apparire sfavorevolmente a noi stessi o alle nostre imprese accreditate;\n(b) l&#8217;organizzazione non ha precedenti negativi con noi;\n(c) il beneficio per noi derivante dalla visibilit\u00e0 del collegamento ipertestuale compensa l&#8217;assenza di VVVVU.COM &#8211; Miglior sito di scommesse sportive; e\n(d) il collegamento \u00e8 nel contesto di informazioni generali sulle risorse.    <\/p>\n\n<p>Queste organizzazioni possono collegarsi alla nostra home page purch\u00e9 il collegamento: (a) non \u00e8 in alcun modo ingannevole; (b) non implichi falsamente la sponsorizzazione, l&#8217;approvazione o l&#8217;approvazione della parte che collega e dei suoi prodotti o servizi; e (c) si inserisce nel contesto del sito del linkante.<\/p>\n\n<p>Se sei una delle organizzazioni elencate nel paragrafo 2 di cui sopra e sei interessato a collegarti al nostro sito web, devi informarci inviando un&#8217;e-mail a VVVVU.COM &#8211; Miglior sito di scommesse sportive.\nSi prega di includere il proprio nome, il nome dell&#8217;organizzazione, le informazioni di contatto e l&#8217;URL del proprio sito, un elenco di tutti gli URL da cui si intende collegarsi al nostro sito Web e un elenco degli URL sul nostro sito a cui si desidera collegarsi.\nAttendi 2-3 settimane per una risposta.  <\/p>\n\n<p>Le organizzazioni approvate possono creare collegamenti ipertestuali al nostro sito Web come segue:<\/p>\n\n<ul class=\"wp-block-list\">\n<li>Utilizzando la nostra ragione sociale; o<\/li>\n\n\n\n<li>Utilizzando il localizzatore uniforme di risorse collegato; o<\/li>\n\n\n\n<li>Con l&#8217;uso di qualsiasi altra descrizione del nostro sito Web collegata che ha senso nel contesto e nel formato del contenuto sul sito della parte collegata.<\/li>\n<\/ul>\n\n<p>Non sar\u00e0 consentito l&#8217;uso del logo o di altre opere d&#8217;arte di VVVVU.COM &#8211; Best Sports Betting Site per il collegamento in assenza di un accordo di licenza del marchio.<\/p>\n\n<h3 class=\"wp-block-heading\">\n          <strong>iFrames<\/strong>\n        <\/h3>\n\n<p>Senza previa approvazione e autorizzazione scritta, non \u00e8 possibile creare cornici intorno alle nostre pagine web che alterino in qualsiasi modo la presentazione visiva o l&#8217;aspetto del nostro sito web.<\/p>\n\n<h3 class=\"wp-block-heading\">\n          <strong>Responsabilit\u00e0 del contenuto<\/strong>\n        <\/h3>\n\n<p>Non saremo responsabili per i contenuti che appaiono sul vostro sito web. L&#8217;utente accetta di proteggerci e difenderci da tutte le richieste di risarcimento che si sollevano sul suo sito web. In nessun sito web devono comparire link che possano essere interpretati come diffamatori, osceni o criminali, o che infrangano o violino in altro modo, o che sostengano l&#8217;infrazione o altra violazione di diritti di terzi.<\/p>\n\n<h3 class=\"wp-block-heading\">\n          <strong>La vostra privacy<\/strong>\n        <\/h3>\n\n<p>Leggere l&#8217;informativa sulla privacy<\/p>\n\n<h3 class=\"wp-block-heading\">\n          <strong>Riserva di diritti<\/strong>\n        <\/h3>\n\n<p>Ci riserviamo il diritto di richiedere la rimozione di tutti i link o di un particolare link al nostro sito web. L&#8217;utente si impegna a rimuovere immediatamente tutti i link al nostro sito web su richiesta. Ci riserviamo inoltre il diritto di modificare questi termini e condizioni e la politica di collegamento in qualsiasi momento. Collegandovi continuamente al nostro sito web, accettate di essere vincolati e di seguire i presenti termini e condizioni di collegamento.<\/p>\n\n<h3 class=\"wp-block-heading\">\n          <strong>Rimozione di link dal nostro sito web<\/strong>\n        <\/h3>\n\n<p>Se sul nostro sito web trovate un link offensivo per qualsiasi motivo, siete liberi di contattarci e informarci in qualsiasi momento. Prenderemo in considerazione le richieste di rimozione dei link, ma non siamo obbligati a farlo o a rispondere direttamente all&#8217;utente.<\/p>\n\n<p>Non garantiamo che le informazioni contenute nel sito siano corrette, non ne garantiamo la completezza o l&#8217;accuratezza, n\u00e9 ci impegniamo a garantire che il sito rimanga disponibile o che il materiale contenuto nel sito sia aggiornato.<\/p>\n\n<h3 class=\"wp-block-heading\">\n          <strong>Dichiarazione di non responsabilit\u00e0<\/strong>\n        <\/h3>\n\n<p>Nella misura massima consentita dalla legge applicabile, escludiamo tutte le dichiarazioni, garanzie e condizioni relative al nostro sito web e all&#8217;uso di questo sito web. Nulla di quanto contenuto nella presente clausola di esclusione della responsabilit\u00e0:<\/p>\n\n<ul class=\"wp-block-list\">\n<li>limitare o escludere la nostra o la vostra responsabilit\u00e0 per morte o lesioni personali;<\/li>\n\n\n\n<li>limitare o escludere la nostra o la vostra responsabilit\u00e0 per frode o falsa dichiarazione fraudolenta;<\/li>\n\n\n\n<li>limitare le nostre o le vostre responsabilit\u00e0 in qualsiasi modo che non sia consentito dalla legge applicabile; oppure<\/li>\n\n\n\n<li>escludere qualsiasi nostra o vostra responsabilit\u00e0 che non possa essere esclusa ai sensi della legge applicabile.<\/li>\n<\/ul>\n\n<p>Le limitazioni e i divieti di responsabilit\u00e0 indicati nella presente sezione e in altre parti della presente clausola di esclusione della responsabilit\u00e0: (a) sono soggetti al paragrafo precedente; e (b) disciplinare tutte le responsabilit\u00e0 derivanti dalla clausola di esclusione della responsabilit\u00e0, comprese quelle derivanti da contratto, illecito civile e violazione di obblighi di legge.<\/p>\n\n<p>Finch\u00e9 il sito web e le informazioni e i servizi presenti sul sito web sono forniti gratuitamente, non saremo responsabili di eventuali perdite o danni di qualsiasi natura.<\/p>\n","protected":false},"excerpt":{"rendered":"<p>Benvenuti nel miglior sito di scommesse sportive! Questi termini e condizioni delineano le regole e i regolamenti per l&#8217;utilizzo di VVVVU.COM &#8211; Sito Web del miglior sito di scommesse sportive, situato a https:\/\/www.vvvvu.com\/. L&#8217;accesso a questo sito web presuppone l&#8217;accettazione di questi termini e condizioni. Non continuare a utilizzare Best Sports Betting Site se non [&hellip;]<\/p>\n","protected":false},"author":1,"featured_media":0,"parent":0,"menu_order":0,"comment_status":"closed","ping_status":"open","template":"","meta":{"inline_featured_image":false,"_uag_custom_page_level_css":"","site-sidebar-layout":"default","site-content-layout":"","ast-site-content-layout":"default","site-content-style":"default","site-sidebar-style":"default","ast-global-header-display":"","ast-banner-title-visibility":"","ast-main-header-display":"","ast-hfb-above-header-display":"","ast-hfb-below-header-display":"","ast-hfb-mobile-header-display":"","site-post-title":"","ast-breadcrumbs-content":"","ast-featured-img":"","footer-sml-layout":"","ast-disable-related-posts":"","theme-transparent-header-meta":"","adv-header-id-meta":"","stick-header-meta":"","header-above-stick-meta":"","header-main-stick-meta":"","header-below-stick-meta":"","astra-migrate-meta-layouts":"default","ast-page-background-enabled":"default","ast-page-background-meta":{"desktop":{"background-color":"var(--ast-global-color-4)","background-image":"","background-repeat":"repeat","background-position":"center center","background-size":"auto","background-attachment":"scroll","background-type":"","background-media":"","overlay-type":"","overlay-color":"","overlay-opacity":"","overlay-gradient":""},"tablet":{"background-color":"","background-image":"","background-repeat":"repeat","background-position":"center center","background-size":"auto","background-attachment":"scroll","background-type":"","background-media":"","overlay-type":"","overlay-color":"","overlay-opacity":"","overlay-gradient":""},"mobile":{"background-color":"","background-image":"","background-repeat":"repeat","background-position":"center center","background-size":"auto","background-attachment":"scroll","background-type":"","background-media":"","overlay-type":"","overlay-color":"","overlay-opacity":"","overlay-gradient":""}},"ast-content-background-meta":{"desktop":{"background-color":"var(--ast-global-color-5)","background-image":"","background-repeat":"repeat","background-position":"center center","background-size":"auto","background-attachment":"scroll","background-type":"","background-media":"","overlay-type":"","overlay-color":"","overlay-opacity":"","overlay-gradient":""},"tablet":{"background-color":"var(--ast-global-color-5)","background-image":"","background-repeat":"repeat","background-position":"center center","background-size":"auto","background-attachment":"scroll","background-type":"","background-media":"","overlay-type":"","overlay-color":"","overlay-opacity":"","overlay-gradient":""},"mobile":{"background-color":"var(--ast-global-color-5)","background-image":"","background-repeat":"repeat","background-position":"center center","background-size":"auto","background-attachment":"scroll","background-type":"","background-media":"","overlay-type":"","overlay-color":"","overlay-opacity":"","overlay-gradient":""}},"footnotes":""},"class_list":["post-14459","page","type-page","status-publish","hentry"],"aioseo_notices":[],"acf":[],"uagb_featured_image_src":{"full":false,"thumbnail":false,"medium":false,"medium_large":false,"large":false,"1536x1536":false,"2048x2048":false},"uagb_author_info":{"display_name":"\u545c\u545c\u545c","author_link":"https:\/\/vvvvu.com\/it\/author\/vvvvu\/"},"uagb_comment_info":15,"uagb_excerpt":"Benvenuti nel miglior sito di scommesse sportive! Questi termini e condizioni delineano le regole e i regolamenti per l&#8217;utilizzo di VVVVU.COM &#8211; Sito Web del miglior sito di scommesse sportive, situato a https:\/\/www.vvvvu.com\/. L&#8217;accesso a questo sito web presuppone l&#8217;accettazione di questi termini e condizioni. Non continuare a utilizzare Best Sports Betting Site se non&hellip;","_links":{"self":[{"href":"https:\/\/vvvvu.com\/it\/wp-json\/wp\/v2\/pages\/14459","targetHints":{"allow":["GET"]}}],"collection":[{"href":"https:\/\/vvvvu.com\/it\/wp-json\/wp\/v2\/pages"}],"about":[{"href":"https:\/\/vvvvu.com\/it\/wp-json\/wp\/v2\/types\/page"}],"author":[{"embeddable":true,"href":"https:\/\/vvvvu.com\/it\/wp-json\/wp\/v2\/users\/1"}],"replies":[{"embeddable":true,"href":"https:\/\/vvvvu.com\/it\/wp-json\/wp\/v2\/comments?post=14459"}],"version-history":[{"count":4,"href":"https:\/\/vvvvu.com\/it\/wp-json\/wp\/v2\/pages\/14459\/revisions"}],"predecessor-version":[{"id":111940,"href":"https:\/\/vvvvu.com\/it\/wp-json\/wp\/v2\/pages\/14459\/revisions\/111940"}],"wp:attachment":[{"href":"https:\/\/vvvvu.com\/it\/wp-json\/wp\/v2\/media?parent=14459"}],"curies":[{"name":"wp","href":"https:\/\/api.w.org\/{rel}","templated":true}]}}