{"id":14406,"date":"2023-07-10T03:31:05","date_gmt":"2023-07-10T03:31:05","guid":{"rendered":"https:\/\/vvvvu.com\/informativa-sulla-privacy\/"},"modified":"2024-07-24T05:49:52","modified_gmt":"2024-07-24T05:49:52","slug":"informativa-sulla-privacy","status":"publish","type":"page","link":"https:\/\/vvvvu.com\/it\/informativa-sulla-privacy\/","title":{"rendered":"Informativa sulla privacy"},"content":{"rendered":"\n<h2 class=\"wp-block-heading\">La nostra identit\u00e0<\/h2>\n\n<p>Trovaci online <a href=\"https:\/\/vvvvu.com\/it\/\" target=\"_blank\" rel=\"noopener nofollow\" title=\"Allibratori\">all&#8217;indirizzo: https:\/\/vvvvu.com<\/a>.<\/p>\n\n<h2 class=\"wp-block-heading\">Sezione commenti<\/h2>\n\n<p>I dati dei clienti sono forniti da coloro che lasciano commenti sulla nostra pagina, lo fanno inserendo i dati necessari nel modulo del commento.\nQuesto, insieme al loro indirizzo IP e alle informazioni del browser, ci fornisce misure di protezione dallo spamming. <\/p>\n\n<p>L&#8217;indirizzo email che hai pu\u00f2 avere un modo per diventare anonimo poich\u00e9 il Gravatar pu\u00f2 verificarne l&#8217;utilizzo trasformandosi in una stringa anonima, hash. L&#8217;Informativa sulla privacy di Gravatar \u00e8 disponibile qui: <a href=\"https:\/\/vvvvu.com\/it\/informativa-sulla-privacy\/\" target=\"_blank\" rel=\"noopener nofollow\" title=\"Informativa sulla privacy\/\">https:\/\/vvvvu.com\/privacy-policy\/<\/a>.\nLa tua immagine del profilo \u00e8 ora visibile pubblicamente nel suo contesto dopo che il tuo commento \u00e8 stato approvato. <\/p>\n\n<h2 class=\"wp-block-heading\">Caricamenti di immagini<\/h2>\n\n<p>Caricare immagini?\nSii consapevole.\nNel caso in cui i dati sulla posizione siano presenti (EXIF GPS), i visitatori del sito possono scaricarli ed estrarli.  <\/p>\n\n<h2 class=\"wp-block-heading\">Informazioni sui cookie<\/h2>\n\n<p>Stai lasciando un commento?\nIn alternativa, c&#8217;\u00e8 un cookie in modo che i tuoi name_, e-mail e sito web possano essere salvati.\nSi tratta di un anno per comodit\u00e0 che ti protegge dall&#8217;inserimento di nuovi dati.  <\/p>\n\n<p>Quando si accede al nostro sito, viene visualizzato un cookie temporaneo che decide se il browser \u00e8 compatibile o meno con i cookie.\nTale cookie senza dati rimane dopo la chiusura del browser. <\/p>\n\n<p>Stai effettuando l&#8217;accesso?\nI cookie sono fatti per ricordare di mantenere le preferenze di visualizzazione e i dettagli di accesso.\nI cookie di accesso sono timer di due giorni, ma le opzioni dello schermo vengono memorizzate per un anno.\nRemember Me si ricorder\u00e0 di te per due settimane.\nQuando ci si disconnette; Quindi il cookie di accesso viene eliminato.    <\/p>\n\n<p>Al momento del cambio o del caricamento dell&#8217;articolo vedrai che c&#8217;\u00e8 un nuovo cookie memorizzato dal tuo browser.\nNon si tratta di un cookie di conservazione delle informazioni personali.\nSegna solo il suo ID post, l&#8217;ultimo aggiornato un giorno dopo la scomparsa di questo cookie.  <\/p>\n\n<h2 class=\"wp-block-heading\">Contenuti inclusi da diversi siti web<\/h2>\n\n<p>Gli articoli su questo sito Web possono avere contenuti non inclusi, ad esempio video, immagini, attici e altri.\nSono inclusi anche contenuti di altri siti che si comportano praticamente come se l&#8217;utente visitasse l&#8217;altro sito. <\/p>\n\n<p>Tali siti possono raccogliere informazioni sull&#8217;utente, utilizzare cookie, misurare pi\u00f9 terze parti e monitorare il coinvolgimento dell&#8217;utente con il materiale incluso.\nTali interazioni includono il monitoraggio delle interazioni dell&#8217;utente con il materiale fornito, se l&#8217;utente ha effettuato l&#8217;accesso al sito Web in questione. <\/p>\n\n<h2 class=\"wp-block-heading\">Condivisione dei dati<\/h2>\n\n<p>Solo il tuo indirizzo IP sar\u00e0 incorporato nel messaggio di ripristino.<\/p>\n\n<h2 class=\"wp-block-heading\">Conservazione dei tuoi dati<\/h2>\n\n<p>Se si commenta, il commento e i dati correlati vengono mantenuti a tempo indeterminato.\nQuesto ci consente di identificare e sanzionare i tuoi post-commenti non appena li avrai appesi l\u00ec in qualsiasi coda di attesa. <\/p>\n\n<p>Le informazioni personali che i membri del nostro sito web (se presenti) hanno fornito nei loro profili vengono memorizzate.\nQualsiasi utente pu\u00f2 visualizzare, modificare o eliminare le proprie informazioni personali in qualsiasi momento (ad eccezione del nome utente).\nAnche gli amministratori del sito possono farlo.  <\/p>\n\n<h2 class=\"wp-block-heading\">Quali diritti hai sui tuoi dati<\/h2>\n\n<p>Se hai un account o hai lasciato commenti su questo sito, puoi richiedere un file esportato dei tuoi dati personali in nostro possesso, inclusi i dati che ci hai fornito.\nPuoi anche richiederci di cancellare qualsiasi informazione personale su di te in nostro possesso.\nTuttavia, ci\u00f2 non si applica alle informazioni che dovremmo conservare per motivi operativi, statutari o di sicurezza.  <\/p>\n","protected":false},"excerpt":{"rendered":"<p>La nostra identit\u00e0 Trovaci online all&#8217;indirizzo: https:\/\/vvvvu.com. Sezione commenti I dati dei clienti sono forniti da coloro che lasciano commenti sulla nostra pagina, lo fanno inserendo i dati necessari nel modulo del commento. Questo, insieme al loro indirizzo IP e alle informazioni del browser, ci fornisce misure di protezione dallo spamming. L&#8217;indirizzo email che hai [&hellip;]<\/p>\n","protected":false},"author":1,"featured_media":0,"parent":0,"menu_order":0,"comment_status":"closed","ping_status":"closed","template":"","meta":{"inline_featured_image":false,"_uag_custom_page_level_css":"","site-sidebar-layout":"default","site-content-layout":"","ast-site-content-layout":"default","site-content-style":"default","site-sidebar-style":"default","ast-global-header-display":"","ast-banner-title-visibility":"","ast-main-header-display":"","ast-hfb-above-header-display":"","ast-hfb-below-header-display":"","ast-hfb-mobile-header-display":"","site-post-title":"","ast-breadcrumbs-content":"","ast-featured-img":"","footer-sml-layout":"","ast-disable-related-posts":"","theme-transparent-header-meta":"","adv-header-id-meta":"","stick-header-meta":"","header-above-stick-meta":"","header-main-stick-meta":"","header-below-stick-meta":"","astra-migrate-meta-layouts":"default","ast-page-background-enabled":"default","ast-page-background-meta":{"desktop":{"background-color":"var(--ast-global-color-4)","background-image":"","background-repeat":"repeat","background-position":"center center","background-size":"auto","background-attachment":"scroll","background-type":"","background-media":"","overlay-type":"","overlay-color":"","overlay-opacity":"","overlay-gradient":""},"tablet":{"background-color":"","background-image":"","background-repeat":"repeat","background-position":"center center","background-size":"auto","background-attachment":"scroll","background-type":"","background-media":"","overlay-type":"","overlay-color":"","overlay-opacity":"","overlay-gradient":""},"mobile":{"background-color":"","background-image":"","background-repeat":"repeat","background-position":"center center","background-size":"auto","background-attachment":"scroll","background-type":"","background-media":"","overlay-type":"","overlay-color":"","overlay-opacity":"","overlay-gradient":""}},"ast-content-background-meta":{"desktop":{"background-color":"var(--ast-global-color-5)","background-image":"","background-repeat":"repeat","background-position":"center center","background-size":"auto","background-attachment":"scroll","background-type":"","background-media":"","overlay-type":"","overlay-color":"","overlay-opacity":"","overlay-gradient":""},"tablet":{"background-color":"var(--ast-global-color-5)","background-image":"","background-repeat":"repeat","background-position":"center center","background-size":"auto","background-attachment":"scroll","background-type":"","background-media":"","overlay-type":"","overlay-color":"","overlay-opacity":"","overlay-gradient":""},"mobile":{"background-color":"var(--ast-global-color-5)","background-image":"","background-repeat":"repeat","background-position":"center center","background-size":"auto","background-attachment":"scroll","background-type":"","background-media":"","overlay-type":"","overlay-color":"","overlay-opacity":"","overlay-gradient":""}},"footnotes":""},"class_list":["post-14406","page","type-page","status-publish","hentry"],"aioseo_notices":[],"acf":[],"uagb_featured_image_src":{"full":false,"thumbnail":false,"medium":false,"medium_large":false,"large":false,"1536x1536":false,"2048x2048":false},"uagb_author_info":{"display_name":"\u545c\u545c\u545c","author_link":"https:\/\/vvvvu.com\/it\/author\/vvvvu\/"},"uagb_comment_info":0,"uagb_excerpt":"La nostra identit\u00e0 Trovaci online all&#8217;indirizzo: https:\/\/vvvvu.com. Sezione commenti I dati dei clienti sono forniti da coloro che lasciano commenti sulla nostra pagina, lo fanno inserendo i dati necessari nel modulo del commento. Questo, insieme al loro indirizzo IP e alle informazioni del browser, ci fornisce misure di protezione dallo spamming. L&#8217;indirizzo email che hai&hellip;","_links":{"self":[{"href":"https:\/\/vvvvu.com\/it\/wp-json\/wp\/v2\/pages\/14406","targetHints":{"allow":["GET"]}}],"collection":[{"href":"https:\/\/vvvvu.com\/it\/wp-json\/wp\/v2\/pages"}],"about":[{"href":"https:\/\/vvvvu.com\/it\/wp-json\/wp\/v2\/types\/page"}],"author":[{"embeddable":true,"href":"https:\/\/vvvvu.com\/it\/wp-json\/wp\/v2\/users\/1"}],"replies":[{"embeddable":true,"href":"https:\/\/vvvvu.com\/it\/wp-json\/wp\/v2\/comments?post=14406"}],"version-history":[{"count":3,"href":"https:\/\/vvvvu.com\/it\/wp-json\/wp\/v2\/pages\/14406\/revisions"}],"predecessor-version":[{"id":111679,"href":"https:\/\/vvvvu.com\/it\/wp-json\/wp\/v2\/pages\/14406\/revisions\/111679"}],"wp:attachment":[{"href":"https:\/\/vvvvu.com\/it\/wp-json\/wp\/v2\/media?parent=14406"}],"curies":[{"name":"wp","href":"https:\/\/api.w.org\/{rel}","templated":true}]}}