{"id":15432,"date":"2023-09-16T02:48:17","date_gmt":"2023-09-16T02:48:17","guid":{"rendered":"https:\/\/vvvvu.com\/jeu-responsable\/"},"modified":"2024-07-24T05:52:17","modified_gmt":"2024-07-24T05:52:17","slug":"jeu-responsable","status":"publish","type":"page","link":"https:\/\/vvvvu.com\/fr\/jeu-responsable\/","title":{"rendered":"Jeu responsable"},"content":{"rendered":"\n<p>Conseils sur le jeu responsable : Dans cet article de blogue, nous discuterons des signes possibles du jeu probl\u00e9matique, de certaines fa\u00e7ons de g\u00e9rer le jeu probl\u00e9matique pour la personne touch\u00e9e ou pour quelqu\u2019un qu\u2019elle conna\u00eet, et des d\u00e9tails sur les mesures d\u2019autoexclusion.\nNous passerons \u00e9galement en revue les solutions que les bookmakers proposent pour r\u00e9glementer votre jeu et certaines organisations qui peuvent vous aider si vous avez des probl\u00e8mes de jeu. <\/p>\n\n<h2 class=\"wp-block-heading\">Les effets du jeu probl\u00e9matique et son identification<\/h2>\n\n<p>Il est crucial de se rappeler que le jeu est une activit\u00e9 amusante et divertissante ; Cependant, il est tout aussi crucial d\u2019identifier quand cela devient un probl\u00e8me.\nVoici la liste de certains des signes et sympt\u00f4mes qui montrent que vous ou un ami pourriez d\u00e9velopper un probl\u00e8me li\u00e9 au jeu. <\/p>\n\n<p>L\u2019un des sympt\u00f4mes les plus fr\u00e9quents est le d\u00e9veloppement d\u2019un niveau \u00e9lev\u00e9 d\u2019int\u00e9r\u00eat pour le jeu et, par cons\u00e9quent, l\u2019abandon du travail, des relations sociales ou d\u2019autres devoirs.\nVous avez peut-\u00eatre des pens\u00e9es sur les paris ou votre prochain pari le plus souvent, dans une mesure telle que cela peut affecter votre travail, votre \u00e9cole ou m\u00eame votre famille.\nLes probl\u00e8mes financiers sont un autre indicateur d\u2019un probl\u00e8me \u2013 si vous jouez avec de l\u2019argent que vous n\u2019avez pas, ou si vous contractez des pr\u00eats ou mettez en gage des biens pour continuer \u00e0 jouer, c\u2019est un signe que vous devrez peut-\u00eatre arr\u00eater.  <\/p>\n\n<p>Si vous ou votre proche avez rencontr\u00e9 l\u2019un des signes \u00e9num\u00e9r\u00e9s, cet article fournira \u00e9galement quelques recommandations sur la fa\u00e7on de g\u00e9rer correctement le jeu probl\u00e9matique.\nN\u2019oubliez pas : Se rendre compte qu\u2019il y a un probl\u00e8me est le premier niveau pour obtenir l\u2019aide n\u00e9cessaire \u00e0 une relation plus saine avec le jeu. <\/p>\n\n<h2 class=\"wp-block-heading\">S\u2019aider \u00e0 faire face au jeu probl\u00e9matique<\/h2>\n\n<p>Pour tous ceux qui se sont rendu compte qu\u2019ils ont un probl\u00e8me de jeu, la toute premi\u00e8re \u00e9tape est de l\u2019accepter.\nC\u2019est pourquoi il est utile de savoir que vous n\u2019\u00eates pas le seul \u00e0 vivre cela et qu\u2019il existe des moyens de vous am\u00e9liorer.\nVous pouvez obtenir de l\u2019aide d\u2019organismes ou de groupes de soutien aux personnes ayant une d\u00e9pendance au jeu en prenant votre situation en main.  <\/p>\n\n<p>Parmi les fa\u00e7ons courantes de faire face \u00e0 la situation, on peut mentionner la restriction du temps et de l\u2019argent consacr\u00e9s aux jeux d\u2019argent.\nCela pourrait signifier \u00e9tablir un budget de jeu et y adh\u00e9rer \u00e0 tout prix.\nEssayez \u00e9galement d\u2019identifier d\u2019autres activit\u00e9s auxquelles vous pouvez vous adonner pour \u00e9viter de vous concentrer sur le jeu.\nDe telles activit\u00e9s physiques ou passe-temps cr\u00e9atifs tels que la peinture ou l\u2019\u00e9criture peuvent \u00eatre tr\u00e8s utiles pour se distraire et mieux soulager le stress.   <\/p>\n\n<p>Restez positif, cependant, car r\u00e9soudre le probl\u00e8me du jeu probl\u00e9matique ne se fait pas du jour au lendemain.\nDemandez de l\u2019aide, restez d\u00e9termin\u00e9 dans le processus de changement et n\u2019oubliez pas les objectifs que l\u2019on s\u2019est fix\u00e9s pour reprendre le contr\u00f4le de sa vie. <\/p>\n\n<h2 class=\"wp-block-heading\">Aider un \u00eatre cher \u00e0 faire face au jeu probl\u00e9matique<\/h2>\n\n<p>Il est en effet tr\u00e8s douloureux et \u00e9puisant de voir un membre de la famille ou un ami passer par le probl\u00e8me du jeu.\nVous ne pouvez pas changer l\u2019alcoolique, mais il existe des strat\u00e9gies qui peuvent \u00eatre employ\u00e9es pour aider l\u2019alcoolique dans sa qu\u00eate de changement. <\/p>\n\n<p>Il est n\u00e9cessaire de conna\u00eetre les informations sur le jeu probl\u00e9matique et ses cons\u00e9quences.\nUne fois que vous conna\u00eetrez les sympt\u00f4mes, vous serez au moins en mesure d\u2019identifier quand votre proche est en danger ou a besoin d\u2019aide.\nAssurez-vous de les \u00e9couter et de les laisser parler de leurs probl\u00e8mes sans les pr\u00e9juger ou les menacer de quelque mani\u00e8re que ce soit.  <\/p>\n\n<p>Aidez votre proche \u00e0 consulter un m\u00e9decin ou un psychologue ou rejoignez des groupes de soutien de personnes ayant des probl\u00e8mes de jeu similaires.\nVous pouvez vous porter volontaire pour aider \u00e0 rechercher des documents ou \u00e0 assister \u00e0 des r\u00e9unions avec eux si cela leur convient.\nDites-leur qu\u2019il n\u2019est pas honteux de demander de l\u2019aide car il s\u2019agit en fait d\u2019une d\u00e9cision puissante et saine.  <\/p>\n\n<p>N\u2019oubliez pas qu\u2019il n\u2019est pas facile de faire face \u00e0 un probl\u00e8me de jeu, alors ne vous oubliez pas et ceux qui peuvent vous aider, par exemple des amis ou des professionnels.\nAinsi, nous sommes en mesure de donner la chaleur et la compassion qui sont n\u00e9cessaires \u00e0 la gu\u00e9rison de nos proches. <\/p>\n\n<h2 class=\"wp-block-heading\">Auto-exclusion<\/h2>\n\n<p>L\u2019option d\u2019autoexclusion est une excellente option pour tous ceux qui se rendent compte qu\u2019ils ont un probl\u00e8me de jeu.\nIl vous aide \u00e0 fixer vos limites et \u00e0 prendre du recul par rapport aux activit\u00e9s de jeu puisque vous avez le pouvoir de le faire volontairement. <\/p>\n\n<p>L\u2019autoexclusion peut \u00eatre d\u00e9finie comme un m\u00e9canisme qui permet de limiter l\u2019acc\u00e8s d\u2019une personne aux sites de paris en ligne et\/ou aux op\u00e9rateurs de paris terrestres pendant une certaine p\u00e9riode.\nCela vous aidera \u00e0 prendre du temps, \u00e0 r\u00e9fl\u00e9chir \u00e0 vos activit\u00e9s de jeu et peut-\u00eatre \u00e0 d\u00e9terminer si vous avez un probl\u00e8me ou non et, si c\u2019est le cas, \u00e0 demander de l\u2019aide.\nL\u2019autoexclusion est une fa\u00e7on d\u2019amorcer le processus de gestion de son comportement et d\u2019amorcer le processus de changement de mani\u00e8re positive.\nIl est important de noter que vous n\u2019avez pas \u00e0 le faire seul, il existe des outils qui peuvent vous aider.    Restez forts!<\/p>\n\n<h2 class=\"wp-block-heading\">Comment les bookmakers contr\u00f4lent-ils les jeux d\u2019argent ?<\/h2>\n\n<p>C\u2019est quelque chose que les bookmakers appr\u00e9cient pleinement et, par cons\u00e9quent, ils fournissent \u00e0 leurs clients diverses mesures qui peuvent \u00eatre prises afin de limiter le jeu.\nL\u2019un de ces outils est la d\u00e9finition de limites de d\u00e9p\u00f4t, gr\u00e2ce \u00e0 laquelle vous pouvez fournir un plafond du montant que vous \u00eates autoris\u00e9 \u00e0 d\u00e9poser dans un d\u00e9lai donn\u00e9.\nCela vous aide \u00e0 respecter le budget fix\u00e9 et\/ou \u00e0 pr\u00e9venir les d\u00e9penses excessives.  <\/p>\n\n<p>Une autre caract\u00e9ristique riche est la possibilit\u00e9 de fixer des limites sur les mises, ce qui signifie que le joueur peut imposer des restrictions sur le montant maximum d\u2019argent qui peut \u00eatre mis\u00e9 dans un certain laps de temps.\nDe cette fa\u00e7on, il n\u2019y a pas de d\u00e9penses imprudentes ou excessives pour les jeux puisque l\u2019argent est divis\u00e9 en certaines portions.\nDe plus, de nombreux bookmakers proposent des reality checks qui sont des messages que le bookmaker envoie \u00e0 l\u2019utilisateur aux intervalles de son choix pour lui rappeler le temps pass\u00e9 sur le site Web.\nCe sont de bons indices pour vous permettre de r\u00e9fl\u00e9chir \u00e0 votre situation dans le jeu et si vous devez mettre le jeu en pause.   <\/p>\n\n<p>Ainsi, en utilisant de tels outils, les bookmakers essaient d\u2019aider les utilisateurs de leurs services \u00e0 \u00e9tablir certaines limites et \u00e0 contr\u00f4ler le niveau des activit\u00e9s de jeu.<\/p>\n\n<h2 class=\"wp-block-heading\">Comment demander de l\u2019aide pour des probl\u00e8mes de jeu ?<\/h2>\n\n<p>Si vous ou quelqu\u2019un que vous connaissez avez un probl\u00e8me de jeu, vous devez savoir qu\u2019il existe de l\u2019aide.\nDe nombreuses organisations et m\u00eame des organismes de bienfaisance s\u2019efforcent d\u2019aider les gens \u00e0 faire face \u00e0 la d\u00e9pendance au jeu et \u00e0 obtenir l\u2019aide n\u00e9cessaire. <\/p>\n\n<p>Une autre de ces organisations est les Joueurs Anonymes, qui sont une communaut\u00e9 d\u2019hommes et de femmes qui se sont rencontr\u00e9s pour s\u2019entraider et partager leur exp\u00e9rience, leur force et leur espoir et pour trouver un moyen de se r\u00e9tablir.\nAinsi, les participants sont en mesure d\u2019obtenir le soutien et la compr\u00e9hension d\u2019autres personnes qui ont travers\u00e9 les m\u00eames probl\u00e8mes. <\/p>\n\n<p>En outre, il existe \u00e9galement des lignes d\u2019assistance t\u00e9l\u00e9phonique vers lesquelles on peut se tourner pour obtenir de l\u2019aide, y compris les Joueurs Anonymes.\nCes lignes d\u2019assistance fournissent de l\u2019information, des soins et de l\u2019assistance, et aident \u00e0 orienter l\u2019appelant vers un professionnel pour le traitement des probl\u00e8mes de jeu.\nIl est important de demander de l\u2019aide d\u00e8s que possible si vous ou quelqu\u2019un que vous connaissez en avez besoin \u2013 le fait est que vous n\u2019\u00eates pas seul dans cette lutte pour la gu\u00e9rison.  <\/p>\n\n<h2 class=\"wp-block-heading\">Outils de jeu responsable du bookmaker<\/h2>\n\n<p>Afin de soutenir l\u2019id\u00e9e d\u2019un jeu appropri\u00e9 et s\u00fbr, et d\u2019aider les utilisateurs \u00e0 contr\u00f4ler leurs jeux d\u2019argent, la plupart des bookmakers et des sites de paris fournissent certaines fonctions et outils.\nIl s\u2019agit d\u2019instruments utilis\u00e9s pour permettre \u00e0 l\u2019individu d\u2019imposer des restrictions sur son jeu et de s\u2019absenter du jeu s\u2019il le souhaite. <\/p>\n\n<p>L\u2019un de ces outils est la fonction d\u2019auto-exclusion. Cela permet aux joueurs de s\u2019exclure volontairement de l\u2019acc\u00e8s \u00e0 leurs comptes pendant une p\u00e9riode de temps sp\u00e9cifi\u00e9e, allant de quelques jours \u00e0 des mois, voire des ann\u00e9es. Pendant cette p\u00e9riode d\u2019exclusion, les joueurs ne pourront pas placer de paris ou acc\u00e9der \u00e0 des services de jeu sur la plateforme.<\/p>\n\n<p>Un autre instrument utile est la possibilit\u00e9 de d\u00e9finir les limites de d\u00e9p\u00f4t.\nDe cette fa\u00e7on, les clients sont autoris\u00e9s \u00e0 d\u00e9cider combien d\u2019argent ils souhaitent mettre sur le compte \u00e0 une p\u00e9riode donn\u00e9e, qu\u2019elle soit quotidienne, hebdomadaire ou mensuelle.\nUne fois la limite stipul\u00e9e atteinte, ils ne peuvent plus d\u00e9poser d\u2019argent jusqu\u2019\u00e0 ce que le temps imparti ait \u00e9t\u00e9 respect\u00e9.  <\/p>\n\n<p>Enfin, il est crucial de savoir que la liste des outils de jeu responsable peut \u00eatre diff\u00e9rente pour chaque bookmaker qui fournit ses services en ligne.\nVoici quelques-unes des options que les parieurs devraient essayer et apprendre \u00e0 utiliser dans leurs paris en fonction de leurs pr\u00e9f\u00e9rences. <\/p>\n","protected":false},"excerpt":{"rendered":"<p>Conseils sur le jeu responsable : Dans cet article de blogue, nous discuterons des signes possibles du jeu probl\u00e9matique, de certaines fa\u00e7ons de g\u00e9rer le jeu probl\u00e9matique pour la personne touch\u00e9e ou pour quelqu\u2019un qu\u2019elle conna\u00eet, et des d\u00e9tails sur les mesures d\u2019autoexclusion. Nous passerons \u00e9galement en revue les solutions que les bookmakers proposent pour [&hellip;]<\/p>\n","protected":false},"author":1,"featured_media":0,"parent":0,"menu_order":0,"comment_status":"closed","ping_status":"closed","template":"","meta":{"inline_featured_image":false,"_uag_custom_page_level_css":"","site-sidebar-layout":"default","site-content-layout":"","ast-site-content-layout":"default","site-content-style":"default","site-sidebar-style":"default","ast-global-header-display":"","ast-banner-title-visibility":"","ast-main-header-display":"","ast-hfb-above-header-display":"","ast-hfb-below-header-display":"","ast-hfb-mobile-header-display":"","site-post-title":"","ast-breadcrumbs-content":"","ast-featured-img":"","footer-sml-layout":"","ast-disable-related-posts":"","theme-transparent-header-meta":"","adv-header-id-meta":"","stick-header-meta":"","header-above-stick-meta":"","header-main-stick-meta":"","header-below-stick-meta":"","astra-migrate-meta-layouts":"default","ast-page-background-enabled":"default","ast-page-background-meta":{"desktop":{"background-color":"var(--ast-global-color-4)","background-image":"","background-repeat":"repeat","background-position":"center center","background-size":"auto","background-attachment":"scroll","background-type":"","background-media":"","overlay-type":"","overlay-color":"","overlay-opacity":"","overlay-gradient":""},"tablet":{"background-color":"","background-image":"","background-repeat":"repeat","background-position":"center center","background-size":"auto","background-attachment":"scroll","background-type":"","background-media":"","overlay-type":"","overlay-color":"","overlay-opacity":"","overlay-gradient":""},"mobile":{"background-color":"","background-image":"","background-repeat":"repeat","background-position":"center center","background-size":"auto","background-attachment":"scroll","background-type":"","background-media":"","overlay-type":"","overlay-color":"","overlay-opacity":"","overlay-gradient":""}},"ast-content-background-meta":{"desktop":{"background-color":"var(--ast-global-color-5)","background-image":"","background-repeat":"repeat","background-position":"center center","background-size":"auto","background-attachment":"scroll","background-type":"","background-media":"","overlay-type":"","overlay-color":"","overlay-opacity":"","overlay-gradient":""},"tablet":{"background-color":"var(--ast-global-color-5)","background-image":"","background-repeat":"repeat","background-position":"center center","background-size":"auto","background-attachment":"scroll","background-type":"","background-media":"","overlay-type":"","overlay-color":"","overlay-opacity":"","overlay-gradient":""},"mobile":{"background-color":"var(--ast-global-color-5)","background-image":"","background-repeat":"repeat","background-position":"center center","background-size":"auto","background-attachment":"scroll","background-type":"","background-media":"","overlay-type":"","overlay-color":"","overlay-opacity":"","overlay-gradient":""}},"footnotes":""},"class_list":["post-15432","page","type-page","status-publish","hentry"],"aioseo_notices":[],"acf":[],"uagb_featured_image_src":{"full":false,"thumbnail":false,"medium":false,"medium_large":false,"large":false,"1536x1536":false,"2048x2048":false},"uagb_author_info":{"display_name":"\u545c\u545c\u545c","author_link":"https:\/\/vvvvu.com\/fr\/author\/vvvvu\/"},"uagb_comment_info":0,"uagb_excerpt":"Conseils sur le jeu responsable : Dans cet article de blogue, nous discuterons des signes possibles du jeu probl\u00e9matique, de certaines fa\u00e7ons de g\u00e9rer le jeu probl\u00e9matique pour la personne touch\u00e9e ou pour quelqu\u2019un qu\u2019elle conna\u00eet, et des d\u00e9tails sur les mesures d\u2019autoexclusion. Nous passerons \u00e9galement en revue les solutions que les bookmakers proposent pour\u2026","_links":{"self":[{"href":"https:\/\/vvvvu.com\/fr\/wp-json\/wp\/v2\/pages\/15432","targetHints":{"allow":["GET"]}}],"collection":[{"href":"https:\/\/vvvvu.com\/fr\/wp-json\/wp\/v2\/pages"}],"about":[{"href":"https:\/\/vvvvu.com\/fr\/wp-json\/wp\/v2\/types\/page"}],"author":[{"embeddable":true,"href":"https:\/\/vvvvu.com\/fr\/wp-json\/wp\/v2\/users\/1"}],"replies":[{"embeddable":true,"href":"https:\/\/vvvvu.com\/fr\/wp-json\/wp\/v2\/comments?post=15432"}],"version-history":[{"count":2,"href":"https:\/\/vvvvu.com\/fr\/wp-json\/wp\/v2\/pages\/15432\/revisions"}],"predecessor-version":[{"id":111691,"href":"https:\/\/vvvvu.com\/fr\/wp-json\/wp\/v2\/pages\/15432\/revisions\/111691"}],"wp:attachment":[{"href":"https:\/\/vvvvu.com\/fr\/wp-json\/wp\/v2\/media?parent=15432"}],"curies":[{"name":"wp","href":"https:\/\/api.w.org\/{rel}","templated":true}]}}