{"id":15374,"date":"2023-09-15T01:38:28","date_gmt":"2023-09-15T01:38:28","guid":{"rendered":"https:\/\/vvvvu.com\/nous-contacter\/"},"modified":"2024-07-24T03:36:06","modified_gmt":"2024-07-24T03:36:06","slug":"nous-contacter","status":"publish","type":"page","link":"https:\/\/vvvvu.com\/fr\/nous-contacter\/","title":{"rendered":"Nous contacter"},"content":{"rendered":"\n<p>Dans ce site Web, nous vous aiderons \u00e0 tirer le meilleur parti de vos activit\u00e9s de paris, que vous soyez nouveau dans les paris sportifs en ligne ou que vous le fassiez depuis un certain temps d\u00e9j\u00e0.\nPour d\u2019autres commentaires ou pour toute question concernant ce manuel, veuillez envoyer un e-mail \u00e0 support@vvvvu.  Com.<\/p>\n\n<p>Vous vous rendrez compte que les bookmakers et les sites de paris ne sont pas faciles \u00e0 trouver et c\u2019est pourquoi nous nous effor\u00e7ons de faire en sorte que les informations que nous fournissons au public impliquent divers types de paris et de cotes ainsi que les casinos.\nVous pourrez facilement identifier le meilleur bookmaker ou site de paris gr\u00e2ce \u00e0 notre revue. <\/p>\n\n<p>Nous appr\u00e9cions vos opinions et serions ravis d\u2019avoir de vos nouvelles, nos lecteurs !\nNous sommes heureux de recevoir vos commentaires ou vos demandes de renseignements sur nos conseils de paris sur ce site Web.\nC\u2019est pourquoi notre service client est toujours pr\u00eat \u00e0 vous aider \u00e0 choisir les moyens les plus efficaces de placer vos paris sportifs.\nBienvenue chez vvvvu, nous sommes heureux de vous avoir parmi nous.\nGuide des paris com\u00a0!    <\/p>\n\n<p>Si vous \u00eates un bookmaker ou un site de paris et que vous souhaitez nous contacter, vous pouvez utiliser l\u2019adresse e-mail suivante : Cher [support@vvvvv. com].\nS\u2019il vous pla\u00eet, attendez notre r\u00e9ponse. <\/p>\n\n<p>Pour cette raison, nous sommes constamment \u00e0 la recherche d\u2019un moyen de rendre notre guide encore meilleur pour vous.\nPour toute autre question ou si vous souhaitez sugg\u00e9rer quelque chose, n\u2019h\u00e9sitez pas \u00e0 nous contacter par e-mail.  Nous appr\u00e9cions vos commentaires!<\/p>\n\n<p>Cher client, merci d\u2019avoir choisi  <a href=\"https:\/\/vvvvu.com\/fr\/\" title=\"vvvvu. Com\"><\/a><a href=\"https:\/\/vvvvu.com\/fr\/\">vvvvu.<\/a> Com  Bookmakers sites de paris !<\/p>\n\n<div class=\"wp-block-uagb-forms uagb-forms__outer-wrap uagb-block-c9f82a45 uagb-forms__medium-btn\"><form class=\"uagb-forms-main-form\" method=\"post\" autocomplete=\"on\" name=\"uagb-form-c9f82a45\">\n<div class=\"wp-block-uagb-forms-name uagb-forms-name-wrap uagb-forms-field-set uagb-block-6bab554d\"><div class=\"uagb-forms-name-label required uagb-forms-input-label\" id=\"6bab554d\">Pr\u00e9nom<\/div><input type=\"text\" placeholder=\"Valet\" required=\"\" class=\"uagb-forms-name-input uagb-forms-input\" name=\"6bab554d\" autocomplete=\"given-name\"><\/div>\n\n\n\n<div class=\"wp-block-uagb-forms-name uagb-forms-name-wrap uagb-forms-field-set uagb-block-8e2685f4\"><div class=\"uagb-forms-name-label required uagb-forms-input-label\" id=\"8e2685f4\">Nom de famille<\/div><input type=\"text\" placeholder=\"Smith\" required=\"\" class=\"uagb-forms-name-input uagb-forms-input\" name=\"8e2685f4\" autocomplete=\"family-name\"><\/div>\n\n\n\n<div class=\"wp-block-uagb-forms-email uagb-forms-email-wrap uagb-forms-field-set uagb-block-f87989c2\"><div class=\"uagb-forms-email-label uagb-forms-input-label\" id=\"f87989c2\">Courriel<\/div><input type=\"email\" class=\"uagb-forms-email-input uagb-forms-input\" placeholder=\"example@mail.com\" name=\"f87989c2\" autocomplete=\"email\"><\/div>\n\n\n\n<div class=\"wp-block-uagb-forms-textarea uagb-forms-textarea-wrap uagb-forms-field-set uagb-block-4bcf3afe\"><div class=\"uagb-forms-textarea-label required uagb-forms-input-label\" id=\"4bcf3afe\">Message<\/div><textarea required=\"\" class=\"uagb-forms-textarea-input uagb-forms-input\" rows=\"4\" placeholder=\"Saisissez votre message\" name=\"4bcf3afe\" autocomplete=\"off\"><\/textarea><\/div>\n<div class=\"uagb-forms-form-hidden-data\"><input type=\"hidden\" class=\"uagb_forms_form_label\" value=\"Spectra Form\"\/><input type=\"hidden\" class=\"uagb_forms_form_id\" value=\"uagb-form-c9f82a45\"\/><\/div><div class=\"uagb-form-reacaptcha-error-c9f82a45\"><\/div><div class=\"uagb-forms-main-submit-button-wrap wp-block-button\"><button class=\"uagb-forms-main-submit-button wp-block-button__link\"><div class=\"uagb-forms-main-submit-button-text\">Soumettre<\/div><\/button><\/div><\/form><div class=\"uagb-forms-success-message-c9f82a45 uagb-forms-submit-message-hide\"><span>Submission has been successful!<\/span><\/div><div class=\"uagb-forms-failed-message-c9f82a45 uagb-forms-submit-message-hide\"><span>There has been some error while submitting the form. Please verify all form fields again.<\/span><\/div><\/div>\n","protected":false},"excerpt":{"rendered":"<p>Dans ce site Web, nous vous aiderons \u00e0 tirer le meilleur parti de vos activit\u00e9s de paris, que vous soyez nouveau dans les paris sportifs en ligne ou que vous le fassiez depuis un certain temps d\u00e9j\u00e0. Pour d\u2019autres commentaires ou pour toute question concernant ce manuel, veuillez envoyer un e-mail \u00e0 support@vvvvu. Com. Vous [&hellip;]<\/p>\n","protected":false},"author":1,"featured_media":0,"parent":0,"menu_order":0,"comment_status":"closed","ping_status":"closed","template":"","meta":{"inline_featured_image":false,"_uag_custom_page_level_css":"","site-sidebar-layout":"default","site-content-layout":"","ast-site-content-layout":"default","site-content-style":"default","site-sidebar-style":"default","ast-global-header-display":"","ast-banner-title-visibility":"","ast-main-header-display":"","ast-hfb-above-header-display":"","ast-hfb-below-header-display":"","ast-hfb-mobile-header-display":"","site-post-title":"","ast-breadcrumbs-content":"","ast-featured-img":"","footer-sml-layout":"","ast-disable-related-posts":"","theme-transparent-header-meta":"","adv-header-id-meta":"","stick-header-meta":"","header-above-stick-meta":"","header-main-stick-meta":"","header-below-stick-meta":"","astra-migrate-meta-layouts":"default","ast-page-background-enabled":"default","ast-page-background-meta":{"desktop":{"background-color":"var(--ast-global-color-4)","background-image":"","background-repeat":"repeat","background-position":"center center","background-size":"auto","background-attachment":"scroll","background-type":"","background-media":"","overlay-type":"","overlay-color":"","overlay-opacity":"","overlay-gradient":""},"tablet":{"background-color":"","background-image":"","background-repeat":"repeat","background-position":"center center","background-size":"auto","background-attachment":"scroll","background-type":"","background-media":"","overlay-type":"","overlay-color":"","overlay-opacity":"","overlay-gradient":""},"mobile":{"background-color":"","background-image":"","background-repeat":"repeat","background-position":"center center","background-size":"auto","background-attachment":"scroll","background-type":"","background-media":"","overlay-type":"","overlay-color":"","overlay-opacity":"","overlay-gradient":""}},"ast-content-background-meta":{"desktop":{"background-color":"var(--ast-global-color-5)","background-image":"","background-repeat":"repeat","background-position":"center center","background-size":"auto","background-attachment":"scroll","background-type":"","background-media":"","overlay-type":"","overlay-color":"","overlay-opacity":"","overlay-gradient":""},"tablet":{"background-color":"var(--ast-global-color-5)","background-image":"","background-repeat":"repeat","background-position":"center center","background-size":"auto","background-attachment":"scroll","background-type":"","background-media":"","overlay-type":"","overlay-color":"","overlay-opacity":"","overlay-gradient":""},"mobile":{"background-color":"var(--ast-global-color-5)","background-image":"","background-repeat":"repeat","background-position":"center center","background-size":"auto","background-attachment":"scroll","background-type":"","background-media":"","overlay-type":"","overlay-color":"","overlay-opacity":"","overlay-gradient":""}},"footnotes":""},"class_list":["post-15374","page","type-page","status-publish","hentry"],"aioseo_notices":[],"acf":[],"uagb_featured_image_src":{"full":false,"thumbnail":false,"medium":false,"medium_large":false,"large":false,"1536x1536":false,"2048x2048":false},"uagb_author_info":{"display_name":"\u545c\u545c\u545c","author_link":"https:\/\/vvvvu.com\/fr\/author\/vvvvu\/"},"uagb_comment_info":0,"uagb_excerpt":"Dans ce site Web, nous vous aiderons \u00e0 tirer le meilleur parti de vos activit\u00e9s de paris, que vous soyez nouveau dans les paris sportifs en ligne ou que vous le fassiez depuis un certain temps d\u00e9j\u00e0. Pour d\u2019autres commentaires ou pour toute question concernant ce manuel, veuillez envoyer un e-mail \u00e0 support@vvvvu. Com. Vous\u2026","_links":{"self":[{"href":"https:\/\/vvvvu.com\/fr\/wp-json\/wp\/v2\/pages\/15374","targetHints":{"allow":["GET"]}}],"collection":[{"href":"https:\/\/vvvvu.com\/fr\/wp-json\/wp\/v2\/pages"}],"about":[{"href":"https:\/\/vvvvu.com\/fr\/wp-json\/wp\/v2\/types\/page"}],"author":[{"embeddable":true,"href":"https:\/\/vvvvu.com\/fr\/wp-json\/wp\/v2\/users\/1"}],"replies":[{"embeddable":true,"href":"https:\/\/vvvvu.com\/fr\/wp-json\/wp\/v2\/comments?post=15374"}],"version-history":[{"count":2,"href":"https:\/\/vvvvu.com\/fr\/wp-json\/wp\/v2\/pages\/15374\/revisions"}],"predecessor-version":[{"id":111333,"href":"https:\/\/vvvvu.com\/fr\/wp-json\/wp\/v2\/pages\/15374\/revisions\/111333"}],"wp:attachment":[{"href":"https:\/\/vvvvu.com\/fr\/wp-json\/wp\/v2\/media?parent=15374"}],"curies":[{"name":"wp","href":"https:\/\/api.w.org\/{rel}","templated":true}]}}