{"id":14497,"date":"2023-07-13T13:30:48","date_gmt":"2023-07-13T13:30:48","guid":{"rendered":"https:\/\/vvvvu.com\/a-propos-de-nous\/"},"modified":"2024-07-24T01:52:25","modified_gmt":"2024-07-24T01:52:25","slug":"a-propos-de-nous","status":"publish","type":"page","link":"https:\/\/vvvvu.com\/fr\/a-propos-de-nous\/","title":{"rendered":"A propos de nous"},"content":{"rendered":"\n<h2 class=\"wp-block-heading\">Bienvenue sur le meilleur site de paris sportifs.<\/h2>\n\n<p>C\u2019est votre source num\u00e9ro un d\u2019informations sur tout ce qui concerne les paris. Nous nous engageons \u00e0 vous fournir le meilleur [gaming site], en nous concentrant sur [booking company betting offers], [best online casino]et [gaming site bonuses].<\/p>\n\n<p>Le meilleur site de paris sportifs a \u00e9t\u00e9 fond\u00e9 par vvvvu.com, et il a parcouru un long chemin depuis [European betting company]. Lorsque le jeu europ\u00e9en a commenc\u00e9, notre enthousiasme pour les informations sur les marques de paris, telles que les sites de paris. Le travail quotidien des bonus de paris, beaucoup de recherches, etc., afin que les meilleurs sites de paris sportifs puissent vous fournir un avantage concurrentiel &#8211; beaucoup de bonus d\u2019inscription de nouveaux clients. Nous servons maintenant les clients des casinos sportifs et sommes tr\u00e8s heureux. Nous sommes en mesure de transf\u00e9rer notre enthousiasme. Efforcez-vous de servir les amateurs de paris du monde entier.<\/p>\n\n<p>Si vous voulez nos informations sur les produits, tout comme vous aimez les fournir. Si vous avez des questions ou des commentaires, n\u2019h\u00e9sitez pas \u00e0 contacter<\/p>\n\n<h2 class=\"wp-block-heading\">Sinc\u00e8rement<\/h2>\n\n<p>Donnez du soutien et de l\u2019amour, merci de visiter notre site Web<\/p>\n","protected":false},"excerpt":{"rendered":"<p>Bienvenue sur le meilleur site de paris sportifs. C\u2019est votre source num\u00e9ro un d\u2019informations sur tout ce qui concerne les paris. Nous nous engageons \u00e0 vous fournir le meilleur [gaming site], en nous concentrant sur [booking company betting offers], [best online casino]et [gaming site bonuses]. Le meilleur site de paris sportifs a \u00e9t\u00e9 fond\u00e9 par [&hellip;]<\/p>\n","protected":false},"author":1,"featured_media":0,"parent":0,"menu_order":0,"comment_status":"closed","ping_status":"open","template":"","meta":{"inline_featured_image":false,"_uag_custom_page_level_css":"","site-sidebar-layout":"default","site-content-layout":"","ast-site-content-layout":"default","site-content-style":"default","site-sidebar-style":"default","ast-global-header-display":"","ast-banner-title-visibility":"","ast-main-header-display":"","ast-hfb-above-header-display":"","ast-hfb-below-header-display":"","ast-hfb-mobile-header-display":"","site-post-title":"","ast-breadcrumbs-content":"","ast-featured-img":"","footer-sml-layout":"","ast-disable-related-posts":"","theme-transparent-header-meta":"","adv-header-id-meta":"","stick-header-meta":"","header-above-stick-meta":"","header-main-stick-meta":"","header-below-stick-meta":"","astra-migrate-meta-layouts":"default","ast-page-background-enabled":"default","ast-page-background-meta":{"desktop":{"background-color":"var(--ast-global-color-4)","background-image":"","background-repeat":"repeat","background-position":"center center","background-size":"auto","background-attachment":"scroll","background-type":"","background-media":"","overlay-type":"","overlay-color":"","overlay-opacity":"","overlay-gradient":""},"tablet":{"background-color":"","background-image":"","background-repeat":"repeat","background-position":"center center","background-size":"auto","background-attachment":"scroll","background-type":"","background-media":"","overlay-type":"","overlay-color":"","overlay-opacity":"","overlay-gradient":""},"mobile":{"background-color":"","background-image":"","background-repeat":"repeat","background-position":"center center","background-size":"auto","background-attachment":"scroll","background-type":"","background-media":"","overlay-type":"","overlay-color":"","overlay-opacity":"","overlay-gradient":""}},"ast-content-background-meta":{"desktop":{"background-color":"var(--ast-global-color-5)","background-image":"","background-repeat":"repeat","background-position":"center center","background-size":"auto","background-attachment":"scroll","background-type":"","background-media":"","overlay-type":"","overlay-color":"","overlay-opacity":"","overlay-gradient":""},"tablet":{"background-color":"var(--ast-global-color-5)","background-image":"","background-repeat":"repeat","background-position":"center center","background-size":"auto","background-attachment":"scroll","background-type":"","background-media":"","overlay-type":"","overlay-color":"","overlay-opacity":"","overlay-gradient":""},"mobile":{"background-color":"var(--ast-global-color-5)","background-image":"","background-repeat":"repeat","background-position":"center center","background-size":"auto","background-attachment":"scroll","background-type":"","background-media":"","overlay-type":"","overlay-color":"","overlay-opacity":"","overlay-gradient":""}},"footnotes":""},"class_list":["post-14497","page","type-page","status-publish","hentry"],"aioseo_notices":[],"acf":[],"uagb_featured_image_src":{"full":false,"thumbnail":false,"medium":false,"medium_large":false,"large":false,"1536x1536":false,"2048x2048":false},"uagb_author_info":{"display_name":"\u545c\u545c\u545c","author_link":"https:\/\/vvvvu.com\/fr\/author\/vvvvu\/"},"uagb_comment_info":0,"uagb_excerpt":"Bienvenue sur le meilleur site de paris sportifs. C\u2019est votre source num\u00e9ro un d\u2019informations sur tout ce qui concerne les paris. Nous nous engageons \u00e0 vous fournir le meilleur [gaming site], en nous concentrant sur [booking company betting offers], [best online casino]et [gaming site bonuses]. Le meilleur site de paris sportifs a \u00e9t\u00e9 fond\u00e9 par\u2026","_links":{"self":[{"href":"https:\/\/vvvvu.com\/fr\/wp-json\/wp\/v2\/pages\/14497","targetHints":{"allow":["GET"]}}],"collection":[{"href":"https:\/\/vvvvu.com\/fr\/wp-json\/wp\/v2\/pages"}],"about":[{"href":"https:\/\/vvvvu.com\/fr\/wp-json\/wp\/v2\/types\/page"}],"author":[{"embeddable":true,"href":"https:\/\/vvvvu.com\/fr\/wp-json\/wp\/v2\/users\/1"}],"replies":[{"embeddable":true,"href":"https:\/\/vvvvu.com\/fr\/wp-json\/wp\/v2\/comments?post=14497"}],"version-history":[{"count":5,"href":"https:\/\/vvvvu.com\/fr\/wp-json\/wp\/v2\/pages\/14497\/revisions"}],"predecessor-version":[{"id":111041,"href":"https:\/\/vvvvu.com\/fr\/wp-json\/wp\/v2\/pages\/14497\/revisions\/111041"}],"wp:attachment":[{"href":"https:\/\/vvvvu.com\/fr\/wp-json\/wp\/v2\/media?parent=14497"}],"curies":[{"name":"wp","href":"https:\/\/api.w.org\/{rel}","templated":true}]}}