{"id":14479,"date":"2023-07-13T13:30:48","date_gmt":"2023-07-13T13:30:48","guid":{"rendered":"https:\/\/vvvvu.com\/conditions-generales-dutilisation\/"},"modified":"2024-07-24T07:48:11","modified_gmt":"2024-07-24T07:48:11","slug":"modalites-et-conditions","status":"publish","type":"page","link":"https:\/\/vvvvu.com\/fr\/modalites-et-conditions\/","title":{"rendered":"Modalit\u00e9s et conditions"},"content":{"rendered":"\n<p>Bienvenue sur le meilleur site de paris sportifs!<\/p>\n\n<p>Ces termes et conditions d\u00e9crivent les r\u00e8gles et r\u00e8glements pour l\u2019utilisation du site Web de VVVVU.COM &#8211; Best Sports Betting Site, situ\u00e9 \u00e0 https:\/\/www.vvvvu.com\/.<\/p>\n\n<p>En acc\u00e9dant \u00e0 ce site web, nous supposons que vous acceptez ces conditions. Ne continuez pas \u00e0 utiliser Best Sports Betting Site si vous n\u2019acceptez pas de prendre tous les termes et conditions \u00e9nonc\u00e9s sur cette page.<\/p>\n\n<p>La terminologie suivante s&rsquo;applique aux pr\u00e9sentes conditions g\u00e9n\u00e9rales, \u00e0 la d\u00e9claration de confidentialit\u00e9 et \u00e0 l&rsquo;avis de non-responsabilit\u00e9 ainsi qu&rsquo;\u00e0 tous les accords : \u00ab\u00a0Client\u00a0\u00bb, \u00ab\u00a0Vous\u00a0\u00bb et \u00ab\u00a0Votre\u00a0\u00bb font r\u00e9f\u00e9rence \u00e0 vous, la personne qui se connecte \u00e0 ce site web et qui respecte les conditions g\u00e9n\u00e9rales de la soci\u00e9t\u00e9. Les termes \u00ab\u00a0la soci\u00e9t\u00e9\u00a0\u00bb, \u00ab\u00a0nous\u00a0\u00bb, \u00ab\u00a0nous\u00a0\u00bb, \u00ab\u00a0notre\u00a0\u00bb et \u00ab\u00a0nos\u00a0\u00bb font r\u00e9f\u00e9rence \u00e0 notre soci\u00e9t\u00e9. Le terme \u00ab\u00a0partie\u00a0\u00bb, \u00ab\u00a0parties\u00a0\u00bb ou \u00ab\u00a0nous\u00a0\u00bb d\u00e9signe \u00e0 la fois le client et nous-m\u00eames. Tous les termes se r\u00e9f\u00e8rent \u00e0 l&rsquo;offre, l&rsquo;acceptation et la prise en compte du paiement n\u00e9cessaire pour entreprendre le processus de notre assistance au Client de la mani\u00e8re la plus appropri\u00e9e dans le but expr\u00e8s de r\u00e9pondre aux besoins du Client en ce qui concerne la fourniture des services d\u00e9clar\u00e9s de la Soci\u00e9t\u00e9, conform\u00e9ment et sous r\u00e9serve de la loi en vigueur aux Pays-Bas. Toute utilisation de la terminologie ci-dessus ou d&rsquo;autres mots au singulier, au pluriel, en majuscules et\/ou il\/elle ou ils\/elles, sont consid\u00e9r\u00e9s comme interchangeables et donc comme se r\u00e9f\u00e9rant au m\u00eame.<\/p>\n\n<h3 class=\"wp-block-heading\">\n          <strong>Cookies<\/strong>\n        <\/h3>\n\n<p>Nous utilisons des cookies. En acc\u00e9dant au site Best Sports Bets, vous acceptez d\u2019utiliser des cookies conform\u00e9ment \u00e0 la politique de confidentialit\u00e9 du site de paris sportifs VVVVU.COM &#8211; Best.<\/p>\n\n<p>La plupart des sites web interactifs utilisent des cookies pour nous permettre de r\u00e9cup\u00e9rer les donn\u00e9es de l&rsquo;utilisateur \u00e0 chaque visite. Les cookies sont utilis\u00e9s par notre site web pour permettre la fonctionnalit\u00e9 de certaines zones afin de faciliter la t\u00e2che des personnes qui visitent notre site web. Certains de nos partenaires affili\u00e9s\/publicitaires peuvent \u00e9galement utiliser des cookies.<\/p>\n\n<h3 class=\"wp-block-heading\">\n          <strong>Licence<\/strong>\n        <\/h3>\n\n<p>Sauf indication contraire, VVVVU.COM &#8211; Best Sports Betting Site et\/ou ses conc\u00e9dants de licence d\u00e9tiennent les droits de propri\u00e9t\u00e9 intellectuelle sur tout le mat\u00e9riel sur le meilleur site de paris sportifs. Tous les droits de propri\u00e9t\u00e9 intellectuelle sont r\u00e9serv\u00e9s. Vous pouvez y acc\u00e9der \u00e0 partir du meilleur site de paris sportifs pour votre usage personnel, sous r\u00e9serve des restrictions d\u00e9finies dans les pr\u00e9sentes conditions g\u00e9n\u00e9rales.<\/p>\n\n<p>Vous ne devez pas :<\/p>\n\n<ul class=\"wp-block-list\">\n<li>Republier du mat\u00e9riel du meilleur site de paris sportifs<\/li>\n\n\n\n<li>Vendre, louer ou sous-licencier du mat\u00e9riel du meilleur site de paris sportifs<\/li>\n\n\n\n<li>Reproduire, dupliquer ou copier le mat\u00e9riel du meilleur site de paris sportifs<\/li>\n\n\n\n<li>Redistribuer le contenu du meilleur site de paris sportifs<\/li>\n<\/ul>\n\n<p>Le pr\u00e9sent accord prend effet \u00e0 la date du pr\u00e9sent document.<\/p>\n\n<p>Certaines parties de ce site Web offrent aux utilisateurs la possibilit\u00e9 de publier et d&rsquo;\u00e9changer des opinions et des informations dans certaines zones du site. VVVVU.COM &#8211; Meilleur site de paris sportifs ne filtre pas, ne modifie pas, ne publie pas et n\u2019examine pas les commentaires avant leur pr\u00e9sence sur le site Web.\nLes commentaires ne refl\u00e8tent pas les points de vue et opinions de VVVVU.COM &#8211; Meilleur site de paris sportifs, de ses agents et\/ou affili\u00e9s.  Les commentaires refl\u00e8tent les points de vue et les opinions de la personne qui les a post\u00e9s. Dans la mesure permise par les lois applicables, VVVVU.COM &#8211; Best Sports Betting Site ne sera pas responsable des commentaires ou de toute responsabilit\u00e9, dommages ou d\u00e9penses caus\u00e9s et \/ ou subis \u00e0 la suite de l\u2019utilisation et \/ ou de la publication et \/ ou de l\u2019apparition des commentaires sur ce site Web.<\/p>\n\n<p>VVVVU.COM &#8211; Best Sports Betting Site se r\u00e9serve le droit de surveiller tous les commentaires et de supprimer tout commentaire pouvant \u00eatre consid\u00e9r\u00e9 comme inappropri\u00e9, offensant ou entra\u00eenant une violation des pr\u00e9sentes conditions g\u00e9n\u00e9rales.<\/p>\n\n<p>Vous garantissez et d\u00e9clarez que :<\/p>\n\n<ul class=\"wp-block-list\">\n<li>Vous \u00eates autoris\u00e9 \u00e0 publier les Commentaires sur notre site web et disposez de toutes les licences et autorisations n\u00e9cessaires pour le faire ;<\/li>\n\n\n\n<li>Les Commentaires ne portent atteinte \u00e0 aucun droit de propri\u00e9t\u00e9 intellectuelle, y compris, sans s&rsquo;y limiter, les droits d&rsquo;auteur, les brevets ou les marques de commerce d&rsquo;un tiers ;<\/li>\n\n\n\n<li>Les commentaires ne contiennent aucun \u00e9l\u00e9ment diffamatoire, calomnieux, offensant, ind\u00e9cent ou autrement ill\u00e9gal qui constitue une atteinte \u00e0 la vie priv\u00e9e.<\/li>\n\n\n\n<li>Les commentaires ne seront pas utilis\u00e9s pour solliciter ou promouvoir des affaires ou des coutumes ou pr\u00e9senter des activit\u00e9s commerciales ou des activit\u00e9s ill\u00e9gales.<\/li>\n<\/ul>\n\n<p>Par les pr\u00e9sentes, vous accordez \u00e0 VVVVU.COM &#8211; Best Sports Betting Site une licence non exclusive pour utiliser, reproduire, \u00e9diter et autoriser d\u2019autres personnes \u00e0 utiliser, reproduire et \u00e9diter vos commentaires sous toutes leurs formes, formats ou m\u00e9dias.<\/p>\n\n<h3 class=\"wp-block-heading\">\n          <strong>Hyperliens vers notre contenu<\/strong>\n        <\/h3>\n\n<p>Les organisations suivantes peuvent \u00e9tablir un lien avec notre site web sans autorisation \u00e9crite pr\u00e9alable :<\/p>\n\n<ul class=\"wp-block-list\">\n<li>Les agences gouvernementales ;<\/li>\n\n\n\n<li>Moteurs de recherche ;<\/li>\n\n\n\n<li>Organismes de presse ;<\/li>\n\n\n\n<li>Les distributeurs d&rsquo;annuaires en ligne peuvent cr\u00e9er des liens vers notre site Web de la m\u00eame mani\u00e8re qu&rsquo;ils cr\u00e9ent des hyperliens vers les sites Web d&rsquo;autres entreprises r\u00e9pertori\u00e9es ; et<\/li>\n\n\n\n<li>Les entreprises accr\u00e9dit\u00e9es \u00e0 l&rsquo;\u00e9chelle du syst\u00e8me, \u00e0 l&rsquo;exception des organisations \u00e0 but non lucratif, des centres commerciaux caritatifs et des groupes de collecte de fonds caritatifs, qui ne peuvent pas \u00e9tablir d&rsquo;hyperlien vers notre site Web.<\/li>\n<\/ul>\n\n<p>Ces organisations peuvent cr\u00e9er un lien vers notre page d&rsquo;accueil, vers des publications ou vers d&rsquo;autres informations sur le site web, \u00e0 condition que ce lien : (a) n&rsquo;est en aucune fa\u00e7on trompeuse ; (b) n&rsquo;implique pas faussement le parrainage, l&rsquo;endossement ou l&rsquo;approbation de la partie liante et de ses produits et\/ou services ; et (c) s&rsquo;inscrit dans le contexte du site de la partie liante.<\/p>\n\n<p>Nous pouvons examiner et approuver d\u2019autres demandes de liens provenant des types d\u2019organisations suivants :<\/p>\n\n<ul class=\"wp-block-list\">\n<li>les sources d\u2019information commun\u00e9ment connues sur les consommateurs et\/ou les entreprises;<\/li>\n\n\n\n<li>dot.com sites communautaires;<\/li>\n\n\n\n<li>les associations ou autres groupes repr\u00e9sentant des organismes de bienfaisance;<\/li>\n\n\n\n<li>distributeurs d\u2019annuaires en ligne;<\/li>\n\n\n\n<li>portails Internet;<\/li>\n\n\n\n<li>cabinets comptables, juridiques et de conseil; et<\/li>\n\n\n\n<li>les \u00e9tablissements d\u2019enseignement et les associations professionnelles.<\/li>\n<\/ul>\n\n<p>Nous approuverons les demandes de liens de ces organisations si nous d\u00e9cidons que :\n(a) le lien ne nous ferait pas para\u00eetre d\u00e9favorablement \u00e0 nous-m\u00eames ou \u00e0 nos entreprises accr\u00e9dit\u00e9es ;\n(b) l\u2019organisation n\u2019a pas de dossiers n\u00e9gatifs chez nous ;\n(c) l\u2019avantage pour nous de la visibilit\u00e9 du lien hypertexte compense l\u2019absence de VVVVU.COM &#8211; Meilleur site de paris sportifs ; et\n(d) le lien se trouve dans le contexte d\u2019informations g\u00e9n\u00e9rales sur les ressources.    <\/p>\n\n<p>Ces organisations peuvent cr\u00e9er un lien vers notre page d\u2019accueil tant que le lien: (a) n&rsquo;est en aucune fa\u00e7on trompeuse ; (b) n\u2019implique pas faussement le parrainage, l\u2019approbation ou l\u2019approbation de la partie qui \u00e9tablit le lien et de ses produits ou services; et (c) s&rsquo;inscrit dans le contexte du site de la partie liante.<\/p>\n\n<p>Si vous \u00eates l\u2019une des organisations \u00e9num\u00e9r\u00e9es au paragraphe 2 ci-dessus et que vous souhaitez cr\u00e9er un lien vers notre site Web, vous devez nous en informer en envoyant un e-mail \u00e0 VVVVU.COM &#8211; Meilleur site de paris sportifs.\nVeuillez inclure votre nom, le nom de votre organisation, vos coordonn\u00e9es ainsi que l\u2019URL de votre site, une liste de toutes les URL \u00e0 partir desquelles vous avez l\u2019intention de cr\u00e9er un lien vers notre site Web et une liste des URL de notre site auxquelles vous aimeriez cr\u00e9er un lien.\nAttendez 2 \u00e0 3 semaines pour une r\u00e9ponse.  <\/p>\n\n<p>Les organisations approuv\u00e9es peuvent cr\u00e9er un hyperlien vers notre site Web comme suit :<\/p>\n\n<ul class=\"wp-block-list\">\n<li>Par l\u2019utilisation de notre d\u00e9nomination sociale; ou<\/li>\n\n\n\n<li>En utilisant le localisateur de ressources uniforme auquel il est li\u00e9; ou<\/li>\n\n\n\n<li>En utilisant toute autre description de notre site Web li\u00e9 qui a du sens dans le contexte et le format du contenu sur le site de la partie liante.<\/li>\n<\/ul>\n\n<p>Aucune utilisation du logo ou d\u2019autres illustrations de VVVVU.COM &#8211; Best Sports Betting Site ne sera autoris\u00e9e pour cr\u00e9er un lien en l\u2019absence d\u2019un contrat de licence de marque.<\/p>\n\n<h3 class=\"wp-block-heading\">\n          <strong>iFrames<\/strong>\n        <\/h3>\n\n<p>Sans autorisation pr\u00e9alable et \u00e9crite, vous ne pouvez pas cr\u00e9er de cadres autour de nos pages Web qui modifient de quelque mani\u00e8re que ce soit la pr\u00e9sentation visuelle ou l&rsquo;apparence de notre site Web.<\/p>\n\n<h3 class=\"wp-block-heading\">\n          <strong>Responsabilit\u00e9 du contenu<\/strong>\n        <\/h3>\n\n<p>Nous ne serons pas tenus responsables du contenu qui appara\u00eet sur votre site web. Vous acceptez de nous prot\u00e9ger et de nous d\u00e9fendre contre toutes les r\u00e9clamations qui s&rsquo;\u00e9l\u00e8vent sur votre site web. Aucun lien ne doit appara\u00eetre sur un site Web qui pourrait \u00eatre interpr\u00e9t\u00e9 comme \u00e9tant diffamatoire, obsc\u00e8ne ou criminel, ou qui enfreint, viole de quelque mani\u00e8re que ce soit, ou pr\u00e9conise l&rsquo;infraction ou toute autre violation des droits d&rsquo;un tiers.<\/p>\n\n<h3 class=\"wp-block-heading\">\n          <strong>Votre vie priv\u00e9e<\/strong>\n        <\/h3>\n\n<p>Veuillez lire la politique de confidentialit\u00e9<\/p>\n\n<h3 class=\"wp-block-heading\">\n          <strong>R\u00e9serve des droits<\/strong>\n        <\/h3>\n\n<p>Nous nous r\u00e9servons le droit de vous demander de supprimer tous les liens ou tout lien particulier vers notre site Web. Vous acceptez de retirer imm\u00e9diatement tous les liens vers notre site Web sur demande. Nous nous r\u00e9servons \u00e9galement le droit de modifier \u00e0 tout moment les pr\u00e9sentes conditions g\u00e9n\u00e9rales et la politique de liaison. En \u00e9tablissant un lien permanent avec notre site web, vous acceptez d&rsquo;\u00eatre li\u00e9 \u00e0 ces conditions d&rsquo;\u00e9tablissement de liens et de les respecter.<\/p>\n\n<h3 class=\"wp-block-heading\">\n          <strong>Suppression de liens sur notre site web<\/strong>\n        <\/h3>\n\n<p>Si vous trouvez un lien sur notre site Web qui est offensant pour une raison quelconque, vous \u00eates libre de nous contacter et de nous informer \u00e0 tout moment. Nous examinerons les demandes de suppression de liens, mais nous ne sommes pas oblig\u00e9s de le faire ou de vous r\u00e9pondre directement.<\/p>\n\n<p>Nous ne garantissons pas l&rsquo;exactitude des informations contenues dans ce site web, ni leur exhaustivit\u00e9 ou leur pr\u00e9cision ; nous ne promettons pas non plus de garantir que le site web restera disponible ou que le mat\u00e9riel contenu dans le site web sera mis \u00e0 jour.<\/p>\n\n<h3 class=\"wp-block-heading\">\n          <strong>Clause de non-responsabilit\u00e9<\/strong>\n        <\/h3>\n\n<p>Dans la mesure maximale autoris\u00e9e par la loi applicable, nous excluons toutes les repr\u00e9sentations, garanties et conditions relatives \u00e0 notre site web et \u00e0 l&rsquo;utilisation de ce site. Rien dans cette clause de non-responsabilit\u00e9 ne sera :<\/p>\n\n<ul class=\"wp-block-list\">\n<li>limiter ou exclure notre ou votre responsabilit\u00e9 en cas de d\u00e9c\u00e8s ou de dommages corporels ;<\/li>\n\n\n\n<li>limiter ou exclure notre ou votre responsabilit\u00e9 en cas de fraude ou de fausse d\u00e9claration frauduleuse ;<\/li>\n\n\n\n<li>limiter l&rsquo;une de nos ou de vos responsabilit\u00e9s d&rsquo;une mani\u00e8re qui n&rsquo;est pas autoris\u00e9e par la loi applicable ; ou<\/li>\n\n\n\n<li>exclure l&rsquo;une de nos ou de vos responsabilit\u00e9s qui ne peuvent \u00eatre exclues en vertu de la loi applicable.<\/li>\n<\/ul>\n\n<p>Les limitations et interdictions de responsabilit\u00e9 \u00e9nonc\u00e9es dans la pr\u00e9sente section et ailleurs dans le pr\u00e9sent avis de non-responsabilit\u00e9 : (a) sont soumis au paragraphe pr\u00e9c\u00e9dent ; et (b) r\u00e9gir toutes les responsabilit\u00e9s d\u00e9coulant de la clause de non-responsabilit\u00e9, y compris les responsabilit\u00e9s contractuelles, d\u00e9lictuelles et pour violation d&rsquo;une obligation l\u00e9gale.<\/p>\n\n<p>Tant que le site web et les informations et services qu&rsquo;il contient sont fournis gratuitement, nous ne sommes pas responsables des pertes ou dommages de quelque nature que ce soit.<\/p>\n","protected":false},"excerpt":{"rendered":"<p>Bienvenue sur le meilleur site de paris sportifs! Ces termes et conditions d\u00e9crivent les r\u00e8gles et r\u00e8glements pour l\u2019utilisation du site Web de VVVVU.COM &#8211; Best Sports Betting Site, situ\u00e9 \u00e0 https:\/\/www.vvvvu.com\/. En acc\u00e9dant \u00e0 ce site web, nous supposons que vous acceptez ces conditions. Ne continuez pas \u00e0 utiliser Best Sports Betting Site si [&hellip;]<\/p>\n","protected":false},"author":1,"featured_media":0,"parent":0,"menu_order":0,"comment_status":"closed","ping_status":"open","template":"","meta":{"inline_featured_image":false,"_uag_custom_page_level_css":"","site-sidebar-layout":"default","site-content-layout":"","ast-site-content-layout":"default","site-content-style":"default","site-sidebar-style":"default","ast-global-header-display":"","ast-banner-title-visibility":"","ast-main-header-display":"","ast-hfb-above-header-display":"","ast-hfb-below-header-display":"","ast-hfb-mobile-header-display":"","site-post-title":"","ast-breadcrumbs-content":"","ast-featured-img":"","footer-sml-layout":"","ast-disable-related-posts":"","theme-transparent-header-meta":"","adv-header-id-meta":"","stick-header-meta":"","header-above-stick-meta":"","header-main-stick-meta":"","header-below-stick-meta":"","astra-migrate-meta-layouts":"default","ast-page-background-enabled":"default","ast-page-background-meta":{"desktop":{"background-color":"var(--ast-global-color-4)","background-image":"","background-repeat":"repeat","background-position":"center center","background-size":"auto","background-attachment":"scroll","background-type":"","background-media":"","overlay-type":"","overlay-color":"","overlay-opacity":"","overlay-gradient":""},"tablet":{"background-color":"","background-image":"","background-repeat":"repeat","background-position":"center center","background-size":"auto","background-attachment":"scroll","background-type":"","background-media":"","overlay-type":"","overlay-color":"","overlay-opacity":"","overlay-gradient":""},"mobile":{"background-color":"","background-image":"","background-repeat":"repeat","background-position":"center center","background-size":"auto","background-attachment":"scroll","background-type":"","background-media":"","overlay-type":"","overlay-color":"","overlay-opacity":"","overlay-gradient":""}},"ast-content-background-meta":{"desktop":{"background-color":"var(--ast-global-color-5)","background-image":"","background-repeat":"repeat","background-position":"center center","background-size":"auto","background-attachment":"scroll","background-type":"","background-media":"","overlay-type":"","overlay-color":"","overlay-opacity":"","overlay-gradient":""},"tablet":{"background-color":"var(--ast-global-color-5)","background-image":"","background-repeat":"repeat","background-position":"center center","background-size":"auto","background-attachment":"scroll","background-type":"","background-media":"","overlay-type":"","overlay-color":"","overlay-opacity":"","overlay-gradient":""},"mobile":{"background-color":"var(--ast-global-color-5)","background-image":"","background-repeat":"repeat","background-position":"center center","background-size":"auto","background-attachment":"scroll","background-type":"","background-media":"","overlay-type":"","overlay-color":"","overlay-opacity":"","overlay-gradient":""}},"footnotes":""},"class_list":["post-14479","page","type-page","status-publish","hentry"],"aioseo_notices":[],"acf":[],"uagb_featured_image_src":{"full":false,"thumbnail":false,"medium":false,"medium_large":false,"large":false,"1536x1536":false,"2048x2048":false},"uagb_author_info":{"display_name":"\u545c\u545c\u545c","author_link":"https:\/\/vvvvu.com\/fr\/author\/vvvvu\/"},"uagb_comment_info":0,"uagb_excerpt":"Bienvenue sur le meilleur site de paris sportifs! Ces termes et conditions d\u00e9crivent les r\u00e8gles et r\u00e8glements pour l\u2019utilisation du site Web de VVVVU.COM &#8211; Best Sports Betting Site, situ\u00e9 \u00e0 https:\/\/www.vvvvu.com\/. En acc\u00e9dant \u00e0 ce site web, nous supposons que vous acceptez ces conditions. Ne continuez pas \u00e0 utiliser Best Sports Betting Site si\u2026","_links":{"self":[{"href":"https:\/\/vvvvu.com\/fr\/wp-json\/wp\/v2\/pages\/14479","targetHints":{"allow":["GET"]}}],"collection":[{"href":"https:\/\/vvvvu.com\/fr\/wp-json\/wp\/v2\/pages"}],"about":[{"href":"https:\/\/vvvvu.com\/fr\/wp-json\/wp\/v2\/types\/page"}],"author":[{"embeddable":true,"href":"https:\/\/vvvvu.com\/fr\/wp-json\/wp\/v2\/users\/1"}],"replies":[{"embeddable":true,"href":"https:\/\/vvvvu.com\/fr\/wp-json\/wp\/v2\/comments?post=14479"}],"version-history":[{"count":4,"href":"https:\/\/vvvvu.com\/fr\/wp-json\/wp\/v2\/pages\/14479\/revisions"}],"predecessor-version":[{"id":111931,"href":"https:\/\/vvvvu.com\/fr\/wp-json\/wp\/v2\/pages\/14479\/revisions\/111931"}],"wp:attachment":[{"href":"https:\/\/vvvvu.com\/fr\/wp-json\/wp\/v2\/media?parent=14479"}],"curies":[{"name":"wp","href":"https:\/\/api.w.org\/{rel}","templated":true}]}}