{"id":14449,"date":"2023-07-13T13:30:48","date_gmt":"2023-07-13T13:30:48","guid":{"rendered":"https:\/\/vvvvu.com\/clause-de-non-responsabilite\/"},"modified":"2024-07-24T03:38:20","modified_gmt":"2024-07-24T03:38:20","slug":"clause-de-non-responsabilite","status":"publish","type":"page","link":"https:\/\/vvvvu.com\/fr\/clause-de-non-responsabilite\/","title":{"rendered":"Clause de non-responsabilit\u00e9"},"content":{"rendered":"\n<h2 class=\"wp-block-heading\">Interpr\u00e9tation<\/h2>\n\n<p>Les explications des mots dont la lettre initiale est en majuscule sont fournies dans les conditions suivantes :<\/p>\n\n<p>Les termes suivants auront la m\u00eame signification lorsqu\u2019ils sont utilis\u00e9s dans le pr\u00e9sent instrument, qu\u2019ils soient utilis\u00e9s au singulier ou au pluriel.<\/p>\n\n<h2 class=\"wp-block-heading\">D\u00e9finitions<\/h2>\n\n<p>Aux fins de la pr\u00e9sente clause de non-responsabilit\u00e9 :<\/p>\n\n<p>Les expressions \u00ab Soci\u00e9t\u00e9 \u00bb, \u00ab Nous \u00bb, \u00ab Notre \u00bb ou \u00ab Nos \u00bb utilis\u00e9es dans cette clause de non-responsabilit\u00e9 d\u00e9signent le Meilleur site de paris sportifs.<\/p>\n\n<p>Service d\u00e9signe le Site Internet et\/ou l\u2019application mobile.<\/p>\n\n<p>Vous d\u00e9signe cette personne physique, l\u2019employeur de la personne physique ou une autre organisation pour laquelle la personne physique agit et qui est associ\u00e9e \u00e0 l\u2019utilisation du Service.<\/p>\n\n<p>Le site Web fait r\u00e9f\u00e9rence au meilleur site de paris sportifs, accessible \u00e0 partir de https\u00a0:N\u00e9anmoins, ce qui suit est \u00e9crit\u00a0: com<\/p>\n\n<h2 class=\"wp-block-heading\">Clause de non-responsabilit\u00e9<\/h2>\n\n<p>Toutes les informations fournies sur le Service sont fournies \u00e0 titre d\u2019information uniquement et ne sont pas destin\u00e9es \u00e0 constituer des conseils juridiques.<\/p>\n\n<p>La Soci\u00e9t\u00e9 ne saurait \u00eatre tenue responsable de l\u2019inexactitude des informations affich\u00e9es sur le Service.<\/p>\n\n<p>La Soci\u00e9t\u00e9 ne garantit ni ne d\u00e9clare que le Service et les mat\u00e9riaux ou produits d\u00e9crits dans le Service r\u00e9pondront aux exigences de l\u2019utilisateur, seront ininterrompus, opportuns, s\u00e9curis\u00e9s ou exempts d\u2019erreurs, que tout d\u00e9faut sera corrig\u00e9 ou que ce Service ou le serveur qui le rend disponible est exempt de virus ou d\u2019autres composants nuisibles.\nLa Soci\u00e9t\u00e9 peut <\/p>\n\n<p>La Soci\u00e9t\u00e9 n\u2019assume aucune responsabilit\u00e9 pour les erreurs ou omissions dans le contenu du Service.<\/p>\n\n<h2 class=\"wp-block-heading\">Liens externes Clause de non-responsabilit\u00e9<\/h2>\n\n<p>Certains des liens inclus dans le Service peuvent mener \u00e0 d\u2019autres sites sur le World Wide Web dont la Soci\u00e9t\u00e9 n\u2019est pas responsable.<\/p>\n\n<p>En ce qui concerne les informations publi\u00e9es sur ces sites Web externes, la Soci\u00e9t\u00e9 n\u2019assume aucune responsabilit\u00e9 quant \u00e0 l\u2019exactitude, l\u2019actualit\u00e9 ou la suffisance des informations qui y sont publi\u00e9es.<\/p>\n\n<h2 class=\"wp-block-heading\">Avis de non-responsabilit\u00e9 concernant les erreurs et omissions<\/h2>\n\n<p>Toutefois, ce qui pr\u00e9c\u00e8de ne limite en aucun cas la g\u00e9n\u00e9ralit\u00e9 de ce qui pr\u00e9c\u00e8de en ce qui concerne les informations mises \u00e0 disposition par le Service concernant les questions trait\u00e9es dans ce Site.\nLa Soci\u00e9t\u00e9 fera tout son possible pour s\u2019assurer que les informations fournies par le biais du Service sont r\u00e9centes et exactes, mais cela ne garantit pas que ce soit le cas.\nDe plus, toutes les informations fournies par le biais du Service sont fournies \u00ab en l\u2019\u00e9tat \u00bb et la Soci\u00e9t\u00e9 ne sera pas responsable de l\u2019exactitude, de la fiabilit\u00e9 ou de l\u2019exhaustivit\u00e9 des informations.  <\/p>\n\n<p>Il est fourni \u00ab en l\u2019\u00e9tat \u00bb sans garantie d\u2019aucune sorte, expresse ou implicite, y compris, mais sans s\u2019y limiter, les garanties implicites d\u2019ad\u00e9quation \u00e0 l\u2019usage ou qu\u2019il est adapt\u00e9 \u00e0 l\u2019usage vis\u00e9.<\/p>\n\n<h2 class=\"wp-block-heading\">Clause de non-responsabilit\u00e9 relative \u00e0 l\u2019utilisation \u00e9quitable<\/h2>\n\n<p>Certaines informations que la Soci\u00e9t\u00e9 utilise peuvent \u00eatre prot\u00e9g\u00e9es par le droit d\u2019auteur et la Soci\u00e9t\u00e9 peut ne pas disposer d\u2019une licence appropri\u00e9e pour celles-ci.\nLa Soci\u00e9t\u00e9 fournit ce mat\u00e9riel \u00e0 des fins de critique, de commentaire, de reportage d\u2019\u00e9v\u00e9nements d\u2019actualit\u00e9, d\u2019enseignement et de recherche universitaire. <\/p>\n\n<p>La Soci\u00e9t\u00e9 a conclu que cela est l\u00e9gal sur la base des dispositions de la loi sur le droit d\u2019auteur, en particulier de la section 107 de la loi sur le droit d\u2019auteur des \u00c9tats-Unis.<\/p>\n\n<p>Si vous souhaitez utiliser du mat\u00e9riel prot\u00e9g\u00e9 par le droit d\u2019auteur du Service \u00e0 des fins qui ne sont pas \u00e9num\u00e9r\u00e9es ci-dessus, vous devez obtenir l\u2019autorisation du propri\u00e9taire du droit d\u2019auteur.<\/p>\n\n<h2 class=\"wp-block-heading\">Opinions exprim\u00e9es Clause de non-responsabilit\u00e9<\/h2>\n\n<p>Les informations fournies sur le Service peuvent contenir l\u2019opinion personnelle de tiers, de participants et d\u2019autres utilisateurs et ne refl\u00e8tent pas l\u2019opinion de la Soci\u00e9t\u00e9.<\/p>\n\n<p>Par cons\u00e9quent, tout commentaire publi\u00e9 par l\u2019utilisateur rel\u00e8ve de la seule responsabilit\u00e9 de l\u2019utilisateur et l\u2019utilisateur sera enti\u00e8rement responsable de toute diffamation ou proc\u00e9dure judiciaire r\u00e9sultant de ou directement caus\u00e9e par tout commentaire fait par l\u2019utilisateur.\nLa Soci\u00e9t\u00e9 n\u2019est en aucun cas responsable de tout commentaire fait par un utilisateur et a le droit de supprimer tout commentaire fait sans pr\u00e9avis. <\/p>\n\n<h2 class=\"wp-block-heading\">Exclusion de responsabilit\u00e9<\/h2>\n\n<p>Il s\u2019agit d\u2019informations g\u00e9n\u00e9rales et la Soci\u00e9t\u00e9 ne sera pas responsable des conseils juridiques, fiscaux ou autres qui pourraient \u00eatre donn\u00e9s dans ces informations.\nPar cons\u00e9quent, il ne doit pas \u00eatre utilis\u00e9 comme base pour prendre des d\u00e9cisions comptables, fiscales, juridiques ou autres d\u00e9cisions professionnelles. <\/p>\n\n<p>La responsabilit\u00e9 de la Soci\u00e9t\u00e9 ou de ses fournisseurs en cas de dommages en vertu du pr\u00e9sent Accord sera limit\u00e9e au montant que vous avez pay\u00e9 pour le Service dans les douze (12) mois pr\u00e9c\u00e9dant le premier \u00e9v\u00e9nement donnant lieu \u00e0 la r\u00e9clamation.\nLa Soci\u00e9t\u00e9 ou ses fournisseurs ne seront pas responsables des dommages sp\u00e9ciaux, accessoires, indirects ou cons\u00e9cutifs de quelque nature que ce soit (y compris, sans s\u2019y limiter, les honoraires d\u2019avocat) de quelque mani\u00e8re que ce soit li\u00e9s \u00e0 votre utilisation du Service. <\/p>\n\n<h2 class=\"wp-block-heading\">Cela conduit \u00e0 une clause de non-responsabilit\u00e9 qui est g\u00e9n\u00e9ralement pr\u00e9sent\u00e9e comme suit : \u00ab Aucune garantie. \u00bb<\/h2>\n\n<p>Toutes les informations contenues dans ce service sont fournies aux utilisateurs \u00ab en l\u2019\u00e9tat \u00bb sans garantie d\u2019aucune sorte, expresse ou implicite, y compris, mais sans s\u2019y limiter, les garanties d\u2019exhaustivit\u00e9, d\u2019exactitude et autres, les garanties de qualit\u00e9 marchande, d\u2019ad\u00e9quation \u00e0 un usage particulier ou de non-violation des droits de tiers.<\/p>\n\n<p>La Soci\u00e9t\u00e9 ne sera pas responsable envers vous ou toute autre personne pour toute d\u00e9cision prise ou action prise sur la base des informations fournies par le Service ou pour tout dommage cons\u00e9cutif, sp\u00e9cial ou similaire, m\u00eame si elle a \u00e9t\u00e9 inform\u00e9e de la possibilit\u00e9 de tels dommages.<\/p>\n\n<h2 class=\"wp-block-heading\">Nous contacter<\/h2>\n\n<p>Si vous avez des questions concernant cette clause de non-responsabilit\u00e9, vous pouvez nous contacter:<\/p>\n\n<ul class=\"wp-block-list\">\n<li><strong>En visitant cette page sur notre site web :<\/strong> Voici le lien vers la source originale : <a href=\"https:\/\/vvvvu.%20com\/privacy-policy\/\" target=\"_blank\" rel=\"noopener nofollow\" title=\"\">https:\/\/vvvvu. com\/privacy-policy\/<\/a><\/li>\n<\/ul>\n","protected":false},"excerpt":{"rendered":"<p>Interpr\u00e9tation Les explications des mots dont la lettre initiale est en majuscule sont fournies dans les conditions suivantes : Les termes suivants auront la m\u00eame signification lorsqu\u2019ils sont utilis\u00e9s dans le pr\u00e9sent instrument, qu\u2019ils soient utilis\u00e9s au singulier ou au pluriel. D\u00e9finitions Aux fins de la pr\u00e9sente clause de non-responsabilit\u00e9 : Les expressions \u00ab Soci\u00e9t\u00e9 [&hellip;]<\/p>\n","protected":false},"author":1,"featured_media":0,"parent":0,"menu_order":0,"comment_status":"closed","ping_status":"open","template":"","meta":{"inline_featured_image":false,"_uag_custom_page_level_css":"","site-sidebar-layout":"default","site-content-layout":"","ast-site-content-layout":"default","site-content-style":"default","site-sidebar-style":"default","ast-global-header-display":"","ast-banner-title-visibility":"","ast-main-header-display":"","ast-hfb-above-header-display":"","ast-hfb-below-header-display":"","ast-hfb-mobile-header-display":"","site-post-title":"","ast-breadcrumbs-content":"","ast-featured-img":"","footer-sml-layout":"","ast-disable-related-posts":"","theme-transparent-header-meta":"","adv-header-id-meta":"","stick-header-meta":"","header-above-stick-meta":"","header-main-stick-meta":"","header-below-stick-meta":"","astra-migrate-meta-layouts":"default","ast-page-background-enabled":"default","ast-page-background-meta":{"desktop":{"background-color":"var(--ast-global-color-4)","background-image":"","background-repeat":"repeat","background-position":"center center","background-size":"auto","background-attachment":"scroll","background-type":"","background-media":"","overlay-type":"","overlay-color":"","overlay-opacity":"","overlay-gradient":""},"tablet":{"background-color":"","background-image":"","background-repeat":"repeat","background-position":"center center","background-size":"auto","background-attachment":"scroll","background-type":"","background-media":"","overlay-type":"","overlay-color":"","overlay-opacity":"","overlay-gradient":""},"mobile":{"background-color":"","background-image":"","background-repeat":"repeat","background-position":"center center","background-size":"auto","background-attachment":"scroll","background-type":"","background-media":"","overlay-type":"","overlay-color":"","overlay-opacity":"","overlay-gradient":""}},"ast-content-background-meta":{"desktop":{"background-color":"var(--ast-global-color-5)","background-image":"","background-repeat":"repeat","background-position":"center center","background-size":"auto","background-attachment":"scroll","background-type":"","background-media":"","overlay-type":"","overlay-color":"","overlay-opacity":"","overlay-gradient":""},"tablet":{"background-color":"var(--ast-global-color-5)","background-image":"","background-repeat":"repeat","background-position":"center center","background-size":"auto","background-attachment":"scroll","background-type":"","background-media":"","overlay-type":"","overlay-color":"","overlay-opacity":"","overlay-gradient":""},"mobile":{"background-color":"var(--ast-global-color-5)","background-image":"","background-repeat":"repeat","background-position":"center center","background-size":"auto","background-attachment":"scroll","background-type":"","background-media":"","overlay-type":"","overlay-color":"","overlay-opacity":"","overlay-gradient":""}},"footnotes":""},"class_list":["post-14449","page","type-page","status-publish","hentry"],"aioseo_notices":[],"acf":[],"uagb_featured_image_src":{"full":false,"thumbnail":false,"medium":false,"medium_large":false,"large":false,"1536x1536":false,"2048x2048":false},"uagb_author_info":{"display_name":"\u545c\u545c\u545c","author_link":"https:\/\/vvvvu.com\/fr\/author\/vvvvu\/"},"uagb_comment_info":0,"uagb_excerpt":"Interpr\u00e9tation Les explications des mots dont la lettre initiale est en majuscule sont fournies dans les conditions suivantes : Les termes suivants auront la m\u00eame signification lorsqu\u2019ils sont utilis\u00e9s dans le pr\u00e9sent instrument, qu\u2019ils soient utilis\u00e9s au singulier ou au pluriel. D\u00e9finitions Aux fins de la pr\u00e9sente clause de non-responsabilit\u00e9 : Les expressions \u00ab Soci\u00e9t\u00e9\u2026","_links":{"self":[{"href":"https:\/\/vvvvu.com\/fr\/wp-json\/wp\/v2\/pages\/14449","targetHints":{"allow":["GET"]}}],"collection":[{"href":"https:\/\/vvvvu.com\/fr\/wp-json\/wp\/v2\/pages"}],"about":[{"href":"https:\/\/vvvvu.com\/fr\/wp-json\/wp\/v2\/types\/page"}],"author":[{"embeddable":true,"href":"https:\/\/vvvvu.com\/fr\/wp-json\/wp\/v2\/users\/1"}],"replies":[{"embeddable":true,"href":"https:\/\/vvvvu.com\/fr\/wp-json\/wp\/v2\/comments?post=14449"}],"version-history":[{"count":3,"href":"https:\/\/vvvvu.com\/fr\/wp-json\/wp\/v2\/pages\/14449\/revisions"}],"predecessor-version":[{"id":111351,"href":"https:\/\/vvvvu.com\/fr\/wp-json\/wp\/v2\/pages\/14449\/revisions\/111351"}],"wp:attachment":[{"href":"https:\/\/vvvvu.com\/fr\/wp-json\/wp\/v2\/media?parent=14449"}],"curies":[{"name":"wp","href":"https:\/\/api.w.org\/{rel}","templated":true}]}}