{"id":14399,"date":"2023-07-10T03:31:05","date_gmt":"2023-07-10T03:31:05","guid":{"rendered":"https:\/\/vvvvu.com\/politique-de-confidentialite\/"},"modified":"2024-07-24T05:49:25","modified_gmt":"2024-07-24T05:49:25","slug":"politique-de-confidentialite","status":"publish","type":"page","link":"https:\/\/vvvvu.com\/fr\/politique-de-confidentialite\/","title":{"rendered":"Politique de confidentialit\u00e9"},"content":{"rendered":"\n<h2 class=\"wp-block-heading\">Notre identit\u00e9<\/h2>\n\n<p>Retrouvez-nous en ligne \u00e0 <a href=\"https:\/\/vvvvu.com\/fr\/\" target=\"_blank\" rel=\"noopener nofollow\" title=\"Bookmakers\">l\u2019adresse<\/a> suivante : https:\/\/vvvvu.com.<\/p>\n\n<h2 class=\"wp-block-heading\">Section des commentaires<\/h2>\n\n<p>Les donn\u00e9es des clients sont fournies par ceux qui laissent des commentaires sur notre page, ils le font en saisissant les donn\u00e9es n\u00e9cessaires sous la forme du commentaire.\nCeci, ainsi que leur adresse IP et les informations du navigateur, nous donne des mesures de protection contre le spam. <\/p>\n\n<p>L\u2019adresse e-mail que vous avez peut avoir un moyen de devenir anonyme puisque le Gravatar peut v\u00e9rifier son utilisation en se transformant en une cha\u00eene anonyme, hash. La politique de confidentialit\u00e9 de Gravatar est ici : <a href=\"https:\/\/vvvvu.com\/fr\/politique-de-confidentialite\/\" target=\"_blank\" rel=\"noopener nofollow\" title=\"politique de confidentialit&#xE9;\/\">https:\/\/vvvvu.com\/privacy-policy\/<\/a>.\nVotre photo de profil est d\u00e9sormais visible publiquement dans son contexte une fois votre commentaire approuv\u00e9. <\/p>\n\n<h2 class=\"wp-block-heading\">T\u00e9l\u00e9chargements d\u2019images<\/h2>\n\n<p>Vous t\u00e9l\u00e9chargez des images ?\nSoyez conscient.\nS\u2019il s\u2019av\u00e8re que des donn\u00e9es de localisation s\u2019y trouvent (EXIF GPS), les visiteurs du site peuvent les t\u00e9l\u00e9charger et les extraire.  <\/p>\n\n<h2 class=\"wp-block-heading\">Informations sur les cookies<\/h2>\n\n<p>Laisser un commentaire ?\nAlternativement, il y a un cookie _ pour que votre name_, votre e-mail et votre site web puissent \u00eatre enregistr\u00e9s.\nIl s\u2019agit d\u2019une solution de commodit\u00e9 d\u2019un an qui vous prot\u00e8ge contre la saisie de donn\u00e9es \u00e0 nouveau.  <\/p>\n\n<p>Lors de la connexion \u00e0 notre site, il existe un cookie temporaire qui d\u00e9cide si votre navigateur est compatible ou non avec les cookies.\nUn tel cookie sans donn\u00e9es reste apr\u00e8s la fermeture du navigateur. <\/p>\n\n<p>Vous vous connectez ?\nLes cookies sont con\u00e7us pour m\u00e9moriser, conserver vos pr\u00e9f\u00e9rences d\u2019affichage et vos informations de connexion.\nLes cookies de connexion sont des minuteries de deux jours, mais les options d\u2019\u00e9cran sont stock\u00e9es pendant un an.\nRemember Me se souviendra de vous pendant deux semaines.\nQuand on se d\u00e9connecte\u00a0; Ensuite, le cookie de connexion est supprim\u00e9.    <\/p>\n\n<p>Lors de la commutation ou du t\u00e9l\u00e9chargement de l\u2019article, vous verrez qu\u2019il y a un nouveau cookie que votre navigateur stocke.\nIl ne s\u2019agit pas d\u2019un cookie contenant des informations personnelles.\nIl ne marque que son ID de publication, le dernier mis \u00e0 jour Un jour apr\u00e8s la disparition de ce cookie.  <\/p>\n\n<h2 class=\"wp-block-heading\">Contenu inclus \u00e0 partir de diff\u00e9rents sites Web<\/h2>\n\n<p>Les articles de ce site Web peuvent avoir du contenu non inclus, par exemple, des vid\u00e9os, des images, des attichments et autres.\nInclut \u00e9galement le contenu d\u2019autres sites qui se comportent pratiquement de la m\u00eame mani\u00e8re que si vous visitiez l\u2019autre site. <\/p>\n\n<p>Ces sites peuvent collecter des informations vous concernant, utiliser des cookies, mesurer davantage de tiers et suivre votre engagement avec le mat\u00e9riel inclus.\nCes interactions incluent le suivi de vos interactions avec le mat\u00e9riel fourni, si vous \u00eates connect\u00e9 au site Web en question. <\/p>\n\n<h2 class=\"wp-block-heading\">Partage des donn\u00e9es<\/h2>\n\n<p>Seule votre adresse IP sera int\u00e9gr\u00e9e dans le message de r\u00e9initialisation.<\/p>\n\n<h2 class=\"wp-block-heading\">Conservation de vos donn\u00e9es<\/h2>\n\n<p>Si vous commentez, le commentaire et ses donn\u00e9es corr\u00e9l\u00e9es sont conserv\u00e9s ind\u00e9finiment.\nCela nous permet d\u2019identifier et de sanctionner vos post-commentaires plut\u00f4t que de les laisser pendre l\u00e0 dans n\u2019importe quelle file d\u2019attente. <\/p>\n\n<p>Les informations personnelles que les membres de notre site (le cas \u00e9ventuel) ont fournies dans leurs profils sont stock\u00e9es.\nTout utilisateur peut consulter, modifier ou supprimer ses informations personnelles \u00e0 tout moment (\u00e0 l\u2019exception du nom d\u2019utilisateur).\nLes administrateurs de site peuvent \u00e9galement le faire.  <\/p>\n\n<h2 class=\"wp-block-heading\">Les droits que vous avez sur vos donn\u00e9es<\/h2>\n\n<p>Si vous avez un compte ou si vous avez laiss\u00e9 des commentaires sur ce site, vous pouvez demander un fichier export\u00e9 de vos donn\u00e9es personnelles que nous d\u00e9tenons, y compris les donn\u00e9es que vous nous avez fournies.\nVous pouvez \u00e9galement nous demander d\u2019effacer toutes les informations personnelles vous concernant que nous d\u00e9tenons.\nToutefois, cela ne s\u2019applique pas aux informations que nous devrions conserver pour des raisons op\u00e9rationnelles, r\u00e9glementaires ou de s\u00e9curit\u00e9.  <\/p>\n","protected":false},"excerpt":{"rendered":"<p>Notre identit\u00e9 Retrouvez-nous en ligne \u00e0 l\u2019adresse suivante : https:\/\/vvvvu.com. Section des commentaires Les donn\u00e9es des clients sont fournies par ceux qui laissent des commentaires sur notre page, ils le font en saisissant les donn\u00e9es n\u00e9cessaires sous la forme du commentaire. Ceci, ainsi que leur adresse IP et les informations du navigateur, nous donne des [&hellip;]<\/p>\n","protected":false},"author":1,"featured_media":0,"parent":0,"menu_order":0,"comment_status":"closed","ping_status":"closed","template":"","meta":{"inline_featured_image":false,"_uag_custom_page_level_css":"","site-sidebar-layout":"default","site-content-layout":"","ast-site-content-layout":"default","site-content-style":"default","site-sidebar-style":"default","ast-global-header-display":"","ast-banner-title-visibility":"","ast-main-header-display":"","ast-hfb-above-header-display":"","ast-hfb-below-header-display":"","ast-hfb-mobile-header-display":"","site-post-title":"","ast-breadcrumbs-content":"","ast-featured-img":"","footer-sml-layout":"","ast-disable-related-posts":"","theme-transparent-header-meta":"","adv-header-id-meta":"","stick-header-meta":"","header-above-stick-meta":"","header-main-stick-meta":"","header-below-stick-meta":"","astra-migrate-meta-layouts":"default","ast-page-background-enabled":"default","ast-page-background-meta":{"desktop":{"background-color":"var(--ast-global-color-4)","background-image":"","background-repeat":"repeat","background-position":"center center","background-size":"auto","background-attachment":"scroll","background-type":"","background-media":"","overlay-type":"","overlay-color":"","overlay-opacity":"","overlay-gradient":""},"tablet":{"background-color":"","background-image":"","background-repeat":"repeat","background-position":"center center","background-size":"auto","background-attachment":"scroll","background-type":"","background-media":"","overlay-type":"","overlay-color":"","overlay-opacity":"","overlay-gradient":""},"mobile":{"background-color":"","background-image":"","background-repeat":"repeat","background-position":"center center","background-size":"auto","background-attachment":"scroll","background-type":"","background-media":"","overlay-type":"","overlay-color":"","overlay-opacity":"","overlay-gradient":""}},"ast-content-background-meta":{"desktop":{"background-color":"var(--ast-global-color-5)","background-image":"","background-repeat":"repeat","background-position":"center center","background-size":"auto","background-attachment":"scroll","background-type":"","background-media":"","overlay-type":"","overlay-color":"","overlay-opacity":"","overlay-gradient":""},"tablet":{"background-color":"var(--ast-global-color-5)","background-image":"","background-repeat":"repeat","background-position":"center center","background-size":"auto","background-attachment":"scroll","background-type":"","background-media":"","overlay-type":"","overlay-color":"","overlay-opacity":"","overlay-gradient":""},"mobile":{"background-color":"var(--ast-global-color-5)","background-image":"","background-repeat":"repeat","background-position":"center center","background-size":"auto","background-attachment":"scroll","background-type":"","background-media":"","overlay-type":"","overlay-color":"","overlay-opacity":"","overlay-gradient":""}},"footnotes":""},"class_list":["post-14399","page","type-page","status-publish","hentry"],"aioseo_notices":[],"acf":[],"uagb_featured_image_src":{"full":false,"thumbnail":false,"medium":false,"medium_large":false,"large":false,"1536x1536":false,"2048x2048":false},"uagb_author_info":{"display_name":"\u545c\u545c\u545c","author_link":"https:\/\/vvvvu.com\/fr\/author\/vvvvu\/"},"uagb_comment_info":0,"uagb_excerpt":"Notre identit\u00e9 Retrouvez-nous en ligne \u00e0 l\u2019adresse suivante : https:\/\/vvvvu.com. Section des commentaires Les donn\u00e9es des clients sont fournies par ceux qui laissent des commentaires sur notre page, ils le font en saisissant les donn\u00e9es n\u00e9cessaires sous la forme du commentaire. Ceci, ainsi que leur adresse IP et les informations du navigateur, nous donne des\u2026","_links":{"self":[{"href":"https:\/\/vvvvu.com\/fr\/wp-json\/wp\/v2\/pages\/14399","targetHints":{"allow":["GET"]}}],"collection":[{"href":"https:\/\/vvvvu.com\/fr\/wp-json\/wp\/v2\/pages"}],"about":[{"href":"https:\/\/vvvvu.com\/fr\/wp-json\/wp\/v2\/types\/page"}],"author":[{"embeddable":true,"href":"https:\/\/vvvvu.com\/fr\/wp-json\/wp\/v2\/users\/1"}],"replies":[{"embeddable":true,"href":"https:\/\/vvvvu.com\/fr\/wp-json\/wp\/v2\/comments?post=14399"}],"version-history":[{"count":3,"href":"https:\/\/vvvvu.com\/fr\/wp-json\/wp\/v2\/pages\/14399\/revisions"}],"predecessor-version":[{"id":111675,"href":"https:\/\/vvvvu.com\/fr\/wp-json\/wp\/v2\/pages\/14399\/revisions\/111675"}],"wp:attachment":[{"href":"https:\/\/vvvvu.com\/fr\/wp-json\/wp\/v2\/media?parent=14399"}],"curies":[{"name":"wp","href":"https:\/\/api.w.org\/{rel}","templated":true}]}}