{"id":15454,"date":"2023-09-16T02:48:17","date_gmt":"2023-09-16T02:48:17","guid":{"rendered":"https:\/\/vvvvu.com\/juego-responsable\/"},"modified":"2024-07-24T05:54:10","modified_gmt":"2024-07-24T05:54:10","slug":"juego-responsable","status":"publish","type":"page","link":"https:\/\/vvvvu.com\/es\/juego-responsable\/","title":{"rendered":"Juego responsable"},"content":{"rendered":"\n<p>Consejos de juego responsable: En esta entrada del blog, hablaremos de las posibles indicaciones de la ludopat\u00eda de la persona afectada o de alguien que conocemos, y detalles sobre las medidas de autoexclusi\u00f3n.\nTambi\u00e9n revisaremos las soluciones que brindan las casas de apuestas para regular su juego y algunas organizaciones que pueden ayudarlo si tiene problemas con el juego. <\/p>\n\n<h2 class=\"wp-block-heading\">Los efectos de la ludopat\u00eda y su identificaci\u00f3n<\/h2>\n\n<p>Es crucial recordar que el juego es una actividad divertida y entretenida; Sin embargo, es igualmente crucial identificar cu\u00e1ndo se est\u00e1 convirtiendo en un problema.\nLa siguiente es la lista de algunos de los signos y s\u00edntomas que muestran que usted o un amigo podr\u00edan estar desarrollando un problema relacionado con el juego. <\/p>\n\n<p>Uno de los s\u00edntomas m\u00e1s frecuentes es el desarrollo de un alto nivel de inter\u00e9s por el juego y, en consecuencia, el abandono del trabajo, las relaciones sociales u otros deberes.\nEs posible que tenga pensamientos sobre las apuestas o su pr\u00f3xima apuesta con mayor frecuencia, hasta el punto de que puede afectar su trabajo, escuela o incluso familia.\nLos problemas financieros son otro indicador de un problema: si est\u00e1 jugando con dinero que no tiene, o pidiendo pr\u00e9stamos o empe\u00f1ando pertenencias para seguir jugando, es una se\u00f1al de que es posible que deba detenerse.  <\/p>\n\n<p>Si usted o su persona cercana se encontraron con alguno de los signos enumerados, este art\u00edculo proporcionar\u00e1 algunas recomendaciones sobre c\u00f3mo lidiar con el problema del juego de manera adecuada.\nRecuerde: darse cuenta de que hay un problema es el primer nivel para obtener la asistencia necesaria para una relaci\u00f3n m\u00e1s saludable con los juegos. <\/p>\n\n<h2 class=\"wp-block-heading\">Ayud\u00e1ndose a s\u00ed mismo a lidiar con la ludopat\u00eda<\/h2>\n\n<p>Para cualquiera que se haya dado cuenta de que tiene un problema con el juego, el primer paso es aceptarlo.\nEs por eso que es \u00fatil saber que no eres el \u00fanico que est\u00e1 pasando por esto y que hay formas de mejorar.\nPuede obtener ayuda de organizaciones o grupos de apoyo para la adicci\u00f3n al juego haci\u00e9ndose cargo de su situaci\u00f3n.  <\/p>\n\n<p>Entre las formas comunes de lidiar con la situaci\u00f3n, se puede mencionar la restricci\u00f3n de la cantidad de tiempo y dinero gastado en el juego.\nEsto podr\u00eda significar elaborar un presupuesto de juego y cumplirlo a toda costa.\nAdem\u00e1s, intente identificar otras actividades en las que pueda participar para evitar concentrarse en el juego.\nEstas actividades f\u00edsicas o pasatiempos creativos, como pintar o escribir, pueden ser muy \u00fatiles para distraerse y aliviar el estr\u00e9s de una mejor manera.   <\/p>\n\n<p>Sin embargo, mantente positivo, ya que resolver el problema del juego problem\u00e1tico no sucede de la noche a la ma\u00f1ana.\nPide apoyo, mantente decidido en el proceso de cambio y no te olvides de los objetivos que te has fijado para recuperar el control de tu vida. <\/p>\n\n<h2 class=\"wp-block-heading\">C\u00f3mo ayudar a un ser querido a lidiar con la ludopat\u00eda<\/h2>\n\n<p>De hecho, es muy doloroso y agotador presenciar a un miembro de la familia o un amigo pasar por el problema del juego.\nNo se puede cambiar al alcoh\u00f3lico, pero hay estrategias que se pueden emplear para ayudar al alcoh\u00f3lico en su b\u00fasqueda del cambio. <\/p>\n\n<p>Es necesario conocer la informaci\u00f3n sobre la ludopat\u00eda y las consecuencias de la misma.\nUna vez que conozca los s\u00edntomas, al menos podr\u00e1 identificar cu\u00e1ndo su ser querido est\u00e1 en peligro o necesita ayuda.\nAseg\u00farate de escucharlos y dejar que hablen de sus problemas sin anteponerlos ni amenazarlos de ninguna manera.  <\/p>\n\n<p>Ayude a su ser querido a consultar a un m\u00e9dico o psic\u00f3logo o \u00fanase a grupos de apoyo de personas con problemas similares de juego.\nPuedes ofrecerte como voluntario para ayudar con la b\u00fasqueda de materiales o ir a reuniones con ellos si les parece bien.\nD\u00edgales que no es vergonzoso pedir ayuda, ya que en realidad es una decisi\u00f3n poderosa y saludable.  <\/p>\n\n<p>Recuerda que lidiar con un problema con el juego no es f\u00e1cil, as\u00ed que no te olvides de ti mismo y de aquellos que pueden ayudarte, por ejemplo, amigos o profesionales.\nPor lo tanto, somos capaces de dar la calidez y la compasi\u00f3n que se requieren para la curaci\u00f3n de nuestros seres queridos. <\/p>\n\n<h2 class=\"wp-block-heading\">Autoexclusi\u00f3n<\/h2>\n\n<p>La opci\u00f3n de autoexclusi\u00f3n es una excelente opci\u00f3n para todos los que se dan cuenta de que tienen un problema con el juego.\nLe ayuda a establecer sus l\u00edmites y alejarse de las actividades de juego, ya que tiene el poder de hacerlo voluntariamente. <\/p>\n\n<p>La autoexclusi\u00f3n puede definirse como un mecanismo que ayuda a limitar el acceso a los sitios de apuestas en l\u00ednea y\/o a los operadores de apuestas terrestres durante un per\u00edodo determinado.\nEsto te ayudar\u00e1 a tomarte un tiempo libre, reflexionar sobre tus actividades de juego y tal vez considerar si tienes un problema o no y, si lo tienes, buscar ayuda.\nLa autoexclusi\u00f3n es una forma de comenzar el proceso de gesti\u00f3n del propio comportamiento e iniciar el proceso de cambio de manera positiva.\nEs importante tener en cuenta que no tienes que hacer esto solo, existen herramientas que pueden ayudarte.    \u00a1Mantente fuerte!<\/p>\n\n<h2 class=\"wp-block-heading\">\u00bfC\u00f3mo controlan las casas de apuestas el juego?<\/h2>\n\n<p>Esto es algo que las casas de apuestas aprecian plenamente y, como resultado, brindan a sus clientes varias medidas que se pueden tomar para limitar el juego.\nUna de estas herramientas es el establecimiento de l\u00edmites de dep\u00f3sito, mediante el cual puede proporcionar un l\u00edmite m\u00e1ximo de la cantidad que se le permite depositar dentro de un per\u00edodo de tiempo establecido.\nEsto le ayuda a cumplir con el presupuesto establecido y\/o a evitar gastos excesivos.  <\/p>\n\n<p>Otra caracter\u00edstica rica es la posibilidad de establecer los l\u00edmites de las apuestas, lo que significa que el jugador puede poner restricciones sobre la cantidad m\u00e1xima de dinero que se puede apostar dentro de un cierto per\u00edodo de tiempo.\nDe esta manera, no hay gastos imprudentes o excesivos en los juegos, ya que el dinero se divide en ciertas porciones.\nAdem\u00e1s, numerosas casas de apuestas ofrecen controles de realidad, que son mensajes que la casa de apuestas env\u00eda al usuario en los intervalos que elija para recordarle el tiempo que pas\u00f3 en el sitio web.\nEstas son buenas pistas para que reflexiones sobre c\u00f3mo te est\u00e1 yendo en el juego y si necesitas pausar el juego.   <\/p>\n\n<p>Entonces, mediante el uso de tales herramientas, las casas de apuestas intentan ayudar a los usuarios de sus servicios a establecer ciertos l\u00edmites y controlar el nivel de las actividades de juego.<\/p>\n\n<h2 class=\"wp-block-heading\">\u00bfC\u00f3mo buscar ayuda para los problemas de juego?<\/h2>\n\n<p>Si usted o alguien que conoce tiene un problema con el juego, debe saber que hay ayuda disponible.\nMuchas organizaciones e incluso organizaciones ben\u00e9ficas se enfocan en ayudar a las personas a lidiar con la adicci\u00f3n al juego y obtener la ayuda necesaria. <\/p>\n\n<p>Otra organizaci\u00f3n de este tipo es Jugadores An\u00f3nimos, que es una comunidad de hombres y mujeres que se han reunido para ayudarse mutuamente y compartir experiencia, fuerza y esperanza y para encontrar un camino hacia la recuperaci\u00f3n.\nPor lo tanto, los participantes pueden obtener el apoyo y la comprensi\u00f3n de otras personas que pasaron por los mismos problemas. <\/p>\n\n<p>Adem\u00e1s, tambi\u00e9n hay l\u00edneas directas a las que se puede recurrir en busca de ayuda, como la de Jugadores An\u00f3nimos.\nEstas l\u00edneas directas brindan informaci\u00f3n, atenci\u00f3n y asistencia, y ayuda en forma de derivar a la persona que llama a un profesional para el tratamiento de los problemas con el juego.\nEs importante buscar ayuda lo antes posible si usted o alguien que conoce la necesita, el hecho es que no est\u00e1 solo en esta lucha por la curaci\u00f3n.  <\/p>\n\n<h2 class=\"wp-block-heading\">Herramientas de juego responsable de las casas de apuestas<\/h2>\n\n<p>Con el fin de respaldar la idea de un juego adecuado y seguro, y para ayudar a los usuarios a controlar su juego, la mayor\u00eda de las casas de apuestas y sitios de apuestas ofrecen ciertas funciones y herramientas.\nEstos son instrumentos que se utilizan para permitir que el individuo imponga restricciones a su juego y se tome un tiempo libre del juego si as\u00ed lo desea. <\/p>\n\n<p>Una de esas herramientas es la funci\u00f3n de autoexclusi\u00f3n. Esto permite a los jugadores excluirse voluntariamente del acceso a sus cuentas durante un per\u00edodo de tiempo espec\u00edfico, que va desde d\u00edas hasta meses o incluso a\u00f1os. Durante este per\u00edodo de exclusi\u00f3n, los jugadores no podr\u00e1n realizar apuestas ni acceder a ning\u00fan servicio de juego en la plataforma.<\/p>\n\n<p>Otro instrumento \u00fatil es la opci\u00f3n de establecer los l\u00edmites de dep\u00f3sito.\nDe esta manera, los clientes pueden decidir cu\u00e1nto dinero les gustar\u00eda poner en la cuenta en un per\u00edodo determinado, puede ser diario, semanal o mensual.\nUna vez alcanzado el l\u00edmite estipulado, no pueden depositar m\u00e1s dinero hasta que se haya respetado el tiempo dado.  <\/p>\n\n<p>Por \u00faltimo, es crucial saber que la lista de herramientas de juego responsable puede ser diferente para cada casa de apuestas que ofrece sus servicios en l\u00ednea.\nEstas son algunas de las opciones que los apostadores deben probar y aprender a utilizar en sus apuestas dependiendo de sus preferencias. <\/p>\n","protected":false},"excerpt":{"rendered":"<p>Consejos de juego responsable: En esta entrada del blog, hablaremos de las posibles indicaciones de la ludopat\u00eda de la persona afectada o de alguien que conocemos, y detalles sobre las medidas de autoexclusi\u00f3n. Tambi\u00e9n revisaremos las soluciones que brindan las casas de apuestas para regular su juego y algunas organizaciones que pueden ayudarlo si tiene [&hellip;]<\/p>\n","protected":false},"author":1,"featured_media":0,"parent":0,"menu_order":0,"comment_status":"closed","ping_status":"closed","template":"","meta":{"inline_featured_image":false,"_uag_custom_page_level_css":"","site-sidebar-layout":"default","site-content-layout":"","ast-site-content-layout":"default","site-content-style":"default","site-sidebar-style":"default","ast-global-header-display":"","ast-banner-title-visibility":"","ast-main-header-display":"","ast-hfb-above-header-display":"","ast-hfb-below-header-display":"","ast-hfb-mobile-header-display":"","site-post-title":"","ast-breadcrumbs-content":"","ast-featured-img":"","footer-sml-layout":"","ast-disable-related-posts":"","theme-transparent-header-meta":"","adv-header-id-meta":"","stick-header-meta":"","header-above-stick-meta":"","header-main-stick-meta":"","header-below-stick-meta":"","astra-migrate-meta-layouts":"default","ast-page-background-enabled":"default","ast-page-background-meta":{"desktop":{"background-color":"var(--ast-global-color-4)","background-image":"","background-repeat":"repeat","background-position":"center center","background-size":"auto","background-attachment":"scroll","background-type":"","background-media":"","overlay-type":"","overlay-color":"","overlay-opacity":"","overlay-gradient":""},"tablet":{"background-color":"","background-image":"","background-repeat":"repeat","background-position":"center center","background-size":"auto","background-attachment":"scroll","background-type":"","background-media":"","overlay-type":"","overlay-color":"","overlay-opacity":"","overlay-gradient":""},"mobile":{"background-color":"","background-image":"","background-repeat":"repeat","background-position":"center center","background-size":"auto","background-attachment":"scroll","background-type":"","background-media":"","overlay-type":"","overlay-color":"","overlay-opacity":"","overlay-gradient":""}},"ast-content-background-meta":{"desktop":{"background-color":"var(--ast-global-color-5)","background-image":"","background-repeat":"repeat","background-position":"center center","background-size":"auto","background-attachment":"scroll","background-type":"","background-media":"","overlay-type":"","overlay-color":"","overlay-opacity":"","overlay-gradient":""},"tablet":{"background-color":"var(--ast-global-color-5)","background-image":"","background-repeat":"repeat","background-position":"center center","background-size":"auto","background-attachment":"scroll","background-type":"","background-media":"","overlay-type":"","overlay-color":"","overlay-opacity":"","overlay-gradient":""},"mobile":{"background-color":"var(--ast-global-color-5)","background-image":"","background-repeat":"repeat","background-position":"center center","background-size":"auto","background-attachment":"scroll","background-type":"","background-media":"","overlay-type":"","overlay-color":"","overlay-opacity":"","overlay-gradient":""}},"footnotes":""},"class_list":["post-15454","page","type-page","status-publish","hentry"],"aioseo_notices":[],"acf":[],"uagb_featured_image_src":{"full":false,"thumbnail":false,"medium":false,"medium_large":false,"large":false,"1536x1536":false,"2048x2048":false},"uagb_author_info":{"display_name":"\u545c\u545c\u545c","author_link":"https:\/\/vvvvu.com\/es\/author\/vvvvu\/"},"uagb_comment_info":0,"uagb_excerpt":"Consejos de juego responsable: En esta entrada del blog, hablaremos de las posibles indicaciones de la ludopat\u00eda de la persona afectada o de alguien que conocemos, y detalles sobre las medidas de autoexclusi\u00f3n. Tambi\u00e9n revisaremos las soluciones que brindan las casas de apuestas para regular su juego y algunas organizaciones que pueden ayudarlo si tiene&hellip;","_links":{"self":[{"href":"https:\/\/vvvvu.com\/es\/wp-json\/wp\/v2\/pages\/15454","targetHints":{"allow":["GET"]}}],"collection":[{"href":"https:\/\/vvvvu.com\/es\/wp-json\/wp\/v2\/pages"}],"about":[{"href":"https:\/\/vvvvu.com\/es\/wp-json\/wp\/v2\/types\/page"}],"author":[{"embeddable":true,"href":"https:\/\/vvvvu.com\/es\/wp-json\/wp\/v2\/users\/1"}],"replies":[{"embeddable":true,"href":"https:\/\/vvvvu.com\/es\/wp-json\/wp\/v2\/comments?post=15454"}],"version-history":[{"count":2,"href":"https:\/\/vvvvu.com\/es\/wp-json\/wp\/v2\/pages\/15454\/revisions"}],"predecessor-version":[{"id":111702,"href":"https:\/\/vvvvu.com\/es\/wp-json\/wp\/v2\/pages\/15454\/revisions\/111702"}],"wp:attachment":[{"href":"https:\/\/vvvvu.com\/es\/wp-json\/wp\/v2\/media?parent=15454"}],"curies":[{"name":"wp","href":"https:\/\/api.w.org\/{rel}","templated":true}]}}