{"id":15356,"date":"2023-09-15T01:38:28","date_gmt":"2023-09-15T01:38:28","guid":{"rendered":"https:\/\/vvvvu.com\/contacto\/"},"modified":"2024-07-24T03:37:06","modified_gmt":"2024-07-24T03:37:06","slug":"contacto","status":"publish","type":"page","link":"https:\/\/vvvvu.com\/es\/contacto\/","title":{"rendered":"Contacto"},"content":{"rendered":"\n<p>En este sitio web, lo ayudaremos a aprovechar al m\u00e1ximo sus actividades de apuestas, ya sea que sea nuevo en las apuestas deportivas en l\u00ednea o que lo haya estado haciendo durante bastante tiempo.\nPara m\u00e1s comentarios o cualquier pregunta sobre este manual, por favor, env\u00ede un correo electr\u00f3nico a support@vvvvu.  COM.<\/p>\n\n<p>Se dar\u00e1 cuenta de que las casas de apuestas y los sitios de apuestas no son f\u00e1ciles de conseguir y es por eso que nos esforzamos por garantizar que la informaci\u00f3n que brindamos al p\u00fablico involucre varios tipos de apuestas y probabilidades, as\u00ed como casinos.\nPodr\u00e1 identificar f\u00e1cilmente la mejor casa de apuestas o sitio de apuestas a trav\u00e9s de nuestra revisi\u00f3n. <\/p>\n\n<p>\u00a1Valoramos sus opiniones y nos encantar\u00eda saber de ustedes, nuestros lectores!\nEs un placer para nosotros recibir sus comentarios o consultas sobre nuestros consejos de apuestas en este sitio web.\nEs por eso que nuestro servicio de atenci\u00f3n al cliente siempre est\u00e1 preparado para ayudarlo a elegir las formas m\u00e1s eficientes de realizar sus apuestas deportivas.\nBienvenido a vvvvu, estamos contentos de tenerte aqu\u00ed con nosotros.\n\u00a1Gu\u00eda de apuestas de com!    <\/p>\n\n<p>Si usted es un corredor de apuestas o un sitio de apuestas y est\u00e1 interesado en ponerse en contacto con nosotros, puede utilizar la siguiente direcci\u00f3n de correo electr\u00f3nico: Estimado [support@vvvvv. com].\nPor favor, espere nuestra respuesta. <\/p>\n\n<p>Por esta raz\u00f3n, estamos constantemente buscando una manera de hacer que nuestra gu\u00eda sea a\u00fan mejor para usted.\nPara cualquier otra pregunta o si desea sugerir algo, le invitamos a contactarnos a trav\u00e9s de nuestro correo electr\u00f3nico.  \u00a1Agradecemos sus comentarios!<\/p>\n\n<p>Estimado cliente, \u00a1gracias por elegir  <a href=\"https:\/\/vvvvu.com\/es\/\" title=\"vvvvu. COM\"><\/a><a href=\"https:\/\/vvvvu.com\/es\/\">vvvvu.<\/a> COM  \u00a1Sitios de apuestas de casas de apuestas!<\/p>\n\n<div class=\"wp-block-uagb-forms uagb-forms__outer-wrap uagb-block-c9f82a45 uagb-forms__medium-btn\"><form class=\"uagb-forms-main-form\" method=\"post\" autocomplete=\"on\" name=\"uagb-form-c9f82a45\">\n<div class=\"wp-block-uagb-forms-name uagb-forms-name-wrap uagb-forms-field-set uagb-block-6bab554d\"><div class=\"uagb-forms-name-label required uagb-forms-input-label\" id=\"6bab554d\">Nombre<\/div><input type=\"text\" placeholder=\"Sota\" required=\"\" class=\"uagb-forms-name-input uagb-forms-input\" name=\"6bab554d\" autocomplete=\"given-name\"><\/div>\n\n\n\n<div class=\"wp-block-uagb-forms-name uagb-forms-name-wrap uagb-forms-field-set uagb-block-8e2685f4\"><div class=\"uagb-forms-name-label required uagb-forms-input-label\" id=\"8e2685f4\">Apellido<\/div><input type=\"text\" placeholder=\"Smith\" required=\"\" class=\"uagb-forms-name-input uagb-forms-input\" name=\"8e2685f4\" autocomplete=\"family-name\"><\/div>\n\n\n\n<div class=\"wp-block-uagb-forms-email uagb-forms-email-wrap uagb-forms-field-set uagb-block-f87989c2\"><div class=\"uagb-forms-email-label uagb-forms-input-label\" id=\"f87989c2\">Correo electr\u00f3nico<\/div><input type=\"email\" class=\"uagb-forms-email-input uagb-forms-input\" placeholder=\"example@mail.com\" name=\"f87989c2\" autocomplete=\"email\"><\/div>\n\n\n\n<div class=\"wp-block-uagb-forms-textarea uagb-forms-textarea-wrap uagb-forms-field-set uagb-block-4bcf3afe\"><div class=\"uagb-forms-textarea-label required uagb-forms-input-label\" id=\"4bcf3afe\">Mensaje<\/div><textarea required=\"\" class=\"uagb-forms-textarea-input uagb-forms-input\" rows=\"4\" placeholder=\"Escriba su mensaje\" name=\"4bcf3afe\" autocomplete=\"off\"><\/textarea><\/div>\n<div class=\"uagb-forms-form-hidden-data\"><input type=\"hidden\" class=\"uagb_forms_form_label\" value=\"Spectra Form\"\/><input type=\"hidden\" class=\"uagb_forms_form_id\" value=\"uagb-form-c9f82a45\"\/><\/div><div class=\"uagb-form-reacaptcha-error-c9f82a45\"><\/div><div class=\"uagb-forms-main-submit-button-wrap wp-block-button\"><button class=\"uagb-forms-main-submit-button wp-block-button__link\"><div class=\"uagb-forms-main-submit-button-text\">Enviar<\/div><\/button><\/div><\/form><div class=\"uagb-forms-success-message-c9f82a45 uagb-forms-submit-message-hide\"><span>Submission has been successful!<\/span><\/div><div class=\"uagb-forms-failed-message-c9f82a45 uagb-forms-submit-message-hide\"><span>There has been some error while submitting the form. Please verify all form fields again.<\/span><\/div><\/div>\n","protected":false},"excerpt":{"rendered":"<p>En este sitio web, lo ayudaremos a aprovechar al m\u00e1ximo sus actividades de apuestas, ya sea que sea nuevo en las apuestas deportivas en l\u00ednea o que lo haya estado haciendo durante bastante tiempo. Para m\u00e1s comentarios o cualquier pregunta sobre este manual, por favor, env\u00ede un correo electr\u00f3nico a support@vvvvu. COM. Se dar\u00e1 cuenta [&hellip;]<\/p>\n","protected":false},"author":1,"featured_media":0,"parent":0,"menu_order":0,"comment_status":"closed","ping_status":"closed","template":"","meta":{"inline_featured_image":false,"_uag_custom_page_level_css":"","site-sidebar-layout":"default","site-content-layout":"","ast-site-content-layout":"default","site-content-style":"default","site-sidebar-style":"default","ast-global-header-display":"","ast-banner-title-visibility":"","ast-main-header-display":"","ast-hfb-above-header-display":"","ast-hfb-below-header-display":"","ast-hfb-mobile-header-display":"","site-post-title":"","ast-breadcrumbs-content":"","ast-featured-img":"","footer-sml-layout":"","ast-disable-related-posts":"","theme-transparent-header-meta":"","adv-header-id-meta":"","stick-header-meta":"","header-above-stick-meta":"","header-main-stick-meta":"","header-below-stick-meta":"","astra-migrate-meta-layouts":"default","ast-page-background-enabled":"default","ast-page-background-meta":{"desktop":{"background-color":"var(--ast-global-color-4)","background-image":"","background-repeat":"repeat","background-position":"center center","background-size":"auto","background-attachment":"scroll","background-type":"","background-media":"","overlay-type":"","overlay-color":"","overlay-opacity":"","overlay-gradient":""},"tablet":{"background-color":"","background-image":"","background-repeat":"repeat","background-position":"center center","background-size":"auto","background-attachment":"scroll","background-type":"","background-media":"","overlay-type":"","overlay-color":"","overlay-opacity":"","overlay-gradient":""},"mobile":{"background-color":"","background-image":"","background-repeat":"repeat","background-position":"center center","background-size":"auto","background-attachment":"scroll","background-type":"","background-media":"","overlay-type":"","overlay-color":"","overlay-opacity":"","overlay-gradient":""}},"ast-content-background-meta":{"desktop":{"background-color":"var(--ast-global-color-5)","background-image":"","background-repeat":"repeat","background-position":"center center","background-size":"auto","background-attachment":"scroll","background-type":"","background-media":"","overlay-type":"","overlay-color":"","overlay-opacity":"","overlay-gradient":""},"tablet":{"background-color":"var(--ast-global-color-5)","background-image":"","background-repeat":"repeat","background-position":"center center","background-size":"auto","background-attachment":"scroll","background-type":"","background-media":"","overlay-type":"","overlay-color":"","overlay-opacity":"","overlay-gradient":""},"mobile":{"background-color":"var(--ast-global-color-5)","background-image":"","background-repeat":"repeat","background-position":"center center","background-size":"auto","background-attachment":"scroll","background-type":"","background-media":"","overlay-type":"","overlay-color":"","overlay-opacity":"","overlay-gradient":""}},"footnotes":""},"class_list":["post-15356","page","type-page","status-publish","hentry"],"aioseo_notices":[],"acf":[],"uagb_featured_image_src":{"full":false,"thumbnail":false,"medium":false,"medium_large":false,"large":false,"1536x1536":false,"2048x2048":false},"uagb_author_info":{"display_name":"\u545c\u545c\u545c","author_link":"https:\/\/vvvvu.com\/es\/author\/vvvvu\/"},"uagb_comment_info":0,"uagb_excerpt":"En este sitio web, lo ayudaremos a aprovechar al m\u00e1ximo sus actividades de apuestas, ya sea que sea nuevo en las apuestas deportivas en l\u00ednea o que lo haya estado haciendo durante bastante tiempo. Para m\u00e1s comentarios o cualquier pregunta sobre este manual, por favor, env\u00ede un correo electr\u00f3nico a support@vvvvu. COM. Se dar\u00e1 cuenta&hellip;","_links":{"self":[{"href":"https:\/\/vvvvu.com\/es\/wp-json\/wp\/v2\/pages\/15356","targetHints":{"allow":["GET"]}}],"collection":[{"href":"https:\/\/vvvvu.com\/es\/wp-json\/wp\/v2\/pages"}],"about":[{"href":"https:\/\/vvvvu.com\/es\/wp-json\/wp\/v2\/types\/page"}],"author":[{"embeddable":true,"href":"https:\/\/vvvvu.com\/es\/wp-json\/wp\/v2\/users\/1"}],"replies":[{"embeddable":true,"href":"https:\/\/vvvvu.com\/es\/wp-json\/wp\/v2\/comments?post=15356"}],"version-history":[{"count":2,"href":"https:\/\/vvvvu.com\/es\/wp-json\/wp\/v2\/pages\/15356\/revisions"}],"predecessor-version":[{"id":111347,"href":"https:\/\/vvvvu.com\/es\/wp-json\/wp\/v2\/pages\/15356\/revisions\/111347"}],"wp:attachment":[{"href":"https:\/\/vvvvu.com\/es\/wp-json\/wp\/v2\/media?parent=15356"}],"curies":[{"name":"wp","href":"https:\/\/api.w.org\/{rel}","templated":true}]}}