{"id":14491,"date":"2023-07-13T13:30:48","date_gmt":"2023-07-13T13:30:48","guid":{"rendered":"https:\/\/vvvvu.com\/sobre-nosotros\/"},"modified":"2024-07-24T01:54:47","modified_gmt":"2024-07-24T01:54:47","slug":"sobre-nosotros","status":"publish","type":"page","link":"https:\/\/vvvvu.com\/es\/sobre-nosotros\/","title":{"rendered":"Sobre nosotros"},"content":{"rendered":"\n<h2 class=\"wp-block-heading\">Bienvenido al mejor sitio de apuestas deportivas.<\/h2>\n\n<p>Esta es su fuente n\u00famero uno de informaci\u00f3n sobre todo lo relacionado con las apuestas. Estamos comprometidos a brindarle lo mejor [gaming site], centr\u00e1ndonos en [booking company betting offers], [best online casino], y [gaming site bonuses].<\/p>\n\n<p>El mejor sitio de apuestas deportivas fue fundado por vvvvu.com, y ha recorrido un largo camino desde entonces [European betting company]. Cuando comenzaron los juegos de azar europeos, nuestro entusiasmo por la informaci\u00f3n de la marca de apuestas, como los sitios de apuestas. El trabajo diario de bonos de apuestas, mucha investigaci\u00f3n, etc., para que los mejores sitios de apuestas deportivas puedan proporcionarle una ventaja competitiva: muchos bonos de registro de nuevos clientes. Ahora servimos a los clientes de los casinos deportivos y estamos muy contentos. Somos capaces de transferir nuestro entusiasmo. Esfu\u00e9rzate por servir a los entusiastas de las apuestas globales.<\/p>\n\n<p>Si desea nuestra informaci\u00f3n de productos, al igual que le gusta proporcionarla. Si tiene alguna pregunta o comentario, no dude en ponerse en contacto con<\/p>\n\n<h2 class=\"wp-block-heading\">Sinceramente<\/h2>\n\n<p>Dar apoyo y amor, gracias por visitar nuestro sitio web<\/p>\n","protected":false},"excerpt":{"rendered":"<p>Bienvenido al mejor sitio de apuestas deportivas. Esta es su fuente n\u00famero uno de informaci\u00f3n sobre todo lo relacionado con las apuestas. Estamos comprometidos a brindarle lo mejor [gaming site], centr\u00e1ndonos en [booking company betting offers], [best online casino], y [gaming site bonuses]. El mejor sitio de apuestas deportivas fue fundado por vvvvu.com, y ha [&hellip;]<\/p>\n","protected":false},"author":1,"featured_media":0,"parent":0,"menu_order":0,"comment_status":"closed","ping_status":"open","template":"","meta":{"inline_featured_image":false,"_uag_custom_page_level_css":"","site-sidebar-layout":"default","site-content-layout":"","ast-site-content-layout":"default","site-content-style":"default","site-sidebar-style":"default","ast-global-header-display":"","ast-banner-title-visibility":"","ast-main-header-display":"","ast-hfb-above-header-display":"","ast-hfb-below-header-display":"","ast-hfb-mobile-header-display":"","site-post-title":"","ast-breadcrumbs-content":"","ast-featured-img":"","footer-sml-layout":"","ast-disable-related-posts":"","theme-transparent-header-meta":"","adv-header-id-meta":"","stick-header-meta":"","header-above-stick-meta":"","header-main-stick-meta":"","header-below-stick-meta":"","astra-migrate-meta-layouts":"default","ast-page-background-enabled":"default","ast-page-background-meta":{"desktop":{"background-color":"var(--ast-global-color-4)","background-image":"","background-repeat":"repeat","background-position":"center center","background-size":"auto","background-attachment":"scroll","background-type":"","background-media":"","overlay-type":"","overlay-color":"","overlay-opacity":"","overlay-gradient":""},"tablet":{"background-color":"","background-image":"","background-repeat":"repeat","background-position":"center center","background-size":"auto","background-attachment":"scroll","background-type":"","background-media":"","overlay-type":"","overlay-color":"","overlay-opacity":"","overlay-gradient":""},"mobile":{"background-color":"","background-image":"","background-repeat":"repeat","background-position":"center center","background-size":"auto","background-attachment":"scroll","background-type":"","background-media":"","overlay-type":"","overlay-color":"","overlay-opacity":"","overlay-gradient":""}},"ast-content-background-meta":{"desktop":{"background-color":"var(--ast-global-color-5)","background-image":"","background-repeat":"repeat","background-position":"center center","background-size":"auto","background-attachment":"scroll","background-type":"","background-media":"","overlay-type":"","overlay-color":"","overlay-opacity":"","overlay-gradient":""},"tablet":{"background-color":"var(--ast-global-color-5)","background-image":"","background-repeat":"repeat","background-position":"center center","background-size":"auto","background-attachment":"scroll","background-type":"","background-media":"","overlay-type":"","overlay-color":"","overlay-opacity":"","overlay-gradient":""},"mobile":{"background-color":"var(--ast-global-color-5)","background-image":"","background-repeat":"repeat","background-position":"center center","background-size":"auto","background-attachment":"scroll","background-type":"","background-media":"","overlay-type":"","overlay-color":"","overlay-opacity":"","overlay-gradient":""}},"footnotes":""},"class_list":["post-14491","page","type-page","status-publish","hentry"],"aioseo_notices":[],"acf":[],"uagb_featured_image_src":{"full":false,"thumbnail":false,"medium":false,"medium_large":false,"large":false,"1536x1536":false,"2048x2048":false},"uagb_author_info":{"display_name":"\u545c\u545c\u545c","author_link":"https:\/\/vvvvu.com\/es\/author\/vvvvu\/"},"uagb_comment_info":0,"uagb_excerpt":"Bienvenido al mejor sitio de apuestas deportivas. Esta es su fuente n\u00famero uno de informaci\u00f3n sobre todo lo relacionado con las apuestas. Estamos comprometidos a brindarle lo mejor [gaming site], centr\u00e1ndonos en [booking company betting offers], [best online casino], y [gaming site bonuses]. El mejor sitio de apuestas deportivas fue fundado por vvvvu.com, y ha&hellip;","_links":{"self":[{"href":"https:\/\/vvvvu.com\/es\/wp-json\/wp\/v2\/pages\/14491","targetHints":{"allow":["GET"]}}],"collection":[{"href":"https:\/\/vvvvu.com\/es\/wp-json\/wp\/v2\/pages"}],"about":[{"href":"https:\/\/vvvvu.com\/es\/wp-json\/wp\/v2\/types\/page"}],"author":[{"embeddable":true,"href":"https:\/\/vvvvu.com\/es\/wp-json\/wp\/v2\/users\/1"}],"replies":[{"embeddable":true,"href":"https:\/\/vvvvu.com\/es\/wp-json\/wp\/v2\/comments?post=14491"}],"version-history":[{"count":5,"href":"https:\/\/vvvvu.com\/es\/wp-json\/wp\/v2\/pages\/14491\/revisions"}],"predecessor-version":[{"id":111054,"href":"https:\/\/vvvvu.com\/es\/wp-json\/wp\/v2\/pages\/14491\/revisions\/111054"}],"wp:attachment":[{"href":"https:\/\/vvvvu.com\/es\/wp-json\/wp\/v2\/media?parent=14491"}],"curies":[{"name":"wp","href":"https:\/\/api.w.org\/{rel}","templated":true}]}}