{"id":14475,"date":"2023-07-13T13:30:48","date_gmt":"2023-07-13T13:30:48","guid":{"rendered":"https:\/\/vvvvu.com\/condiciones-generales\/"},"modified":"2024-07-24T07:48:23","modified_gmt":"2024-07-24T07:48:23","slug":"terminos-y-condiciones","status":"publish","type":"page","link":"https:\/\/vvvvu.com\/es\/terminos-y-condiciones\/","title":{"rendered":"T\u00e9rminos y condiciones"},"content":{"rendered":"\n<p>\u00a1Bienvenido al mejor sitio de apuestas deportivas!<\/p>\n\n<p>Estos t\u00e9rminos y condiciones describen las reglas y regulaciones para el uso del sitio web de VVVVU.COM &#8211; Best Sports Betting Site, ubicado en https:\/\/www.vvvvu.com\/.<\/p>\n\n<p>Al acceder a este sitio web, asumimos que acepta estos t\u00e9rminos y condiciones. No contin\u00fae utilizando Best Sports Betting Site si no acepta aceptar todos los t\u00e9rminos y condiciones establecidos en esta p\u00e1gina.<\/p>\n\n<p>La siguiente terminolog\u00eda se aplica a estos T\u00e9rminos y Condiciones, a la Declaraci\u00f3n de Privacidad y al Aviso de Exenci\u00f3n de Responsabilidad y a todos los Acuerdos: \u00abCliente\u00bb, \u00abUsted\u00bb y \u00abSu\u00bb se refiere a usted, la persona que se registra en este sitio web y que cumple con los t\u00e9rminos y condiciones de la Compa\u00f1\u00eda. \u00abLa empresa\u00bb, \u00abNosotros\u00bb, \u00abNuestro\u00bb y \u00abNos\u00bb, se refiere a nuestra empresa. \u00abParte\u00bb, \u00abPartes\u00bb o \u00abNosotros\u00bb, se refiere tanto al Cliente como a nosotros. Todos los t\u00e9rminos se refieren a la oferta, la aceptaci\u00f3n y la consideraci\u00f3n del pago necesario para llevar a cabo el proceso de nuestra asistencia al Cliente de la manera m\u00e1s adecuada con el prop\u00f3sito expreso de satisfacer las necesidades del Cliente con respecto a la prestaci\u00f3n de los servicios indicados de la Compa\u00f1\u00eda, de acuerdo con y sujeto a la legislaci\u00f3n vigente de los Pa\u00edses Bajos. Cualquier uso de la terminolog\u00eda anterior u otras palabras en singular, plural, may\u00fasculas y\/o \u00e9l\/ella o ellos, se consideran intercambiables y, por lo tanto, se refieren a lo mismo.<\/p>\n\n<h3 class=\"wp-block-heading\">\n          <strong>Galletas<\/strong>\n        <\/h3>\n\n<p>Utilizamos cookies. Al acceder al sitio de apuestas deportivas de Best Sports, usted acepta utilizar cookies de acuerdo con la Pol\u00edtica de privacidad de VVVVU.COM &#8211; Best Sports Betting Site.<\/p>\n\n<p>La mayor\u00eda de los sitios web interactivos utilizan cookies para permitirnos recuperar los datos del usuario en cada visita. Nuestro sitio web utiliza cookies para permitir la funcionalidad de ciertas \u00e1reas para facilitar a las personas que visitan nuestro sitio web. Algunos de nuestros socios afiliados\/publicitarios tambi\u00e9n pueden utilizar cookies.<\/p>\n\n<h3 class=\"wp-block-heading\">\n          <strong>Licencia<\/strong>\n        <\/h3>\n\n<p>A menos que se indique lo contrario, VVVVU.COM &#8211; Best Sports Betting Site y \/ o sus licenciantes poseen los derechos de propiedad intelectual de todo el material en Best Sports Betting Site. Todos los derechos de propiedad intelectual est\u00e1n reservados. Puede acceder a esto desde Best Sports Betting Site para su uso personal sujeto a las restricciones establecidas en estos t\u00e9rminos y condiciones.<\/p>\n\n<p>No debes:<\/p>\n\n<ul class=\"wp-block-list\">\n<li>Vuelva a publicar material del mejor sitio de apuestas deportivas<\/li>\n\n\n\n<li>Vender, alquilar o sublicenciar material del mejor sitio de apuestas deportivas<\/li>\n\n\n\n<li>Reproducir, duplicar o copiar material del mejor sitio de apuestas deportivas<\/li>\n\n\n\n<li>Redistribuir contenido del mejor sitio de apuestas deportivas<\/li>\n<\/ul>\n\n<p>El presente Acuerdo comenzar\u00e1 en la fecha del mismo.<\/p>\n\n<p>Algunas partes de este sitio web ofrecen la oportunidad de que los usuarios publiquen e intercambien opiniones e informaci\u00f3n en ciertas \u00e1reas del sitio web. VVVVU.COM &#8211; Best Sports Betting Site no filtra, edita, publica ni revisa los comentarios antes de su presencia en el sitio web.\nLos comentarios no reflejan los puntos de vista y opiniones de VVVVU.COM &#8211; Best Sports Betting Site, sus agentes y\/o afiliados.  Los comentarios reflejan los puntos de vista y las opiniones de la persona que los publica. En la medida permitida por las leyes aplicables, VVVVU.COM &#8211; Best Sports Betting Site no ser\u00e1 responsable de los Comentarios ni de ninguna responsabilidad, da\u00f1o o gasto causado y \/ o sufrido como resultado de cualquier uso y \/ o publicaci\u00f3n y \/ o aparici\u00f3n de los Comentarios en este sitio web.<\/p>\n\n<p>VVVVU.COM &#8211; Best Sports Betting Site se reserva el derecho de monitorear todos los Comentarios y eliminar cualquier Comentario que pueda considerarse inapropiado, ofensivo o que cause incumplimiento de estos T\u00e9rminos y Condiciones.<\/p>\n\n<p>Usted garantiza y declara que:<\/p>\n\n<ul class=\"wp-block-list\">\n<li>Usted tiene derecho a publicar los Comentarios en nuestro sitio web y tiene todas las licencias y consentimientos necesarios para hacerlo;<\/li>\n\n\n\n<li>Los comentarios no invaden ning\u00fan derecho de propiedad intelectual, incluidos, sin limitaci\u00f3n, los derechos de autor, las patentes o las marcas comerciales de terceros;<\/li>\n\n\n\n<li>Los Comentarios no contienen ning\u00fan material difamatorio, calumnioso, ofensivo, indecente o ilegal que suponga una invasi\u00f3n de la intimidad.<\/li>\n\n\n\n<li>Los comentarios no se utilizar\u00e1n para solicitar o promover negocios o costumbres o presentar actividades comerciales o il\u00edcitas.<\/li>\n<\/ul>\n\n<p>Por la presente, usted otorga a VVVVU.COM &#8211; Best Sports Betting Site una licencia no exclusiva para usar, reproducir, editar y autorizar a otros a usar, reproducir y editar cualquiera de sus Comentarios en todas y cada una de las formas, formatos o medios.<\/p>\n\n<h3 class=\"wp-block-heading\">\n          <strong>Hiperv\u00ednculos a nuestro contenido<\/strong>\n        <\/h3>\n\n<p>Las siguientes organizaciones pueden enlazar con nuestro sitio web sin necesidad de aprobaci\u00f3n previa por escrito:<\/p>\n\n<ul class=\"wp-block-list\">\n<li>Agencias gubernamentales;<\/li>\n\n\n\n<li>Motores de b\u00fasqueda;<\/li>\n\n\n\n<li>Organizaciones de noticias;<\/li>\n\n\n\n<li>Los distribuidores de directorios en l\u00ednea pueden enlazar con nuestro sitio web del mismo modo que lo hacen con los sitios web de otras empresas incluidas en la lista; y<\/li>\n\n\n\n<li>Empresas acreditadas en todo el sistema, excepto las organizaciones sin \u00e1nimo de lucro, los centros comerciales ben\u00e9ficos y los grupos de recaudaci\u00f3n de fondos ben\u00e9ficos, que no pueden establecer un hiperv\u00ednculo con nuestro sitio web.<\/li>\n<\/ul>\n\n<p>Estas organizaciones pueden enlazar a nuestra p\u00e1gina de inicio, a publicaciones o a otra informaci\u00f3n del sitio web siempre que el enlace: (a) no es de ninguna manera enga\u00f1osa; (b) no implica falsamente el patrocinio, el respaldo o la aprobaci\u00f3n de la parte que enlaza y de sus productos y\/o servicios; y (c) se ajusta al contexto del sitio de la parte enlazada.<\/p>\n\n<p>Podemos considerar y aprobar otras solicitudes de enlace de los siguientes tipos de organizaciones:<\/p>\n\n<ul class=\"wp-block-list\">\n<li>fuentes de informaci\u00f3n de consumidores y\/o empresas com\u00fanmente conocidas;<\/li>\n\n\n\n<li>dot.com sitios comunitarios;<\/li>\n\n\n\n<li>asociaciones u otros grupos que representen a organizaciones ben\u00e9ficas;<\/li>\n\n\n\n<li>distribuidores de directorios en l\u00ednea;<\/li>\n\n\n\n<li>Institutes;<\/li>\n\n\n\n<li>bufetes de contabilidad, derecho y consultor\u00eda; y<\/li>\n\n\n\n<li>instituciones educativas y asociaciones comerciales.<\/li>\n<\/ul>\n\n<p>Aprobaremos las solicitudes de enlace de estas organizaciones si decidimos que:\n(a) el v\u00ednculo no nos har\u00eda quedar en una imagen desfavorable de nosotros mismos o de nuestras empresas acreditadas;\n(b) la organizaci\u00f3n no tiene ning\u00fan registro negativo con nosotros;\n(c) el beneficio para nosotros de la visibilidad del hiperv\u00ednculo compensa la ausencia de VVVVU.COM &#8211; Best Sports Betting Site; y\n(d) el enlace se encuentra en el contexto de informaci\u00f3n general de recursos.    <\/p>\n\n<p>Estas organizaciones pueden enlazar a nuestra p\u00e1gina de inicio siempre y cuando el enlace: (a) no es de ninguna manera enga\u00f1osa; (b) no implique falsamente patrocinio, respaldo o aprobaci\u00f3n de la parte enlazante y sus productos o servicios; y (c) se ajusta al contexto del sitio de la parte enlazada.<\/p>\n\n<p>Si usted es una de las organizaciones enumeradas en el p\u00e1rrafo 2 anterior y est\u00e1 interesado en vincularse a nuestro sitio web, debe informarnos enviando un correo electr\u00f3nico a VVVVU.COM &#8211; Best Sports Betting Site.\nIncluya su nombre, el nombre de su organizaci\u00f3n, informaci\u00f3n de contacto, as\u00ed como la URL de su sitio, una lista de las URL desde las que tiene la intenci\u00f3n de vincularse a nuestro sitio web y una lista de las URL de nuestro sitio a las que le gustar\u00eda vincularse.\nEspere de 2 a 3 semanas para recibir una respuesta.  <\/p>\n\n<p>Las organizaciones aprobadas pueden hacer hiperv\u00ednculos a nuestro sitio web de la siguiente manera:<\/p>\n\n<ul class=\"wp-block-list\">\n<li>Mediante el uso de nuestro nombre corporativo; o<\/li>\n\n\n\n<li>Mediante el uso del localizador uniforme de recursos vinculado a; o<\/li>\n\n\n\n<li>Mediante el uso de cualquier otra descripci\u00f3n de nuestro sitio web vinculada a eso tiene sentido dentro del contexto y el formato del contenido en el sitio de la parte enlazante.<\/li>\n<\/ul>\n\n<p>No se permitir\u00e1 el uso del logotipo de VVVVU.COM &#8211; Best Sports Betting Site u otra obra de arte para vincular sin un acuerdo de licencia de marca registrada.<\/p>\n\n<h3 class=\"wp-block-heading\">\n          <strong>iFrames<\/strong>\n        <\/h3>\n\n<p>Sin la aprobaci\u00f3n previa y el permiso por escrito, usted no puede crear marcos alrededor de nuestras p\u00e1ginas web que alteren de alguna manera la presentaci\u00f3n visual o la apariencia de nuestro sitio web.<\/p>\n\n<h3 class=\"wp-block-heading\">\n          <strong>Responsabilidad por el contenido<\/strong>\n        <\/h3>\n\n<p>No seremos responsables de ning\u00fan contenido que aparezca en su sitio web. Usted se compromete a protegernos y defendernos de todas las reclamaciones que se produzcan en su sitio web. No debe aparecer ning\u00fan enlace en ning\u00fan sitio web que pueda interpretarse como difamatorio, obsceno o delictivo, o que infrinja, viole o propugne la infracci\u00f3n u otra violaci\u00f3n de derechos de terceros.<\/p>\n\n<h3 class=\"wp-block-heading\">\n          <strong>Su privacidad<\/strong>\n        <\/h3>\n\n<p>Lea la pol\u00edtica de privacidad<\/p>\n\n<h3 class=\"wp-block-heading\">\n          <strong>Reserva de derechos<\/strong>\n        <\/h3>\n\n<p>Nos reservamos el derecho a solicitar que se eliminen todos los enlaces o cualquier enlace concreto a nuestro sitio web. Usted se compromete a eliminar inmediatamente todos los enlaces a nuestro sitio web cuando se le solicite. Tambi\u00e9n nos reservamos el derecho de modificar estas condiciones y su pol\u00edtica de enlaces en cualquier momento. Al enlazar continuamente con nuestro sitio web, usted acepta someterse a estos t\u00e9rminos y condiciones de enlace.<\/p>\n\n<h3 class=\"wp-block-heading\">\n          <strong>Eliminaci\u00f3n de enlaces de nuestro sitio web<\/strong>\n        <\/h3>\n\n<p>Si encuentra alg\u00fan enlace en nuestro sitio web que resulte ofensivo por cualquier motivo, puede ponerse en contacto con nosotros e informarnos en cualquier momento. Tendremos en cuenta las solicitudes de eliminaci\u00f3n de enlaces, pero no estamos obligados a hacerlo ni a responderle directamente.<\/p>\n\n<p>No aseguramos que la informaci\u00f3n contenida en este sitio web sea correcta, no garantizamos su integridad o exactitud; tampoco nos comprometemos a asegurar que el sitio web siga estando disponible o que el material del sitio web se mantenga actualizado.<\/p>\n\n<h3 class=\"wp-block-heading\">\n          <strong>Descargo de responsabilidad<\/strong>\n        <\/h3>\n\n<p>En la medida m\u00e1xima permitida por la ley aplicable, excluimos todas las representaciones, garant\u00edas y condiciones relacionadas con nuestro sitio web y el uso de este sitio web. Nada de lo contenido en esta cl\u00e1usula de exenci\u00f3n de responsabilidad lo har\u00e1:<\/p>\n\n<ul class=\"wp-block-list\">\n<li>limitar o excluir nuestra responsabilidad o la suya en caso de muerte o da\u00f1os personales;<\/li>\n\n\n\n<li>limitar o excluir nuestra responsabilidad o la suya en caso de fraude o tergiversaci\u00f3n fraudulenta;<\/li>\n\n\n\n<li>limitar cualquiera de nuestras responsabilidades o las suyas de cualquier manera que no est\u00e9 permitida por la legislaci\u00f3n aplicable; o<\/li>\n\n\n\n<li>excluir cualquiera de nuestras responsabilidades o de las suyas que no puedan ser excluidas en virtud de la legislaci\u00f3n aplicable.<\/li>\n<\/ul>\n\n<p>Las limitaciones y prohibiciones de responsabilidad establecidas en esta secci\u00f3n y en otras partes de esta exenci\u00f3n de responsabilidad: (a) est\u00e1n sujetos al p\u00e1rrafo anterior; y (b) rigen todas las responsabilidades que se derivan de la exenci\u00f3n de responsabilidad, incluidas las responsabilidades contractuales, extracontractuales y por incumplimiento de obligaciones legales.<\/p>\n\n<p>Mientras el sitio web y la informaci\u00f3n y los servicios del mismo se proporcionen de forma gratuita, no seremos responsables de ninguna p\u00e9rdida o da\u00f1o de cualquier naturaleza.<\/p>\n","protected":false},"excerpt":{"rendered":"<p>\u00a1Bienvenido al mejor sitio de apuestas deportivas! Estos t\u00e9rminos y condiciones describen las reglas y regulaciones para el uso del sitio web de VVVVU.COM &#8211; Best Sports Betting Site, ubicado en https:\/\/www.vvvvu.com\/. Al acceder a este sitio web, asumimos que acepta estos t\u00e9rminos y condiciones. No contin\u00fae utilizando Best Sports Betting Site si no acepta [&hellip;]<\/p>\n","protected":false},"author":1,"featured_media":0,"parent":0,"menu_order":0,"comment_status":"closed","ping_status":"open","template":"","meta":{"inline_featured_image":false,"_uag_custom_page_level_css":"","site-sidebar-layout":"default","site-content-layout":"","ast-site-content-layout":"default","site-content-style":"default","site-sidebar-style":"default","ast-global-header-display":"","ast-banner-title-visibility":"","ast-main-header-display":"","ast-hfb-above-header-display":"","ast-hfb-below-header-display":"","ast-hfb-mobile-header-display":"","site-post-title":"","ast-breadcrumbs-content":"","ast-featured-img":"","footer-sml-layout":"","ast-disable-related-posts":"","theme-transparent-header-meta":"","adv-header-id-meta":"","stick-header-meta":"","header-above-stick-meta":"","header-main-stick-meta":"","header-below-stick-meta":"","astra-migrate-meta-layouts":"default","ast-page-background-enabled":"default","ast-page-background-meta":{"desktop":{"background-color":"var(--ast-global-color-4)","background-image":"","background-repeat":"repeat","background-position":"center center","background-size":"auto","background-attachment":"scroll","background-type":"","background-media":"","overlay-type":"","overlay-color":"","overlay-opacity":"","overlay-gradient":""},"tablet":{"background-color":"","background-image":"","background-repeat":"repeat","background-position":"center center","background-size":"auto","background-attachment":"scroll","background-type":"","background-media":"","overlay-type":"","overlay-color":"","overlay-opacity":"","overlay-gradient":""},"mobile":{"background-color":"","background-image":"","background-repeat":"repeat","background-position":"center center","background-size":"auto","background-attachment":"scroll","background-type":"","background-media":"","overlay-type":"","overlay-color":"","overlay-opacity":"","overlay-gradient":""}},"ast-content-background-meta":{"desktop":{"background-color":"var(--ast-global-color-5)","background-image":"","background-repeat":"repeat","background-position":"center center","background-size":"auto","background-attachment":"scroll","background-type":"","background-media":"","overlay-type":"","overlay-color":"","overlay-opacity":"","overlay-gradient":""},"tablet":{"background-color":"var(--ast-global-color-5)","background-image":"","background-repeat":"repeat","background-position":"center center","background-size":"auto","background-attachment":"scroll","background-type":"","background-media":"","overlay-type":"","overlay-color":"","overlay-opacity":"","overlay-gradient":""},"mobile":{"background-color":"var(--ast-global-color-5)","background-image":"","background-repeat":"repeat","background-position":"center center","background-size":"auto","background-attachment":"scroll","background-type":"","background-media":"","overlay-type":"","overlay-color":"","overlay-opacity":"","overlay-gradient":""}},"footnotes":""},"class_list":["post-14475","page","type-page","status-publish","hentry"],"aioseo_notices":[],"acf":[],"uagb_featured_image_src":{"full":false,"thumbnail":false,"medium":false,"medium_large":false,"large":false,"1536x1536":false,"2048x2048":false},"uagb_author_info":{"display_name":"\u545c\u545c\u545c","author_link":"https:\/\/vvvvu.com\/es\/author\/vvvvu\/"},"uagb_comment_info":0,"uagb_excerpt":"\u00a1Bienvenido al mejor sitio de apuestas deportivas! Estos t\u00e9rminos y condiciones describen las reglas y regulaciones para el uso del sitio web de VVVVU.COM &#8211; Best Sports Betting Site, ubicado en https:\/\/www.vvvvu.com\/. Al acceder a este sitio web, asumimos que acepta estos t\u00e9rminos y condiciones. No contin\u00fae utilizando Best Sports Betting Site si no acepta&hellip;","_links":{"self":[{"href":"https:\/\/vvvvu.com\/es\/wp-json\/wp\/v2\/pages\/14475","targetHints":{"allow":["GET"]}}],"collection":[{"href":"https:\/\/vvvvu.com\/es\/wp-json\/wp\/v2\/pages"}],"about":[{"href":"https:\/\/vvvvu.com\/es\/wp-json\/wp\/v2\/types\/page"}],"author":[{"embeddable":true,"href":"https:\/\/vvvvu.com\/es\/wp-json\/wp\/v2\/users\/1"}],"replies":[{"embeddable":true,"href":"https:\/\/vvvvu.com\/es\/wp-json\/wp\/v2\/comments?post=14475"}],"version-history":[{"count":4,"href":"https:\/\/vvvvu.com\/es\/wp-json\/wp\/v2\/pages\/14475\/revisions"}],"predecessor-version":[{"id":111937,"href":"https:\/\/vvvvu.com\/es\/wp-json\/wp\/v2\/pages\/14475\/revisions\/111937"}],"wp:attachment":[{"href":"https:\/\/vvvvu.com\/es\/wp-json\/wp\/v2\/media?parent=14475"}],"curies":[{"name":"wp","href":"https:\/\/api.w.org\/{rel}","templated":true}]}}