{"id":14472,"date":"2023-07-13T13:30:48","date_gmt":"2023-07-13T13:30:48","guid":{"rendered":"https:\/\/vvvvu.com\/descargo-de-responsabilidad\/"},"modified":"2024-07-24T03:41:42","modified_gmt":"2024-07-24T03:41:42","slug":"descargo-de-responsabilidad","status":"publish","type":"page","link":"https:\/\/vvvvu.com\/es\/descargo-de-responsabilidad\/","title":{"rendered":"Descargo de responsabilidad"},"content":{"rendered":"\n<h2 class=\"wp-block-heading\">Interpretaci\u00f3n<\/h2>\n\n<p>Las explicaciones de las palabras cuya letra inicial se escribe en may\u00fascula se proporcionan en las siguientes condiciones:<\/p>\n\n<p>Los siguientes t\u00e9rminos tendr\u00e1n el mismo significado cuando se utilicen en este instrumento, ya sea que se usen en singular o en plural.<\/p>\n\n<h2 class=\"wp-block-heading\">Definiciones<\/h2>\n\n<p>A los efectos de este Descargo de responsabilidad:<\/p>\n\n<p>Las expresiones &#8216;Compa\u00f1\u00eda&#8217;, &#8216;Nosotros&#8217;, &#8216;Nos&#8217; o &#8216;Nuestro&#8217; utilizadas en este Descargo de Responsabilidad significar\u00e1n el Mejor Sitio de Apuestas Deportivas.<\/p>\n\n<p>Servicio se refiere al sitio web y\/o a la aplicaci\u00f3n m\u00f3vil.<\/p>\n\n<p>Usted se refiere a dicha persona f\u00edsica, el empleador de la persona f\u00edsica u otra organizaci\u00f3n para la que act\u00fae la persona f\u00edsica y que est\u00e9 asociada con el uso del Servicio.<\/p>\n\n<p>El sitio web se refiere al mejor sitio de apuestas deportivas, accesible desde https:Sin embargo, se escribe lo siguiente: com<\/p>\n\n<h2 class=\"wp-block-heading\">Descargo de responsabilidad<\/h2>\n\n<p>Toda la informaci\u00f3n proporcionada en el Servicio es solo para su informaci\u00f3n y no pretende ser asesoramiento legal.<\/p>\n\n<p>La Compa\u00f1\u00eda no ser\u00e1 responsable de ninguna inexactitud de la informaci\u00f3n mostrada en el Servicio.<\/p>\n\n<p>La Compa\u00f1\u00eda no garantiza ni declara que el Servicio y los materiales o productos descritos en el Servicio cumplir\u00e1n con los requisitos del usuario, ser\u00e1n ininterrumpidos, oportunos, seguros o libres de errores, que cualquier defecto ser\u00e1 corregido o que este Servicio o el servidor que lo pone a disposici\u00f3n est\u00e9 libre de virus u otros componentes da\u00f1inos.\nLa Compa\u00f1\u00eda puede: <\/p>\n\n<p>La Compa\u00f1\u00eda no asume ninguna responsabilidad por errores u omisiones en los contenidos del Servicio.<\/p>\n\n<h2 class=\"wp-block-heading\">Descargo de responsabilidad de enlaces externos<\/h2>\n\n<p>Algunos de los enlaces que se incluyen en el Servicio pueden conducir a otros sitios en la World Wide Web de los que la Compa\u00f1\u00eda no es responsable.<\/p>\n\n<p>Con respecto a la informaci\u00f3n publicada en esos sitios web externos, la Compa\u00f1\u00eda no asume ninguna responsabilidad sobre la exactitud, actualidad o suficiencia de la informaci\u00f3n publicada all\u00ed.<\/p>\n\n<h2 class=\"wp-block-heading\">Descargo de responsabilidad de errores y omisiones<\/h2>\n\n<p>Sin embargo, lo anterior no limita de ninguna manera la generalidad de lo anterior en lo que respecta a la informaci\u00f3n puesta a disposici\u00f3n por el Servicio sobre los asuntos tratados en este Sitio.\nLa Compa\u00f1\u00eda har\u00e1 todo lo posible para garantizar que la informaci\u00f3n proporcionada a trav\u00e9s del Servicio sea reciente y precisa, pero esto no garantiza que este sea el caso.\nAdem\u00e1s, toda la informaci\u00f3n proporcionada a trav\u00e9s del Servicio se proporciona \u00abtal cual\u00bb y la Compa\u00f1\u00eda no ser\u00e1 responsable de la exactitud, confiabilidad o integridad de la informaci\u00f3n.  <\/p>\n\n<p>Se proporciona \u00abtal cual\u00bb sin garant\u00eda de ning\u00fan tipo, ya sea expresa o impl\u00edcita, incluidas, entre otras, las garant\u00edas impl\u00edcitas de idoneidad para el prop\u00f3sito o de que sea adecuado para el prop\u00f3sito previsto.<\/p>\n\n<h2 class=\"wp-block-heading\">Descargo de responsabilidad de uso justo<\/h2>\n\n<p>Cierta informaci\u00f3n que utiliza la Compa\u00f1\u00eda puede estar protegida por derechos de autor y es posible que la Compa\u00f1\u00eda no tenga una licencia adecuada para ella.\nLa Compa\u00f1\u00eda proporciona dicho material para el uso de cr\u00edticas, comentarios, informes de eventos noticiosos, ense\u00f1anza e investigaci\u00f3n acad\u00e9mica. <\/p>\n\n<p>La Compa\u00f1\u00eda ha llegado a la conclusi\u00f3n de que esto es legal sobre la base de las disposiciones de la ley de derechos de autor, especialmente la Secci\u00f3n 107 de la Ley de Derechos de Autor de los Estados Unidos.<\/p>\n\n<p>Si desea utilizar material protegido por derechos de autor del Servicio para fines que no se enumeran anteriormente, se debe obtener el permiso del propietario de los derechos de autor.<\/p>\n\n<h2 class=\"wp-block-heading\">Descargo de responsabilidad de opiniones expresadas<\/h2>\n\n<p>La informaci\u00f3n proporcionada en el Servicio puede contener la opini\u00f3n personal de los terceros, participantes y otros usuarios y no refleja la opini\u00f3n de la Compa\u00f1\u00eda.<\/p>\n\n<p>En consecuencia, cualquier comentario de los usuarios publicado es responsabilidad exclusiva del usuario y el usuario ser\u00e1 totalmente responsable, responsable y\/o responsable de cualquier difamaci\u00f3n o procedimiento legal que resulte o sea causado directamente por cualquier comentario realizado por el usuario.\nLa Compa\u00f1\u00eda no es de ninguna manera responsable de ning\u00fan comentario realizado por ning\u00fan usuario y tiene pleno derecho a eliminar cualquier comentario realizado sin previo aviso. <\/p>\n\n<h2 class=\"wp-block-heading\">Descargo de responsabilidad<\/h2>\n\n<p>Estos son para informaci\u00f3n general y la Compa\u00f1\u00eda no ser\u00e1 responsable de ning\u00fan asesoramiento legal, fiscal o de cualquier otro tipo que pueda darse en dicha informaci\u00f3n.\nPor lo tanto, no debe utilizarse como base para tomar decisiones contables, fiscales, legales u otras decisiones profesionales. <\/p>\n\n<p>La responsabilidad de la Compa\u00f1\u00eda o de sus proveedores por da\u00f1os en virtud de este Acuerdo se limitar\u00e1 a la cantidad pagada por usted por el Servicio en los doce (12) meses anteriores al primer evento que dio lugar a la reclamaci\u00f3n.\nLa Compa\u00f1\u00eda o sus proveedores no ser\u00e1n responsables de ning\u00fan da\u00f1o especial, incidental, indirecto o consecuente de ning\u00fan tipo (incluidos, entre otros, los honorarios de abogados) de ninguna manera relacionados con su uso del Servicio. <\/p>\n\n<h2 class=\"wp-block-heading\">Esto lleva a un descargo de responsabilidad que generalmente se presenta como: \u00abSin garant\u00eda\u00bb.<\/h2>\n\n<p>Toda la informaci\u00f3n contenida en este Servicio se proporciona a los usuarios \u00abtal cual\u00bb sin garant\u00edas de ning\u00fan tipo, ya sean expresas o impl\u00edcitas, incluidas, entre otras, las garant\u00edas de integridad, precisi\u00f3n y similares, garant\u00edas de comerciabilidad, idoneidad para un prop\u00f3sito particular o no infracci\u00f3n de los derechos de terceros.<\/p>\n\n<p>La Compa\u00f1\u00eda no ser\u00e1 responsable ante Usted o cualquier otra persona por cualquier decisi\u00f3n tomada o acci\u00f3n tomada en base a la informaci\u00f3n proporcionada por el Servicio o por cualquier da\u00f1o consecuente, especial o similar, incluso si se advierte de la posibilidad de dichos da\u00f1os.<\/p>\n\n<h2 class=\"wp-block-heading\">Contacto<\/h2>\n\n<p>Si tiene alguna pregunta sobre este Descargo de responsabilidad, puede ponerse en contacto con nosotros:<\/p>\n\n<ul class=\"wp-block-list\">\n<li><strong>Al visitar esta p\u00e1gina en nuestro sitio web:<\/strong> El siguiente es el enlace a la fuente original: <a href=\"https:\/\/vvvvu.%20com\/privacy-policy\/\" target=\"_blank\" rel=\"noopener nofollow\" title=\"\">https:\/\/vvvvu. com\/privacy-policy\/<\/a><\/li>\n<\/ul>\n","protected":false},"excerpt":{"rendered":"<p>Interpretaci\u00f3n Las explicaciones de las palabras cuya letra inicial se escribe en may\u00fascula se proporcionan en las siguientes condiciones: Los siguientes t\u00e9rminos tendr\u00e1n el mismo significado cuando se utilicen en este instrumento, ya sea que se usen en singular o en plural. Definiciones A los efectos de este Descargo de responsabilidad: Las expresiones &#8216;Compa\u00f1\u00eda&#8217;, &#8216;Nosotros&#8217;, [&hellip;]<\/p>\n","protected":false},"author":1,"featured_media":0,"parent":0,"menu_order":0,"comment_status":"closed","ping_status":"open","template":"","meta":{"inline_featured_image":false,"_uag_custom_page_level_css":"","site-sidebar-layout":"default","site-content-layout":"","ast-site-content-layout":"default","site-content-style":"default","site-sidebar-style":"default","ast-global-header-display":"","ast-banner-title-visibility":"","ast-main-header-display":"","ast-hfb-above-header-display":"","ast-hfb-below-header-display":"","ast-hfb-mobile-header-display":"","site-post-title":"","ast-breadcrumbs-content":"","ast-featured-img":"","footer-sml-layout":"","ast-disable-related-posts":"","theme-transparent-header-meta":"","adv-header-id-meta":"","stick-header-meta":"","header-above-stick-meta":"","header-main-stick-meta":"","header-below-stick-meta":"","astra-migrate-meta-layouts":"default","ast-page-background-enabled":"default","ast-page-background-meta":{"desktop":{"background-color":"var(--ast-global-color-4)","background-image":"","background-repeat":"repeat","background-position":"center center","background-size":"auto","background-attachment":"scroll","background-type":"","background-media":"","overlay-type":"","overlay-color":"","overlay-opacity":"","overlay-gradient":""},"tablet":{"background-color":"","background-image":"","background-repeat":"repeat","background-position":"center center","background-size":"auto","background-attachment":"scroll","background-type":"","background-media":"","overlay-type":"","overlay-color":"","overlay-opacity":"","overlay-gradient":""},"mobile":{"background-color":"","background-image":"","background-repeat":"repeat","background-position":"center center","background-size":"auto","background-attachment":"scroll","background-type":"","background-media":"","overlay-type":"","overlay-color":"","overlay-opacity":"","overlay-gradient":""}},"ast-content-background-meta":{"desktop":{"background-color":"var(--ast-global-color-5)","background-image":"","background-repeat":"repeat","background-position":"center center","background-size":"auto","background-attachment":"scroll","background-type":"","background-media":"","overlay-type":"","overlay-color":"","overlay-opacity":"","overlay-gradient":""},"tablet":{"background-color":"var(--ast-global-color-5)","background-image":"","background-repeat":"repeat","background-position":"center center","background-size":"auto","background-attachment":"scroll","background-type":"","background-media":"","overlay-type":"","overlay-color":"","overlay-opacity":"","overlay-gradient":""},"mobile":{"background-color":"var(--ast-global-color-5)","background-image":"","background-repeat":"repeat","background-position":"center center","background-size":"auto","background-attachment":"scroll","background-type":"","background-media":"","overlay-type":"","overlay-color":"","overlay-opacity":"","overlay-gradient":""}},"footnotes":""},"class_list":["post-14472","page","type-page","status-publish","hentry"],"aioseo_notices":[],"acf":[],"uagb_featured_image_src":{"full":false,"thumbnail":false,"medium":false,"medium_large":false,"large":false,"1536x1536":false,"2048x2048":false},"uagb_author_info":{"display_name":"\u545c\u545c\u545c","author_link":"https:\/\/vvvvu.com\/es\/author\/vvvvu\/"},"uagb_comment_info":0,"uagb_excerpt":"Interpretaci\u00f3n Las explicaciones de las palabras cuya letra inicial se escribe en may\u00fascula se proporcionan en las siguientes condiciones: Los siguientes t\u00e9rminos tendr\u00e1n el mismo significado cuando se utilicen en este instrumento, ya sea que se usen en singular o en plural. Definiciones A los efectos de este Descargo de responsabilidad: Las expresiones &#8216;Compa\u00f1\u00eda&#8217;, &#8216;Nosotros&#8217;,&hellip;","_links":{"self":[{"href":"https:\/\/vvvvu.com\/es\/wp-json\/wp\/v2\/pages\/14472","targetHints":{"allow":["GET"]}}],"collection":[{"href":"https:\/\/vvvvu.com\/es\/wp-json\/wp\/v2\/pages"}],"about":[{"href":"https:\/\/vvvvu.com\/es\/wp-json\/wp\/v2\/types\/page"}],"author":[{"embeddable":true,"href":"https:\/\/vvvvu.com\/es\/wp-json\/wp\/v2\/users\/1"}],"replies":[{"embeddable":true,"href":"https:\/\/vvvvu.com\/es\/wp-json\/wp\/v2\/comments?post=14472"}],"version-history":[{"count":3,"href":"https:\/\/vvvvu.com\/es\/wp-json\/wp\/v2\/pages\/14472\/revisions"}],"predecessor-version":[{"id":111362,"href":"https:\/\/vvvvu.com\/es\/wp-json\/wp\/v2\/pages\/14472\/revisions\/111362"}],"wp:attachment":[{"href":"https:\/\/vvvvu.com\/es\/wp-json\/wp\/v2\/media?parent=14472"}],"curies":[{"name":"wp","href":"https:\/\/api.w.org\/{rel}","templated":true}]}}