{"id":14403,"date":"2023-07-10T03:31:05","date_gmt":"2023-07-10T03:31:05","guid":{"rendered":"https:\/\/vvvvu.com\/politica-de-privacidad\/"},"modified":"2024-07-24T05:50:36","modified_gmt":"2024-07-24T05:50:36","slug":"politica-de-privacidad","status":"publish","type":"page","link":"https:\/\/vvvvu.com\/es\/politica-de-privacidad\/","title":{"rendered":"Pol\u00edtica de privacidad"},"content":{"rendered":"\n<h2 class=\"wp-block-heading\">Nuestra Identidad<\/h2>\n\n<p>Encu\u00e9ntrenos en l\u00ednea en: <a href=\"https:\/\/vvvvu.com\/es\/\" target=\"_blank\" rel=\"noopener nofollow\" title=\"Casas de apuestas\">https:\/\/vvvvu.com<\/a>.<\/p>\n\n<h2 class=\"wp-block-heading\">Secci\u00f3n de comentarios<\/h2>\n\n<p>Los datos de los clientes son proporcionados por aquellos que dejan comentarios en nuestra p\u00e1gina, lo hacen introduciendo los datos necesarios en el formulario del comentario.\nEsto, junto con su direcci\u00f3n IP y la informaci\u00f3n del navegador, nos brinda medidas de protecci\u00f3n contra el spam. <\/p>\n\n<p>La direcci\u00f3n de correo electr\u00f3nico que tiene puede tener una forma de convertirse en an\u00f3nima ya que el Gravatar puede verificar su uso convirti\u00e9ndola en una cadena an\u00f3nima, hash. La Pol\u00edtica de Privacidad de Gravatar est\u00e1 aqu\u00ed: <a href=\"https:\/\/vvvvu.com\/es\/politica-de-privacidad\/\" target=\"_blank\" rel=\"noopener nofollow\" title=\"Pol&#xED;tica de privacidad\/\">https:\/\/vvvvu.com\/privacy-policy\/<\/a>.\nSu foto de perfil ahora es visible p\u00fablicamente dentro de su contexto despu\u00e9s de que se apruebe su comentario. <\/p>\n\n<h2 class=\"wp-block-heading\">Carga de im\u00e1genes<\/h2>\n\n<p>\u00bfSubiendo im\u00e1genes?\nS\u00e9 consciente.\nEn caso de que en ellos se encuentren datos de ubicaci\u00f3n (EXIF GPS), los visitantes del sitio pueden descargarlos y extraerlos.  <\/p>\n\n<h2 class=\"wp-block-heading\">Informaci\u00f3n de cookies<\/h2>\n\n<p>\u00bfDejando un comentario?\nAlternativamente, hay una cookie _ para que se puedan guardar sus name_, correo electr\u00f3nico y sitio web.\nSe trata de una comodidad de un a\u00f1o que le protege de volver a introducir datos.  <\/p>\n\n<p>Al iniciar sesi\u00f3n en nuestro sitio, hay una cookie temporal que decide si su navegador es compatible o no con las cookies.\nEsta cookie sin datos permanece despu\u00e9s de cerrar el navegador. <\/p>\n\n<p>\u00bfIniciando sesi\u00f3n?\nLas cookies est\u00e1n hechas para recordar, mantener sus pantallas, preferencias y detalles de inicio de sesi\u00f3n.\nLas cookies de inicio de sesi\u00f3n son temporizadores de dos d\u00edas, pero las opciones de pantalla se almacenan durante un a\u00f1o.\nRecu\u00e9rdame te recordar\u00e1 durante dos semanas.\nCuando uno se desconecta; A continuaci\u00f3n, se elimina la cookie de inicio de sesi\u00f3n.    <\/p>\n\n<p>Al cambiar o subir el art\u00edculo, ver\u00e1 que hay una nueva cookie que almacena su navegador.\nNo se trata de una cookie de retenci\u00f3n de informaci\u00f3n personal.\nMarca solo su ID de publicaci\u00f3n, la \u00faltima actualizada Un d\u00eda despu\u00e9s de que esta cookie desaparezca.  <\/p>\n\n<h2 class=\"wp-block-heading\">Contenido incluido de diferentes sitios web<\/h2>\n\n<p>Los art\u00edculos de este sitio web pueden tener contenido no incluido, por ejemplo, videos, im\u00e1genes, atuendos y otros.\nTambi\u00e9n se incluye contenido de otros sitios que act\u00faan pr\u00e1cticamente igual que si visitara el otro sitio. <\/p>\n\n<p>Dichos sitios pueden recopilar informaci\u00f3n sobre usted, utilizar cookies, medir a m\u00e1s terceros y realizar un seguimiento de su participaci\u00f3n con el material incluido.\nDichas interacciones incluyen el seguimiento de sus interacciones con el material proporcionado, si ha iniciado sesi\u00f3n en el sitio web en cuesti\u00f3n. <\/p>\n\n<h2 class=\"wp-block-heading\">Intercambio de datos<\/h2>\n\n<p>Solo su direcci\u00f3n IP se incrustar\u00e1 en el mensaje de reinicio.<\/p>\n\n<h2 class=\"wp-block-heading\">Conservaci\u00f3n de sus datos<\/h2>\n\n<p>Si comenta, el comentario y sus datos correlacionados se mantienen indefinidamente.\nEsto nos permite identificar y sancionar sus comentarios posteriores pronto que tenerlos colgados all\u00ed en cualquier cola de espera. <\/p>\n\n<p>Se almacena la informaci\u00f3n personal que los miembros de nuestro sitio web (si los hubiera) proporcionaron en sus perfiles.\nCualquier usuario puede ver, modificar o eliminar su informaci\u00f3n personal en cualquier momento (excepto el nombre de usuario).\nLos administradores del sitio tambi\u00e9n pueden hacerlo.  <\/p>\n\n<h2 class=\"wp-block-heading\">Qu\u00e9 derechos tienes sobre tus datos<\/h2>\n\n<p>Si tiene una cuenta o ha dejado comentarios en este sitio, puede solicitar un archivo exportado de sus datos personales que tenemos, incluidos los datos que nos proporcion\u00f3.\nTambi\u00e9n puede solicitarnos que borremos cualquier informaci\u00f3n personal que tengamos sobre usted.\nSin embargo, esto no se aplica a ninguna informaci\u00f3n que debamos conservar por razones operativas, estatutarias o de seguridad.  <\/p>\n","protected":false},"excerpt":{"rendered":"<p>Nuestra Identidad Encu\u00e9ntrenos en l\u00ednea en: https:\/\/vvvvu.com. Secci\u00f3n de comentarios Los datos de los clientes son proporcionados por aquellos que dejan comentarios en nuestra p\u00e1gina, lo hacen introduciendo los datos necesarios en el formulario del comentario. Esto, junto con su direcci\u00f3n IP y la informaci\u00f3n del navegador, nos brinda medidas de protecci\u00f3n contra el spam. [&hellip;]<\/p>\n","protected":false},"author":1,"featured_media":0,"parent":0,"menu_order":0,"comment_status":"closed","ping_status":"closed","template":"","meta":{"inline_featured_image":false,"_uag_custom_page_level_css":"","site-sidebar-layout":"default","site-content-layout":"","ast-site-content-layout":"default","site-content-style":"default","site-sidebar-style":"default","ast-global-header-display":"","ast-banner-title-visibility":"","ast-main-header-display":"","ast-hfb-above-header-display":"","ast-hfb-below-header-display":"","ast-hfb-mobile-header-display":"","site-post-title":"","ast-breadcrumbs-content":"","ast-featured-img":"","footer-sml-layout":"","ast-disable-related-posts":"","theme-transparent-header-meta":"","adv-header-id-meta":"","stick-header-meta":"","header-above-stick-meta":"","header-main-stick-meta":"","header-below-stick-meta":"","astra-migrate-meta-layouts":"default","ast-page-background-enabled":"default","ast-page-background-meta":{"desktop":{"background-color":"var(--ast-global-color-4)","background-image":"","background-repeat":"repeat","background-position":"center center","background-size":"auto","background-attachment":"scroll","background-type":"","background-media":"","overlay-type":"","overlay-color":"","overlay-opacity":"","overlay-gradient":""},"tablet":{"background-color":"","background-image":"","background-repeat":"repeat","background-position":"center center","background-size":"auto","background-attachment":"scroll","background-type":"","background-media":"","overlay-type":"","overlay-color":"","overlay-opacity":"","overlay-gradient":""},"mobile":{"background-color":"","background-image":"","background-repeat":"repeat","background-position":"center center","background-size":"auto","background-attachment":"scroll","background-type":"","background-media":"","overlay-type":"","overlay-color":"","overlay-opacity":"","overlay-gradient":""}},"ast-content-background-meta":{"desktop":{"background-color":"var(--ast-global-color-5)","background-image":"","background-repeat":"repeat","background-position":"center center","background-size":"auto","background-attachment":"scroll","background-type":"","background-media":"","overlay-type":"","overlay-color":"","overlay-opacity":"","overlay-gradient":""},"tablet":{"background-color":"var(--ast-global-color-5)","background-image":"","background-repeat":"repeat","background-position":"center center","background-size":"auto","background-attachment":"scroll","background-type":"","background-media":"","overlay-type":"","overlay-color":"","overlay-opacity":"","overlay-gradient":""},"mobile":{"background-color":"var(--ast-global-color-5)","background-image":"","background-repeat":"repeat","background-position":"center center","background-size":"auto","background-attachment":"scroll","background-type":"","background-media":"","overlay-type":"","overlay-color":"","overlay-opacity":"","overlay-gradient":""}},"footnotes":""},"class_list":["post-14403","page","type-page","status-publish","hentry"],"aioseo_notices":[],"acf":[],"uagb_featured_image_src":{"full":false,"thumbnail":false,"medium":false,"medium_large":false,"large":false,"1536x1536":false,"2048x2048":false},"uagb_author_info":{"display_name":"\u545c\u545c\u545c","author_link":"https:\/\/vvvvu.com\/es\/author\/vvvvu\/"},"uagb_comment_info":0,"uagb_excerpt":"Nuestra Identidad Encu\u00e9ntrenos en l\u00ednea en: https:\/\/vvvvu.com. Secci\u00f3n de comentarios Los datos de los clientes son proporcionados por aquellos que dejan comentarios en nuestra p\u00e1gina, lo hacen introduciendo los datos necesarios en el formulario del comentario. Esto, junto con su direcci\u00f3n IP y la informaci\u00f3n del navegador, nos brinda medidas de protecci\u00f3n contra el spam.&hellip;","_links":{"self":[{"href":"https:\/\/vvvvu.com\/es\/wp-json\/wp\/v2\/pages\/14403","targetHints":{"allow":["GET"]}}],"collection":[{"href":"https:\/\/vvvvu.com\/es\/wp-json\/wp\/v2\/pages"}],"about":[{"href":"https:\/\/vvvvu.com\/es\/wp-json\/wp\/v2\/types\/page"}],"author":[{"embeddable":true,"href":"https:\/\/vvvvu.com\/es\/wp-json\/wp\/v2\/users\/1"}],"replies":[{"embeddable":true,"href":"https:\/\/vvvvu.com\/es\/wp-json\/wp\/v2\/comments?post=14403"}],"version-history":[{"count":3,"href":"https:\/\/vvvvu.com\/es\/wp-json\/wp\/v2\/pages\/14403\/revisions"}],"predecessor-version":[{"id":111686,"href":"https:\/\/vvvvu.com\/es\/wp-json\/wp\/v2\/pages\/14403\/revisions\/111686"}],"wp:attachment":[{"href":"https:\/\/vvvvu.com\/es\/wp-json\/wp\/v2\/media?parent=14403"}],"curies":[{"name":"wp","href":"https:\/\/api.w.org\/{rel}","templated":true}]}}