{"id":15434,"date":"2023-09-16T02:48:17","date_gmt":"2023-09-16T02:48:17","guid":{"rendered":"https:\/\/vvvvu.com\/verantwortungsvolles-gluecksspiel\/"},"modified":"2024-07-24T05:52:27","modified_gmt":"2024-07-24T05:52:27","slug":"verantwortungsvolles-gluecksspiel","status":"publish","type":"page","link":"https:\/\/vvvvu.com\/de\/verantwortungsvolles-gluecksspiel\/","title":{"rendered":"Verantwortungsvolles Gl\u00fccksspiel"},"content":{"rendered":"\n<p>Tipps f\u00fcr verantwortungsvolles Spielen: In diesem Blogbeitrag besprechen wir die m\u00f6glichen Anzeichen f\u00fcr problematisches Gl\u00fccksspiel, einige M\u00f6glichkeiten zum Umgang mit problematischem Gl\u00fccksspiel f\u00fcr die betroffene Person oder f\u00fcr jemanden, den man kennt, und Details zu Selbstausschlussma\u00dfnahmen.\nWir werden auch die L\u00f6sungen \u00fcberpr\u00fcfen, die Buchmacher anbieten, um Ihr Gl\u00fccksspiel zu regulieren, und einige Organisationen, die Ihnen helfen k\u00f6nnen, wenn Sie Probleme mit dem Gl\u00fccksspiel haben. <\/p>\n\n<h2 class=\"wp-block-heading\">Die Auswirkungen von problematischem Gl\u00fccksspiel und seine Identifizierung<\/h2>\n\n<p>Es ist wichtig, sich daran zu erinnern, dass Gl\u00fccksspiel eine unterhaltsame und unterhaltsame Aktivit\u00e4t ist. Es ist jedoch ebenso wichtig zu erkennen, wann es zu einem Problem wird.\nIm Folgenden finden Sie eine Liste einiger Anzeichen und Symptome, die darauf hindeuten, dass Sie oder ein Freund ein Problem im Zusammenhang mit Gl\u00fccksspielen entwickeln k\u00f6nnten. <\/p>\n\n<p>Eines der h\u00e4ufigsten Symptome ist die Entwicklung eines hohen Interesses am Gl\u00fccksspiel und damit der Verzicht auf Arbeit, soziale Beziehungen oder andere Pflichten.\nVielleicht haben Sie \u00f6fter Gedanken \u00fcber das Wetten oder Ihre n\u00e4chste Wette, so dass es sich auf Ihre Arbeit, Schule oder sogar Familie auswirken kann.\nFinanzielle Probleme sind ein weiterer Indikator f\u00fcr ein Problem \u2013 wenn Sie mit Geld spielen, das Sie nicht haben, oder Kredite aufnehmen oder Besitzt\u00fcmer verpf\u00e4nden, um weiter zu spielen, ist dies ein Zeichen daf\u00fcr, dass Sie m\u00f6glicherweise aufh\u00f6ren m\u00fcssen.  <\/p>\n\n<p>Wenn Sie oder Ihre nahestehende Person auf eines der aufgef\u00fchrten Anzeichen gesto\u00dfen sind, finden Sie in diesem Artikel einige Empfehlungen, wie Sie richtig mit problematischem Gl\u00fccksspiel umgehen k\u00f6nnen.\nDenken Sie daran: Zu erkennen, dass es ein Problem gibt, ist die erste Ebene, um die Unterst\u00fctzung zu erhalten, die f\u00fcr eine ges\u00fcndere Beziehung zum Spielen erforderlich ist. <\/p>\n\n<h2 class=\"wp-block-heading\">Helfen Sie sich selbst, mit problematischem Gl\u00fccksspiel fertig zu werden<\/h2>\n\n<p>F\u00fcr jeden, der erkannt hat, dass er ein Gl\u00fccksspielproblem hat, besteht der allererste Schritt darin, sich damit auseinanderzusetzen.\nAus diesem Grund ist es n\u00fctzlich zu wissen, dass Sie nicht der Einzige sind, der dies durchmacht, und dass es Wege gibt, besser zu werden.\nSie k\u00f6nnen Hilfe von Organisationen oder Selbsthilfegruppen f\u00fcr Spielsucht erhalten, indem Sie Ihre Situation in die Hand nehmen.  <\/p>\n\n<p>Zu den g\u00e4ngigen Methoden, mit der Situation umzugehen, geh\u00f6rt die Begrenzung des Zeit- und Geldaufwands f\u00fcr das Gl\u00fccksspiel.\nDies k\u00f6nnte bedeuten, ein Gl\u00fccksspielbudget aufzustellen und es um jeden Preis einzuhalten.\nVersuchen Sie auch, andere Aktivit\u00e4ten zu identifizieren, an denen Sie teilnehmen k\u00f6nnen, um zu vermeiden, dass Sie sich auf das Gl\u00fccksspiel konzentrieren.\nSolche k\u00f6rperlichen Aktivit\u00e4ten oder kreativen Hobbys wie Malen oder Schreiben k\u00f6nnen sehr hilfreich sein, um sich abzulenken und Stress besser abzubauen.   <\/p>\n\n<p>Bleiben Sie jedoch positiv, denn die L\u00f6sung des Problems des problematischen Gl\u00fccksspiels geschieht nicht \u00fcber Nacht.\nBitten Sie um Unterst\u00fctzung, bleiben Sie entschlossen im Ver\u00e4nderungsprozess und vergessen Sie nicht die Ziele, die Sie sich gesetzt haben, um die Kontrolle \u00fcber Ihr Leben zur\u00fcckzugewinnen. <\/p>\n\n<h2 class=\"wp-block-heading\">Einem geliebten Menschen helfen, mit problematischem Gl\u00fccksspiel umzugehen<\/h2>\n\n<p>Es ist in der Tat sehr schmerzhaft und anstrengend mitzuerleben, wie ein Familienmitglied oder ein Freund das Problem des Gl\u00fccksspiels durchmacht.\nDu kannst den Alkoholiker nicht \u00e4ndern, aber es gibt Strategien, die angewendet werden k\u00f6nnen, um den Alkoholiker in seinem Bestreben nach Ver\u00e4nderung zu unterst\u00fctzen. <\/p>\n\n<p>Es ist notwendig, die Informationen \u00fcber problematisches Gl\u00fccksspiel und die Folgen davon zu kennen.\nWenn Sie die Symptome kennen, k\u00f6nnen Sie zumindest erkennen, wann Ihr Angeh\u00f6riger in Gefahr ist oder Hilfe ben\u00f6tigt.\nH\u00f6ren Sie ihnen zu und lassen Sie sie \u00fcber ihre Probleme sprechen, ohne sie in irgendeiner Weise vorzubereiten oder zu bedrohen.  <\/p>\n\n<p>Helfen Sie Ihrem Angeh\u00f6rigen, einen Arzt oder Psychologen zu konsultieren oder sich Selbsthilfegruppen von Menschen mit \u00e4hnlichen Gl\u00fccksspielproblemen anzuschlie\u00dfen.\nDu kannst dich freiwillig melden, um bei der Suche nach Materialien zu helfen oder mit ihnen zu Treffen zu gehen, wenn es f\u00fcr sie in Ordnung ist.\nSagen Sie ihnen, dass es keine Schande ist, um Hilfe zu bitten, da es tats\u00e4chlich eine kraftvolle und gesunde Entscheidung ist.  <\/p>\n\n<p>Bitte denken Sie daran, dass der Umgang mit einem Problem beim Gl\u00fccksspiel nicht einfach ist, also vergessen Sie nicht sich selbst und diejenigen, die Ihnen helfen k\u00f6nnen, zum Beispiel Freunde oder Profis.\nSo sind wir in der Lage, die W\u00e4rme und das Mitgef\u00fchl zu geben, die f\u00fcr die Heilung unserer Lieben erforderlich sind. <\/p>\n\n<h2 class=\"wp-block-heading\">Selbstausschluss<\/h2>\n\n<p>Die Option des Selbstausschlusses ist eine gro\u00dfartige Option f\u00fcr alle, die feststellen, dass sie ein Gl\u00fccksspielproblem haben.\nEs hilft Ihnen, Ihre Grenzen zu setzen und sich von den Gl\u00fccksspielaktivit\u00e4ten zur\u00fcckzuziehen, da Sie die Macht haben, dies freiwillig zu tun. <\/p>\n\n<p>Der Selbstausschluss kann als ein Mechanismus definiert werden, der dazu beitr\u00e4gt, den Zugang zu Online-Wettseiten und\/oder landbasierten Wettanbietern f\u00fcr einen bestimmten Zeitraum einzuschr\u00e4nken.\nDies wird Ihnen helfen, sich eine Auszeit zu nehmen, \u00fcber Ihre Spielaktivit\u00e4ten nachzudenken und vielleicht zu \u00fcberlegen, ob Sie ein Problem haben oder nicht und wenn ja, Hilfe zu suchen.\nSelbstausschluss ist eine M\u00f6glichkeit, den Prozess des Verhaltensmanagements und des Ver\u00e4nderungsprozesses auf positive Weise zu beginnen.\nEs ist wichtig zu beachten, dass Sie dies nicht alleine tun m\u00fcssen, es gibt Tools, die Ihnen dabei helfen k\u00f6nnen.    Bleib stark!<\/p>\n\n<h2 class=\"wp-block-heading\">Wie kontrollieren Buchmacher das Gl\u00fccksspiel?<\/h2>\n\n<p>Dies ist etwas, das Buchmacher voll und ganz zu sch\u00e4tzen wissen, und daher bieten sie ihren Kunden verschiedene Ma\u00dfnahmen an, die ergriffen werden k\u00f6nnen, um das Gl\u00fccksspiel einzuschr\u00e4nken.\nEines dieser Instrumente ist die Festlegung von Einzahlungslimits, mit denen Sie eine Obergrenze f\u00fcr den Betrag festlegen k\u00f6nnen, den Sie innerhalb eines bestimmten Zeitrahmens einzahlen d\u00fcrfen.\nDies hilft Ihnen bei der Einhaltung des festgelegten Budgets und\/oder bei der Vermeidung von Mehrausgaben.  <\/p>\n\n<p>Ein weiteres reichhaltiges Feature ist die M\u00f6glichkeit, die Limits f\u00fcr Wetten festzulegen, was bedeutet, dass der Spieler den maximalen Geldbetrag, der innerhalb eines bestimmten Zeitraums eingesetzt werden kann, einschr\u00e4nken kann.\nAuf diese Weise gibt es keine r\u00fccksichtslosen oder \u00fcberm\u00e4\u00dfigen Ausgaben f\u00fcr die Spiele, da das Geld in bestimmte Teile aufgeteilt wird.\nDar\u00fcber hinaus bieten zahlreiche Buchmacher Reality Checks an, d. h. Nachrichten, die der Buchmacher dem Benutzer in den von ihm gew\u00e4hlten Intervallen sendet, um ihn an die auf der Website verbrachte Zeit zu erinnern.\nDies sind gute Hinweise f\u00fcr Sie, um dar\u00fcber nachzudenken, wie Sie im Spiel abschneiden und ob Sie das Spiel pausieren m\u00fcssen.   <\/p>\n\n<p>Durch den Einsatz solcher Tools versuchen Buchmacher den Nutzern ihrer Dienste zu helfen, bestimmte Limits festzulegen und das Niveau der Gl\u00fccksspielaktivit\u00e4ten zu kontrollieren.<\/p>\n\n<h2 class=\"wp-block-heading\">Wie kann man Hilfe bei Gl\u00fccksspielproblemen suchen?<\/h2>\n\n<p>Wenn Sie oder jemand, den Sie kennen, ein Gl\u00fccksspielproblem hat, sollten Sie wissen, dass es Hilfe gibt.\nViele Organisationen und sogar Wohlt\u00e4tigkeitsorganisationen konzentrieren sich darauf, Menschen dabei zu helfen, mit Spielsucht umzugehen und die notwendige Hilfe zu erhalten. <\/p>\n\n<p>Eine weitere solche Organisation sind die Rabbitrs Anonymous, eine Gemeinschaft von M\u00e4nnern und Frauen, die sich getroffen haben, um sich gegenseitig zu helfen und Erfahrungen, Kraft und Hoffnung auszutauschen und einen Weg zur Genesung zu finden.\nAuf diese Weise k\u00f6nnen die Teilnehmer die Unterst\u00fctzung und das Verst\u00e4ndnis von anderen Menschen erhalten, die die gleichen Probleme durchgemacht haben. <\/p>\n\n<p>Au\u00dferdem gibt es auch Hotlines, an die man sich wenden kann, um Hilfe zu erhalten, einschlie\u00dflich der Anonymen Spieler.\nDiese Hotlines bieten Informationen, Betreuung und Unterst\u00fctzung sowie Hilfe in Form der \u00dcberweisung des Anrufers an einen Fachmann zur Behandlung von Gl\u00fccksspielproblemen.\nEs ist wichtig, so schnell wie m\u00f6glich Hilfe zu suchen, wenn Sie oder jemand, den Sie kennen, sie braucht \u2013 Tatsache ist, dass Sie in diesem Kampf um Heilung nicht allein sind.  <\/p>\n\n<h2 class=\"wp-block-heading\">Buchmacher Tools f\u00fcr verantwortungsbewusstes Gl\u00fccksspiel<\/h2>\n\n<p>Um die Idee eines ordnungsgem\u00e4\u00dfen und sicheren Gl\u00fccksspiels zu unterst\u00fctzen und den Benutzern zu helfen, ihr Gl\u00fccksspiel zu kontrollieren, bieten die meisten Buchmacher und Wettseiten bestimmte Funktionen und Tools an.\nDabei handelt es sich um Instrumente, die es dem Einzelnen erm\u00f6glichen, sein Gl\u00fccksspiel einzuschr\u00e4nken und sich eine Auszeit vom Gl\u00fccksspiel zu nehmen, wenn er dies w\u00fcnscht. <\/p>\n\n<p>Ein solches Tool ist die Selbstausschlussfunktion. Dies erm\u00f6glicht es Spielern, sich freiwillig f\u00fcr einen bestimmten Zeitraum, von Tagen bis Monaten oder sogar Jahren, vom Zugriff auf ihre Konten auszuschlie\u00dfen. W\u00e4hrend dieses Ausschlusszeitraums k\u00f6nnen die Spieler keine Wetten platzieren oder auf Gl\u00fccksspieldienste auf der Plattform zugreifen.<\/p>\n\n<p>Ein weiteres hilfreiches Instrument ist die M\u00f6glichkeit, die Einzahlungslimits festzulegen.\nAuf diese Weise k\u00f6nnen die Kunden entscheiden, wie viel Geld sie zu einem bestimmten Zeitpunkt auf das Konto einzahlen m\u00f6chten, sei es t\u00e4glich, w\u00f6chentlich oder monatlich.\nNachdem das festgelegte Limit erreicht wurde, k\u00f6nnen sie bis zur Einhaltung der angegebenen Zeit kein Geld mehr einzahlen.  <\/p>\n\n<p>Schlie\u00dflich ist es wichtig zu wissen, dass die Liste der Tools f\u00fcr verantwortungsbewusstes Spielen f\u00fcr jeden Buchmacher, der seine Dienste online anbietet, unterschiedlich sein kann.\nDies sind einige der Optionen, die die Wettenden je nach Vorliebe ausprobieren und lernen sollten, sie bei ihren Wetten zu verwenden. <\/p>\n","protected":false},"excerpt":{"rendered":"<p>Tipps f\u00fcr verantwortungsvolles Spielen: In diesem Blogbeitrag besprechen wir die m\u00f6glichen Anzeichen f\u00fcr problematisches Gl\u00fccksspiel, einige M\u00f6glichkeiten zum Umgang mit problematischem Gl\u00fccksspiel f\u00fcr die betroffene Person oder f\u00fcr jemanden, den man kennt, und Details zu Selbstausschlussma\u00dfnahmen. Wir werden auch die L\u00f6sungen \u00fcberpr\u00fcfen, die Buchmacher anbieten, um Ihr Gl\u00fccksspiel zu regulieren, und einige Organisationen, die Ihnen [&hellip;]<\/p>\n","protected":false},"author":1,"featured_media":0,"parent":0,"menu_order":0,"comment_status":"closed","ping_status":"closed","template":"","meta":{"inline_featured_image":false,"_uag_custom_page_level_css":"","site-sidebar-layout":"default","site-content-layout":"","ast-site-content-layout":"default","site-content-style":"default","site-sidebar-style":"default","ast-global-header-display":"","ast-banner-title-visibility":"","ast-main-header-display":"","ast-hfb-above-header-display":"","ast-hfb-below-header-display":"","ast-hfb-mobile-header-display":"","site-post-title":"","ast-breadcrumbs-content":"","ast-featured-img":"","footer-sml-layout":"","ast-disable-related-posts":"","theme-transparent-header-meta":"","adv-header-id-meta":"","stick-header-meta":"","header-above-stick-meta":"","header-main-stick-meta":"","header-below-stick-meta":"","astra-migrate-meta-layouts":"default","ast-page-background-enabled":"default","ast-page-background-meta":{"desktop":{"background-color":"var(--ast-global-color-4)","background-image":"","background-repeat":"repeat","background-position":"center center","background-size":"auto","background-attachment":"scroll","background-type":"","background-media":"","overlay-type":"","overlay-color":"","overlay-opacity":"","overlay-gradient":""},"tablet":{"background-color":"","background-image":"","background-repeat":"repeat","background-position":"center center","background-size":"auto","background-attachment":"scroll","background-type":"","background-media":"","overlay-type":"","overlay-color":"","overlay-opacity":"","overlay-gradient":""},"mobile":{"background-color":"","background-image":"","background-repeat":"repeat","background-position":"center center","background-size":"auto","background-attachment":"scroll","background-type":"","background-media":"","overlay-type":"","overlay-color":"","overlay-opacity":"","overlay-gradient":""}},"ast-content-background-meta":{"desktop":{"background-color":"var(--ast-global-color-5)","background-image":"","background-repeat":"repeat","background-position":"center center","background-size":"auto","background-attachment":"scroll","background-type":"","background-media":"","overlay-type":"","overlay-color":"","overlay-opacity":"","overlay-gradient":""},"tablet":{"background-color":"var(--ast-global-color-5)","background-image":"","background-repeat":"repeat","background-position":"center center","background-size":"auto","background-attachment":"scroll","background-type":"","background-media":"","overlay-type":"","overlay-color":"","overlay-opacity":"","overlay-gradient":""},"mobile":{"background-color":"var(--ast-global-color-5)","background-image":"","background-repeat":"repeat","background-position":"center center","background-size":"auto","background-attachment":"scroll","background-type":"","background-media":"","overlay-type":"","overlay-color":"","overlay-opacity":"","overlay-gradient":""}},"footnotes":""},"class_list":["post-15434","page","type-page","status-publish","hentry"],"aioseo_notices":[],"acf":[],"uagb_featured_image_src":{"full":false,"thumbnail":false,"medium":false,"medium_large":false,"large":false,"1536x1536":false,"2048x2048":false},"uagb_author_info":{"display_name":"\u545c\u545c\u545c","author_link":"https:\/\/vvvvu.com\/de\/author\/vvvvu\/"},"uagb_comment_info":0,"uagb_excerpt":"Tipps f\u00fcr verantwortungsvolles Spielen: In diesem Blogbeitrag besprechen wir die m\u00f6glichen Anzeichen f\u00fcr problematisches Gl\u00fccksspiel, einige M\u00f6glichkeiten zum Umgang mit problematischem Gl\u00fccksspiel f\u00fcr die betroffene Person oder f\u00fcr jemanden, den man kennt, und Details zu Selbstausschlussma\u00dfnahmen. Wir werden auch die L\u00f6sungen \u00fcberpr\u00fcfen, die Buchmacher anbieten, um Ihr Gl\u00fccksspiel zu regulieren, und einige Organisationen, die Ihnen&hellip;","_links":{"self":[{"href":"https:\/\/vvvvu.com\/de\/wp-json\/wp\/v2\/pages\/15434","targetHints":{"allow":["GET"]}}],"collection":[{"href":"https:\/\/vvvvu.com\/de\/wp-json\/wp\/v2\/pages"}],"about":[{"href":"https:\/\/vvvvu.com\/de\/wp-json\/wp\/v2\/types\/page"}],"author":[{"embeddable":true,"href":"https:\/\/vvvvu.com\/de\/wp-json\/wp\/v2\/users\/1"}],"replies":[{"embeddable":true,"href":"https:\/\/vvvvu.com\/de\/wp-json\/wp\/v2\/comments?post=15434"}],"version-history":[{"count":2,"href":"https:\/\/vvvvu.com\/de\/wp-json\/wp\/v2\/pages\/15434\/revisions"}],"predecessor-version":[{"id":111692,"href":"https:\/\/vvvvu.com\/de\/wp-json\/wp\/v2\/pages\/15434\/revisions\/111692"}],"wp:attachment":[{"href":"https:\/\/vvvvu.com\/de\/wp-json\/wp\/v2\/media?parent=15434"}],"curies":[{"name":"wp","href":"https:\/\/api.w.org\/{rel}","templated":true}]}}