{"id":15370,"date":"2023-09-15T01:38:28","date_gmt":"2023-09-15T01:38:28","guid":{"rendered":"https:\/\/vvvvu.com\/kontakt\/"},"modified":"2024-07-24T03:36:06","modified_gmt":"2024-07-24T03:36:06","slug":"kontakt","status":"publish","type":"page","link":"https:\/\/vvvvu.com\/de\/kontakt\/","title":{"rendered":"Kontakt"},"content":{"rendered":"\n<p>Auf dieser Website helfen wir Ihnen, das Beste aus Ihren Wettaktivit\u00e4ten herauszuholen, unabh\u00e4ngig davon, ob Sie neu bei Online-Sportwetten sind oder dies schon seit geraumer Zeit tun.\nF\u00fcr weitere Kommentare oder Fragen zu diesem Handbuch wenden Sie sich bitte per E-Mail an support@vvvvu.  COM.<\/p>\n\n<p>Sie werden feststellen, dass Buchmacher und Wettseiten nicht leicht zu bekommen sind, und deshalb bem\u00fchen wir uns sicherzustellen, dass die Informationen, die wir der \u00d6ffentlichkeit zur Verf\u00fcgung stellen, verschiedene Arten von Wetten und Quoten sowie Casinos beinhalten.\nSie werden leicht in der Lage sein, den besten Buchmacher oder die beste Wettseite durch unsere \u00dcberpr\u00fcfung zu identifizieren. <\/p>\n\n<p>Wir sch\u00e4tzen Ihre Meinung und w\u00fcrden uns freuen, von Ihnen, unseren Lesern, zu h\u00f6ren!\nWir freuen uns, Ihre Kommentare oder Anfragen zu unseren Wetttipps auf dieser Website zu erhalten.\nAus diesem Grund ist unser Kundenservice immer bereit, Ihnen bei der Auswahl der effizientesten M\u00f6glichkeiten zu helfen, Ihre Sportwetten zu platzieren.\nWillkommen bei vvvvu, wir freuen uns, Sie hier bei uns zu haben.\ncom Wett-Guide!    <\/p>\n\n<p>Wenn Sie ein Buchmacher oder eine Wettseite sind und daran interessiert sind, mit uns in Kontakt zu treten, k\u00f6nnen Sie die folgende E-Mail-Adresse verwenden: Sehr geehrter [support@vvvvv. com].\nBitte erwarten Sie unsere Antwort. <\/p>\n\n<p>Aus diesem Grund sind wir st\u00e4ndig auf der Suche nach einer M\u00f6glichkeit, wie wir unseren Guide f\u00fcr Sie noch besser machen k\u00f6nnen.\nBei weiteren Fragen oder wenn Sie etwas vorschlagen m\u00f6chten, k\u00f6nnen Sie uns gerne \u00fcber unsere E-Mail kontaktieren.  Wir freuen uns \u00fcber Ihr Feedback!<\/p>\n\n<p>Sehr geehrter Kunde, vielen Dank, dass Sie sich entschieden haben  <a href=\"https:\/\/vvvvu.com\/de\/\" title=\"vvvvu. COM\"><\/a><a href=\"https:\/\/vvvvu.com\/de\/\">vvvvu.<\/a> COM  Wettseiten von Buchmachern!<\/p>\n\n<div class=\"wp-block-uagb-forms uagb-forms__outer-wrap uagb-block-c9f82a45 uagb-forms__medium-btn\"><form class=\"uagb-forms-main-form\" method=\"post\" autocomplete=\"on\" name=\"uagb-form-c9f82a45\">\n<div class=\"wp-block-uagb-forms-name uagb-forms-name-wrap uagb-forms-field-set uagb-block-6bab554d\"><div class=\"uagb-forms-name-label required uagb-forms-input-label\" id=\"6bab554d\">Vorname<\/div><input type=\"text\" placeholder=\"Bube\" required=\"\" class=\"uagb-forms-name-input uagb-forms-input\" name=\"6bab554d\" autocomplete=\"given-name\"><\/div>\n\n\n\n<div class=\"wp-block-uagb-forms-name uagb-forms-name-wrap uagb-forms-field-set uagb-block-8e2685f4\"><div class=\"uagb-forms-name-label required uagb-forms-input-label\" id=\"8e2685f4\">Nachname<\/div><input type=\"text\" placeholder=\"Smith\" required=\"\" class=\"uagb-forms-name-input uagb-forms-input\" name=\"8e2685f4\" autocomplete=\"family-name\"><\/div>\n\n\n\n<div class=\"wp-block-uagb-forms-email uagb-forms-email-wrap uagb-forms-field-set uagb-block-f87989c2\"><div class=\"uagb-forms-email-label uagb-forms-input-label\" id=\"f87989c2\">E-Mail<\/div><input type=\"email\" class=\"uagb-forms-email-input uagb-forms-input\" placeholder=\"example@mail.com\" name=\"f87989c2\" autocomplete=\"email\"><\/div>\n\n\n\n<div class=\"wp-block-uagb-forms-textarea uagb-forms-textarea-wrap uagb-forms-field-set uagb-block-4bcf3afe\"><div class=\"uagb-forms-textarea-label required uagb-forms-input-label\" id=\"4bcf3afe\">Nachricht<\/div><textarea required=\"\" class=\"uagb-forms-textarea-input uagb-forms-input\" rows=\"4\" placeholder=\"Ihre Nachricht eingeben\" name=\"4bcf3afe\" autocomplete=\"off\"><\/textarea><\/div>\n<div class=\"uagb-forms-form-hidden-data\"><input type=\"hidden\" class=\"uagb_forms_form_label\" value=\"Spectra Form\"\/><input type=\"hidden\" class=\"uagb_forms_form_id\" value=\"uagb-form-c9f82a45\"\/><\/div><div class=\"uagb-form-reacaptcha-error-c9f82a45\"><\/div><div class=\"uagb-forms-main-submit-button-wrap wp-block-button\"><button class=\"uagb-forms-main-submit-button wp-block-button__link\"><div class=\"uagb-forms-main-submit-button-text\">Einreichen<\/div><\/button><\/div><\/form><div class=\"uagb-forms-success-message-c9f82a45 uagb-forms-submit-message-hide\"><span>Submission has been successful!<\/span><\/div><div class=\"uagb-forms-failed-message-c9f82a45 uagb-forms-submit-message-hide\"><span>There has been some error while submitting the form. Please verify all form fields again.<\/span><\/div><\/div>\n","protected":false},"excerpt":{"rendered":"<p>Auf dieser Website helfen wir Ihnen, das Beste aus Ihren Wettaktivit\u00e4ten herauszuholen, unabh\u00e4ngig davon, ob Sie neu bei Online-Sportwetten sind oder dies schon seit geraumer Zeit tun. F\u00fcr weitere Kommentare oder Fragen zu diesem Handbuch wenden Sie sich bitte per E-Mail an support@vvvvu. COM. Sie werden feststellen, dass Buchmacher und Wettseiten nicht leicht zu bekommen [&hellip;]<\/p>\n","protected":false},"author":1,"featured_media":0,"parent":0,"menu_order":0,"comment_status":"closed","ping_status":"closed","template":"","meta":{"inline_featured_image":false,"_uag_custom_page_level_css":"","site-sidebar-layout":"default","site-content-layout":"","ast-site-content-layout":"default","site-content-style":"default","site-sidebar-style":"default","ast-global-header-display":"","ast-banner-title-visibility":"","ast-main-header-display":"","ast-hfb-above-header-display":"","ast-hfb-below-header-display":"","ast-hfb-mobile-header-display":"","site-post-title":"","ast-breadcrumbs-content":"","ast-featured-img":"","footer-sml-layout":"","ast-disable-related-posts":"","theme-transparent-header-meta":"","adv-header-id-meta":"","stick-header-meta":"","header-above-stick-meta":"","header-main-stick-meta":"","header-below-stick-meta":"","astra-migrate-meta-layouts":"default","ast-page-background-enabled":"default","ast-page-background-meta":{"desktop":{"background-color":"var(--ast-global-color-4)","background-image":"","background-repeat":"repeat","background-position":"center center","background-size":"auto","background-attachment":"scroll","background-type":"","background-media":"","overlay-type":"","overlay-color":"","overlay-opacity":"","overlay-gradient":""},"tablet":{"background-color":"","background-image":"","background-repeat":"repeat","background-position":"center center","background-size":"auto","background-attachment":"scroll","background-type":"","background-media":"","overlay-type":"","overlay-color":"","overlay-opacity":"","overlay-gradient":""},"mobile":{"background-color":"","background-image":"","background-repeat":"repeat","background-position":"center center","background-size":"auto","background-attachment":"scroll","background-type":"","background-media":"","overlay-type":"","overlay-color":"","overlay-opacity":"","overlay-gradient":""}},"ast-content-background-meta":{"desktop":{"background-color":"var(--ast-global-color-5)","background-image":"","background-repeat":"repeat","background-position":"center center","background-size":"auto","background-attachment":"scroll","background-type":"","background-media":"","overlay-type":"","overlay-color":"","overlay-opacity":"","overlay-gradient":""},"tablet":{"background-color":"var(--ast-global-color-5)","background-image":"","background-repeat":"repeat","background-position":"center center","background-size":"auto","background-attachment":"scroll","background-type":"","background-media":"","overlay-type":"","overlay-color":"","overlay-opacity":"","overlay-gradient":""},"mobile":{"background-color":"var(--ast-global-color-5)","background-image":"","background-repeat":"repeat","background-position":"center center","background-size":"auto","background-attachment":"scroll","background-type":"","background-media":"","overlay-type":"","overlay-color":"","overlay-opacity":"","overlay-gradient":""}},"footnotes":""},"class_list":["post-15370","page","type-page","status-publish","hentry"],"aioseo_notices":[],"acf":[],"uagb_featured_image_src":{"full":false,"thumbnail":false,"medium":false,"medium_large":false,"large":false,"1536x1536":false,"2048x2048":false},"uagb_author_info":{"display_name":"\u545c\u545c\u545c","author_link":"https:\/\/vvvvu.com\/de\/author\/vvvvu\/"},"uagb_comment_info":0,"uagb_excerpt":"Auf dieser Website helfen wir Ihnen, das Beste aus Ihren Wettaktivit\u00e4ten herauszuholen, unabh\u00e4ngig davon, ob Sie neu bei Online-Sportwetten sind oder dies schon seit geraumer Zeit tun. F\u00fcr weitere Kommentare oder Fragen zu diesem Handbuch wenden Sie sich bitte per E-Mail an support@vvvvu. COM. Sie werden feststellen, dass Buchmacher und Wettseiten nicht leicht zu bekommen&hellip;","_links":{"self":[{"href":"https:\/\/vvvvu.com\/de\/wp-json\/wp\/v2\/pages\/15370","targetHints":{"allow":["GET"]}}],"collection":[{"href":"https:\/\/vvvvu.com\/de\/wp-json\/wp\/v2\/pages"}],"about":[{"href":"https:\/\/vvvvu.com\/de\/wp-json\/wp\/v2\/types\/page"}],"author":[{"embeddable":true,"href":"https:\/\/vvvvu.com\/de\/wp-json\/wp\/v2\/users\/1"}],"replies":[{"embeddable":true,"href":"https:\/\/vvvvu.com\/de\/wp-json\/wp\/v2\/comments?post=15370"}],"version-history":[{"count":2,"href":"https:\/\/vvvvu.com\/de\/wp-json\/wp\/v2\/pages\/15370\/revisions"}],"predecessor-version":[{"id":111332,"href":"https:\/\/vvvvu.com\/de\/wp-json\/wp\/v2\/pages\/15370\/revisions\/111332"}],"wp:attachment":[{"href":"https:\/\/vvvvu.com\/de\/wp-json\/wp\/v2\/media?parent=15370"}],"curies":[{"name":"wp","href":"https:\/\/api.w.org\/{rel}","templated":true}]}}