{"id":14481,"date":"2023-07-13T13:30:48","date_gmt":"2023-07-13T13:30:48","guid":{"rendered":"https:\/\/vvvvu.com\/ueber-uns\/"},"modified":"2024-07-24T01:52:35","modified_gmt":"2024-07-24T01:52:35","slug":"ueber-uns","status":"publish","type":"page","link":"https:\/\/vvvvu.com\/de\/ueber-uns\/","title":{"rendered":"\u00dcber uns"},"content":{"rendered":"\n<h2 class=\"wp-block-heading\">Willkommen auf der besten Sportwetten-Website.<\/h2>\n\n<p>Dies ist Ihre wichtigste Informationsquelle f\u00fcr alles, was mit Wetten zu tun hat. Wir sind bestrebt, Ihnen das Beste [gaming site]zu bieten, wobei wir uns auf [booking company betting offers], [best online casino], und [gaming site bonuses]konzentrieren.<\/p>\n\n<p>Die beste Sportwetten-Website wurde von vvvvu.com gegr\u00fcndet und hat seitdem [European betting company]einen langen Weg zur\u00fcckgelegt. Als das europ\u00e4ische Gl\u00fccksspiel begann, war unsere Begeisterung f\u00fcr Wettmarkeninformationen wie Wettseiten. Die t\u00e4gliche Arbeit an Wettboni, viel Recherche usw., damit die besten Sportwettenseiten Ihnen einen Wettbewerbsvorteil verschaffen k\u00f6nnen &#8211; viele Boni f\u00fcr die Registrierung neuer Kunden. Wir bedienen jetzt die Kunden von Sportcasinos und sind sehr zufrieden. Wir sind in der Lage, unsere Begeisterung zu \u00fcbertragen. Bem\u00fchen Sie sich, globale Wettbegeisterte zu bedienen.<\/p>\n\n<p>Wenn Sie unsere Produktinformationen w\u00fcnschen, so wie Sie sie gerne zur Verf\u00fcgung stellen. Wenn Sie Fragen oder Anmerkungen haben, wenden Sie sich bitte an<\/p>\n\n<h2 class=\"wp-block-heading\">Aufrichtig<\/h2>\n\n<p>Geben Sie Unterst\u00fctzung und Liebe, danke f\u00fcr Ihren Besuch auf unserer Website<\/p>\n","protected":false},"excerpt":{"rendered":"<p>Willkommen auf der besten Sportwetten-Website. Dies ist Ihre wichtigste Informationsquelle f\u00fcr alles, was mit Wetten zu tun hat. Wir sind bestrebt, Ihnen das Beste [gaming site]zu bieten, wobei wir uns auf [booking company betting offers], [best online casino], und [gaming site bonuses]konzentrieren. Die beste Sportwetten-Website wurde von vvvvu.com gegr\u00fcndet und hat seitdem [European betting company]einen [&hellip;]<\/p>\n","protected":false},"author":1,"featured_media":0,"parent":0,"menu_order":0,"comment_status":"closed","ping_status":"open","template":"","meta":{"inline_featured_image":false,"_uag_custom_page_level_css":"","site-sidebar-layout":"default","site-content-layout":"","ast-site-content-layout":"default","site-content-style":"default","site-sidebar-style":"default","ast-global-header-display":"","ast-banner-title-visibility":"","ast-main-header-display":"","ast-hfb-above-header-display":"","ast-hfb-below-header-display":"","ast-hfb-mobile-header-display":"","site-post-title":"","ast-breadcrumbs-content":"","ast-featured-img":"","footer-sml-layout":"","ast-disable-related-posts":"","theme-transparent-header-meta":"","adv-header-id-meta":"","stick-header-meta":"","header-above-stick-meta":"","header-main-stick-meta":"","header-below-stick-meta":"","astra-migrate-meta-layouts":"default","ast-page-background-enabled":"default","ast-page-background-meta":{"desktop":{"background-color":"var(--ast-global-color-4)","background-image":"","background-repeat":"repeat","background-position":"center center","background-size":"auto","background-attachment":"scroll","background-type":"","background-media":"","overlay-type":"","overlay-color":"","overlay-opacity":"","overlay-gradient":""},"tablet":{"background-color":"","background-image":"","background-repeat":"repeat","background-position":"center center","background-size":"auto","background-attachment":"scroll","background-type":"","background-media":"","overlay-type":"","overlay-color":"","overlay-opacity":"","overlay-gradient":""},"mobile":{"background-color":"","background-image":"","background-repeat":"repeat","background-position":"center center","background-size":"auto","background-attachment":"scroll","background-type":"","background-media":"","overlay-type":"","overlay-color":"","overlay-opacity":"","overlay-gradient":""}},"ast-content-background-meta":{"desktop":{"background-color":"var(--ast-global-color-5)","background-image":"","background-repeat":"repeat","background-position":"center center","background-size":"auto","background-attachment":"scroll","background-type":"","background-media":"","overlay-type":"","overlay-color":"","overlay-opacity":"","overlay-gradient":""},"tablet":{"background-color":"var(--ast-global-color-5)","background-image":"","background-repeat":"repeat","background-position":"center center","background-size":"auto","background-attachment":"scroll","background-type":"","background-media":"","overlay-type":"","overlay-color":"","overlay-opacity":"","overlay-gradient":""},"mobile":{"background-color":"var(--ast-global-color-5)","background-image":"","background-repeat":"repeat","background-position":"center center","background-size":"auto","background-attachment":"scroll","background-type":"","background-media":"","overlay-type":"","overlay-color":"","overlay-opacity":"","overlay-gradient":""}},"footnotes":""},"class_list":["post-14481","page","type-page","status-publish","hentry"],"aioseo_notices":[],"acf":[],"uagb_featured_image_src":{"full":false,"thumbnail":false,"medium":false,"medium_large":false,"large":false,"1536x1536":false,"2048x2048":false},"uagb_author_info":{"display_name":"\u545c\u545c\u545c","author_link":"https:\/\/vvvvu.com\/de\/author\/vvvvu\/"},"uagb_comment_info":0,"uagb_excerpt":"Willkommen auf der besten Sportwetten-Website. Dies ist Ihre wichtigste Informationsquelle f\u00fcr alles, was mit Wetten zu tun hat. Wir sind bestrebt, Ihnen das Beste [gaming site]zu bieten, wobei wir uns auf [booking company betting offers], [best online casino], und [gaming site bonuses]konzentrieren. Die beste Sportwetten-Website wurde von vvvvu.com gegr\u00fcndet und hat seitdem [European betting company]einen&hellip;","_links":{"self":[{"href":"https:\/\/vvvvu.com\/de\/wp-json\/wp\/v2\/pages\/14481","targetHints":{"allow":["GET"]}}],"collection":[{"href":"https:\/\/vvvvu.com\/de\/wp-json\/wp\/v2\/pages"}],"about":[{"href":"https:\/\/vvvvu.com\/de\/wp-json\/wp\/v2\/types\/page"}],"author":[{"embeddable":true,"href":"https:\/\/vvvvu.com\/de\/wp-json\/wp\/v2\/users\/1"}],"replies":[{"embeddable":true,"href":"https:\/\/vvvvu.com\/de\/wp-json\/wp\/v2\/comments?post=14481"}],"version-history":[{"count":3,"href":"https:\/\/vvvvu.com\/de\/wp-json\/wp\/v2\/pages\/14481\/revisions"}],"predecessor-version":[{"id":111043,"href":"https:\/\/vvvvu.com\/de\/wp-json\/wp\/v2\/pages\/14481\/revisions\/111043"}],"wp:attachment":[{"href":"https:\/\/vvvvu.com\/de\/wp-json\/wp\/v2\/media?parent=14481"}],"curies":[{"name":"wp","href":"https:\/\/api.w.org\/{rel}","templated":true}]}}