{"id":14466,"date":"2023-07-13T13:30:48","date_gmt":"2023-07-13T13:30:48","guid":{"rendered":"https:\/\/vvvvu.com\/haftungsausschluss\/"},"modified":"2024-07-24T03:38:40","modified_gmt":"2024-07-24T03:38:40","slug":"haftungsausschluss","status":"publish","type":"page","link":"https:\/\/vvvvu.com\/de\/haftungsausschluss\/","title":{"rendered":"Haftungsausschluss"},"content":{"rendered":"\n<h2 class=\"wp-block-heading\">Auslegung<\/h2>\n\n<p>Erl\u00e4uterungen zu den W\u00f6rtern, bei denen der Anfangsbuchstabe gro\u00df geschrieben wird, werden unter den folgenden Bedingungen bereitgestellt:<\/p>\n\n<p>Die folgenden Begriffe haben die gleiche Bedeutung, wenn sie in diesem Instrument verwendet werden, unabh\u00e4ngig davon, ob sie im Singular oder im Plural verwendet werden.<\/p>\n\n<h2 class=\"wp-block-heading\">Definitionen<\/h2>\n\n<p>F\u00fcr die Zwecke dieses Haftungsausschlusses gilt Folgendes:<\/p>\n\n<p>Die in diesem Haftungsausschluss verwendeten Ausdr\u00fccke &#8222;Unternehmen&#8220;, &#8222;Wir&#8220;, &#8222;Uns&#8220; oder &#8222;Unser&#8220; beziehen sich auf die beste Sportwetten-Website.<\/p>\n\n<p>Service bezeichnet die Website und\/oder die mobile Anwendung.<\/p>\n\n<p>Sie bezeichnen die nat\u00fcrliche Person, den Arbeitgeber der nat\u00fcrlichen Person oder eine andere Organisation, f\u00fcr die die nat\u00fcrliche Person t\u00e4tig ist und die mit der Nutzung des Dienstes verbunden ist.<\/p>\n\n<p>Die Website verweist auf die beste Sportwetten-Website, die \u00fcber https zug\u00e4nglich ist: Nichtsdestotrotz wird folgendes geschrieben: com<\/p>\n\n<h2 class=\"wp-block-heading\">Haftungsausschluss<\/h2>\n\n<p>Alle Informationen, die auf dem Dienst zur Verf\u00fcgung gestellt werden, dienen nur zu Ihrer Information und sind nicht als Rechtsberatung gedacht.<\/p>\n\n<p>Das Unternehmen haftet nicht f\u00fcr die Ungenauigkeit der auf dem Dienst angezeigten Informationen.<\/p>\n\n<p>Das Unternehmen \u00fcbernimmt keine Garantie oder Zusicherung, dass der Dienst und die im Dienst beschriebenen Materialien oder Produkte den Anforderungen des Benutzers entsprechen, ununterbrochen, rechtzeitig, sicher oder fehlerfrei sind, dass M\u00e4ngel behoben werden oder dass dieser Dienst oder der Server, der ihn zur Verf\u00fcgung stellt, frei von Viren oder anderen sch\u00e4dlichen Komponenten ist.\nDas Unternehmen kann <\/p>\n\n<p>Das Unternehmen \u00fcbernimmt keine Verantwortung f\u00fcr Fehler oder Auslassungen in den Inhalten des Dienstes.<\/p>\n\n<h2 class=\"wp-block-heading\">Haftungsausschluss f\u00fcr externe Links<\/h2>\n\n<p>Einige der Links, die im Dienst enthalten sind, k\u00f6nnen zu anderen Websites im World Wide Web f\u00fchren, f\u00fcr die das Unternehmen nicht verantwortlich ist.<\/p>\n\n<p>In Bezug auf die Informationen, die auf diesen externen Websites ver\u00f6ffentlicht werden, \u00fcbernimmt das Unternehmen keine Verantwortung f\u00fcr die Richtigkeit, Aktualit\u00e4t oder Angemessenheit der dort ver\u00f6ffentlichten Informationen.<\/p>\n\n<h2 class=\"wp-block-heading\">Haftungsausschluss f\u00fcr Fehler und Auslassungen<\/h2>\n\n<p>Das Vorstehende schr\u00e4nkt jedoch in keiner Weise die Allgemeing\u00fcltigkeit des Vorstehenden in Bezug auf die vom Dienst zur Verf\u00fcgung gestellten Informationen zu den auf dieser Website behandelten Themen ein.\nDas Unternehmen wird alles in seiner Macht Stehende tun, um sicherzustellen, dass die \u00fcber den Dienst bereitgestellten Informationen aktuell und korrekt sind, aber dies garantiert nicht, dass dies der Fall ist.\nAu\u00dferdem werden alle \u00fcber den Dienst bereitgestellten Informationen &#8222;wie besehen&#8220; zur Verf\u00fcgung gestellt, und das Unternehmen haftet nicht f\u00fcr die Richtigkeit, Zuverl\u00e4ssigkeit oder Vollst\u00e4ndigkeit der Informationen.  <\/p>\n\n<p>Sie werden ohne M\u00e4ngelgew\u00e4hr und ohne jegliche ausdr\u00fcckliche oder stillschweigende Garantie zur Verf\u00fcgung gestellt, einschlie\u00dflich, aber nicht beschr\u00e4nkt auf die stillschweigende Gew\u00e4hrleistung der Eignung f\u00fcr einen bestimmten Zweck oder der Eignung f\u00fcr den beabsichtigten Zweck.<\/p>\n\n<h2 class=\"wp-block-heading\">Haftungsausschluss f\u00fcr faire Nutzung<\/h2>\n\n<p>Bestimmte Informationen, die das Unternehmen verwendet, k\u00f6nnen urheberrechtlich gesch\u00fctzt sein und das Unternehmen verf\u00fcgt m\u00f6glicherweise nicht \u00fcber eine ordnungsgem\u00e4\u00dfe Lizenz daf\u00fcr.\nDas Unternehmen stellt solches Material f\u00fcr die Verwendung von Kritik, Kommentaren, Berichterstattung \u00fcber Nachrichtenereignisse, Lehre und akademische Forschung zur Verf\u00fcgung. <\/p>\n\n<p>Das Unternehmen ist zu dem Schluss gekommen, dass dies auf der Grundlage der Bestimmungen des Urheberrechtsgesetzes, insbesondere des Abschnitts 107 des Urheberrechtsgesetzes der Vereinigten Staaten, rechtm\u00e4\u00dfig ist.<\/p>\n\n<p>Wenn Sie urheberrechtlich gesch\u00fctztes Material des Dienstes f\u00fcr solche Zwecke verwenden m\u00f6chten, die oben nicht aufgef\u00fchrt sind, sollte die Erlaubnis des Urheberrechtsinhabers eingeholt werden.<\/p>\n\n<h2 class=\"wp-block-heading\">Ausdr\u00fcckliche Ansichten Haftungsausschluss<\/h2>\n\n<p>Die auf dem Dienst bereitgestellten Informationen k\u00f6nnen die pers\u00f6nliche Meinung von Dritten, Teilnehmern und anderen Benutzern enthalten und spiegeln nicht die Meinung des Unternehmens wider.<\/p>\n\n<p>Folglich liegt jeder ver\u00f6ffentlichte Kommentar des Benutzers in der alleinigen Verantwortung des Benutzers, und der Benutzer ist in vollem Umfang verantwortlich, haftbar und\/oder rechenschaftspflichtig f\u00fcr alle Verleumdungen oder Gerichtsverfahren, die sich aus einem Kommentar des Benutzers ergeben oder direkt durch einen Kommentar des Benutzers verursacht werden.\nDas Unternehmen ist in keiner Weise verantwortlich f\u00fcr Kommentare eines Benutzers und hat das volle Recht, Kommentare ohne vorherige Ank\u00fcndigung zu l\u00f6schen. <\/p>\n\n<h2 class=\"wp-block-heading\">Haftungsausschluss<\/h2>\n\n<p>Diese dienen der allgemeinen Information und das Unternehmen haftet nicht f\u00fcr rechtliche, steuerliche oder sonstige Ratschl\u00e4ge, die in solchen Informationen gegeben werden k\u00f6nnen.\nDaher sollte es nicht als Grundlage f\u00fcr buchhalterische, steuerliche, rechtliche oder andere berufliche Entscheidungen verwendet werden. <\/p>\n\n<p>Die Haftung des Unternehmens oder seiner Lieferanten f\u00fcr Sch\u00e4den im Rahmen dieser Vereinbarung ist auf den Betrag beschr\u00e4nkt, den Sie in den zw\u00f6lf (12) Monaten vor dem ersten Ereignis, das den Anspruch begr\u00fcndet, f\u00fcr den Dienst gezahlt haben.\nDas Unternehmen oder seine Lieferanten haften nicht f\u00fcr besondere, zuf\u00e4llige, indirekte oder Folgesch\u00e4den jeglicher Art (einschlie\u00dflich, aber nicht beschr\u00e4nkt auf Anwaltskosten), die in irgendeiner Weise mit Ihrer Nutzung des Dienstes zusammenh\u00e4ngen. <\/p>\n\n<h2 class=\"wp-block-heading\">Dies f\u00fchrt zu einem Haftungsausschluss, der in der Regel wie folgt dargestellt wird: &#8222;Keine Gew\u00e4hrleistung&#8220;.<\/h2>\n\n<p>Alle in diesem Dienst enthaltenen Informationen werden den Benutzern ohne M\u00e4ngelgew\u00e4hr und ohne jegliche ausdr\u00fcckliche oder stillschweigende Gew\u00e4hrleistung zur Verf\u00fcgung gestellt, einschlie\u00dflich, aber nicht beschr\u00e4nkt auf Garantien der Vollst\u00e4ndigkeit, Richtigkeit und dergleichen, Garantien der Marktg\u00e4ngigkeit, der Eignung f\u00fcr einen bestimmten Zweck oder der Nichtverletzung von Rechten Dritter.<\/p>\n\n<p>Das Unternehmen haftet weder Ihnen noch anderen gegen\u00fcber f\u00fcr Entscheidungen oder Handlungen, die im Vertrauen auf die vom Dienst bereitgestellten Informationen getroffen oder ergriffen werden, oder f\u00fcr Folgesch\u00e4den, besondere oder \u00e4hnliche Sch\u00e4den, selbst wenn auf die M\u00f6glichkeit solcher Sch\u00e4den hingewiesen wurde.<\/p>\n\n<h2 class=\"wp-block-heading\">Kontakt<\/h2>\n\n<p>Wenn Sie Fragen zu diesem Haftungsausschluss haben, k\u00f6nnen Sie sich an uns wenden:<\/p>\n\n<ul class=\"wp-block-list\">\n<li><strong>Durch den Besuch dieser Seite auf unserer Website:<\/strong> Im Folgenden finden Sie den Link zur Originalquelle: <a href=\"https:\/\/vvvvu.%20com\/privacy-policy\/\" target=\"_blank\" rel=\"noopener nofollow\" title=\"\">https:\/\/vvvvu. com\/privacy-policy\/<\/a><\/li>\n<\/ul>\n","protected":false},"excerpt":{"rendered":"<p>Auslegung Erl\u00e4uterungen zu den W\u00f6rtern, bei denen der Anfangsbuchstabe gro\u00df geschrieben wird, werden unter den folgenden Bedingungen bereitgestellt: Die folgenden Begriffe haben die gleiche Bedeutung, wenn sie in diesem Instrument verwendet werden, unabh\u00e4ngig davon, ob sie im Singular oder im Plural verwendet werden. Definitionen F\u00fcr die Zwecke dieses Haftungsausschlusses gilt Folgendes: Die in diesem Haftungsausschluss [&hellip;]<\/p>\n","protected":false},"author":1,"featured_media":0,"parent":0,"menu_order":0,"comment_status":"closed","ping_status":"open","template":"","meta":{"inline_featured_image":false,"_uag_custom_page_level_css":"","site-sidebar-layout":"default","site-content-layout":"","ast-site-content-layout":"default","site-content-style":"default","site-sidebar-style":"default","ast-global-header-display":"","ast-banner-title-visibility":"","ast-main-header-display":"","ast-hfb-above-header-display":"","ast-hfb-below-header-display":"","ast-hfb-mobile-header-display":"","site-post-title":"","ast-breadcrumbs-content":"","ast-featured-img":"","footer-sml-layout":"","ast-disable-related-posts":"","theme-transparent-header-meta":"","adv-header-id-meta":"","stick-header-meta":"","header-above-stick-meta":"","header-main-stick-meta":"","header-below-stick-meta":"","astra-migrate-meta-layouts":"default","ast-page-background-enabled":"default","ast-page-background-meta":{"desktop":{"background-color":"var(--ast-global-color-4)","background-image":"","background-repeat":"repeat","background-position":"center center","background-size":"auto","background-attachment":"scroll","background-type":"","background-media":"","overlay-type":"","overlay-color":"","overlay-opacity":"","overlay-gradient":""},"tablet":{"background-color":"","background-image":"","background-repeat":"repeat","background-position":"center center","background-size":"auto","background-attachment":"scroll","background-type":"","background-media":"","overlay-type":"","overlay-color":"","overlay-opacity":"","overlay-gradient":""},"mobile":{"background-color":"","background-image":"","background-repeat":"repeat","background-position":"center center","background-size":"auto","background-attachment":"scroll","background-type":"","background-media":"","overlay-type":"","overlay-color":"","overlay-opacity":"","overlay-gradient":""}},"ast-content-background-meta":{"desktop":{"background-color":"var(--ast-global-color-5)","background-image":"","background-repeat":"repeat","background-position":"center center","background-size":"auto","background-attachment":"scroll","background-type":"","background-media":"","overlay-type":"","overlay-color":"","overlay-opacity":"","overlay-gradient":""},"tablet":{"background-color":"var(--ast-global-color-5)","background-image":"","background-repeat":"repeat","background-position":"center center","background-size":"auto","background-attachment":"scroll","background-type":"","background-media":"","overlay-type":"","overlay-color":"","overlay-opacity":"","overlay-gradient":""},"mobile":{"background-color":"var(--ast-global-color-5)","background-image":"","background-repeat":"repeat","background-position":"center center","background-size":"auto","background-attachment":"scroll","background-type":"","background-media":"","overlay-type":"","overlay-color":"","overlay-opacity":"","overlay-gradient":""}},"footnotes":""},"class_list":["post-14466","page","type-page","status-publish","hentry"],"aioseo_notices":[],"acf":[],"uagb_featured_image_src":{"full":false,"thumbnail":false,"medium":false,"medium_large":false,"large":false,"1536x1536":false,"2048x2048":false},"uagb_author_info":{"display_name":"\u545c\u545c\u545c","author_link":"https:\/\/vvvvu.com\/de\/author\/vvvvu\/"},"uagb_comment_info":0,"uagb_excerpt":"Auslegung Erl\u00e4uterungen zu den W\u00f6rtern, bei denen der Anfangsbuchstabe gro\u00df geschrieben wird, werden unter den folgenden Bedingungen bereitgestellt: Die folgenden Begriffe haben die gleiche Bedeutung, wenn sie in diesem Instrument verwendet werden, unabh\u00e4ngig davon, ob sie im Singular oder im Plural verwendet werden. Definitionen F\u00fcr die Zwecke dieses Haftungsausschlusses gilt Folgendes: Die in diesem Haftungsausschluss&hellip;","_links":{"self":[{"href":"https:\/\/vvvvu.com\/de\/wp-json\/wp\/v2\/pages\/14466","targetHints":{"allow":["GET"]}}],"collection":[{"href":"https:\/\/vvvvu.com\/de\/wp-json\/wp\/v2\/pages"}],"about":[{"href":"https:\/\/vvvvu.com\/de\/wp-json\/wp\/v2\/types\/page"}],"author":[{"embeddable":true,"href":"https:\/\/vvvvu.com\/de\/wp-json\/wp\/v2\/users\/1"}],"replies":[{"embeddable":true,"href":"https:\/\/vvvvu.com\/de\/wp-json\/wp\/v2\/comments?post=14466"}],"version-history":[{"count":3,"href":"https:\/\/vvvvu.com\/de\/wp-json\/wp\/v2\/pages\/14466\/revisions"}],"predecessor-version":[{"id":111352,"href":"https:\/\/vvvvu.com\/de\/wp-json\/wp\/v2\/pages\/14466\/revisions\/111352"}],"wp:attachment":[{"href":"https:\/\/vvvvu.com\/de\/wp-json\/wp\/v2\/media?parent=14466"}],"curies":[{"name":"wp","href":"https:\/\/api.w.org\/{rel}","templated":true}]}}