{"id":14398,"date":"2023-07-10T03:31:05","date_gmt":"2023-07-10T03:31:05","guid":{"rendered":"https:\/\/vvvvu.com\/datenschutz\/"},"modified":"2024-07-24T05:49:32","modified_gmt":"2024-07-24T05:49:32","slug":"datenschutz-bestimmungen","status":"publish","type":"page","link":"https:\/\/vvvvu.com\/de\/datenschutz-bestimmungen\/","title":{"rendered":"Datenschutz-Bestimmungen"},"content":{"rendered":"\n<h2 class=\"wp-block-heading\">Unsere Identit\u00e4t<\/h2>\n\n<p>Finden Sie uns online unter: <a href=\"https:\/\/vvvvu.com\/de\/\" target=\"_blank\" rel=\"noopener nofollow\" title=\"Buchmacher\">https:\/\/vvvvu.com<\/a>.<\/p>\n\n<h2 class=\"wp-block-heading\">Kommentarbereich<\/h2>\n\n<p>Die Daten der Kunden werden von denjenigen zur Verf\u00fcgung gestellt, die Kommentare auf unserer Seite hinterlassen, indem sie die erforderlichen Daten in Form des Kommentars eingeben.\nDies, zusammen mit ihrer IP-Adresse und ihren Browserinformationen, gibt uns Schutzma\u00dfnahmen vor Spamming. <\/p>\n\n<p>Die E-Mail-Adresse, die Sie haben, kann anonym werden, da der Gravatar ihre Verwendung \u00fcberpr\u00fcfen kann, indem er sie in eine anonyme Zeichenfolge, den Hash, umwandelt. Die Datenschutzrichtlinie von Gravatar finden Sie hier: <a href=\"https:\/\/vvvvu.com\/de\/datenschutz-bestimmungen\/\" target=\"_blank\" rel=\"noopener nofollow\" title=\"Datenschutzrichtlinie\/\">https:\/\/vvvvu.com\/privacy-policy\/<\/a>.\nIhr Profilbild ist nun in seinem Kontext \u00f6ffentlich sichtbar, nachdem Ihr Kommentar genehmigt wurde. <\/p>\n\n<h2 class=\"wp-block-heading\">Bild-Uploads<\/h2>\n\n<p>Bilder hochladen?\nSeien Sie sich bewusst.\nSollte es der Fall sein, dass sich dort Standortdaten befinden (EXIF, GPS), k\u00f6nnen Besucher der Website diese herunterladen und extrahieren.  <\/p>\n\n<h2 class=\"wp-block-heading\">Cookie-Informationen<\/h2>\n\n<p>Hinterlassen Sie einen Kommentar?\nAlternativ gibt es ein Cookie, mit dem Ihre name_, E-Mail und Website gespeichert werden k\u00f6nnen.\nDies ist eine einj\u00e4hrige Bequemlichkeit, die Sie vor der erneuten Eingabe von Daten sch\u00fctzt.  <\/p>\n\n<p>Wenn Sie sich auf unserer Website anmelden, gibt es ein tempor\u00e4res Cookie, das entscheidet, ob Ihr Browser mit Cookies kompatibel ist oder nicht.\nEin solches datenloses Cookie bleibt auch nach dem Schlie\u00dfen des Browsers erhalten. <\/p>\n\n<p>Anmelden?\nCookies werden erstellt, um Ihre Anzeigepr\u00e4ferenzen und Anmeldedaten zu speichern.\nDie Login-Cookies sind Zwei-Tage-Timer, aber die Bildschirmoptionen werden ein Jahr lang gespeichert.\nRemember Me wird sich zwei Wochen lang an dich erinnern.\nWenn man sich ausloggt; Dann wird das Login-Cookie gel\u00f6scht.    <\/p>\n\n<p>Beim Wechseln oder Hochladen des Artikels sehen Sie, dass es ein neues Cookie gibt, das Ihr Browser speichert.\nDies ist kein Cookie f\u00fcr personenbezogene Daten.\nEs markiert nur seine Beitrags-ID, die zuletzt einen Tag nach dem Verschwinden dieses Cookies aktualisiert wurde.  <\/p>\n\n<h2 class=\"wp-block-heading\">Inhalte von verschiedenen Websites<\/h2>\n\n<p>Die Artikel auf dieser Website k\u00f6nnen Inhalte enthalten, die nicht enthalten sind, z. B. Videos, Bilder, Beitr\u00e4ge und andere.\nEnth\u00e4lt auch Inhalte von anderen Websites, die sich praktisch genauso verhalten, als ob Sie die andere Website besucht h\u00e4tten. <\/p>\n\n<p>Solche Websites k\u00f6nnen Informationen \u00fcber Sie sammeln, Cookies verwenden, mehr Dritte messen und Ihre Interaktion mit dem enthaltenen Material verfolgen.\nZu diesen Interaktionen geh\u00f6rt das Verfolgen Ihrer Interaktionen mit dem bereitgestellten Material, wenn Sie auf der betreffenden Website angemeldet sind. <\/p>\n\n<h2 class=\"wp-block-heading\">Datenaustausch<\/h2>\n\n<p>Nur Ihre IP-Adresse wird in die Reset-Nachricht eingebettet.<\/p>\n\n<h2 class=\"wp-block-heading\">Aufbewahrung Ihrer Daten<\/h2>\n\n<p>Wenn Sie kommentieren, werden der Kommentar und die zugeh\u00f6rigen Daten auf unbestimmte Zeit beibehalten.\nDies erm\u00f6glicht es uns, Ihre Post-Kommentare schneller zu identifizieren und zu sanktionieren, als sie dort in einer wartenden Warteschlange h\u00e4ngen zu lassen. <\/p>\n\n<p>Gespeichert werden die personenbezogenen Daten, die unsere Worbsite-Mitglieder (falls vorhanden) in ihren Profilen angegeben haben.\nJeder Benutzer kann seine pers\u00f6nlichen Daten jederzeit einsehen, \u00e4ndern oder l\u00f6schen (mit Ausnahme des Benutzernamens).\nSite-Administratoren k\u00f6nnen dies ebenfalls tun.  <\/p>\n\n<h2 class=\"wp-block-heading\">Welche Rechte du an deinen Daten hast<\/h2>\n\n<p>Wenn Sie ein Konto haben oder Kommentare auf dieser Website hinterlassen haben, k\u00f6nnen Sie eine exportierte Datei Ihrer personenbezogenen Daten anfordern, die wir gespeichert haben, einschlie\u00dflich der Daten, die Sie uns zur Verf\u00fcgung gestellt haben.\nSie k\u00f6nnen uns auch auffordern, alle personenbezogenen Daten, die wir \u00fcber Sie haben, zu l\u00f6schen.\nDies gilt jedoch nicht f\u00fcr Informationen, die wir aus betrieblichen, gesetzlichen oder Sicherheitsgr\u00fcnden aufbewahren sollten.  <\/p>\n","protected":false},"excerpt":{"rendered":"<p>Unsere Identit\u00e4t Finden Sie uns online unter: https:\/\/vvvvu.com. Kommentarbereich Die Daten der Kunden werden von denjenigen zur Verf\u00fcgung gestellt, die Kommentare auf unserer Seite hinterlassen, indem sie die erforderlichen Daten in Form des Kommentars eingeben. Dies, zusammen mit ihrer IP-Adresse und ihren Browserinformationen, gibt uns Schutzma\u00dfnahmen vor Spamming. Die E-Mail-Adresse, die Sie haben, kann anonym [&hellip;]<\/p>\n","protected":false},"author":1,"featured_media":0,"parent":0,"menu_order":0,"comment_status":"closed","ping_status":"closed","template":"","meta":{"inline_featured_image":false,"_uag_custom_page_level_css":"","site-sidebar-layout":"default","site-content-layout":"","ast-site-content-layout":"default","site-content-style":"default","site-sidebar-style":"default","ast-global-header-display":"","ast-banner-title-visibility":"","ast-main-header-display":"","ast-hfb-above-header-display":"","ast-hfb-below-header-display":"","ast-hfb-mobile-header-display":"","site-post-title":"","ast-breadcrumbs-content":"","ast-featured-img":"","footer-sml-layout":"","ast-disable-related-posts":"","theme-transparent-header-meta":"","adv-header-id-meta":"","stick-header-meta":"","header-above-stick-meta":"","header-main-stick-meta":"","header-below-stick-meta":"","astra-migrate-meta-layouts":"default","ast-page-background-enabled":"default","ast-page-background-meta":{"desktop":{"background-color":"var(--ast-global-color-4)","background-image":"","background-repeat":"repeat","background-position":"center center","background-size":"auto","background-attachment":"scroll","background-type":"","background-media":"","overlay-type":"","overlay-color":"","overlay-opacity":"","overlay-gradient":""},"tablet":{"background-color":"","background-image":"","background-repeat":"repeat","background-position":"center center","background-size":"auto","background-attachment":"scroll","background-type":"","background-media":"","overlay-type":"","overlay-color":"","overlay-opacity":"","overlay-gradient":""},"mobile":{"background-color":"","background-image":"","background-repeat":"repeat","background-position":"center center","background-size":"auto","background-attachment":"scroll","background-type":"","background-media":"","overlay-type":"","overlay-color":"","overlay-opacity":"","overlay-gradient":""}},"ast-content-background-meta":{"desktop":{"background-color":"var(--ast-global-color-5)","background-image":"","background-repeat":"repeat","background-position":"center center","background-size":"auto","background-attachment":"scroll","background-type":"","background-media":"","overlay-type":"","overlay-color":"","overlay-opacity":"","overlay-gradient":""},"tablet":{"background-color":"var(--ast-global-color-5)","background-image":"","background-repeat":"repeat","background-position":"center center","background-size":"auto","background-attachment":"scroll","background-type":"","background-media":"","overlay-type":"","overlay-color":"","overlay-opacity":"","overlay-gradient":""},"mobile":{"background-color":"var(--ast-global-color-5)","background-image":"","background-repeat":"repeat","background-position":"center center","background-size":"auto","background-attachment":"scroll","background-type":"","background-media":"","overlay-type":"","overlay-color":"","overlay-opacity":"","overlay-gradient":""}},"footnotes":""},"class_list":["post-14398","page","type-page","status-publish","hentry"],"aioseo_notices":[],"acf":[],"uagb_featured_image_src":{"full":false,"thumbnail":false,"medium":false,"medium_large":false,"large":false,"1536x1536":false,"2048x2048":false},"uagb_author_info":{"display_name":"\u545c\u545c\u545c","author_link":"https:\/\/vvvvu.com\/de\/author\/vvvvu\/"},"uagb_comment_info":0,"uagb_excerpt":"Unsere Identit\u00e4t Finden Sie uns online unter: https:\/\/vvvvu.com. Kommentarbereich Die Daten der Kunden werden von denjenigen zur Verf\u00fcgung gestellt, die Kommentare auf unserer Seite hinterlassen, indem sie die erforderlichen Daten in Form des Kommentars eingeben. Dies, zusammen mit ihrer IP-Adresse und ihren Browserinformationen, gibt uns Schutzma\u00dfnahmen vor Spamming. Die E-Mail-Adresse, die Sie haben, kann anonym&hellip;","_links":{"self":[{"href":"https:\/\/vvvvu.com\/de\/wp-json\/wp\/v2\/pages\/14398","targetHints":{"allow":["GET"]}}],"collection":[{"href":"https:\/\/vvvvu.com\/de\/wp-json\/wp\/v2\/pages"}],"about":[{"href":"https:\/\/vvvvu.com\/de\/wp-json\/wp\/v2\/types\/page"}],"author":[{"embeddable":true,"href":"https:\/\/vvvvu.com\/de\/wp-json\/wp\/v2\/users\/1"}],"replies":[{"embeddable":true,"href":"https:\/\/vvvvu.com\/de\/wp-json\/wp\/v2\/comments?post=14398"}],"version-history":[{"count":3,"href":"https:\/\/vvvvu.com\/de\/wp-json\/wp\/v2\/pages\/14398\/revisions"}],"predecessor-version":[{"id":111676,"href":"https:\/\/vvvvu.com\/de\/wp-json\/wp\/v2\/pages\/14398\/revisions\/111676"}],"wp:attachment":[{"href":"https:\/\/vvvvu.com\/de\/wp-json\/wp\/v2\/media?parent=14398"}],"curies":[{"name":"wp","href":"https:\/\/api.w.org\/{rel}","templated":true}]}}