{"id":14284,"date":"2023-07-13T13:30:44","date_gmt":"2023-07-13T13:30:44","guid":{"rendered":"https:\/\/vvvvu.com\/buchmacher-blog\/"},"modified":"2024-07-24T03:25:37","modified_gmt":"2024-07-24T03:25:37","slug":"buchmacher-blog","status":"publish","type":"page","link":"https:\/\/vvvvu.com\/de\/buchmacher-blog\/","title":{"rendered":"Buchmacher Blog"},"content":{"rendered":"\n<div class=\"wp-block-uagb-container uagb-block-acec1f0b default uagb-is-root-container\">\n<div class=\"wp-block-uagb-container uagb-block-4f34f401\">\n<p class=\"has-text-align-center\">Sport und Gl\u00fccksspiel sind Bereiche mit gro\u00dfem Wissen in unserem Inventar.\nUnabh\u00e4ngig davon, ob Sie ein Experte sind oder gerade erst anfangen, enth\u00e4lt der <a href=\"https:\/\/vvvvu.com\/de\/\" target=\"_blank\" rel=\"noopener\" title=\"Beste Buchmacher\">Buchmacher-Blog<\/a> Hinweise und Richtlinien f\u00fcr alle Ihre bevorzugten Spiele, sei es Fu\u00dfball, Pferderennen, Cricket, Baseball, Ball und Tennis.\nWir haben auch Details zu Casinospielen wie Blackjack, Spielautomaten, Poker, Son Roulette und Baccarat.\nUnd informieren Sie uns \u00fcber Bonusangebote wie Ihre Gratiswette oder <a href=\"https:\/\/bookiessite.com\/\" target=\"_blank\" rel=\"noopener\" title=\"Willkommens-Boni\">Willkommensboni<\/a>.\nSie k\u00f6nnen mit Kredit- \/ Debitkarten bezahlen oder digitale Geldb\u00f6rsen verwenden, die Auswahl ist sehr unterschiedlich.\nFinden Sie weitere Sportwetten-Geschichten bei uns.     <\/p>\n<\/div>\n\n\n\n<div class=\"wp-block-uagb-container uagb-block-7a308bc6\">\n<div class=\"wp-block-uagb-image uagb-block-29b5c1f0 wp-block-uagb-image--layout-default wp-block-uagb-image--effect-zoomin wp-block-uagb-image--align-none\"><figure class=\"wp-block-uagb-image__figure\"><img decoding=\"async\" srcset=\"https:\/\/vvvvu.com\/wp-content\/uploads\/2023\/09\/076-feedback.svg ,https:\/\/vvvvu.com\/wp-content\/uploads\/2023\/09\/076-feedback.svg 780w, https:\/\/vvvvu.com\/wp-content\/uploads\/2023\/09\/076-feedback.svg 360w\" sizes=\"auto, (max-width: 480px) 150px\" src=\"https:\/\/vvvvu.com\/wp-content\/uploads\/2023\/09\/076-feedback.svg\" alt=\"Bookmakers Blog\" class=\"uag-image-14249\" width=\"1024\" height=\"1024\" loading=\"lazy\"\/><\/figure><\/div>\n<\/div>\n<\/div>\n<div class=\"pt-cv-wrapper\"><div class=\"pt-cv-view pt-cv-grid pt-cv-colsys pt-cv-nolf pt-cv-post-border pt-cv-pgregular\" id=\"pt-cv-view-bfa1fdeh76\"><div data-id=\"pt-cv-page-1\" class=\"pt-cv-page\" data-cvc=\"1\"><div class=\"col-md-12 col-sm-12 col-xs-12 pt-cv-content-item pt-cv-2-col\"  data-pid=\"14537\"><div class='pt-cv-ifield'><a href=\"https:\/\/vvvvu.com\/de\/wenn-ihr-sportwetten-wettquoten-anbietet\/\" class=\"_blank pt-cv-href-thumbnail pt-cv-thumb-left cvplbd\" target=\"_blank\" ><img decoding=\"async\" width=\"150\" height=\"150\" src=\"https:\/\/vvvvu.com\/wp-content\/uploads\/2023\/09\/sports-13-2.svg\" class=\"pt-cv-thumbnail img-rounded pull-left\" alt=\"Sportsbooks\" \/><\/a>\n<div class=\"pt-cv-colwrap\"><p class=\"pt-cv-title\"><a href=\"https:\/\/vvvvu.com\/de\/wenn-ihr-sportwetten-wettquoten-anbietet\/\" class=\"_blank cvplbd\" target=\"_blank\" >Wenn Ihr Sportwettenanbieter Wettquoten anbietet<\/a><\/p><div class=\"pt-cv-content\">Wenn Ihr Sportwettenanbieter Wettquoten anbietet, holen Sie sich Ihre Wetten am Mittwochabend, da das Turnier um 14 Uhr beginnt. Wenn Sie keine Erfahrung mit Wetten auf Darts haben, dann bietet dieser spezielle Sport viele verschiedene Wettm\u00f6glichkeiten, zum Beispiel k\u00f6nnen Sie eine einzige Wette darauf platzieren, ... <a href=\"https:\/\/vvvvu.com\/de\/wenn-ihr-sportwetten-wettquoten-anbietet\/\" class=\"_blank pt-cv-readmore pt-cv-textlink cvplbd\" target=\"_blank\">Weiterlesen <span class='screen-reader-text'>about Wenn Ihr Sportwettenanbieter Wettquoten anbietet<\/span><\/a><\/div><\/div><\/div><\/div><\/div><\/div><\/div>\t\t\t<style type=\"text\/css\" id=\"pt-cv-inline-style-2afcacb8hd\">#pt-cv-view-bfa1fdeh76 .pt-cv-ifield { padding-top: 5px !important; padding-right: 5px !important; padding-bottom: 5px !important; padding-left: 5px !important; }\n#pt-cv-view-bfa1fdeh76  .pt-cv-ifield   { background-color: #dff1ff !important; }\n#pt-cv-view-bfa1fdeh76.pt-cv-post-border { margin: 0; border-top-width: 1px; border-left-width: 1px }\n#pt-cv-view-bfa1fdeh76.pt-cv-post-border { margin: 0; border-top-style: solid; border-left-style: solid }\n#pt-cv-view-bfa1fdeh76.pt-cv-post-border { margin: 0; border-top-color: #d2d2d2; border-left-color: #d2d2d2 }\n#pt-cv-view-bfa1fdeh76.pt-cv-post-border .pt-cv-content-item   { border-right-width: 1px; border-bottom-width: 1px; border-right-style: solid; border-bottom-style: solid; border-right-color: #d2d2d2; border-bottom-color: #d2d2d2; }\n#pt-cv-view-bfa1fdeh76 .pt-cv-href-thumbnail  { margin-left: auto !important; margin-right: auto !important; display: block !important; text-align: center !important; clear: both !important; }\n#pt-cv-view-bfa1fdeh76 .pt-cv-title a, #pt-cv-view-bfa1fdeh76  .panel-title { font-size: 15px !important; line-height: 1.3 !important; color: #cb1010 !important; background-color: #dff1ff !important; font-weight: 600 !important; display: block !important; text-align: left !important; clear: both !important; }\n#pt-cv-view-bfa1fdeh76  .pt-cv-title a:hover, #pt-cv-view-bfa1fdeh76  .panel-title:hover   { color: #8f13a5 !important; background-color: #dff1ff !important; }\n#pt-cv-view-bfa1fdeh76 .pt-cv-readmore  { color: #cb1010 !important; }\n#pt-cv-view-bfa1fdeh76 .pt-cv-readmore:hover  { color: #8f13a5 !important; background-color: #dff1ff !important; }\n#pt-cv-view-bfa1fdeh76  + .pt-cv-pagination-wrapper .pt-cv-more-inactive , #pt-cv-view-bfa1fdeh76  + .pt-cv-pagination-wrapper .pagination a, .pt-cv-pagination[data-sid='bfa1fdeh76'] a { color: #cb1010 !important; }\n#pt-cv-view-bfa1fdeh76  + .pt-cv-pagination-wrapper .pt-cv-more , #pt-cv-view-bfa1fdeh76  + .pt-cv-pagination-wrapper .pagination .active a, .pt-cv-pagination[data-sid='bfa1fdeh76'] .active a { color: #cb1010 !important; }\n#pt-cv-view-bfa1fdeh76 .img-rounded, #pt-cv-view-bfa1fdeh76 .pt-cv-hover-wrapper { -webkit-border-radius: 6px !important; -moz-border-radius: 6px !important; border-radius: 6px !important; }\n#pt-cv-view-bfa1fdeh76 .pt-cv-cap-w-img { border-bottom-left-radius: 6px !important; border-bottom-right-radius: 6px !important; }<\/style>\r\n\t\t\t\n","protected":false},"excerpt":{"rendered":"<p>Sport und Gl\u00fccksspiel sind Bereiche mit gro\u00dfem Wissen in unserem Inventar. Unabh\u00e4ngig davon, ob Sie ein Experte sind oder gerade erst anfangen, enth\u00e4lt der Buchmacher-Blog Hinweise und Richtlinien f\u00fcr alle Ihre bevorzugten Spiele, sei es Fu\u00dfball, Pferderennen, Cricket, Baseball, Ball und Tennis. Wir haben auch Details zu Casinospielen wie Blackjack, Spielautomaten, Poker, Son Roulette und [&hellip;]<\/p>\n","protected":false},"author":1,"featured_media":14236,"parent":0,"menu_order":0,"comment_status":"closed","ping_status":"open","template":"","meta":{"inline_featured_image":false,"_uag_custom_page_level_css":"","site-sidebar-layout":"default","site-content-layout":"","ast-site-content-layout":"default","site-content-style":"default","site-sidebar-style":"default","ast-global-header-display":"","ast-banner-title-visibility":"","ast-main-header-display":"","ast-hfb-above-header-display":"","ast-hfb-below-header-display":"","ast-hfb-mobile-header-display":"","site-post-title":"","ast-breadcrumbs-content":"","ast-featured-img":"disabled","footer-sml-layout":"","ast-disable-related-posts":"","theme-transparent-header-meta":"","adv-header-id-meta":"","stick-header-meta":"","header-above-stick-meta":"","header-main-stick-meta":"","header-below-stick-meta":"","astra-migrate-meta-layouts":"set","ast-page-background-enabled":"default","ast-page-background-meta":{"desktop":{"background-color":"var(--ast-global-color-4)","background-image":"","background-repeat":"repeat","background-position":"center center","background-size":"auto","background-attachment":"scroll","background-type":"","background-media":"","overlay-type":"","overlay-color":"","overlay-opacity":"","overlay-gradient":""},"tablet":{"background-color":"","background-image":"","background-repeat":"repeat","background-position":"center center","background-size":"auto","background-attachment":"scroll","background-type":"","background-media":"","overlay-type":"","overlay-color":"","overlay-opacity":"","overlay-gradient":""},"mobile":{"background-color":"","background-image":"","background-repeat":"repeat","background-position":"center center","background-size":"auto","background-attachment":"scroll","background-type":"","background-media":"","overlay-type":"","overlay-color":"","overlay-opacity":"","overlay-gradient":""}},"ast-content-background-meta":{"desktop":{"background-color":"var(--ast-global-color-5)","background-image":"","background-repeat":"repeat","background-position":"center center","background-size":"auto","background-attachment":"scroll","background-type":"","background-media":"","overlay-type":"","overlay-color":"","overlay-opacity":"","overlay-gradient":""},"tablet":{"background-color":"var(--ast-global-color-5)","background-image":"","background-repeat":"repeat","background-position":"center center","background-size":"auto","background-attachment":"scroll","background-type":"","background-media":"","overlay-type":"","overlay-color":"","overlay-opacity":"","overlay-gradient":""},"mobile":{"background-color":"var(--ast-global-color-5)","background-image":"","background-repeat":"repeat","background-position":"center center","background-size":"auto","background-attachment":"scroll","background-type":"","background-media":"","overlay-type":"","overlay-color":"","overlay-opacity":"","overlay-gradient":""}},"footnotes":""},"class_list":["post-14284","page","type-page","status-publish","has-post-thumbnail","hentry"],"aioseo_notices":[],"acf":[],"uagb_featured_image_src":{"full":["https:\/\/vvvvu.com\/wp-content\/uploads\/2023\/09\/009-marketing.svg",512,512,false],"thumbnail":["https:\/\/vvvvu.com\/wp-content\/uploads\/2023\/09\/009-marketing.svg",150,150,true],"medium":["https:\/\/vvvvu.com\/wp-content\/uploads\/2023\/09\/009-marketing.svg",300,300,true],"medium_large":["https:\/\/vvvvu.com\/wp-content\/uploads\/2023\/09\/009-marketing.svg",768,768,true],"large":["https:\/\/vvvvu.com\/wp-content\/uploads\/2023\/09\/009-marketing.svg",1024,1024,true],"1536x1536":["https:\/\/vvvvu.com\/wp-content\/uploads\/2023\/09\/009-marketing.svg",512,512,true],"2048x2048":["https:\/\/vvvvu.com\/wp-content\/uploads\/2023\/09\/009-marketing.svg",512,512,true]},"uagb_author_info":{"display_name":"\u545c\u545c\u545c","author_link":"https:\/\/vvvvu.com\/de\/author\/vvvvu\/"},"uagb_comment_info":0,"uagb_excerpt":"Sport und Gl\u00fccksspiel sind Bereiche mit gro\u00dfem Wissen in unserem Inventar. Unabh\u00e4ngig davon, ob Sie ein Experte sind oder gerade erst anfangen, enth\u00e4lt der Buchmacher-Blog Hinweise und Richtlinien f\u00fcr alle Ihre bevorzugten Spiele, sei es Fu\u00dfball, Pferderennen, Cricket, Baseball, Ball und Tennis. Wir haben auch Details zu Casinospielen wie Blackjack, Spielautomaten, Poker, Son Roulette und&hellip;","_links":{"self":[{"href":"https:\/\/vvvvu.com\/de\/wp-json\/wp\/v2\/pages\/14284","targetHints":{"allow":["GET"]}}],"collection":[{"href":"https:\/\/vvvvu.com\/de\/wp-json\/wp\/v2\/pages"}],"about":[{"href":"https:\/\/vvvvu.com\/de\/wp-json\/wp\/v2\/types\/page"}],"author":[{"embeddable":true,"href":"https:\/\/vvvvu.com\/de\/wp-json\/wp\/v2\/users\/1"}],"replies":[{"embeddable":true,"href":"https:\/\/vvvvu.com\/de\/wp-json\/wp\/v2\/comments?post=14284"}],"version-history":[{"count":2,"href":"https:\/\/vvvvu.com\/de\/wp-json\/wp\/v2\/pages\/14284\/revisions"}],"predecessor-version":[{"id":111280,"href":"https:\/\/vvvvu.com\/de\/wp-json\/wp\/v2\/pages\/14284\/revisions\/111280"}],"wp:featuredmedia":[{"embeddable":true,"href":"https:\/\/vvvvu.com\/de\/wp-json\/wp\/v2\/media\/14236"}],"wp:attachment":[{"href":"https:\/\/vvvvu.com\/de\/wp-json\/wp\/v2\/media?parent=14284"}],"curies":[{"name":"wp","href":"https:\/\/api.w.org\/{rel}","templated":true}]}}